{"id":15417,"date":"2019-02-20T18:22:51","date_gmt":"2019-02-20T17:22:51","guid":{"rendered":"https:\/\/www.dogtas.at\/new\/?page_id=15417"},"modified":"2019-10-07T18:48:03","modified_gmt":"2019-10-07T16:48:03","slug":"aktuelle-kataloge","status":"publish","type":"page","link":"https:\/\/www.dogtas.at\/new\/aktuelle-kataloge\/","title":{"rendered":"Aktuelle Kataloge"},"content":{"rendered":"<p>[vc_row][vc_column][vc_single_image image=&#8221;58039&#8243; img_size=&#8221;full&#8221; parallax_scroll=&#8221;no&#8221;][\/vc_column][\/vc_row][vc_row][vc_column][vc_text_separator title=&#8221;Warum Dogtas?&#8221;][vc_text_separator title=&#8221;Unsere Arbeitsphilosophie&#8221;][vc_column_text text_larger=&#8221;no&#8221;]<\/p>\n<p style=\"text-align: center;\">Vielf\u00e4ltige Auswahl \u00fcber Tausende Produkte.<\/p>\n<p style=\"text-align: center;\">Mit einer gro\u00dfartigen Auswahl ist dogtas.at IHR Online-M\u00f6belhaus. Im Handumdrehen finden Sie Ihre Traum-M\u00f6bel und Inspirationen f\u00fcr Ihr Interior. Versch\u00f6nern Sie Ihr Zuhause mit Sofas, Wohnlandschaften, Schlafzimmerm\u00f6beln, Esszimmerm\u00f6beln, Lampen und Wohnaccessoires in bester Qualit\u00e4t und in dem Stil, der Ihnen gef\u00e4llt. Bei uns finden Sie designorientierte M\u00f6bel, unschlagbare Preise und hochwertige Materialien. Das und noch viel mehr wartet in unserem Online-Shop dogtas.at auf Sie. Unser Sortiment bietet eine riesen Auswahl f\u00fcr die verschiedensten Stile, wie Vintage-Stil, Landhaus-Stil, Luxus-Stil, Modernity und Klassischem-Stil.<\/p>\n<p>[\/vc_column_text][vc_column_text text_larger=&#8221;no&#8221;]<div class=\"_df_book df-container df-loading \" id=\"df_15423\"  wpoptions=\"true\" ><\/div><script data-cfasync=\"false\">var option_df_15423 = {\"outline\":[],\"forceFit\":\"true\",\"autoEnableOutline\":\"false\",\"autoEnableThumbnail\":\"false\",\"overwritePDFOutline\":\"false\",\"direction\":\"1\",\"pageMode\":\"0\",\"source\":\"http:\\\/\\\/www.dogtas.at\\\/new\\\/wp-content\\\/uploads\\\/dogtas-catalog.pdf\",\"wpOptions\":\"true\"}; if(window.DFLIP && DFLIP.parseBooks){DFLIP.parseBooks();}<\/script>[\/vc_column_text][\/vc_column][\/vc_row][vc_row][vc_column][vc_column_text text_larger=&#8221;no&#8221;]<\/p>\n<p style=\"text-align: center;\">Wohnzimmerkonzepte mit Holz- und Nude-T\u00f6nen f\u00fcr die nat\u00fcrliche Art, Wohnwelten im bunten Look inspiriert durch die Farben der Natur, oder Wohntr\u00e4ume im Loft Design. Es ist f\u00fcr jeden etwas Passendes dabei. Was zurzeit im Trend liegt, ist der traditionelle Werkstoff Holz, was einer der beliebtesten Materialien f\u00fcr Wohnzimmereinrichtungen ist. Wohnzimmer mit M\u00f6beln aus Nuss-Holz sind sowohl im altbew\u00e4hrten Landhaus-Stil als auch in Kombination mit moderner Form erh\u00e4ltlich. Auf unser Online-Shop dogtas.atk\u00f6nnen Sie ganz einfach Einkaufen.<\/p>\n<p>[\/vc_column_text][\/vc_column][\/vc_row]<\/p>\n","protected":false},"excerpt":{"rendered":"<p>[vc_row][vc_column][vc_single_image image=&#8221;58039&#8243; img_size=&#8221;full&#8221; parallax_scroll=&#8221;no&#8221;][\/vc_column][\/vc_row][vc_row][vc_column][vc_text_separator title=&#8221;Warum Dogtas?&#8221;][vc_text_separator title=&#8221;Unsere Arbeitsphilosophie&#8221;][vc_column_text text_larger=&#8221;no&#8221;] Vielf\u00e4ltige Auswahl \u00fcber Tausende Produkte. Mit einer gro\u00dfartigen Auswahl ist dogtas.at<\/p>\n","protected":false},"author":1,"featured_media":0,"parent":0,"menu_order":0,"comment_status":"closed","ping_status":"closed","template":"","meta":{"_joinchat":[]},"yoast_head":"<!-- This site is optimized with the Yoast SEO plugin v19.13 - https:\/\/yoast.com\/wordpress\/plugins\/seo\/ -->\n<title>Aktuelle Kataloge - Dogtas - Qualit\u00e4t f\u00fchlen!<\/title>\n<meta name=\"robots\" content=\"index, follow, max-snippet:-1, max-image-preview:large, max-video-preview:-1\" \/>\n<link rel=\"canonical\" href=\"https:\/\/www.dogtas.at\/new\/aktuelle-kataloge\/\" \/>\n<meta property=\"og:locale\" content=\"de_DE\" \/>\n<meta property=\"og:type\" content=\"article\" \/>\n<meta property=\"og:title\" content=\"Aktuelle Kataloge - Dogtas - Qualit\u00e4t f\u00fchlen!\" \/>\n<meta property=\"og:description\" content=\"[vc_row][vc_column][vc_single_image image=&#8221;58039&#8243; img_size=&#8221;full&#8221; parallax_scroll=&#8221;no&#8221;][\/vc_column][\/vc_row][vc_row][vc_column][vc_text_separator title=&#8221;Warum Dogtas?&#8221;][vc_text_separator title=&#8221;Unsere Arbeitsphilosophie&#8221;][vc_column_text text_larger=&#8221;no&#8221;] Vielf\u00e4ltige Auswahl \u00fcber Tausende Produkte. Mit einer gro\u00dfartigen Auswahl ist dogtas.at\" \/>\n<meta property=\"og:url\" content=\"https:\/\/www.dogtas.at\/new\/aktuelle-kataloge\/\" \/>\n<meta property=\"og:site_name\" content=\"Dogtas - Qualit\u00e4t f\u00fchlen!\" \/>\n<meta property=\"article:publisher\" content=\"https:\/\/www.facebook.com\/saloniwien\" \/>\n<meta property=\"article:modified_time\" content=\"2019-10-07T16:48:03+00:00\" \/>\n<meta name=\"twitter:card\" content=\"summary_large_image\" \/>\n<meta name=\"twitter:label1\" content=\"Gesch\u00e4tzte Lesezeit\" \/>\n\t<meta name=\"twitter:data1\" content=\"1\u00a0Minute\" \/>\n<script type=\"application\/ld+json\" class=\"yoast-schema-graph\">{\"@context\":\"https:\/\/schema.org\",\"@graph\":[{\"@type\":\"WebPage\",\"@id\":\"https:\/\/www.dogtas.at\/new\/aktuelle-kataloge\/\",\"url\":\"https:\/\/www.dogtas.at\/new\/aktuelle-kataloge\/\",\"name\":\"Aktuelle Kataloge - Dogtas - Qualit\u00e4t f\u00fchlen!\",\"isPartOf\":{\"@id\":\"https:\/\/www.dogtas.at\/new\/#website\"},\"datePublished\":\"2019-02-20T17:22:51+00:00\",\"dateModified\":\"2019-10-07T16:48:03+00:00\",\"breadcrumb\":{\"@id\":\"https:\/\/www.dogtas.at\/new\/aktuelle-kataloge\/#breadcrumb\"},\"inLanguage\":\"de\",\"potentialAction\":[{\"@type\":\"ReadAction\",\"target\":[\"https:\/\/www.dogtas.at\/new\/aktuelle-kataloge\/\"]}]},{\"@type\":\"BreadcrumbList\",\"@id\":\"https:\/\/www.dogtas.at\/new\/aktuelle-kataloge\/#breadcrumb\",\"itemListElement\":[{\"@type\":\"ListItem\",\"position\":1,\"name\":\"Startseite\",\"item\":\"https:\/\/www.dogtas.at\/new\/\"},{\"@type\":\"ListItem\",\"position\":2,\"name\":\"Aktuelle Kataloge\"}]},{\"@type\":\"WebSite\",\"@id\":\"https:\/\/www.dogtas.at\/new\/#website\",\"url\":\"https:\/\/www.dogtas.at\/new\/\",\"name\":\"Dogtas - Qualit\u00e4t f\u00fchlen!\",\"description\":\"Qualit\u00e4t f\u00fchlen!\",\"potentialAction\":[{\"@type\":\"SearchAction\",\"target\":{\"@type\":\"EntryPoint\",\"urlTemplate\":\"https:\/\/www.dogtas.at\/new\/?s={search_term_string}\"},\"query-input\":\"required name=search_term_string\"}],\"inLanguage\":\"de\"}]}<\/script>\n<!-- \/ Yoast SEO plugin. -->","yoast_head_json":{"title":"Aktuelle Kataloge - Dogtas - Qualit\u00e4t f\u00fchlen!","robots":{"index":"index","follow":"follow","max-snippet":"max-snippet:-1","max-image-preview":"max-image-preview:large","max-video-preview":"max-video-preview:-1"},"canonical":"https:\/\/www.dogtas.at\/new\/aktuelle-kataloge\/","og_locale":"de_DE","og_type":"article","og_title":"Aktuelle Kataloge - Dogtas - Qualit\u00e4t f\u00fchlen!","og_description":"[vc_row][vc_column][vc_single_image image=&#8221;58039&#8243; img_size=&#8221;full&#8221; parallax_scroll=&#8221;no&#8221;][\/vc_column][\/vc_row][vc_row][vc_column][vc_text_separator title=&#8221;Warum Dogtas?&#8221;][vc_text_separator title=&#8221;Unsere Arbeitsphilosophie&#8221;][vc_column_text text_larger=&#8221;no&#8221;] Vielf\u00e4ltige Auswahl \u00fcber Tausende Produkte. Mit einer gro\u00dfartigen Auswahl ist dogtas.at","og_url":"https:\/\/www.dogtas.at\/new\/aktuelle-kataloge\/","og_site_name":"Dogtas - Qualit\u00e4t f\u00fchlen!","article_publisher":"https:\/\/www.facebook.com\/saloniwien","article_modified_time":"2019-10-07T16:48:03+00:00","twitter_card":"summary_large_image","twitter_misc":{"Gesch\u00e4tzte Lesezeit":"1\u00a0Minute"},"schema":{"@context":"https:\/\/schema.org","@graph":[{"@type":"WebPage","@id":"https:\/\/www.dogtas.at\/new\/aktuelle-kataloge\/","url":"https:\/\/www.dogtas.at\/new\/aktuelle-kataloge\/","name":"Aktuelle Kataloge - Dogtas - Qualit\u00e4t f\u00fchlen!","isPartOf":{"@id":"https:\/\/www.dogtas.at\/new\/#website"},"datePublished":"2019-02-20T17:22:51+00:00","dateModified":"2019-10-07T16:48:03+00:00","breadcrumb":{"@id":"https:\/\/www.dogtas.at\/new\/aktuelle-kataloge\/#breadcrumb"},"inLanguage":"de","potentialAction":[{"@type":"ReadAction","target":["https:\/\/www.dogtas.at\/new\/aktuelle-kataloge\/"]}]},{"@type":"BreadcrumbList","@id":"https:\/\/www.dogtas.at\/new\/aktuelle-kataloge\/#breadcrumb","itemListElement":[{"@type":"ListItem","position":1,"name":"Startseite","item":"https:\/\/www.dogtas.at\/new\/"},{"@type":"ListItem","position":2,"name":"Aktuelle Kataloge"}]},{"@type":"WebSite","@id":"https:\/\/www.dogtas.at\/new\/#website","url":"https:\/\/www.dogtas.at\/new\/","name":"Dogtas - Qualit\u00e4t f\u00fchlen!","description":"Qualit\u00e4t f\u00fchlen!","potentialAction":[{"@type":"SearchAction","target":{"@type":"EntryPoint","urlTemplate":"https:\/\/www.dogtas.at\/new\/?s={search_term_string}"},"query-input":"required name=search_term_string"}],"inLanguage":"de"}]}},"_links":{"self":[{"href":"https:\/\/www.dogtas.at\/new\/wp-json\/wp\/v2\/pages\/15417"}],"collection":[{"href":"https:\/\/www.dogtas.at\/new\/wp-json\/wp\/v2\/pages"}],"about":[{"href":"https:\/\/www.dogtas.at\/new\/wp-json\/wp\/v2\/types\/page"}],"author":[{"embeddable":true,"href":"https:\/\/www.dogtas.at\/new\/wp-json\/wp\/v2\/users\/1"}],"replies":[{"embeddable":true,"href":"https:\/\/www.dogtas.at\/new\/wp-json\/wp\/v2\/comments?post=15417"}],"version-history":[{"count":10,"href":"https:\/\/www.dogtas.at\/new\/wp-json\/wp\/v2\/pages\/15417\/revisions"}],"predecessor-version":[{"id":58041,"href":"https:\/\/www.dogtas.at\/new\/wp-json\/wp\/v2\/pages\/15417\/revisions\/58041"}],"wp:attachment":[{"href":"https:\/\/www.dogtas.at\/new\/wp-json\/wp\/v2\/media?parent=15417"}],"curies":[{"name":"wp","href":"https:\/\/api.w.org\/{rel}","templated":true}]}}