{"id":16271,"date":"2019-03-10T23:50:59","date_gmt":"2019-03-10T22:50:59","guid":{"rendered":"https:\/\/www.dogtas.at\/new\/?page_id=16271"},"modified":"2019-03-10T23:50:59","modified_gmt":"2019-03-10T22:50:59","slug":"newsletter","status":"publish","type":"page","link":"https:\/\/www.dogtas.at\/new\/newsletter\/","title":{"rendered":"Newsletter"},"content":{"rendered":"<p>[vc_row css=&#8221;.vc_custom_1552258247037{margin-top: -15px !important;margin-bottom: -15px !important;border-top-width: 5px !important;border-right-width: 5px !important;border-bottom-width: 5px !important;border-left-width: 5px !important;padding-top: 70px !important;padding-bottom: 70px !important;background-image: url(https:\/\/www.dogtas.at\/new\/wp-content\/uploads\/newsletterbg.jpg?id=16272) !important;background-position: center !important;background-repeat: no-repeat !important;background-size: cover !important;border-left-color: rgba(255,255,255,0.15) !important;border-left-style: solid !important;border-right-color: rgba(255,255,255,0.15) !important;border-right-style: solid !important;border-top-color: rgba(255,255,255,0.15) !important;border-top-style: solid !important;border-bottom-color: rgba(255,255,255,0.15) !important;border-bottom-style: solid !important;}&#8221; mobile_bg_img_hidden=&#8221;no&#8221; woodmart_parallax=&#8221;0&#8243; woodmart_gradient_switch=&#8221;no&#8221; row_reverse_mobile=&#8221;0&#8243; row_reverse_tablet=&#8221;0&#8243; woodmart_disable_overflow=&#8221;0&#8243; tablet_bg_img_hidden=&#8221;no&#8221;][vc_column css_animation=&#8221;fadeIn&#8221; woodmart_color_scheme=&#8221;light&#8221; css=&#8221;.vc_custom_1488917450837{padding-top: 0px !important;}&#8221;]\t\t\n\t\t<div id=\"wd-5c7b13bd0167b\" class=\"title-wrapper wd-wpb set-mb-s reset-last-child  wd-rs-5c7b13bd0167b wd-title-color-white wd-underline-colored wd-title-style-default wd-width-70 text-center \">\n\t\t\t\n\t\t\t<div class=\"liner-continer\">\n\t\t\t\t<h4 class=\"woodmart-title-container title  wd-font-weight- wd-fontsize-xxl\" >MELDEN SIE SICH F\u00dcR UNSEREN NEWSLETTER AN<\/h4>\n\t\t\t\t\t\t\t<\/div>\n\t\t\t\n\t\t\t\t\t\t\t<div class=\"title-after_title  set-cont-mb-s reset-last-child  wd-fontsize-s\">Erfahren Sie als Erster die neuesten Trends und erhalten Sie exklusive Angebote!<\/div>\n\t\t\t\n\t\t\t\n\t\t<\/div>\n\t\t\n\t\t[vc_column_text css=&#8221;.vc_custom_1497593284715{margin-bottom: 0px !important;}&#8221;]<script>(function() {\n\twindow.mc4wp = window.mc4wp || {\n\t\tlisteners: [],\n\t\tforms: {\n\t\t\ton: function(evt, cb) {\n\t\t\t\twindow.mc4wp.listeners.push(\n\t\t\t\t\t{\n\t\t\t\t\t\tevent   : evt,\n\t\t\t\t\t\tcallback: cb\n\t\t\t\t\t}\n\t\t\t\t);\n\t\t\t}\n\t\t}\n\t}\n})();\n<\/script><!-- Mailchimp for WordPress v4.9.7 - https:\/\/wordpress.org\/plugins\/mailchimp-for-wp\/ --><form id=\"mc4wp-form-1\" class=\"mc4wp-form mc4wp-form-74\" method=\"post\" data-id=\"74\" data-name=\"Mailshimp\" ><div class=\"mc4wp-form-fields\"><p>\r\n\t<label>E-MAil Adresse: <\/label>\r\n\t<input type=\"email\" name=\"EMAIL\" placeholder=\"Ihre E-Mail Adresse\" required \/>\r\n<\/p>\r\n\r\n<p>\r\n\t<input type=\"submit\" value=\"Anmelden\" \/>\r\n<\/p><\/div><label style=\"display: none !important;\">Wenn du ein Mensch bist, lasse das Feld leer: <input type=\"text\" name=\"_mc4wp_honeypot\" value=\"\" tabindex=\"-1\" autocomplete=\"off\" \/><\/label><input type=\"hidden\" name=\"_mc4wp_timestamp\" value=\"1776438256\" \/><input type=\"hidden\" name=\"_mc4wp_form_id\" value=\"74\" \/><input type=\"hidden\" name=\"_mc4wp_form_element_id\" value=\"mc4wp-form-1\" \/><div class=\"mc4wp-response\"><\/div><\/form><!-- \/ Mailchimp for WordPress Plugin -->[\/vc_column_text][vc_column_text css=&#8221;.vc_custom_1551569905795{margin-bottom: 0px !important;}&#8221; text_larger=&#8221;no&#8221;]Wird in \u00dcbereinstimmung mit unserer Datenschutzrichtlinie  verwendet[\/vc_column_text][\/vc_column][\/vc_row]<\/p>\n","protected":false},"excerpt":{"rendered":"<p>[vc_row css=&#8221;.vc_custom_1552258247037{margin-top: -15px !important;margin-bottom: -15px !important;border-top-width: 5px !important;border-right-width: 5px !important;border-bottom-width: 5px !important;border-left-width: 5px !important;padding-top: 70px !important;padding-bottom: 70px !important;background-image: url(https:\/\/www.dogtas.at\/new\/wp-content\/uploads\/newsletterbg.jpg?id=16272) !important;background-position:<\/p>\n","protected":false},"author":1,"featured_media":0,"parent":0,"menu_order":0,"comment_status":"closed","ping_status":"closed","template":"","meta":{"_joinchat":[]},"yoast_head":"<!-- This site is optimized with the Yoast SEO plugin v19.13 - https:\/\/yoast.com\/wordpress\/plugins\/seo\/ -->\n<title>Newsletter - Dogtas - Qualit\u00e4t f\u00fchlen!<\/title>\n<meta name=\"robots\" content=\"index, follow, max-snippet:-1, max-image-preview:large, max-video-preview:-1\" \/>\n<link rel=\"canonical\" href=\"https:\/\/www.dogtas.at\/new\/newsletter\/\" \/>\n<meta property=\"og:locale\" content=\"de_DE\" \/>\n<meta property=\"og:type\" content=\"article\" \/>\n<meta property=\"og:title\" content=\"Newsletter - Dogtas - Qualit\u00e4t f\u00fchlen!\" \/>\n<meta property=\"og:description\" content=\"[vc_row css=&#8221;.vc_custom_1552258247037{margin-top: -15px !important;margin-bottom: -15px !important;border-top-width: 5px !important;border-right-width: 5px !important;border-bottom-width: 5px !important;border-left-width: 5px !important;padding-top: 70px !important;padding-bottom: 70px !important;background-image: url(https:\/\/www.dogtas.at\/new\/wp-content\/uploads\/newsletterbg.jpg?id=16272) !important;background-position:\" \/>\n<meta property=\"og:url\" content=\"https:\/\/www.dogtas.at\/new\/newsletter\/\" \/>\n<meta property=\"og:site_name\" content=\"Dogtas - Qualit\u00e4t f\u00fchlen!\" \/>\n<meta property=\"article:publisher\" content=\"https:\/\/www.facebook.com\/saloniwien\" \/>\n<meta name=\"twitter:card\" content=\"summary_large_image\" \/>\n<meta name=\"twitter:label1\" content=\"Gesch\u00e4tzte Lesezeit\" \/>\n\t<meta name=\"twitter:data1\" content=\"1\u00a0Minute\" \/>\n<script type=\"application\/ld+json\" class=\"yoast-schema-graph\">{\"@context\":\"https:\/\/schema.org\",\"@graph\":[{\"@type\":\"WebPage\",\"@id\":\"https:\/\/www.dogtas.at\/new\/newsletter\/\",\"url\":\"https:\/\/www.dogtas.at\/new\/newsletter\/\",\"name\":\"Newsletter - Dogtas - Qualit\u00e4t f\u00fchlen!\",\"isPartOf\":{\"@id\":\"https:\/\/www.dogtas.at\/new\/#website\"},\"datePublished\":\"2019-03-10T22:50:59+00:00\",\"dateModified\":\"2019-03-10T22:50:59+00:00\",\"breadcrumb\":{\"@id\":\"https:\/\/www.dogtas.at\/new\/newsletter\/#breadcrumb\"},\"inLanguage\":\"de\",\"potentialAction\":[{\"@type\":\"ReadAction\",\"target\":[\"https:\/\/www.dogtas.at\/new\/newsletter\/\"]}]},{\"@type\":\"BreadcrumbList\",\"@id\":\"https:\/\/www.dogtas.at\/new\/newsletter\/#breadcrumb\",\"itemListElement\":[{\"@type\":\"ListItem\",\"position\":1,\"name\":\"Startseite\",\"item\":\"https:\/\/www.dogtas.at\/new\/\"},{\"@type\":\"ListItem\",\"position\":2,\"name\":\"Newsletter\"}]},{\"@type\":\"WebSite\",\"@id\":\"https:\/\/www.dogtas.at\/new\/#website\",\"url\":\"https:\/\/www.dogtas.at\/new\/\",\"name\":\"Dogtas - Qualit\u00e4t f\u00fchlen!\",\"description\":\"Qualit\u00e4t f\u00fchlen!\",\"potentialAction\":[{\"@type\":\"SearchAction\",\"target\":{\"@type\":\"EntryPoint\",\"urlTemplate\":\"https:\/\/www.dogtas.at\/new\/?s={search_term_string}\"},\"query-input\":\"required name=search_term_string\"}],\"inLanguage\":\"de\"}]}<\/script>\n<!-- \/ Yoast SEO plugin. -->","yoast_head_json":{"title":"Newsletter - Dogtas - Qualit\u00e4t f\u00fchlen!","robots":{"index":"index","follow":"follow","max-snippet":"max-snippet:-1","max-image-preview":"max-image-preview:large","max-video-preview":"max-video-preview:-1"},"canonical":"https:\/\/www.dogtas.at\/new\/newsletter\/","og_locale":"de_DE","og_type":"article","og_title":"Newsletter - Dogtas - Qualit\u00e4t f\u00fchlen!","og_description":"[vc_row css=&#8221;.vc_custom_1552258247037{margin-top: -15px !important;margin-bottom: -15px !important;border-top-width: 5px !important;border-right-width: 5px !important;border-bottom-width: 5px !important;border-left-width: 5px !important;padding-top: 70px !important;padding-bottom: 70px !important;background-image: url(https:\/\/www.dogtas.at\/new\/wp-content\/uploads\/newsletterbg.jpg?id=16272) !important;background-position:","og_url":"https:\/\/www.dogtas.at\/new\/newsletter\/","og_site_name":"Dogtas - Qualit\u00e4t f\u00fchlen!","article_publisher":"https:\/\/www.facebook.com\/saloniwien","twitter_card":"summary_large_image","twitter_misc":{"Gesch\u00e4tzte Lesezeit":"1\u00a0Minute"},"schema":{"@context":"https:\/\/schema.org","@graph":[{"@type":"WebPage","@id":"https:\/\/www.dogtas.at\/new\/newsletter\/","url":"https:\/\/www.dogtas.at\/new\/newsletter\/","name":"Newsletter - Dogtas - Qualit\u00e4t f\u00fchlen!","isPartOf":{"@id":"https:\/\/www.dogtas.at\/new\/#website"},"datePublished":"2019-03-10T22:50:59+00:00","dateModified":"2019-03-10T22:50:59+00:00","breadcrumb":{"@id":"https:\/\/www.dogtas.at\/new\/newsletter\/#breadcrumb"},"inLanguage":"de","potentialAction":[{"@type":"ReadAction","target":["https:\/\/www.dogtas.at\/new\/newsletter\/"]}]},{"@type":"BreadcrumbList","@id":"https:\/\/www.dogtas.at\/new\/newsletter\/#breadcrumb","itemListElement":[{"@type":"ListItem","position":1,"name":"Startseite","item":"https:\/\/www.dogtas.at\/new\/"},{"@type":"ListItem","position":2,"name":"Newsletter"}]},{"@type":"WebSite","@id":"https:\/\/www.dogtas.at\/new\/#website","url":"https:\/\/www.dogtas.at\/new\/","name":"Dogtas - Qualit\u00e4t f\u00fchlen!","description":"Qualit\u00e4t f\u00fchlen!","potentialAction":[{"@type":"SearchAction","target":{"@type":"EntryPoint","urlTemplate":"https:\/\/www.dogtas.at\/new\/?s={search_term_string}"},"query-input":"required name=search_term_string"}],"inLanguage":"de"}]}},"_links":{"self":[{"href":"https:\/\/www.dogtas.at\/new\/wp-json\/wp\/v2\/pages\/16271"}],"collection":[{"href":"https:\/\/www.dogtas.at\/new\/wp-json\/wp\/v2\/pages"}],"about":[{"href":"https:\/\/www.dogtas.at\/new\/wp-json\/wp\/v2\/types\/page"}],"author":[{"embeddable":true,"href":"https:\/\/www.dogtas.at\/new\/wp-json\/wp\/v2\/users\/1"}],"replies":[{"embeddable":true,"href":"https:\/\/www.dogtas.at\/new\/wp-json\/wp\/v2\/comments?post=16271"}],"version-history":[{"count":1,"href":"https:\/\/www.dogtas.at\/new\/wp-json\/wp\/v2\/pages\/16271\/revisions"}],"predecessor-version":[{"id":16273,"href":"https:\/\/www.dogtas.at\/new\/wp-json\/wp\/v2\/pages\/16271\/revisions\/16273"}],"wp:attachment":[{"href":"https:\/\/www.dogtas.at\/new\/wp-json\/wp\/v2\/media?parent=16271"}],"curies":[{"name":"wp","href":"https:\/\/api.w.org\/{rel}","templated":true}]}}