{"id":207,"date":"2018-03-01T20:40:26","date_gmt":"2018-03-01T19:40:26","guid":{"rendered":"http:\/\/demo.webbaku.com\/wp\/schon2\/about-us\/"},"modified":"2019-10-07T17:55:14","modified_gmt":"2019-10-07T15:55:14","slug":"ueber-uns","status":"publish","type":"page","link":"https:\/\/www.dogtas.at\/new\/ueber-uns\/","title":{"rendered":"\u00dcber Uns"},"content":{"rendered":"<p>[vc_row full_width=&#8221;stretch_row&#8221; woodmart_disable_overflow=&#8221;1&#8243; mobile_bg_img_hidden=&#8221;no&#8221; woodmart_parallax=&#8221;0&#8243; woodmart_gradient_switch=&#8221;no&#8221; row_reverse_mobile=&#8221;0&#8243; row_reverse_tablet=&#8221;0&#8243;][vc_column css=&#8221;.vc_custom_1499592886600{padding-top: 0px !important;}&#8221;]\t\t\n\t\t<div id=\"wd-5d9b5eb725092\" class=\"title-wrapper wd-wpb set-mb-s reset-last-child  wd-rs-5d9b5eb725092 wd-title-color-default wd-underline-colored wd-title-style-default wd-width-100 text-left vc_custom_1570463423680\">\n\t\t\t\n\t\t\t<div class=\"liner-continer\">\n\t\t\t\t<h4 class=\"woodmart-title-container title  wd-font-weight- wd-fontsize-xl\" >Wir als dogtas.at<\/h4>\n\t\t\t\t\t\t\t<\/div>\n\t\t\t\n\t\t\t\n\t\t\t\n\t\t<\/div>\n\t\t\n\t\t[vc_custom_heading text=&#8221;bem\u00fchen uns gem\u00fctliche und stilbewusste R\u00e4ume zu schaffen.&#8221; font_container=&#8221;tag:p|font_size:20|text_align:left|color:%23777777&#8243; google_fonts=&#8221;font_family:Lato%3A100%2C100italic%2C300%2C300italic%2Cregular%2Citalic%2C700%2C700italic%2C900%2C900italic|font_style:400%20regular%3A400%3Anormal&#8221; css=&#8221;.vc_custom_1551536689664{margin-top: -25px !important;}&#8221; el_class=&#8221;hidden-sm hidden-xs&#8221;][vc_custom_heading text=&#8221;Unsere Designer arbeiten f\u00fcr den Status, Komfort, Freude und Modernit\u00e4t, die Dogtas &#8211; Produkte Ihrem Zuhause beif\u00fcgen.&#8221; font_container=&#8221;tag:p|font_size:22|text_align:left|color:%238e8e8e&#8221; google_fonts=&#8221;font_family:Lato%3A100%2C100italic%2C300%2C300italic%2Cregular%2Citalic%2C700%2C700italic%2C900%2C900italic|font_style:300%20light%20italic%3A300%3Aitalic&#8221;][vc_row_inner][vc_column_inner width=&#8221;1\/2&#8243; css=&#8221;.vc_custom_1494857398526{padding-top: 0px !important;}&#8221;][vc_column_text css=&#8221;.vc_custom_1570463438931{margin-bottom: 20px !important;}&#8221; text_larger=&#8221;no&#8221;]Unsere Ingenieure arbeiten daran, dass die Dogtas &#8211; Produkte funktional, hochwertig und langlebig sind, indem sie die \u00c4sthetik der Dogtas &#8211; Produkte mit funktionalen Mechanismen erweitern.<\/p>\n<p>Mit st\u00e4ndig wechselnder Technologie und Wohntrends m\u00f6chte jeder, dass Ihr Interior auf dem neuesten Stand ist. Designer, die die Welt pr\u00e4gen, in der wir leben, pr\u00e4sentieren uns ihre designorientierten funktionalen Entw\u00fcrfe und versch\u00f6nern unser Zuhause.[\/vc_column_text][\/vc_column_inner][vc_column_inner width=&#8221;1\/2&#8243; css=&#8221;.vc_custom_1494857394949{padding-top: 0px !important;}&#8221;][vc_column_text css=&#8221;.vc_custom_1570463453527{margin-bottom: 20px !important;}&#8221; text_larger=&#8221;no&#8221;]Die dogtas.at bietet Ihnen multifunktionale Sofas, Anrichten, Polsterbetten, Kinderzimmer und vieles mehr. Die meisten salonihome.com Sofas verf\u00fcgen herausnehmbare Sitzkissen und Bez\u00fcge aus hochqualitativen Stoffen in Lederoptik oder Samt. Die Stoffe sind leicht zu s\u00e4ubern und sehr strapazierf\u00e4hig. Sie k\u00f6nnen Samtstoffe oder Stoffe mit Lederoptik mit einem feuchten Tuch leicht abwischen. Auf unseren funktionalen Chesterfield Sofas k\u00f6nnen Sie relaxen oder wenn Sie ein Besuch bekommen es als Bett verwenden.[\/vc_column_text][\/vc_column_inner][\/vc_row_inner][\/vc_column][\/vc_row][vc_row full_width=&#8221;stretch_row&#8221; woodmart_disable_overflow=&#8221;1&#8243; mobile_bg_img_hidden=&#8221;no&#8221; woodmart_parallax=&#8221;0&#8243; woodmart_gradient_switch=&#8221;no&#8221; row_reverse_mobile=&#8221;0&#8243; row_reverse_tablet=&#8221;0&#8243;][vc_column css=&#8221;.vc_custom_1499592886600{padding-top: 0px !important;}&#8221;]\t\t\n\t\t<div id=\"wd-5d9b5f7e39c0d\" class=\"title-wrapper wd-wpb set-mb-s reset-last-child  wd-rs-5d9b5f7e39c0d wd-title-color-default wd-underline-colored wd-title-style-default wd-width-100 text-left \">\n\t\t\t\n\t\t\t<div class=\"liner-continer\">\n\t\t\t\t<h4 class=\"woodmart-title-container title  wd-font-weight- wd-fontsize-xl\" >Warum dogtas.at?<\/h4>\n\t\t\t\t\t\t\t<\/div>\n\t\t\t\n\t\t\t\n\t\t\t\n\t\t<\/div>\n\t\t\n\t\t[vc_row_inner][vc_column_inner width=&#8221;1\/2&#8243;]\t\t\t<div class=\"info-box-wrapper\">\n\t\t\t\t<div id=\"wd-5c7a9932309f0\" class=\" wd-rs-5c7a9932309f0 wd-info-box woodmart-info-box wd-wpb text-left box-icon-align-left box-style- color-scheme- wd-bg-none box-title-small vc_custom_1551538490542\"  >\n\t\t\t\t\t\t\t\t\t\t<div class=\"info-box-content\">\n\t\t\t\t\t\t<h4 class=\"info-box-title title wd-font-weight- box-title-style-default wd-fontsize-s\">Wir kennen das Preis-\/Qualit\u00e4tsverh\u00e4ltnis...<\/h4>\t\t\t\t\t\t<div class=\"info-box-inner set-cont-mb-s reset-last-child\">\n\t\t\t\t\t\t\t<p>Designorientierte, qualitative und funktionale Produkte bieten wir zu einem erschwinglichen Preis.<\/p>\n\t\t\t\t\t\t<\/div>\n\n\t\t\t\t\t\t\t\t\t\t\t<\/div>\n\n\t\t\t\t\t\t\t\t\t<\/div>\n\t\t\t<\/div>\n\t\t\t\t\t<div class=\"info-box-wrapper\">\n\t\t\t\t<div id=\"wd-5c7a9a0521558\" class=\" wd-rs-5c7a9a0521558 wd-info-box woodmart-info-box wd-wpb text-left box-icon-align-left box-style- color-scheme- wd-bg-none box-title-small \"  >\n\t\t\t\t\t\t\t\t\t\t<div class=\"info-box-content\">\n\t\t\t\t\t\t<h4 class=\"info-box-title title wd-font-weight- box-title-style-default wd-fontsize-s\">Ihre Gesundheit ist uns wichtig,<\/h4>\t\t\t\t\t\t<div class=\"info-box-inner set-cont-mb-s reset-last-child\">\n\t\t\t\t\t\t\t<p>deshalb verwenden wir keine<br \/>\nRohstoffe mit krebserzeugenden Wirkungen und<br \/>\nbillig importierte Materialien an unseren Produkten<\/p>\n\t\t\t\t\t\t<\/div>\n\n\t\t\t\t\t\t\t\t\t\t\t<\/div>\n\n\t\t\t\t\t\t\t\t\t<\/div>\n\t\t\t<\/div>\n\t\t[\/vc_column_inner][vc_column_inner width=&#8221;1\/2&#8243;]\t\t\t<div class=\"info-box-wrapper\">\n\t\t\t\t<div id=\"wd-5c7a9a23453ca\" class=\" wd-rs-5c7a9a23453ca wd-info-box woodmart-info-box wd-wpb text-left box-icon-align-left box-style- color-scheme- wd-bg-none box-title-small vc_custom_1551538736081\"  >\n\t\t\t\t\t\t\t\t\t\t<div class=\"info-box-content\">\n\t\t\t\t\t\t<h4 class=\"info-box-title title wd-font-weight- box-title-style-default wd-fontsize-s\">Wir sind rationalistisch...<\/h4>\t\t\t\t\t\t<div class=\"info-box-inner set-cont-mb-s reset-last-child\">\n\t\t\t\t\t\t\t<p>Wir produzieren ger\u00e4umige und funktionale Produkte f\u00fcr enge R\u00e4ume.<\/p>\n<p>\n\t\t\t\t\t\t<\/div>\n\n\t\t\t\t\t\t\t\t\t\t\t<\/div>\n\n\t\t\t\t\t\t\t\t\t<\/div>\n\t\t\t<\/div>\n\t\t\t\t\t<div class=\"info-box-wrapper\">\n\t\t\t\t<div id=\"wd-5c7a995ecc796\" class=\" wd-rs-5c7a995ecc796 wd-info-box woodmart-info-box wd-wpb text-left box-icon-align-left box-style- color-scheme- wd-bg-none box-title-small \"  >\n\t\t\t\t\t\t\t\t\t\t<div class=\"info-box-content\">\n\t\t\t\t\t\t<h4 class=\"info-box-title title wd-font-weight- box-title-style-default wd-fontsize-s\">Sicheres und bequemes Einkaufen\u2026<\/h4>\t\t\t\t\t\t<div class=\"info-box-inner set-cont-mb-s reset-last-child\">\n\t\t\t\t\t\t\t<p>Auf salonihome.com k\u00f6nnen Sie ganz sicher und bequem von Ihrem Smartphone oder von Ihrem Notebook einkaufen. Wir bieten die sichersten Zahlungsmethoden an wie Klarna Sofort\u00fcberweisung sowie PayPal.<\/p>\n\t\t\t\t\t\t<\/div>\n\n\t\t\t\t\t\t\t\t\t\t\t<\/div>\n\n\t\t\t\t\t\t\t\t\t<\/div>\n\t\t\t<\/div>\n\t\t[\/vc_column_inner][\/vc_row_inner][\/vc_column][\/vc_row][vc_row full_width=&#8221;stretch_row&#8221; css=&#8221;.vc_custom_1551542358155{margin-bottom: 0px !important;}&#8221; mobile_bg_img_hidden=&#8221;no&#8221; woodmart_parallax=&#8221;0&#8243; woodmart_gradient_switch=&#8221;no&#8221; row_reverse_mobile=&#8221;0&#8243; row_reverse_tablet=&#8221;0&#8243; woodmart_disable_overflow=&#8221;0&#8243;][vc_column css=&#8221;.vc_custom_1499516443656{padding-top: 0px !important;}&#8221;][vc_custom_heading text=&#8221;Salonihome.com bietet im Sortiment folgende Produkte an:&#8221; font_container=&#8221;tag:h5|font_size:16|text_align:center|color:rgba(20%2C20%2C20%2C0.8)&#8221; use_theme_fonts=&#8221;yes&#8221; css=&#8221;.vc_custom_1551538675510{margin-bottom: 10px !important;}&#8221; el_class=&#8221;visible-lg&#8221;][vc_column_text text_larger=&#8221;no&#8221;]Sofas, Wohnlandschaften mit Bettfunktion oder erweiterbar, Couchtische, Beistelltische, Sessel, St\u00fchle, Esstische, Anrichten, Vitrinen, Spiegel, Schlafzimmer, Polsterbette, Betten mit Stauram, Nachtkasten, Kommoden, Cilek Kinderzimmerm\u00f6bel, multifunktionale Babyzimmer von der Marke Cilek, Kinderbetten mit Unterbett bzw. Schublade f\u00fcr Stauraum, Kinderzimmer Accessoires, Kinderzimmer bzw. Babyzimmer Teppiche, Cilek Autobetten f\u00fcr Kinder.<\/p>\n<p>Wir freuen uns auf Ihren Einkauf und w\u00fcnschen Ihnen viel Spa\u00df beim durchst\u00f6bern![\/vc_column_text][\/vc_column][\/vc_row]<\/p>\n","protected":false},"excerpt":{"rendered":"<p>[vc_row full_width=&#8221;stretch_row&#8221; woodmart_disable_overflow=&#8221;1&#8243; mobile_bg_img_hidden=&#8221;no&#8221; woodmart_parallax=&#8221;0&#8243; woodmart_gradient_switch=&#8221;no&#8221; row_reverse_mobile=&#8221;0&#8243; row_reverse_tablet=&#8221;0&#8243;][vc_column css=&#8221;.vc_custom_1499592886600{padding-top: 0px !important;}&#8221;][vc_custom_heading text=&#8221;bem\u00fchen uns gem\u00fctliche und stilbewusste R\u00e4ume zu schaffen.&#8221; font_container=&#8221;tag:p|font_size:20|text_align:left|color:%23777777&#8243;<\/p>\n","protected":false},"author":1,"featured_media":0,"parent":0,"menu_order":0,"comment_status":"closed","ping_status":"closed","template":"","meta":{"_joinchat":[]},"yoast_head":"<!-- This site is optimized with the Yoast SEO plugin v19.13 - https:\/\/yoast.com\/wordpress\/plugins\/seo\/ -->\n<title>\u00dcber Uns - Dogtas - Qualit\u00e4t f\u00fchlen!<\/title>\n<meta name=\"robots\" content=\"index, follow, max-snippet:-1, max-image-preview:large, max-video-preview:-1\" \/>\n<link rel=\"canonical\" href=\"https:\/\/www.dogtas.at\/new\/ueber-uns\/\" \/>\n<meta property=\"og:locale\" content=\"de_DE\" \/>\n<meta property=\"og:type\" content=\"article\" \/>\n<meta property=\"og:title\" content=\"\u00dcber Uns - Dogtas - Qualit\u00e4t f\u00fchlen!\" \/>\n<meta property=\"og:description\" content=\"[vc_row full_width=&#8221;stretch_row&#8221; woodmart_disable_overflow=&#8221;1&#8243; mobile_bg_img_hidden=&#8221;no&#8221; woodmart_parallax=&#8221;0&#8243; woodmart_gradient_switch=&#8221;no&#8221; row_reverse_mobile=&#8221;0&#8243; row_reverse_tablet=&#8221;0&#8243;][vc_column css=&#8221;.vc_custom_1499592886600{padding-top: 0px !important;}&#8221;][vc_custom_heading text=&#8221;bem\u00fchen uns gem\u00fctliche und stilbewusste R\u00e4ume zu schaffen.&#8221; font_container=&#8221;tag:p|font_size:20|text_align:left|color:%23777777&#8243;\" \/>\n<meta property=\"og:url\" content=\"https:\/\/www.dogtas.at\/new\/ueber-uns\/\" \/>\n<meta property=\"og:site_name\" content=\"Dogtas - Qualit\u00e4t f\u00fchlen!\" \/>\n<meta property=\"article:publisher\" content=\"https:\/\/www.facebook.com\/saloniwien\" \/>\n<meta property=\"article:modified_time\" content=\"2019-10-07T15:55:14+00:00\" \/>\n<meta name=\"twitter:card\" content=\"summary_large_image\" \/>\n<meta name=\"twitter:label1\" content=\"Gesch\u00e4tzte Lesezeit\" \/>\n\t<meta name=\"twitter:data1\" content=\"4\u00a0Minuten\" \/>\n<script type=\"application\/ld+json\" class=\"yoast-schema-graph\">{\"@context\":\"https:\/\/schema.org\",\"@graph\":[{\"@type\":\"WebPage\",\"@id\":\"https:\/\/www.dogtas.at\/new\/ueber-uns\/\",\"url\":\"https:\/\/www.dogtas.at\/new\/ueber-uns\/\",\"name\":\"\u00dcber Uns - Dogtas - Qualit\u00e4t f\u00fchlen!\",\"isPartOf\":{\"@id\":\"https:\/\/www.dogtas.at\/new\/#website\"},\"datePublished\":\"2018-03-01T19:40:26+00:00\",\"dateModified\":\"2019-10-07T15:55:14+00:00\",\"breadcrumb\":{\"@id\":\"https:\/\/www.dogtas.at\/new\/ueber-uns\/#breadcrumb\"},\"inLanguage\":\"de\",\"potentialAction\":[{\"@type\":\"ReadAction\",\"target\":[\"https:\/\/www.dogtas.at\/new\/ueber-uns\/\"]}]},{\"@type\":\"BreadcrumbList\",\"@id\":\"https:\/\/www.dogtas.at\/new\/ueber-uns\/#breadcrumb\",\"itemListElement\":[{\"@type\":\"ListItem\",\"position\":1,\"name\":\"Startseite\",\"item\":\"https:\/\/www.dogtas.at\/new\/\"},{\"@type\":\"ListItem\",\"position\":2,\"name\":\"\u00dcber Uns\"}]},{\"@type\":\"WebSite\",\"@id\":\"https:\/\/www.dogtas.at\/new\/#website\",\"url\":\"https:\/\/www.dogtas.at\/new\/\",\"name\":\"Dogtas - Qualit\u00e4t f\u00fchlen!\",\"description\":\"Qualit\u00e4t f\u00fchlen!\",\"potentialAction\":[{\"@type\":\"SearchAction\",\"target\":{\"@type\":\"EntryPoint\",\"urlTemplate\":\"https:\/\/www.dogtas.at\/new\/?s={search_term_string}\"},\"query-input\":\"required name=search_term_string\"}],\"inLanguage\":\"de\"}]}<\/script>\n<!-- \/ Yoast SEO plugin. -->","yoast_head_json":{"title":"\u00dcber Uns - Dogtas - Qualit\u00e4t f\u00fchlen!","robots":{"index":"index","follow":"follow","max-snippet":"max-snippet:-1","max-image-preview":"max-image-preview:large","max-video-preview":"max-video-preview:-1"},"canonical":"https:\/\/www.dogtas.at\/new\/ueber-uns\/","og_locale":"de_DE","og_type":"article","og_title":"\u00dcber Uns - Dogtas - Qualit\u00e4t f\u00fchlen!","og_description":"[vc_row full_width=&#8221;stretch_row&#8221; woodmart_disable_overflow=&#8221;1&#8243; mobile_bg_img_hidden=&#8221;no&#8221; woodmart_parallax=&#8221;0&#8243; woodmart_gradient_switch=&#8221;no&#8221; row_reverse_mobile=&#8221;0&#8243; row_reverse_tablet=&#8221;0&#8243;][vc_column css=&#8221;.vc_custom_1499592886600{padding-top: 0px !important;}&#8221;][vc_custom_heading text=&#8221;bem\u00fchen uns gem\u00fctliche und stilbewusste R\u00e4ume zu schaffen.&#8221; font_container=&#8221;tag:p|font_size:20|text_align:left|color:%23777777&#8243;","og_url":"https:\/\/www.dogtas.at\/new\/ueber-uns\/","og_site_name":"Dogtas - Qualit\u00e4t f\u00fchlen!","article_publisher":"https:\/\/www.facebook.com\/saloniwien","article_modified_time":"2019-10-07T15:55:14+00:00","twitter_card":"summary_large_image","twitter_misc":{"Gesch\u00e4tzte Lesezeit":"4\u00a0Minuten"},"schema":{"@context":"https:\/\/schema.org","@graph":[{"@type":"WebPage","@id":"https:\/\/www.dogtas.at\/new\/ueber-uns\/","url":"https:\/\/www.dogtas.at\/new\/ueber-uns\/","name":"\u00dcber Uns - Dogtas - Qualit\u00e4t f\u00fchlen!","isPartOf":{"@id":"https:\/\/www.dogtas.at\/new\/#website"},"datePublished":"2018-03-01T19:40:26+00:00","dateModified":"2019-10-07T15:55:14+00:00","breadcrumb":{"@id":"https:\/\/www.dogtas.at\/new\/ueber-uns\/#breadcrumb"},"inLanguage":"de","potentialAction":[{"@type":"ReadAction","target":["https:\/\/www.dogtas.at\/new\/ueber-uns\/"]}]},{"@type":"BreadcrumbList","@id":"https:\/\/www.dogtas.at\/new\/ueber-uns\/#breadcrumb","itemListElement":[{"@type":"ListItem","position":1,"name":"Startseite","item":"https:\/\/www.dogtas.at\/new\/"},{"@type":"ListItem","position":2,"name":"\u00dcber Uns"}]},{"@type":"WebSite","@id":"https:\/\/www.dogtas.at\/new\/#website","url":"https:\/\/www.dogtas.at\/new\/","name":"Dogtas - Qualit\u00e4t f\u00fchlen!","description":"Qualit\u00e4t f\u00fchlen!","potentialAction":[{"@type":"SearchAction","target":{"@type":"EntryPoint","urlTemplate":"https:\/\/www.dogtas.at\/new\/?s={search_term_string}"},"query-input":"required name=search_term_string"}],"inLanguage":"de"}]}},"_links":{"self":[{"href":"https:\/\/www.dogtas.at\/new\/wp-json\/wp\/v2\/pages\/207"}],"collection":[{"href":"https:\/\/www.dogtas.at\/new\/wp-json\/wp\/v2\/pages"}],"about":[{"href":"https:\/\/www.dogtas.at\/new\/wp-json\/wp\/v2\/types\/page"}],"author":[{"embeddable":true,"href":"https:\/\/www.dogtas.at\/new\/wp-json\/wp\/v2\/users\/1"}],"replies":[{"embeddable":true,"href":"https:\/\/www.dogtas.at\/new\/wp-json\/wp\/v2\/comments?post=207"}],"version-history":[{"count":5,"href":"https:\/\/www.dogtas.at\/new\/wp-json\/wp\/v2\/pages\/207\/revisions"}],"predecessor-version":[{"id":58030,"href":"https:\/\/www.dogtas.at\/new\/wp-json\/wp\/v2\/pages\/207\/revisions\/58030"}],"wp:attachment":[{"href":"https:\/\/www.dogtas.at\/new\/wp-json\/wp\/v2\/media?parent=207"}],"curies":[{"name":"wp","href":"https:\/\/api.w.org\/{rel}","templated":true}]}}