{"id":7698,"date":"2018-06-08T16:55:17","date_gmt":"2018-06-08T14:55:17","guid":{"rendered":"http:\/\/www.dogtas.at\/new\/?page_id=7698"},"modified":"2019-02-19T15:42:33","modified_gmt":"2019-02-19T14:42:33","slug":"datenschutzerklaerung","status":"publish","type":"page","link":"https:\/\/www.dogtas.at\/new\/datenschutzerklaerung\/","title":{"rendered":"Datenschutzerkl\u00e4rung"},"content":{"rendered":"<p><strong>DATENSCHUTZERKL\u00c4RUNG<\/strong><\/p>\n<p>Wir legen gro\u00dfen Wert auf den Schutz Ihrer personenbezogenen Daten. Wir behandeln die uns anvertrauten Daten entsprechend streng vertraulich und gehen damit verantwortungsvoll um. Daher informieren wir Sie gem\u00e4\u00df den einschl\u00e4gigen Datenschutzbestimmungen wie folgt:<\/p>\n<p><strong>1. Verantwortlicher \u2013 Kontaktdaten:<\/strong><\/p>\n<p>Verantwortlicher f\u00fcr die Datenverarbeitung ist:<br \/>\nStilix Handels GmbH<br \/>\nFavoriten Str. 76A, 1100 Wien<br \/>\nTelefon: 0660 126 88 89 (MO-FR 09:00-14:00)<br \/>\nE-Mail: datenschutz@stilix.at<\/p>\n<p><strong>I. Erhebung und Verarbeitung von Daten:<\/strong><\/p>\n<p>Wir verarbeiten jene personenbezogenen Daten, die Sie uns als (zuk\u00fcnftiger) Kunde im Rahmen einer Anfrage bzw. zum Abschluss eines Vertrages zur Verf\u00fcgung stellen. Die Datenverarbeitung erfolgt zum Zwecke der Anfragenbeantwortung, Korrespondenz, Vertragsanbahnung und Vertragserf\u00fcllung. Ohne die von Ihnen bereitgestellten personenbezogenen Daten ist eine Vertragsanbahnung bzw. Vertragserf\u00fcllung nicht m\u00f6glich.<\/p>\n<p>Rechtsgrundlage der Datenverarbeitung ist die Vertragsanbahnung und Vertragserf\u00fcllung gem\u00e4\u00df Art. 6 Abs. 1 lit. b DSGVO bzw. bei einer Einwilligung Ihrerseits gem\u00e4\u00df Art. 6 Abs. 1 lit. a DSGVO.<\/p>\n<p><strong>II. Nutzung und Weitergabe der Daten:<\/strong><\/p>\n<p>Soweit Sie uns als Kunde personenbezogene Daten zur Verf\u00fcgung gestellt haben, verwenden wir diese nur zur Anfragenbeantwortung, zur Vertragsanbahnung bzw. Abwicklung von Vertr\u00e4gen und f\u00fcr die technische Administration.<\/p>\n<p>Personenbezogene Daten werden von uns an Dritte nur weitergegeben bzw. \u00fcbermittelt, wenn dies zu den oben angegebenen Zwecken erforderlich ist (das sind etwa Lieferanten oder Dienstleister, Speditionen, abwickeln der Bankinstitut, unser Steuerberater zur Erf\u00fcllung unserer steuerrechtlichen Verpflichtungen, unserer Rechtsvertreter zur Abwehr von Anspr\u00fcchen) oder Sie als Kunde zuvor eingewilligt haben. Als Kunde haben Sie das Recht, eine erteilte Einwilligung mit Wirkung f\u00fcr die Zukunft jederzeit zu widerrufen.<\/p>\n<p><strong>III. Datenaufbewahrung:<\/strong><\/p>\n<p>Die L\u00f6schung der gespeicherten personenbezogenen Daten erfolgt, wenn Sie als Kunde die Einwilligung zur Speicherung widerrufen, wenn es zu keinem Vertragsabschluss kommt nach Ablauf des zweiten Jahres nach dem letzten Kontakt mit dem Verantwortlichen oder, wenn es zu einem Vertragsabschluss kommt nach Ablauf der geltenden Garantie-, Gew\u00e4hrleistungs-, Verj\u00e4hrungs- und gesetzlichen Aufbewahrungsfristen sowie dar\u00fcber hinaus nach Beendigung von allf\u00e4lligen Rechtsstreitigkeiten, bei denen die Daten als Beweis ben\u00f6tigt werden.<\/p>\n<p><strong>IV. Newsletter:<\/strong><\/p>\n<p>Wenn Sie sich zu unserem Newsletter angemeldet haben, etwa durch Ankreuzen oder Anklicken der entsprechenden Checkbox im Rahmen des Kaufvertrages \/ Anfrageformulars, werden die von Ihnen angegeben personenbezogenen Daten f\u00fcr den Versand des Newsletters verwendet. Mit dem Newsletter werden sie \u00fcber Neuigkeiten und Aktionen informiert. Sie k\u00f6nnen Ihre Einwilligung zur Zusendung des Newsletter jederzeit per sms 0660 126 88 89 bzw. per WhatsApp 0660 126 88 89 bzw. per E-Mail datenschutz@stilix.at f\u00fcr die Zukunft widerrufen.<\/p>\n<p><strong>V. Ihre Rechte:<\/strong><\/p>\n<p>Gem\u00e4\u00df den datenschutzrechtlichen Bestimmungen stehen Ihnen als betroffene Person die nachfolgenden Rechte und Rechtsbehelfe zu: Sie haben gem\u00e4\u00df Art. 15 DSGVO das Recht, jederzeit Auskunft \u00fcber Ihre bei uns gespeicherten personenbezogenen Daten zu erhalten. Gegebenenfalls kann es erforderlich sein, dass Sie hierf\u00fcr ihre Identit\u00e4t in geeigneter Form nachweisen. Ebenso haben Sie gem\u00e4\u00df Art. 16 DSGVO das Recht auf Berichtigung falscher oder unvollst\u00e4ndiger personenbezogener Daten, gem\u00e4\u00df Art. 18 DSGVO auf Einschr\u00e4nkung der Verarbeitung, oder \u2013 abgesehen von einer vorgeschriebenen Datenverarbeitung zur Gesch\u00e4ftsabwicklung \u2013 gem\u00e4\u00df Art. 17 DSGVO auf L\u00f6schung Ihrer personenbezogenen Daten, sowie gem\u00e4\u00df Art. 20 DSGVO das Recht auf Daten\u00fcbertragung. Gem\u00e4\u00df Art. 21 Abs. 2 und 3 DSGVO haben Sie zudem das Recht, Widerspruch gegen die Datenverarbeitung zum Zweck der Direktwerbung mit Wirkung f\u00fcr die Zukunft zu erheben.<\/p>\n<p>Ergreifen Sie Ma\u00dfnahmen zur Durchsetzung Ihrer oben aufgef\u00fchrten Rechte aus der DSGVO, so hat die Stilix Handels GmbH unverz\u00fcglich, sp\u00e4testens aber innerhalb eines Monats nach Eingang Ihres Antrags, zur beantragten Ma\u00dfnahme Stellung zu nehmen bzw. dem Antrag zu entsprechen. Sollten zwingende rechtliche Gr\u00fcnde einer L\u00f6schung entgegenstehen, werden Sie dahingehend umgehend von uns benachrichtigt.<\/p>\n<p>Sie haben die M\u00f6glichkeit, bei der Aufsichtsbeh\u00f6rde eine Beschwerde zu erheben: \u00d6sterreichische Datenschutzbeh\u00f6rde, Wickenburggasse 8, 1080 Wien, Telefon: +43 1 52 152-0, E-Mail: dsb@dsb.gv.at<\/p>\n<p>Zur Geltendmachung Ihrer Rechte und bei Fragen wenden Sie sich bitte an:<br \/>\nStilix Handels GmbH, Favoriten Str. 76A, 1100 Wien, Telefon: 0660 126 88 89 (MO-FR 09:00-14:00),<br \/>\nE-Mail: datenschutz@stilix.at<\/p>\n<p>Stand: Mai 2018<\/p>\n","protected":false},"excerpt":{"rendered":"<p>DATENSCHUTZERKL\u00c4RUNG Wir legen gro\u00dfen Wert auf den Schutz Ihrer personenbezogenen Daten. Wir behandeln die uns anvertrauten Daten entsprechend streng vertraulich<\/p>\n","protected":false},"author":1,"featured_media":0,"parent":0,"menu_order":0,"comment_status":"closed","ping_status":"closed","template":"","meta":{"_joinchat":[]},"yoast_head":"<!-- This site is optimized with the Yoast SEO plugin v19.13 - https:\/\/yoast.com\/wordpress\/plugins\/seo\/ -->\n<title>Datenschutzerkl\u00e4rung - Dogtas - Qualit\u00e4t f\u00fchlen!<\/title>\n<meta name=\"robots\" content=\"index, follow, max-snippet:-1, max-image-preview:large, max-video-preview:-1\" \/>\n<link rel=\"canonical\" href=\"https:\/\/www.dogtas.at\/new\/datenschutzerklaerung\/\" \/>\n<meta property=\"og:locale\" content=\"de_DE\" \/>\n<meta property=\"og:type\" content=\"article\" \/>\n<meta property=\"og:title\" content=\"Datenschutzerkl\u00e4rung - Dogtas - Qualit\u00e4t f\u00fchlen!\" \/>\n<meta property=\"og:description\" content=\"DATENSCHUTZERKL\u00c4RUNG Wir legen gro\u00dfen Wert auf den Schutz Ihrer personenbezogenen Daten. Wir behandeln die uns anvertrauten Daten entsprechend streng vertraulich\" \/>\n<meta property=\"og:url\" content=\"https:\/\/www.dogtas.at\/new\/datenschutzerklaerung\/\" \/>\n<meta property=\"og:site_name\" content=\"Dogtas - Qualit\u00e4t f\u00fchlen!\" \/>\n<meta property=\"article:publisher\" content=\"https:\/\/www.facebook.com\/saloniwien\" \/>\n<meta property=\"article:modified_time\" content=\"2019-02-19T14:42:33+00:00\" \/>\n<meta name=\"twitter:card\" content=\"summary_large_image\" \/>\n<meta name=\"twitter:label1\" content=\"Gesch\u00e4tzte Lesezeit\" \/>\n\t<meta name=\"twitter:data1\" content=\"3\u00a0Minuten\" \/>\n<script type=\"application\/ld+json\" class=\"yoast-schema-graph\">{\"@context\":\"https:\/\/schema.org\",\"@graph\":[{\"@type\":\"WebPage\",\"@id\":\"https:\/\/www.dogtas.at\/new\/datenschutzerklaerung\/\",\"url\":\"https:\/\/www.dogtas.at\/new\/datenschutzerklaerung\/\",\"name\":\"Datenschutzerkl\u00e4rung - Dogtas - Qualit\u00e4t f\u00fchlen!\",\"isPartOf\":{\"@id\":\"https:\/\/www.dogtas.at\/new\/#website\"},\"datePublished\":\"2018-06-08T14:55:17+00:00\",\"dateModified\":\"2019-02-19T14:42:33+00:00\",\"breadcrumb\":{\"@id\":\"https:\/\/www.dogtas.at\/new\/datenschutzerklaerung\/#breadcrumb\"},\"inLanguage\":\"de\",\"potentialAction\":[{\"@type\":\"ReadAction\",\"target\":[\"https:\/\/www.dogtas.at\/new\/datenschutzerklaerung\/\"]}]},{\"@type\":\"BreadcrumbList\",\"@id\":\"https:\/\/www.dogtas.at\/new\/datenschutzerklaerung\/#breadcrumb\",\"itemListElement\":[{\"@type\":\"ListItem\",\"position\":1,\"name\":\"Startseite\",\"item\":\"https:\/\/www.dogtas.at\/new\/\"},{\"@type\":\"ListItem\",\"position\":2,\"name\":\"Datenschutzerkl\u00e4rung\"}]},{\"@type\":\"WebSite\",\"@id\":\"https:\/\/www.dogtas.at\/new\/#website\",\"url\":\"https:\/\/www.dogtas.at\/new\/\",\"name\":\"Dogtas - Qualit\u00e4t f\u00fchlen!\",\"description\":\"Qualit\u00e4t f\u00fchlen!\",\"potentialAction\":[{\"@type\":\"SearchAction\",\"target\":{\"@type\":\"EntryPoint\",\"urlTemplate\":\"https:\/\/www.dogtas.at\/new\/?s={search_term_string}\"},\"query-input\":\"required name=search_term_string\"}],\"inLanguage\":\"de\"}]}<\/script>\n<!-- \/ Yoast SEO plugin. -->","yoast_head_json":{"title":"Datenschutzerkl\u00e4rung - Dogtas - Qualit\u00e4t f\u00fchlen!","robots":{"index":"index","follow":"follow","max-snippet":"max-snippet:-1","max-image-preview":"max-image-preview:large","max-video-preview":"max-video-preview:-1"},"canonical":"https:\/\/www.dogtas.at\/new\/datenschutzerklaerung\/","og_locale":"de_DE","og_type":"article","og_title":"Datenschutzerkl\u00e4rung - Dogtas - Qualit\u00e4t f\u00fchlen!","og_description":"DATENSCHUTZERKL\u00c4RUNG Wir legen gro\u00dfen Wert auf den Schutz Ihrer personenbezogenen Daten. Wir behandeln die uns anvertrauten Daten entsprechend streng vertraulich","og_url":"https:\/\/www.dogtas.at\/new\/datenschutzerklaerung\/","og_site_name":"Dogtas - Qualit\u00e4t f\u00fchlen!","article_publisher":"https:\/\/www.facebook.com\/saloniwien","article_modified_time":"2019-02-19T14:42:33+00:00","twitter_card":"summary_large_image","twitter_misc":{"Gesch\u00e4tzte Lesezeit":"3\u00a0Minuten"},"schema":{"@context":"https:\/\/schema.org","@graph":[{"@type":"WebPage","@id":"https:\/\/www.dogtas.at\/new\/datenschutzerklaerung\/","url":"https:\/\/www.dogtas.at\/new\/datenschutzerklaerung\/","name":"Datenschutzerkl\u00e4rung - Dogtas - Qualit\u00e4t f\u00fchlen!","isPartOf":{"@id":"https:\/\/www.dogtas.at\/new\/#website"},"datePublished":"2018-06-08T14:55:17+00:00","dateModified":"2019-02-19T14:42:33+00:00","breadcrumb":{"@id":"https:\/\/www.dogtas.at\/new\/datenschutzerklaerung\/#breadcrumb"},"inLanguage":"de","potentialAction":[{"@type":"ReadAction","target":["https:\/\/www.dogtas.at\/new\/datenschutzerklaerung\/"]}]},{"@type":"BreadcrumbList","@id":"https:\/\/www.dogtas.at\/new\/datenschutzerklaerung\/#breadcrumb","itemListElement":[{"@type":"ListItem","position":1,"name":"Startseite","item":"https:\/\/www.dogtas.at\/new\/"},{"@type":"ListItem","position":2,"name":"Datenschutzerkl\u00e4rung"}]},{"@type":"WebSite","@id":"https:\/\/www.dogtas.at\/new\/#website","url":"https:\/\/www.dogtas.at\/new\/","name":"Dogtas - Qualit\u00e4t f\u00fchlen!","description":"Qualit\u00e4t f\u00fchlen!","potentialAction":[{"@type":"SearchAction","target":{"@type":"EntryPoint","urlTemplate":"https:\/\/www.dogtas.at\/new\/?s={search_term_string}"},"query-input":"required name=search_term_string"}],"inLanguage":"de"}]}},"_links":{"self":[{"href":"https:\/\/www.dogtas.at\/new\/wp-json\/wp\/v2\/pages\/7698"}],"collection":[{"href":"https:\/\/www.dogtas.at\/new\/wp-json\/wp\/v2\/pages"}],"about":[{"href":"https:\/\/www.dogtas.at\/new\/wp-json\/wp\/v2\/types\/page"}],"author":[{"embeddable":true,"href":"https:\/\/www.dogtas.at\/new\/wp-json\/wp\/v2\/users\/1"}],"replies":[{"embeddable":true,"href":"https:\/\/www.dogtas.at\/new\/wp-json\/wp\/v2\/comments?post=7698"}],"version-history":[{"count":0,"href":"https:\/\/www.dogtas.at\/new\/wp-json\/wp\/v2\/pages\/7698\/revisions"}],"wp:attachment":[{"href":"https:\/\/www.dogtas.at\/new\/wp-json\/wp\/v2\/media?parent=7698"}],"curies":[{"name":"wp","href":"https:\/\/api.w.org\/{rel}","templated":true}]}}