{"id":114854,"date":"2020-07-23T04:02:41","date_gmt":"2020-07-23T02:02:41","guid":{"rendered":"http:\/\/www.dogtas.at\/new\/?post_type=product&#038;p=114854"},"modified":"2021-06-11T16:15:12","modified_gmt":"2021-06-11T14:15:12","slug":"hector-schlafzimmer-set","status":"publish","type":"product","link":"https:\/\/www.dogtas.at\/new\/produkt\/hector-schlafzimmer-set\/","title":{"rendered":"Hector Schlafzimmer Set"},"content":{"rendered":"<div class=\"\" data-block=\"true\" data-editor=\"17h0i\" data-offset-key=\"dgrj3-0-0\">\n<div class=\"_1mf _1mj\" data-offset-key=\"dgrj3-0-0\">\n<p>Als Zentrum der Ruhe und des tiefen Schlafes sollten die Schlafzimmer die Seele streicheln und Frieden mit nat\u00fcrlichen Farben und weichen \u00dcbergangsdesigns schaffen. Do\u011fta\u015f ist ein Meister darin, Kollektionen zu kreieren, die ergonomisch und einfach zu bedienen sind und von den Farben und Linien der Natur inspiriert sind. Die Schlafzimmersets sind in der Achse dieser Idee gestaltet. Diese Meisterschaft ist auch im Hector-Schlafzimmer-Set enthalten. Schlafen und Anziehen sind zwei der wichtigsten Voraussetzungen f\u00fcr die Vorbereitung auf den neuen Tag. Hector, der mit der Holzzunge die am besten geeigneten Bedingungen f\u00fcr einen ruhigen Schlaf und eine p\u00fcnktliche Vorbereitung schafft; Golddetails, das neue Trendprodukt, wurden von Damenaccessoires mit der dominanten und starken Haltung der anthrazitfarbenen Farbe und der Authentizit\u00e4t des Textilmusters inspiriert.<\/p>\n<p>Hector Sammlung; Die im K\u00f6rper verwendete anthrazitfarbene Eiche und die Spanplatte mit Textilmuster sorgen f\u00fcr ein perfektes Erscheinungsbild. Die Perfektion wird durch die Goldstreifenapplikation auf den Profilabdeckungen verdoppelt.<\/p>\n<p>Die goldenen Schaukelgriffe, die an Damenaccessoires erinnern, bringen die Hector-Serie auf eine anspruchsvollere und zeitgem\u00e4\u00dfere Plattform.<\/p>\n<p>Do\u011fta\u015f, der sehr gut wei\u00df, dass Eleganz allein nicht ausreicht, zeigt, dass er bei der Verwendung von Schubladenschienen mit Retarder und Scharnier mit Retarderadaptern in den Modulen keine Kompromisse bei Ergonomie und Komfort eingeht.<\/p>\n<p>Hectors Kleiderschrank unterscheidet sich von seinen Mitbewerbern durch Rauchglas und sechst\u00fcrige Aluminiumrahmenform. Der Kleiderschrank mit beleuchtetem Kleiderb\u00fcgel und Sensor sieht nicht nur die Notwendigkeit, sondern streichelt auch das Auge aus \u00e4sthetischer Sicht.<\/p>\n<p>Hector bietet mit seinen 160 und 180 Optionen und Boxspring-Alternativen sowohl komfortable als auch \u00e4sthetische Merkmale.<\/p>\n<\/div>\n<\/div>\n","protected":false},"excerpt":{"rendered":"<p>Als Zentrum der Ruhe und des tiefen Schlafes sollten die Schlafzimmer die Seele streicheln und Frieden mit nat\u00fcrlichen Farben und<\/p>\n","protected":false},"featured_media":174023,"comment_status":"open","ping_status":"closed","template":"","meta":{"_joinchat":[]},"product_cat":[200,6247],"product_tag":[6011,6033,6038],"yoast_head":"<!-- This site is optimized with the Yoast SEO plugin v19.13 - https:\/\/yoast.com\/wordpress\/plugins\/seo\/ -->\n<title>Hector Schlafzimmer Set - Dogtas - Qualit\u00e4t f\u00fchlen!<\/title>\n<meta name=\"robots\" content=\"index, follow, max-snippet:-1, max-image-preview:large, max-video-preview:-1\" \/>\n<link rel=\"canonical\" href=\"https:\/\/www.dogtas.at\/new\/produkt\/hector-schlafzimmer-set\/\" \/>\n<meta property=\"og:locale\" content=\"de_DE\" \/>\n<meta property=\"og:type\" content=\"article\" \/>\n<meta property=\"og:title\" content=\"Hector Schlafzimmer Set - Dogtas - Qualit\u00e4t f\u00fchlen!\" \/>\n<meta property=\"og:description\" content=\"Als Zentrum der Ruhe und des tiefen Schlafes sollten die Schlafzimmer die Seele streicheln und Frieden mit nat\u00fcrlichen Farben und\" \/>\n<meta property=\"og:url\" content=\"https:\/\/www.dogtas.at\/new\/produkt\/hector-schlafzimmer-set\/\" \/>\n<meta property=\"og:site_name\" content=\"Dogtas - Qualit\u00e4t f\u00fchlen!\" \/>\n<meta property=\"article:publisher\" content=\"https:\/\/www.facebook.com\/saloniwien\" \/>\n<meta property=\"article:modified_time\" content=\"2021-06-11T14:15:12+00:00\" \/>\n<meta property=\"og:image\" content=\"https:\/\/www.dogtas.at\/new\/wp-content\/uploads\/hector-schlafzimmer.png\" \/>\n\t<meta property=\"og:image:width\" content=\"1500\" \/>\n\t<meta property=\"og:image:height\" content=\"1500\" \/>\n\t<meta property=\"og:image:type\" content=\"image\/png\" \/>\n<meta name=\"twitter:card\" content=\"summary_large_image\" \/>\n<meta name=\"twitter:label1\" content=\"Gesch\u00e4tzte Lesezeit\" \/>\n\t<meta name=\"twitter:data1\" content=\"1\u00a0Minute\" \/>\n<script type=\"application\/ld+json\" class=\"yoast-schema-graph\">{\"@context\":\"https:\/\/schema.org\",\"@graph\":[{\"@type\":\"WebPage\",\"@id\":\"https:\/\/www.dogtas.at\/new\/produkt\/hector-schlafzimmer-set\/\",\"url\":\"https:\/\/www.dogtas.at\/new\/produkt\/hector-schlafzimmer-set\/\",\"name\":\"Hector Schlafzimmer Set - Dogtas - Qualit\u00e4t f\u00fchlen!\",\"isPartOf\":{\"@id\":\"https:\/\/www.dogtas.at\/new\/#website\"},\"datePublished\":\"2020-07-23T02:02:41+00:00\",\"dateModified\":\"2021-06-11T14:15:12+00:00\",\"breadcrumb\":{\"@id\":\"https:\/\/www.dogtas.at\/new\/produkt\/hector-schlafzimmer-set\/#breadcrumb\"},\"inLanguage\":\"de\",\"potentialAction\":[{\"@type\":\"ReadAction\",\"target\":[\"https:\/\/www.dogtas.at\/new\/produkt\/hector-schlafzimmer-set\/\"]}]},{\"@type\":\"BreadcrumbList\",\"@id\":\"https:\/\/www.dogtas.at\/new\/produkt\/hector-schlafzimmer-set\/#breadcrumb\",\"itemListElement\":[{\"@type\":\"ListItem\",\"position\":1,\"name\":\"Startseite\",\"item\":\"https:\/\/www.dogtas.at\/new\/\"},{\"@type\":\"ListItem\",\"position\":2,\"name\":\"Shop\",\"item\":\"https:\/\/www.dogtas.at\/new\/shop\/\"},{\"@type\":\"ListItem\",\"position\":3,\"name\":\"Hector Schlafzimmer Set\"}]},{\"@type\":\"WebSite\",\"@id\":\"https:\/\/www.dogtas.at\/new\/#website\",\"url\":\"https:\/\/www.dogtas.at\/new\/\",\"name\":\"Dogtas - Qualit\u00e4t f\u00fchlen!\",\"description\":\"Qualit\u00e4t f\u00fchlen!\",\"potentialAction\":[{\"@type\":\"SearchAction\",\"target\":{\"@type\":\"EntryPoint\",\"urlTemplate\":\"https:\/\/www.dogtas.at\/new\/?s={search_term_string}\"},\"query-input\":\"required name=search_term_string\"}],\"inLanguage\":\"de\"}]}<\/script>\n<!-- \/ Yoast SEO plugin. -->","yoast_head_json":{"title":"Hector Schlafzimmer Set - Dogtas - Qualit\u00e4t f\u00fchlen!","robots":{"index":"index","follow":"follow","max-snippet":"max-snippet:-1","max-image-preview":"max-image-preview:large","max-video-preview":"max-video-preview:-1"},"canonical":"https:\/\/www.dogtas.at\/new\/produkt\/hector-schlafzimmer-set\/","og_locale":"de_DE","og_type":"article","og_title":"Hector Schlafzimmer Set - Dogtas - Qualit\u00e4t f\u00fchlen!","og_description":"Als Zentrum der Ruhe und des tiefen Schlafes sollten die Schlafzimmer die Seele streicheln und Frieden mit nat\u00fcrlichen Farben und","og_url":"https:\/\/www.dogtas.at\/new\/produkt\/hector-schlafzimmer-set\/","og_site_name":"Dogtas - Qualit\u00e4t f\u00fchlen!","article_publisher":"https:\/\/www.facebook.com\/saloniwien","article_modified_time":"2021-06-11T14:15:12+00:00","og_image":[{"width":1500,"height":1500,"url":"https:\/\/www.dogtas.at\/new\/wp-content\/uploads\/hector-schlafzimmer.png","type":"image\/png"}],"twitter_card":"summary_large_image","twitter_misc":{"Gesch\u00e4tzte Lesezeit":"1\u00a0Minute"},"schema":{"@context":"https:\/\/schema.org","@graph":[{"@type":"WebPage","@id":"https:\/\/www.dogtas.at\/new\/produkt\/hector-schlafzimmer-set\/","url":"https:\/\/www.dogtas.at\/new\/produkt\/hector-schlafzimmer-set\/","name":"Hector Schlafzimmer Set - Dogtas - Qualit\u00e4t f\u00fchlen!","isPartOf":{"@id":"https:\/\/www.dogtas.at\/new\/#website"},"datePublished":"2020-07-23T02:02:41+00:00","dateModified":"2021-06-11T14:15:12+00:00","breadcrumb":{"@id":"https:\/\/www.dogtas.at\/new\/produkt\/hector-schlafzimmer-set\/#breadcrumb"},"inLanguage":"de","potentialAction":[{"@type":"ReadAction","target":["https:\/\/www.dogtas.at\/new\/produkt\/hector-schlafzimmer-set\/"]}]},{"@type":"BreadcrumbList","@id":"https:\/\/www.dogtas.at\/new\/produkt\/hector-schlafzimmer-set\/#breadcrumb","itemListElement":[{"@type":"ListItem","position":1,"name":"Startseite","item":"https:\/\/www.dogtas.at\/new\/"},{"@type":"ListItem","position":2,"name":"Shop","item":"https:\/\/www.dogtas.at\/new\/shop\/"},{"@type":"ListItem","position":3,"name":"Hector Schlafzimmer Set"}]},{"@type":"WebSite","@id":"https:\/\/www.dogtas.at\/new\/#website","url":"https:\/\/www.dogtas.at\/new\/","name":"Dogtas - Qualit\u00e4t f\u00fchlen!","description":"Qualit\u00e4t f\u00fchlen!","potentialAction":[{"@type":"SearchAction","target":{"@type":"EntryPoint","urlTemplate":"https:\/\/www.dogtas.at\/new\/?s={search_term_string}"},"query-input":"required name=search_term_string"}],"inLanguage":"de"}]}},"_links":{"self":[{"href":"https:\/\/www.dogtas.at\/new\/wp-json\/wp\/v2\/product\/114854"}],"collection":[{"href":"https:\/\/www.dogtas.at\/new\/wp-json\/wp\/v2\/product"}],"about":[{"href":"https:\/\/www.dogtas.at\/new\/wp-json\/wp\/v2\/types\/product"}],"replies":[{"embeddable":true,"href":"https:\/\/www.dogtas.at\/new\/wp-json\/wp\/v2\/comments?post=114854"}],"wp:featuredmedia":[{"embeddable":true,"href":"https:\/\/www.dogtas.at\/new\/wp-json\/wp\/v2\/media\/174023"}],"wp:attachment":[{"href":"https:\/\/www.dogtas.at\/new\/wp-json\/wp\/v2\/media?parent=114854"}],"wp:term":[{"taxonomy":"product_cat","embeddable":true,"href":"https:\/\/www.dogtas.at\/new\/wp-json\/wp\/v2\/product_cat?post=114854"},{"taxonomy":"product_tag","embeddable":true,"href":"https:\/\/www.dogtas.at\/new\/wp-json\/wp\/v2\/product_tag?post=114854"}],"curies":[{"name":"wp","href":"https:\/\/api.w.org\/{rel}","templated":true}]}}