{"id":180616,"date":"2021-01-02T13:29:24","date_gmt":"2021-01-02T12:29:24","guid":{"rendered":"http:\/\/www.dogtas.at\/new\/?post_type=product&#038;p=180616"},"modified":"2021-11-09T18:15:55","modified_gmt":"2021-11-09T17:15:55","slug":"bianca-321-sitzgruppe-mit-bettfunktion","status":"publish","type":"product","link":"https:\/\/www.dogtas.at\/new\/produkt\/bianca-321-sitzgruppe-mit-bettfunktion\/","title":{"rendered":"Bianca 3+2+1 Sitzgruppe mit Bettfunktion"},"content":{"rendered":"<p>F\u00fcr diejenigen, die ein modernes, einfaches, praktisches und stilvolles Design suchen, wurde die Bianca f\u00fcr Sie entworfen, indem sie die Farben und Muster der Natur kombiniert, die sich von Steinen, Erde und Blumen inspirieren lassen.<\/p>\n","protected":false},"excerpt":{"rendered":"<p>F\u00fcr diejenigen, die ein modernes, einfaches, praktisches und stilvolles Design suchen, wurde die Bianca f\u00fcr Sie entworfen, indem sie die<\/p>\n","protected":false},"featured_media":184130,"comment_status":"open","ping_status":"closed","template":"","meta":{"_joinchat":[]},"product_cat":[557,6072],"product_tag":[6127,6128],"yoast_head":"<!-- This site is optimized with the Yoast SEO plugin v19.13 - https:\/\/yoast.com\/wordpress\/plugins\/seo\/ -->\n<title>Bianca 3+2+1 Sitzgruppe mit Bettfunktion - Dogtas - Qualit\u00e4t f\u00fchlen!<\/title>\n<meta name=\"robots\" content=\"index, follow, max-snippet:-1, max-image-preview:large, max-video-preview:-1\" \/>\n<link rel=\"canonical\" href=\"https:\/\/www.dogtas.at\/new\/produkt\/bianca-321-sitzgruppe-mit-bettfunktion\/\" \/>\n<meta property=\"og:locale\" content=\"de_DE\" \/>\n<meta property=\"og:type\" content=\"article\" \/>\n<meta property=\"og:title\" content=\"Bianca 3+2+1 Sitzgruppe mit Bettfunktion - Dogtas - Qualit\u00e4t f\u00fchlen!\" \/>\n<meta property=\"og:description\" content=\"F\u00fcr diejenigen, die ein modernes, einfaches, praktisches und stilvolles Design suchen, wurde die Bianca f\u00fcr Sie entworfen, indem sie die\" \/>\n<meta property=\"og:url\" content=\"https:\/\/www.dogtas.at\/new\/produkt\/bianca-321-sitzgruppe-mit-bettfunktion\/\" \/>\n<meta property=\"og:site_name\" content=\"Dogtas - Qualit\u00e4t f\u00fchlen!\" \/>\n<meta property=\"article:publisher\" content=\"https:\/\/www.facebook.com\/saloniwien\" \/>\n<meta property=\"article:modified_time\" content=\"2021-11-09T17:15:55+00:00\" \/>\n<meta property=\"og:image\" content=\"https:\/\/www.dogtas.at\/new\/wp-content\/uploads\/Bianca-Sitzgruppe-1.png\" \/>\n\t<meta property=\"og:image:width\" content=\"1500\" \/>\n\t<meta property=\"og:image:height\" content=\"1500\" \/>\n\t<meta property=\"og:image:type\" content=\"image\/png\" \/>\n<meta name=\"twitter:card\" content=\"summary_large_image\" \/>\n<script type=\"application\/ld+json\" class=\"yoast-schema-graph\">{\"@context\":\"https:\/\/schema.org\",\"@graph\":[{\"@type\":\"WebPage\",\"@id\":\"https:\/\/www.dogtas.at\/new\/produkt\/bianca-321-sitzgruppe-mit-bettfunktion\/\",\"url\":\"https:\/\/www.dogtas.at\/new\/produkt\/bianca-321-sitzgruppe-mit-bettfunktion\/\",\"name\":\"Bianca 3+2+1 Sitzgruppe mit Bettfunktion - Dogtas - Qualit\u00e4t f\u00fchlen!\",\"isPartOf\":{\"@id\":\"https:\/\/www.dogtas.at\/new\/#website\"},\"datePublished\":\"2021-01-02T12:29:24+00:00\",\"dateModified\":\"2021-11-09T17:15:55+00:00\",\"breadcrumb\":{\"@id\":\"https:\/\/www.dogtas.at\/new\/produkt\/bianca-321-sitzgruppe-mit-bettfunktion\/#breadcrumb\"},\"inLanguage\":\"de\",\"potentialAction\":[{\"@type\":\"ReadAction\",\"target\":[\"https:\/\/www.dogtas.at\/new\/produkt\/bianca-321-sitzgruppe-mit-bettfunktion\/\"]}]},{\"@type\":\"BreadcrumbList\",\"@id\":\"https:\/\/www.dogtas.at\/new\/produkt\/bianca-321-sitzgruppe-mit-bettfunktion\/#breadcrumb\",\"itemListElement\":[{\"@type\":\"ListItem\",\"position\":1,\"name\":\"Startseite\",\"item\":\"https:\/\/www.dogtas.at\/new\/\"},{\"@type\":\"ListItem\",\"position\":2,\"name\":\"Shop\",\"item\":\"https:\/\/www.dogtas.at\/new\/shop\/\"},{\"@type\":\"ListItem\",\"position\":3,\"name\":\"Bianca 3+2+1 Sitzgruppe mit Bettfunktion\"}]},{\"@type\":\"WebSite\",\"@id\":\"https:\/\/www.dogtas.at\/new\/#website\",\"url\":\"https:\/\/www.dogtas.at\/new\/\",\"name\":\"Dogtas - Qualit\u00e4t f\u00fchlen!\",\"description\":\"Qualit\u00e4t f\u00fchlen!\",\"potentialAction\":[{\"@type\":\"SearchAction\",\"target\":{\"@type\":\"EntryPoint\",\"urlTemplate\":\"https:\/\/www.dogtas.at\/new\/?s={search_term_string}\"},\"query-input\":\"required name=search_term_string\"}],\"inLanguage\":\"de\"}]}<\/script>\n<!-- \/ Yoast SEO plugin. -->","yoast_head_json":{"title":"Bianca 3+2+1 Sitzgruppe mit Bettfunktion - Dogtas - Qualit\u00e4t f\u00fchlen!","robots":{"index":"index","follow":"follow","max-snippet":"max-snippet:-1","max-image-preview":"max-image-preview:large","max-video-preview":"max-video-preview:-1"},"canonical":"https:\/\/www.dogtas.at\/new\/produkt\/bianca-321-sitzgruppe-mit-bettfunktion\/","og_locale":"de_DE","og_type":"article","og_title":"Bianca 3+2+1 Sitzgruppe mit Bettfunktion - Dogtas - Qualit\u00e4t f\u00fchlen!","og_description":"F\u00fcr diejenigen, die ein modernes, einfaches, praktisches und stilvolles Design suchen, wurde die Bianca f\u00fcr Sie entworfen, indem sie die","og_url":"https:\/\/www.dogtas.at\/new\/produkt\/bianca-321-sitzgruppe-mit-bettfunktion\/","og_site_name":"Dogtas - Qualit\u00e4t f\u00fchlen!","article_publisher":"https:\/\/www.facebook.com\/saloniwien","article_modified_time":"2021-11-09T17:15:55+00:00","og_image":[{"width":1500,"height":1500,"url":"https:\/\/www.dogtas.at\/new\/wp-content\/uploads\/Bianca-Sitzgruppe-1.png","type":"image\/png"}],"twitter_card":"summary_large_image","schema":{"@context":"https:\/\/schema.org","@graph":[{"@type":"WebPage","@id":"https:\/\/www.dogtas.at\/new\/produkt\/bianca-321-sitzgruppe-mit-bettfunktion\/","url":"https:\/\/www.dogtas.at\/new\/produkt\/bianca-321-sitzgruppe-mit-bettfunktion\/","name":"Bianca 3+2+1 Sitzgruppe mit Bettfunktion - Dogtas - Qualit\u00e4t f\u00fchlen!","isPartOf":{"@id":"https:\/\/www.dogtas.at\/new\/#website"},"datePublished":"2021-01-02T12:29:24+00:00","dateModified":"2021-11-09T17:15:55+00:00","breadcrumb":{"@id":"https:\/\/www.dogtas.at\/new\/produkt\/bianca-321-sitzgruppe-mit-bettfunktion\/#breadcrumb"},"inLanguage":"de","potentialAction":[{"@type":"ReadAction","target":["https:\/\/www.dogtas.at\/new\/produkt\/bianca-321-sitzgruppe-mit-bettfunktion\/"]}]},{"@type":"BreadcrumbList","@id":"https:\/\/www.dogtas.at\/new\/produkt\/bianca-321-sitzgruppe-mit-bettfunktion\/#breadcrumb","itemListElement":[{"@type":"ListItem","position":1,"name":"Startseite","item":"https:\/\/www.dogtas.at\/new\/"},{"@type":"ListItem","position":2,"name":"Shop","item":"https:\/\/www.dogtas.at\/new\/shop\/"},{"@type":"ListItem","position":3,"name":"Bianca 3+2+1 Sitzgruppe mit Bettfunktion"}]},{"@type":"WebSite","@id":"https:\/\/www.dogtas.at\/new\/#website","url":"https:\/\/www.dogtas.at\/new\/","name":"Dogtas - Qualit\u00e4t f\u00fchlen!","description":"Qualit\u00e4t f\u00fchlen!","potentialAction":[{"@type":"SearchAction","target":{"@type":"EntryPoint","urlTemplate":"https:\/\/www.dogtas.at\/new\/?s={search_term_string}"},"query-input":"required name=search_term_string"}],"inLanguage":"de"}]}},"_links":{"self":[{"href":"https:\/\/www.dogtas.at\/new\/wp-json\/wp\/v2\/product\/180616"}],"collection":[{"href":"https:\/\/www.dogtas.at\/new\/wp-json\/wp\/v2\/product"}],"about":[{"href":"https:\/\/www.dogtas.at\/new\/wp-json\/wp\/v2\/types\/product"}],"replies":[{"embeddable":true,"href":"https:\/\/www.dogtas.at\/new\/wp-json\/wp\/v2\/comments?post=180616"}],"wp:featuredmedia":[{"embeddable":true,"href":"https:\/\/www.dogtas.at\/new\/wp-json\/wp\/v2\/media\/184130"}],"wp:attachment":[{"href":"https:\/\/www.dogtas.at\/new\/wp-json\/wp\/v2\/media?parent=180616"}],"wp:term":[{"taxonomy":"product_cat","embeddable":true,"href":"https:\/\/www.dogtas.at\/new\/wp-json\/wp\/v2\/product_cat?post=180616"},{"taxonomy":"product_tag","embeddable":true,"href":"https:\/\/www.dogtas.at\/new\/wp-json\/wp\/v2\/product_tag?post=180616"}],"curies":[{"name":"wp","href":"https:\/\/api.w.org\/{rel}","templated":true}]}}