{"id":180634,"date":"2021-01-02T13:40:03","date_gmt":"2021-01-02T12:40:03","guid":{"rendered":"http:\/\/www.dogtas.at\/new\/?post_type=product&#038;p=180634"},"modified":"2024-05-12T23:12:53","modified_gmt":"2024-05-12T21:12:53","slug":"madrid-321-sitzgruppe-mit-bettfunktion","status":"publish","type":"product","link":"https:\/\/www.dogtas.at\/new\/produkt\/madrid-321-sitzgruppe-mit-bettfunktion\/","title":{"rendered":"Madrid 3+2+1 Sitzgruppe mit Bettfunktion"},"content":{"rendered":"<p>Inspiriert von der Harmonie von Erde und Himmel bringt das Madrid Sofa Set den stillen Look in Ihr Wohnzimmer, wenn diese beiden zusammenkommen. Das Madrid Sofa Set besteht aus einem Trio-Schlafsofa, einem Doppelsofa und einem Ohrensessel. Es ist m\u00f6glich, Ihr Wohnzimmer in eine gem\u00fctliche Atmosph\u00e4re zu verwandeln.<\/p>\n<p>Die R\u00fcckseite des Schlafsofas bewegt sich dank seines Entspannungsmechanismus unabh\u00e4ngig voneinander. So wird es leicht zu einem bequemen Bett f\u00fcr Ihre G\u00e4ste. Auf diese Weise m\u00fcssen Sie sich keine Sorgen machen, ob Ihre G\u00e4ste gut schlafen oder nicht. Das Madrid Sofa Set macht sie dank des zusammengesetzten Schwamms, aus dem es besteht, trotzdem bequem.<\/p>\n<p>Madrid Sofa Set ist nicht nur bequem, sondern auch ein modernes Design, das Ihren Wohnr\u00e4umen Gelassenheit verleiht, sodass die Zeit, die Sie zu Hause verbringen, Spa\u00df macht. Wenn Sie also nach Hause kommen, k\u00f6nnen Sie den ganzen Stress vor der T\u00fcr lassen und jeden Moment genie\u00dfen, den Sie mit Ihrer Familie oder alleine verbringen.<\/p>\n<p>Bestellen Sie Madrid Sofa Set schnell mit den alternativen Codes, die DO\u011eTA\u015e anbietet!<\/p>\n","protected":false},"excerpt":{"rendered":"<p>Inspiriert von der Harmonie von Erde und Himmel bringt das Madrid Sofa Set den stillen Look in Ihr Wohnzimmer, wenn<\/p>\n","protected":false},"featured_media":184137,"comment_status":"open","ping_status":"closed","template":"","meta":{"_joinchat":[]},"product_cat":[557,6072],"product_tag":[6129,6130],"yoast_head":"<!-- This site is optimized with the Yoast SEO plugin v19.13 - https:\/\/yoast.com\/wordpress\/plugins\/seo\/ -->\n<title>Madrid 3+2+1 Sitzgruppe mit Bettfunktion - Dogtas - Qualit\u00e4t f\u00fchlen!<\/title>\n<meta name=\"robots\" content=\"index, follow, max-snippet:-1, max-image-preview:large, max-video-preview:-1\" \/>\n<link rel=\"canonical\" href=\"https:\/\/www.dogtas.at\/new\/produkt\/madrid-321-sitzgruppe-mit-bettfunktion\/\" \/>\n<meta property=\"og:locale\" content=\"de_DE\" \/>\n<meta property=\"og:type\" content=\"article\" \/>\n<meta property=\"og:title\" content=\"Madrid 3+2+1 Sitzgruppe mit Bettfunktion - Dogtas - Qualit\u00e4t f\u00fchlen!\" \/>\n<meta property=\"og:description\" content=\"Inspiriert von der Harmonie von Erde und Himmel bringt das Madrid Sofa Set den stillen Look in Ihr Wohnzimmer, wenn\" \/>\n<meta property=\"og:url\" content=\"https:\/\/www.dogtas.at\/new\/produkt\/madrid-321-sitzgruppe-mit-bettfunktion\/\" \/>\n<meta property=\"og:site_name\" content=\"Dogtas - Qualit\u00e4t f\u00fchlen!\" \/>\n<meta property=\"article:publisher\" content=\"https:\/\/www.facebook.com\/saloniwien\" \/>\n<meta property=\"article:modified_time\" content=\"2024-05-12T21:12:53+00:00\" \/>\n<meta property=\"og:image\" content=\"https:\/\/www.dogtas.at\/new\/wp-content\/uploads\/madrid-sitzgruppe-1.png\" \/>\n\t<meta property=\"og:image:width\" content=\"1500\" \/>\n\t<meta property=\"og:image:height\" content=\"1500\" \/>\n\t<meta property=\"og:image:type\" content=\"image\/png\" \/>\n<meta name=\"twitter:card\" content=\"summary_large_image\" \/>\n<meta name=\"twitter:label1\" content=\"Gesch\u00e4tzte Lesezeit\" \/>\n\t<meta name=\"twitter:data1\" content=\"1\u00a0Minute\" \/>\n<script type=\"application\/ld+json\" class=\"yoast-schema-graph\">{\"@context\":\"https:\/\/schema.org\",\"@graph\":[{\"@type\":\"WebPage\",\"@id\":\"https:\/\/www.dogtas.at\/new\/produkt\/madrid-321-sitzgruppe-mit-bettfunktion\/\",\"url\":\"https:\/\/www.dogtas.at\/new\/produkt\/madrid-321-sitzgruppe-mit-bettfunktion\/\",\"name\":\"Madrid 3+2+1 Sitzgruppe mit Bettfunktion - Dogtas - Qualit\u00e4t f\u00fchlen!\",\"isPartOf\":{\"@id\":\"https:\/\/www.dogtas.at\/new\/#website\"},\"datePublished\":\"2021-01-02T12:40:03+00:00\",\"dateModified\":\"2024-05-12T21:12:53+00:00\",\"breadcrumb\":{\"@id\":\"https:\/\/www.dogtas.at\/new\/produkt\/madrid-321-sitzgruppe-mit-bettfunktion\/#breadcrumb\"},\"inLanguage\":\"de\",\"potentialAction\":[{\"@type\":\"ReadAction\",\"target\":[\"https:\/\/www.dogtas.at\/new\/produkt\/madrid-321-sitzgruppe-mit-bettfunktion\/\"]}]},{\"@type\":\"BreadcrumbList\",\"@id\":\"https:\/\/www.dogtas.at\/new\/produkt\/madrid-321-sitzgruppe-mit-bettfunktion\/#breadcrumb\",\"itemListElement\":[{\"@type\":\"ListItem\",\"position\":1,\"name\":\"Startseite\",\"item\":\"https:\/\/www.dogtas.at\/new\/\"},{\"@type\":\"ListItem\",\"position\":2,\"name\":\"Shop\",\"item\":\"https:\/\/www.dogtas.at\/new\/shop\/\"},{\"@type\":\"ListItem\",\"position\":3,\"name\":\"Madrid 3+2+1 Sitzgruppe mit Bettfunktion\"}]},{\"@type\":\"WebSite\",\"@id\":\"https:\/\/www.dogtas.at\/new\/#website\",\"url\":\"https:\/\/www.dogtas.at\/new\/\",\"name\":\"Dogtas - Qualit\u00e4t f\u00fchlen!\",\"description\":\"Qualit\u00e4t f\u00fchlen!\",\"potentialAction\":[{\"@type\":\"SearchAction\",\"target\":{\"@type\":\"EntryPoint\",\"urlTemplate\":\"https:\/\/www.dogtas.at\/new\/?s={search_term_string}\"},\"query-input\":\"required name=search_term_string\"}],\"inLanguage\":\"de\"}]}<\/script>\n<!-- \/ Yoast SEO plugin. -->","yoast_head_json":{"title":"Madrid 3+2+1 Sitzgruppe mit Bettfunktion - Dogtas - Qualit\u00e4t f\u00fchlen!","robots":{"index":"index","follow":"follow","max-snippet":"max-snippet:-1","max-image-preview":"max-image-preview:large","max-video-preview":"max-video-preview:-1"},"canonical":"https:\/\/www.dogtas.at\/new\/produkt\/madrid-321-sitzgruppe-mit-bettfunktion\/","og_locale":"de_DE","og_type":"article","og_title":"Madrid 3+2+1 Sitzgruppe mit Bettfunktion - Dogtas - Qualit\u00e4t f\u00fchlen!","og_description":"Inspiriert von der Harmonie von Erde und Himmel bringt das Madrid Sofa Set den stillen Look in Ihr Wohnzimmer, wenn","og_url":"https:\/\/www.dogtas.at\/new\/produkt\/madrid-321-sitzgruppe-mit-bettfunktion\/","og_site_name":"Dogtas - Qualit\u00e4t f\u00fchlen!","article_publisher":"https:\/\/www.facebook.com\/saloniwien","article_modified_time":"2024-05-12T21:12:53+00:00","og_image":[{"width":1500,"height":1500,"url":"https:\/\/www.dogtas.at\/new\/wp-content\/uploads\/madrid-sitzgruppe-1.png","type":"image\/png"}],"twitter_card":"summary_large_image","twitter_misc":{"Gesch\u00e4tzte Lesezeit":"1\u00a0Minute"},"schema":{"@context":"https:\/\/schema.org","@graph":[{"@type":"WebPage","@id":"https:\/\/www.dogtas.at\/new\/produkt\/madrid-321-sitzgruppe-mit-bettfunktion\/","url":"https:\/\/www.dogtas.at\/new\/produkt\/madrid-321-sitzgruppe-mit-bettfunktion\/","name":"Madrid 3+2+1 Sitzgruppe mit Bettfunktion - Dogtas - Qualit\u00e4t f\u00fchlen!","isPartOf":{"@id":"https:\/\/www.dogtas.at\/new\/#website"},"datePublished":"2021-01-02T12:40:03+00:00","dateModified":"2024-05-12T21:12:53+00:00","breadcrumb":{"@id":"https:\/\/www.dogtas.at\/new\/produkt\/madrid-321-sitzgruppe-mit-bettfunktion\/#breadcrumb"},"inLanguage":"de","potentialAction":[{"@type":"ReadAction","target":["https:\/\/www.dogtas.at\/new\/produkt\/madrid-321-sitzgruppe-mit-bettfunktion\/"]}]},{"@type":"BreadcrumbList","@id":"https:\/\/www.dogtas.at\/new\/produkt\/madrid-321-sitzgruppe-mit-bettfunktion\/#breadcrumb","itemListElement":[{"@type":"ListItem","position":1,"name":"Startseite","item":"https:\/\/www.dogtas.at\/new\/"},{"@type":"ListItem","position":2,"name":"Shop","item":"https:\/\/www.dogtas.at\/new\/shop\/"},{"@type":"ListItem","position":3,"name":"Madrid 3+2+1 Sitzgruppe mit Bettfunktion"}]},{"@type":"WebSite","@id":"https:\/\/www.dogtas.at\/new\/#website","url":"https:\/\/www.dogtas.at\/new\/","name":"Dogtas - Qualit\u00e4t f\u00fchlen!","description":"Qualit\u00e4t f\u00fchlen!","potentialAction":[{"@type":"SearchAction","target":{"@type":"EntryPoint","urlTemplate":"https:\/\/www.dogtas.at\/new\/?s={search_term_string}"},"query-input":"required name=search_term_string"}],"inLanguage":"de"}]}},"_links":{"self":[{"href":"https:\/\/www.dogtas.at\/new\/wp-json\/wp\/v2\/product\/180634"}],"collection":[{"href":"https:\/\/www.dogtas.at\/new\/wp-json\/wp\/v2\/product"}],"about":[{"href":"https:\/\/www.dogtas.at\/new\/wp-json\/wp\/v2\/types\/product"}],"replies":[{"embeddable":true,"href":"https:\/\/www.dogtas.at\/new\/wp-json\/wp\/v2\/comments?post=180634"}],"wp:featuredmedia":[{"embeddable":true,"href":"https:\/\/www.dogtas.at\/new\/wp-json\/wp\/v2\/media\/184137"}],"wp:attachment":[{"href":"https:\/\/www.dogtas.at\/new\/wp-json\/wp\/v2\/media?parent=180634"}],"wp:term":[{"taxonomy":"product_cat","embeddable":true,"href":"https:\/\/www.dogtas.at\/new\/wp-json\/wp\/v2\/product_cat?post=180634"},{"taxonomy":"product_tag","embeddable":true,"href":"https:\/\/www.dogtas.at\/new\/wp-json\/wp\/v2\/product_tag?post=180634"}],"curies":[{"name":"wp","href":"https:\/\/api.w.org\/{rel}","templated":true}]}}