{"id":180652,"date":"2021-01-02T13:54:25","date_gmt":"2021-01-02T12:54:25","guid":{"rendered":"http:\/\/www.dogtas.at\/new\/?post_type=product&#038;p=180652"},"modified":"2021-09-07T13:07:14","modified_gmt":"2021-09-07T11:07:14","slug":"luna-321-sitzgruppe","status":"publish","type":"product","link":"https:\/\/www.dogtas.at\/new\/produkt\/luna-321-sitzgruppe\/","title":{"rendered":"Luna 3+2+1 Sitzgruppe"},"content":{"rendered":"<p>Der Umzug in ein neues Zuhause wirft viele Fragen auf. Ob die M\u00f6bel in den neuen Raum passen, wie sie in den alten passen, ist nur eine dieser Fragen. So erhalten Sie bei jedem Umzug entweder neue M\u00f6bel oder messen alle R\u00e4ume im Detail. Mit Luna Corner Set m\u00fcssen Sie sich jedoch keine Sorgen machen!<\/p>\n<p>Luna Corner Set ist ein einteiliges modulares Sofa, das leicht zu bewegen ist. Ob Sie es nach rechts oder links bewegen m\u00f6chten, h\u00e4ngt von der Form des Raums und Ihrem Designgeschmack ab! Dank seiner einteiligen Form ist es jetzt modularer als je zuvor. Auf diese Weise k\u00f6nnen Sie verschiedene Sitzbereiche erstellen, um das Beste aus dem Raum herauszuholen.<\/p>\n<p>Das Luna Corner Set verf\u00fcgt \u00fcber zwei Fundamentoptionen. Sie k\u00f6nnen entweder die Walnussfarbe oder Ecru w\u00e4hlen, abh\u00e4ngig von der Farbe Ihres Luna Corner Set-Stoffes. Kombinieren Sie die Stofffarben und den Stand, um das beste Wohnzimmer zu schaffen, das Sie sich immer gew\u00fcnscht haben!<\/p>\n","protected":false},"excerpt":{"rendered":"<p>Der Umzug in ein neues Zuhause wirft viele Fragen auf. Ob die M\u00f6bel in den neuen Raum passen, wie sie<\/p>\n","protected":false},"featured_media":180654,"comment_status":"open","ping_status":"closed","template":"","meta":{"_joinchat":[]},"product_cat":[557,6072],"product_tag":[6131,6132],"yoast_head":"<!-- This site is optimized with the Yoast SEO plugin v19.13 - https:\/\/yoast.com\/wordpress\/plugins\/seo\/ -->\n<title>Luna 3+2+1 Sitzgruppe - Dogtas - Qualit\u00e4t f\u00fchlen!<\/title>\n<meta name=\"robots\" content=\"index, follow, max-snippet:-1, max-image-preview:large, max-video-preview:-1\" \/>\n<link rel=\"canonical\" href=\"https:\/\/www.dogtas.at\/new\/produkt\/luna-321-sitzgruppe\/\" \/>\n<meta property=\"og:locale\" content=\"de_DE\" \/>\n<meta property=\"og:type\" content=\"article\" \/>\n<meta property=\"og:title\" content=\"Luna 3+2+1 Sitzgruppe - Dogtas - Qualit\u00e4t f\u00fchlen!\" \/>\n<meta property=\"og:description\" content=\"Der Umzug in ein neues Zuhause wirft viele Fragen auf. Ob die M\u00f6bel in den neuen Raum passen, wie sie\" \/>\n<meta property=\"og:url\" content=\"https:\/\/www.dogtas.at\/new\/produkt\/luna-321-sitzgruppe\/\" \/>\n<meta property=\"og:site_name\" content=\"Dogtas - Qualit\u00e4t f\u00fchlen!\" \/>\n<meta property=\"article:publisher\" content=\"https:\/\/www.facebook.com\/saloniwien\" \/>\n<meta property=\"article:modified_time\" content=\"2021-09-07T11:07:14+00:00\" \/>\n<meta property=\"og:image\" content=\"https:\/\/www.dogtas.at\/new\/wp-content\/uploads\/Luna-Sitzgruppe-profil-1024x1024.png\" \/>\n\t<meta property=\"og:image:width\" content=\"1024\" \/>\n\t<meta property=\"og:image:height\" content=\"1024\" \/>\n\t<meta property=\"og:image:type\" content=\"image\/png\" \/>\n<meta name=\"twitter:card\" content=\"summary_large_image\" \/>\n<meta name=\"twitter:label1\" content=\"Gesch\u00e4tzte Lesezeit\" \/>\n\t<meta name=\"twitter:data1\" content=\"1\u00a0Minute\" \/>\n<script type=\"application\/ld+json\" class=\"yoast-schema-graph\">{\"@context\":\"https:\/\/schema.org\",\"@graph\":[{\"@type\":\"WebPage\",\"@id\":\"https:\/\/www.dogtas.at\/new\/produkt\/luna-321-sitzgruppe\/\",\"url\":\"https:\/\/www.dogtas.at\/new\/produkt\/luna-321-sitzgruppe\/\",\"name\":\"Luna 3+2+1 Sitzgruppe - Dogtas - Qualit\u00e4t f\u00fchlen!\",\"isPartOf\":{\"@id\":\"http:\/\/www.dogtas.at\/new\/#website\"},\"datePublished\":\"2021-01-02T12:54:25+00:00\",\"dateModified\":\"2021-09-07T11:07:14+00:00\",\"breadcrumb\":{\"@id\":\"https:\/\/www.dogtas.at\/new\/produkt\/luna-321-sitzgruppe\/#breadcrumb\"},\"inLanguage\":\"de\",\"potentialAction\":[{\"@type\":\"ReadAction\",\"target\":[\"https:\/\/www.dogtas.at\/new\/produkt\/luna-321-sitzgruppe\/\"]}]},{\"@type\":\"BreadcrumbList\",\"@id\":\"https:\/\/www.dogtas.at\/new\/produkt\/luna-321-sitzgruppe\/#breadcrumb\",\"itemListElement\":[{\"@type\":\"ListItem\",\"position\":1,\"name\":\"Startseite\",\"item\":\"http:\/\/www.dogtas.at\/new\/\"},{\"@type\":\"ListItem\",\"position\":2,\"name\":\"Shop\",\"item\":\"http:\/\/www.dogtas.at\/new\/shop\/\"},{\"@type\":\"ListItem\",\"position\":3,\"name\":\"Luna 3+2+1 Sitzgruppe\"}]},{\"@type\":\"WebSite\",\"@id\":\"http:\/\/www.dogtas.at\/new\/#website\",\"url\":\"http:\/\/www.dogtas.at\/new\/\",\"name\":\"Dogtas - Qualit\u00e4t f\u00fchlen!\",\"description\":\"Qualit\u00e4t f\u00fchlen!\",\"potentialAction\":[{\"@type\":\"SearchAction\",\"target\":{\"@type\":\"EntryPoint\",\"urlTemplate\":\"http:\/\/www.dogtas.at\/new\/?s={search_term_string}\"},\"query-input\":\"required name=search_term_string\"}],\"inLanguage\":\"de\"}]}<\/script>\n<!-- \/ Yoast SEO plugin. -->","yoast_head_json":{"title":"Luna 3+2+1 Sitzgruppe - Dogtas - Qualit\u00e4t f\u00fchlen!","robots":{"index":"index","follow":"follow","max-snippet":"max-snippet:-1","max-image-preview":"max-image-preview:large","max-video-preview":"max-video-preview:-1"},"canonical":"https:\/\/www.dogtas.at\/new\/produkt\/luna-321-sitzgruppe\/","og_locale":"de_DE","og_type":"article","og_title":"Luna 3+2+1 Sitzgruppe - Dogtas - Qualit\u00e4t f\u00fchlen!","og_description":"Der Umzug in ein neues Zuhause wirft viele Fragen auf. Ob die M\u00f6bel in den neuen Raum passen, wie sie","og_url":"https:\/\/www.dogtas.at\/new\/produkt\/luna-321-sitzgruppe\/","og_site_name":"Dogtas - Qualit\u00e4t f\u00fchlen!","article_publisher":"https:\/\/www.facebook.com\/saloniwien","article_modified_time":"2021-09-07T11:07:14+00:00","og_image":[{"width":1024,"height":1024,"url":"https:\/\/www.dogtas.at\/new\/wp-content\/uploads\/Luna-Sitzgruppe-profil-1024x1024.png","type":"image\/png"}],"twitter_card":"summary_large_image","twitter_misc":{"Gesch\u00e4tzte Lesezeit":"1\u00a0Minute"},"schema":{"@context":"https:\/\/schema.org","@graph":[{"@type":"WebPage","@id":"https:\/\/www.dogtas.at\/new\/produkt\/luna-321-sitzgruppe\/","url":"https:\/\/www.dogtas.at\/new\/produkt\/luna-321-sitzgruppe\/","name":"Luna 3+2+1 Sitzgruppe - Dogtas - Qualit\u00e4t f\u00fchlen!","isPartOf":{"@id":"http:\/\/www.dogtas.at\/new\/#website"},"datePublished":"2021-01-02T12:54:25+00:00","dateModified":"2021-09-07T11:07:14+00:00","breadcrumb":{"@id":"https:\/\/www.dogtas.at\/new\/produkt\/luna-321-sitzgruppe\/#breadcrumb"},"inLanguage":"de","potentialAction":[{"@type":"ReadAction","target":["https:\/\/www.dogtas.at\/new\/produkt\/luna-321-sitzgruppe\/"]}]},{"@type":"BreadcrumbList","@id":"https:\/\/www.dogtas.at\/new\/produkt\/luna-321-sitzgruppe\/#breadcrumb","itemListElement":[{"@type":"ListItem","position":1,"name":"Startseite","item":"http:\/\/www.dogtas.at\/new\/"},{"@type":"ListItem","position":2,"name":"Shop","item":"http:\/\/www.dogtas.at\/new\/shop\/"},{"@type":"ListItem","position":3,"name":"Luna 3+2+1 Sitzgruppe"}]},{"@type":"WebSite","@id":"http:\/\/www.dogtas.at\/new\/#website","url":"http:\/\/www.dogtas.at\/new\/","name":"Dogtas - Qualit\u00e4t f\u00fchlen!","description":"Qualit\u00e4t f\u00fchlen!","potentialAction":[{"@type":"SearchAction","target":{"@type":"EntryPoint","urlTemplate":"http:\/\/www.dogtas.at\/new\/?s={search_term_string}"},"query-input":"required name=search_term_string"}],"inLanguage":"de"}]}},"_links":{"self":[{"href":"https:\/\/www.dogtas.at\/new\/wp-json\/wp\/v2\/product\/180652"}],"collection":[{"href":"https:\/\/www.dogtas.at\/new\/wp-json\/wp\/v2\/product"}],"about":[{"href":"https:\/\/www.dogtas.at\/new\/wp-json\/wp\/v2\/types\/product"}],"replies":[{"embeddable":true,"href":"https:\/\/www.dogtas.at\/new\/wp-json\/wp\/v2\/comments?post=180652"}],"wp:featuredmedia":[{"embeddable":true,"href":"https:\/\/www.dogtas.at\/new\/wp-json\/wp\/v2\/media\/180654"}],"wp:attachment":[{"href":"https:\/\/www.dogtas.at\/new\/wp-json\/wp\/v2\/media?parent=180652"}],"wp:term":[{"taxonomy":"product_cat","embeddable":true,"href":"https:\/\/www.dogtas.at\/new\/wp-json\/wp\/v2\/product_cat?post=180652"},{"taxonomy":"product_tag","embeddable":true,"href":"https:\/\/www.dogtas.at\/new\/wp-json\/wp\/v2\/product_tag?post=180652"}],"curies":[{"name":"wp","href":"https:\/\/api.w.org\/{rel}","templated":true}]}}