{"id":180715,"date":"2021-01-02T14:25:18","date_gmt":"2021-01-02T13:25:18","guid":{"rendered":"http:\/\/www.dogtas.at\/new\/?post_type=product&#038;p=180715"},"modified":"2021-09-07T12:42:12","modified_gmt":"2021-09-07T10:42:12","slug":"riviera-321-sitzgruppe-mit-bettfunktion","status":"publish","type":"product","link":"https:\/\/www.dogtas.at\/new\/produkt\/riviera-321-sitzgruppe-mit-bettfunktion\/","title":{"rendered":"Riviera 3+2+1 Sitzgruppe mit Bettfunktion"},"content":{"rendered":"<p>Nur 3er Mit Bettfunktion&#8230;!!!Das Riviera Sofa Set bietet einen brandneuen Look im Chester-Stil und verleiht Wohnr\u00e4umen zeitlose Eleganz. Das Riviera Sofa Set, das den beliebten Chester-Stil modernisiert, indem es ihn mit den heutigen Trends interpretiert, verleiht den Hallen mit seiner einzigartigen dynamisch-stilvollen Haltung und Funktionalit\u00e4t eine eigene Atmosph\u00e4re. Das Riviera Sofa Set zeigt seinen Unterschied auf den ersten Blick mit seiner modernen P-Arm-Struktur, die sich auf die dekorative Knopfanwendung bezieht, die die Grasstiche auf dem R\u00fccken und den Sitzgelegenheiten begleitet, seinem lederartigen Stoff mit weichen Farben und der Holzbasisanwendung, die dem Stoff zus\u00e4tzlichen Reichtum verleiht der Satz. Der bewegliche R\u00fcckenmechanismus auf dem Dreifachsitz des Teams kann leicht mit einer Hand ge\u00f6ffnet werden und bietet ein Zustellbett f\u00fcr G\u00e4ste mit einer Entspannungssitzung. Riviera Sofa Set bringt Eleganz und Funktionalit\u00e4t in Ihr Wohnzimmer mit seiner einzigartigen Haltung, Design, das nostalgische Atmosph\u00e4re mit modernen Linien und seiner funktionalen Struktur kombiniert.<\/p>\n","protected":false},"excerpt":{"rendered":"<p>Nur 3er Mit Bettfunktion&#8230;!!!Das Riviera Sofa Set bietet einen brandneuen Look im Chester-Stil und verleiht Wohnr\u00e4umen zeitlose Eleganz. Das Riviera<\/p>\n","protected":false},"featured_media":184191,"comment_status":"open","ping_status":"closed","template":"","meta":{"_joinchat":[]},"product_cat":[557,6072],"product_tag":[6137,6138],"yoast_head":"<!-- This site is optimized with the Yoast SEO plugin v19.13 - https:\/\/yoast.com\/wordpress\/plugins\/seo\/ -->\n<title>Riviera 3+2+1 Sitzgruppe mit Bettfunktion - Dogtas - Qualit\u00e4t f\u00fchlen!<\/title>\n<meta name=\"robots\" content=\"index, follow, max-snippet:-1, max-image-preview:large, max-video-preview:-1\" \/>\n<link rel=\"canonical\" href=\"https:\/\/www.dogtas.at\/new\/produkt\/riviera-321-sitzgruppe-mit-bettfunktion\/\" \/>\n<meta property=\"og:locale\" content=\"de_DE\" \/>\n<meta property=\"og:type\" content=\"article\" \/>\n<meta property=\"og:title\" content=\"Riviera 3+2+1 Sitzgruppe mit Bettfunktion - Dogtas - Qualit\u00e4t f\u00fchlen!\" \/>\n<meta property=\"og:description\" content=\"Nur 3er Mit Bettfunktion&#8230;!!!Das Riviera Sofa Set bietet einen brandneuen Look im Chester-Stil und verleiht Wohnr\u00e4umen zeitlose Eleganz. Das Riviera\" \/>\n<meta property=\"og:url\" content=\"https:\/\/www.dogtas.at\/new\/produkt\/riviera-321-sitzgruppe-mit-bettfunktion\/\" \/>\n<meta property=\"og:site_name\" content=\"Dogtas - Qualit\u00e4t f\u00fchlen!\" \/>\n<meta property=\"article:publisher\" content=\"https:\/\/www.facebook.com\/saloniwien\" \/>\n<meta property=\"article:modified_time\" content=\"2021-09-07T10:42:12+00:00\" \/>\n<meta property=\"og:image\" content=\"https:\/\/www.dogtas.at\/new\/wp-content\/uploads\/riviera-sitzgruppe.png\" \/>\n\t<meta property=\"og:image:width\" content=\"1500\" \/>\n\t<meta property=\"og:image:height\" content=\"1500\" \/>\n\t<meta property=\"og:image:type\" content=\"image\/png\" \/>\n<meta name=\"twitter:card\" content=\"summary_large_image\" \/>\n<meta name=\"twitter:label1\" content=\"Gesch\u00e4tzte Lesezeit\" \/>\n\t<meta name=\"twitter:data1\" content=\"1\u00a0Minute\" \/>\n<script type=\"application\/ld+json\" class=\"yoast-schema-graph\">{\"@context\":\"https:\/\/schema.org\",\"@graph\":[{\"@type\":\"WebPage\",\"@id\":\"https:\/\/www.dogtas.at\/new\/produkt\/riviera-321-sitzgruppe-mit-bettfunktion\/\",\"url\":\"https:\/\/www.dogtas.at\/new\/produkt\/riviera-321-sitzgruppe-mit-bettfunktion\/\",\"name\":\"Riviera 3+2+1 Sitzgruppe mit Bettfunktion - Dogtas - Qualit\u00e4t f\u00fchlen!\",\"isPartOf\":{\"@id\":\"http:\/\/www.dogtas.at\/new\/#website\"},\"datePublished\":\"2021-01-02T13:25:18+00:00\",\"dateModified\":\"2021-09-07T10:42:12+00:00\",\"breadcrumb\":{\"@id\":\"https:\/\/www.dogtas.at\/new\/produkt\/riviera-321-sitzgruppe-mit-bettfunktion\/#breadcrumb\"},\"inLanguage\":\"de\",\"potentialAction\":[{\"@type\":\"ReadAction\",\"target\":[\"https:\/\/www.dogtas.at\/new\/produkt\/riviera-321-sitzgruppe-mit-bettfunktion\/\"]}]},{\"@type\":\"BreadcrumbList\",\"@id\":\"https:\/\/www.dogtas.at\/new\/produkt\/riviera-321-sitzgruppe-mit-bettfunktion\/#breadcrumb\",\"itemListElement\":[{\"@type\":\"ListItem\",\"position\":1,\"name\":\"Startseite\",\"item\":\"http:\/\/www.dogtas.at\/new\/\"},{\"@type\":\"ListItem\",\"position\":2,\"name\":\"Shop\",\"item\":\"http:\/\/www.dogtas.at\/new\/shop\/\"},{\"@type\":\"ListItem\",\"position\":3,\"name\":\"Riviera 3+2+1 Sitzgruppe mit Bettfunktion\"}]},{\"@type\":\"WebSite\",\"@id\":\"http:\/\/www.dogtas.at\/new\/#website\",\"url\":\"http:\/\/www.dogtas.at\/new\/\",\"name\":\"Dogtas - Qualit\u00e4t f\u00fchlen!\",\"description\":\"Qualit\u00e4t f\u00fchlen!\",\"potentialAction\":[{\"@type\":\"SearchAction\",\"target\":{\"@type\":\"EntryPoint\",\"urlTemplate\":\"http:\/\/www.dogtas.at\/new\/?s={search_term_string}\"},\"query-input\":\"required name=search_term_string\"}],\"inLanguage\":\"de\"}]}<\/script>\n<!-- \/ Yoast SEO plugin. -->","yoast_head_json":{"title":"Riviera 3+2+1 Sitzgruppe mit Bettfunktion - Dogtas - Qualit\u00e4t f\u00fchlen!","robots":{"index":"index","follow":"follow","max-snippet":"max-snippet:-1","max-image-preview":"max-image-preview:large","max-video-preview":"max-video-preview:-1"},"canonical":"https:\/\/www.dogtas.at\/new\/produkt\/riviera-321-sitzgruppe-mit-bettfunktion\/","og_locale":"de_DE","og_type":"article","og_title":"Riviera 3+2+1 Sitzgruppe mit Bettfunktion - Dogtas - Qualit\u00e4t f\u00fchlen!","og_description":"Nur 3er Mit Bettfunktion&#8230;!!!Das Riviera Sofa Set bietet einen brandneuen Look im Chester-Stil und verleiht Wohnr\u00e4umen zeitlose Eleganz. Das Riviera","og_url":"https:\/\/www.dogtas.at\/new\/produkt\/riviera-321-sitzgruppe-mit-bettfunktion\/","og_site_name":"Dogtas - Qualit\u00e4t f\u00fchlen!","article_publisher":"https:\/\/www.facebook.com\/saloniwien","article_modified_time":"2021-09-07T10:42:12+00:00","og_image":[{"width":1500,"height":1500,"url":"https:\/\/www.dogtas.at\/new\/wp-content\/uploads\/riviera-sitzgruppe.png","type":"image\/png"}],"twitter_card":"summary_large_image","twitter_misc":{"Gesch\u00e4tzte Lesezeit":"1\u00a0Minute"},"schema":{"@context":"https:\/\/schema.org","@graph":[{"@type":"WebPage","@id":"https:\/\/www.dogtas.at\/new\/produkt\/riviera-321-sitzgruppe-mit-bettfunktion\/","url":"https:\/\/www.dogtas.at\/new\/produkt\/riviera-321-sitzgruppe-mit-bettfunktion\/","name":"Riviera 3+2+1 Sitzgruppe mit Bettfunktion - Dogtas - Qualit\u00e4t f\u00fchlen!","isPartOf":{"@id":"http:\/\/www.dogtas.at\/new\/#website"},"datePublished":"2021-01-02T13:25:18+00:00","dateModified":"2021-09-07T10:42:12+00:00","breadcrumb":{"@id":"https:\/\/www.dogtas.at\/new\/produkt\/riviera-321-sitzgruppe-mit-bettfunktion\/#breadcrumb"},"inLanguage":"de","potentialAction":[{"@type":"ReadAction","target":["https:\/\/www.dogtas.at\/new\/produkt\/riviera-321-sitzgruppe-mit-bettfunktion\/"]}]},{"@type":"BreadcrumbList","@id":"https:\/\/www.dogtas.at\/new\/produkt\/riviera-321-sitzgruppe-mit-bettfunktion\/#breadcrumb","itemListElement":[{"@type":"ListItem","position":1,"name":"Startseite","item":"http:\/\/www.dogtas.at\/new\/"},{"@type":"ListItem","position":2,"name":"Shop","item":"http:\/\/www.dogtas.at\/new\/shop\/"},{"@type":"ListItem","position":3,"name":"Riviera 3+2+1 Sitzgruppe mit Bettfunktion"}]},{"@type":"WebSite","@id":"http:\/\/www.dogtas.at\/new\/#website","url":"http:\/\/www.dogtas.at\/new\/","name":"Dogtas - Qualit\u00e4t f\u00fchlen!","description":"Qualit\u00e4t f\u00fchlen!","potentialAction":[{"@type":"SearchAction","target":{"@type":"EntryPoint","urlTemplate":"http:\/\/www.dogtas.at\/new\/?s={search_term_string}"},"query-input":"required name=search_term_string"}],"inLanguage":"de"}]}},"_links":{"self":[{"href":"https:\/\/www.dogtas.at\/new\/wp-json\/wp\/v2\/product\/180715"}],"collection":[{"href":"https:\/\/www.dogtas.at\/new\/wp-json\/wp\/v2\/product"}],"about":[{"href":"https:\/\/www.dogtas.at\/new\/wp-json\/wp\/v2\/types\/product"}],"replies":[{"embeddable":true,"href":"https:\/\/www.dogtas.at\/new\/wp-json\/wp\/v2\/comments?post=180715"}],"wp:featuredmedia":[{"embeddable":true,"href":"https:\/\/www.dogtas.at\/new\/wp-json\/wp\/v2\/media\/184191"}],"wp:attachment":[{"href":"https:\/\/www.dogtas.at\/new\/wp-json\/wp\/v2\/media?parent=180715"}],"wp:term":[{"taxonomy":"product_cat","embeddable":true,"href":"https:\/\/www.dogtas.at\/new\/wp-json\/wp\/v2\/product_cat?post=180715"},{"taxonomy":"product_tag","embeddable":true,"href":"https:\/\/www.dogtas.at\/new\/wp-json\/wp\/v2\/product_tag?post=180715"}],"curies":[{"name":"wp","href":"https:\/\/api.w.org\/{rel}","templated":true}]}}