{"id":180735,"date":"2021-01-02T14:36:00","date_gmt":"2021-01-02T13:36:00","guid":{"rendered":"http:\/\/www.dogtas.at\/new\/?post_type=product&#038;p=180735"},"modified":"2021-09-07T12:56:52","modified_gmt":"2021-09-07T10:56:52","slug":"diamond-321-sitzgruppe-mit-bettfunktion","status":"publish","type":"product","link":"https:\/\/www.dogtas.at\/new\/produkt\/diamond-321-sitzgruppe-mit-bettfunktion\/","title":{"rendered":"Diamond 3+2+1 Sitzgruppe mit Bettfunktion"},"content":{"rendered":"<p>Mit ihrem unvergleichlichen Design ist die Diamond Collection von Dogtas hier, um die Blicke auf sich zu ziehen. Vertr\u00e4umte rautenf\u00f6rmige R\u00fccken- und Lederdiamantenformen an den Armen verbinden sich mit goldenen Details und schaffen eine \u00e4u\u00dferste Harmonie, nach der Sie gesucht haben. Lederfundamente, die die Diamond Collection dominieren, passen perfekt zu den goldenen Details und den braunen Nahtdetails und bieten verschiedene Farboptionen.<\/p>\n<p>Mit ihrem zus\u00e4tzlichen Licht und dem nach hinten kippbaren R\u00fccken verspricht die Diamond Collection, Sie jederzeit zu tr\u00f6sten.<\/p>\n","protected":false},"excerpt":{"rendered":"<p>Mit ihrem unvergleichlichen Design ist die Diamond Collection von Dogtas hier, um die Blicke auf sich zu ziehen. Vertr\u00e4umte rautenf\u00f6rmige<\/p>\n","protected":false},"featured_media":184453,"comment_status":"open","ping_status":"closed","template":"","meta":{"_joinchat":[]},"product_cat":[557,6072],"product_tag":[6142,6143],"yoast_head":"<!-- This site is optimized with the Yoast SEO plugin v19.13 - https:\/\/yoast.com\/wordpress\/plugins\/seo\/ -->\n<title>Diamond 3+2+1 Sitzgruppe mit Bettfunktion - Dogtas - Qualit\u00e4t f\u00fchlen!<\/title>\n<meta name=\"robots\" content=\"index, follow, max-snippet:-1, max-image-preview:large, max-video-preview:-1\" \/>\n<link rel=\"canonical\" href=\"https:\/\/www.dogtas.at\/new\/produkt\/diamond-321-sitzgruppe-mit-bettfunktion\/\" \/>\n<meta property=\"og:locale\" content=\"de_DE\" \/>\n<meta property=\"og:type\" content=\"article\" \/>\n<meta property=\"og:title\" content=\"Diamond 3+2+1 Sitzgruppe mit Bettfunktion - Dogtas - Qualit\u00e4t f\u00fchlen!\" \/>\n<meta property=\"og:description\" content=\"Mit ihrem unvergleichlichen Design ist die Diamond Collection von Dogtas hier, um die Blicke auf sich zu ziehen. Vertr\u00e4umte rautenf\u00f6rmige\" \/>\n<meta property=\"og:url\" content=\"https:\/\/www.dogtas.at\/new\/produkt\/diamond-321-sitzgruppe-mit-bettfunktion\/\" \/>\n<meta property=\"og:site_name\" content=\"Dogtas - Qualit\u00e4t f\u00fchlen!\" \/>\n<meta property=\"article:publisher\" content=\"https:\/\/www.facebook.com\/saloniwien\" \/>\n<meta property=\"article:modified_time\" content=\"2021-09-07T10:56:52+00:00\" \/>\n<meta property=\"og:image\" content=\"https:\/\/www.dogtas.at\/new\/wp-content\/uploads\/Diamond-Sitzgruppe-1024x1024.png\" \/>\n\t<meta property=\"og:image:width\" content=\"1024\" \/>\n\t<meta property=\"og:image:height\" content=\"1024\" \/>\n\t<meta property=\"og:image:type\" content=\"image\/png\" \/>\n<meta name=\"twitter:card\" content=\"summary_large_image\" \/>\n<script type=\"application\/ld+json\" class=\"yoast-schema-graph\">{\"@context\":\"https:\/\/schema.org\",\"@graph\":[{\"@type\":\"WebPage\",\"@id\":\"https:\/\/www.dogtas.at\/new\/produkt\/diamond-321-sitzgruppe-mit-bettfunktion\/\",\"url\":\"https:\/\/www.dogtas.at\/new\/produkt\/diamond-321-sitzgruppe-mit-bettfunktion\/\",\"name\":\"Diamond 3+2+1 Sitzgruppe mit Bettfunktion - Dogtas - Qualit\u00e4t f\u00fchlen!\",\"isPartOf\":{\"@id\":\"https:\/\/www.dogtas.at\/new\/#website\"},\"datePublished\":\"2021-01-02T13:36:00+00:00\",\"dateModified\":\"2021-09-07T10:56:52+00:00\",\"breadcrumb\":{\"@id\":\"https:\/\/www.dogtas.at\/new\/produkt\/diamond-321-sitzgruppe-mit-bettfunktion\/#breadcrumb\"},\"inLanguage\":\"de\",\"potentialAction\":[{\"@type\":\"ReadAction\",\"target\":[\"https:\/\/www.dogtas.at\/new\/produkt\/diamond-321-sitzgruppe-mit-bettfunktion\/\"]}]},{\"@type\":\"BreadcrumbList\",\"@id\":\"https:\/\/www.dogtas.at\/new\/produkt\/diamond-321-sitzgruppe-mit-bettfunktion\/#breadcrumb\",\"itemListElement\":[{\"@type\":\"ListItem\",\"position\":1,\"name\":\"Startseite\",\"item\":\"https:\/\/www.dogtas.at\/new\/\"},{\"@type\":\"ListItem\",\"position\":2,\"name\":\"Shop\",\"item\":\"https:\/\/www.dogtas.at\/new\/shop\/\"},{\"@type\":\"ListItem\",\"position\":3,\"name\":\"Diamond 3+2+1 Sitzgruppe mit Bettfunktion\"}]},{\"@type\":\"WebSite\",\"@id\":\"https:\/\/www.dogtas.at\/new\/#website\",\"url\":\"https:\/\/www.dogtas.at\/new\/\",\"name\":\"Dogtas - Qualit\u00e4t f\u00fchlen!\",\"description\":\"Qualit\u00e4t f\u00fchlen!\",\"potentialAction\":[{\"@type\":\"SearchAction\",\"target\":{\"@type\":\"EntryPoint\",\"urlTemplate\":\"https:\/\/www.dogtas.at\/new\/?s={search_term_string}\"},\"query-input\":\"required name=search_term_string\"}],\"inLanguage\":\"de\"}]}<\/script>\n<!-- \/ Yoast SEO plugin. -->","yoast_head_json":{"title":"Diamond 3+2+1 Sitzgruppe mit Bettfunktion - Dogtas - Qualit\u00e4t f\u00fchlen!","robots":{"index":"index","follow":"follow","max-snippet":"max-snippet:-1","max-image-preview":"max-image-preview:large","max-video-preview":"max-video-preview:-1"},"canonical":"https:\/\/www.dogtas.at\/new\/produkt\/diamond-321-sitzgruppe-mit-bettfunktion\/","og_locale":"de_DE","og_type":"article","og_title":"Diamond 3+2+1 Sitzgruppe mit Bettfunktion - Dogtas - Qualit\u00e4t f\u00fchlen!","og_description":"Mit ihrem unvergleichlichen Design ist die Diamond Collection von Dogtas hier, um die Blicke auf sich zu ziehen. Vertr\u00e4umte rautenf\u00f6rmige","og_url":"https:\/\/www.dogtas.at\/new\/produkt\/diamond-321-sitzgruppe-mit-bettfunktion\/","og_site_name":"Dogtas - Qualit\u00e4t f\u00fchlen!","article_publisher":"https:\/\/www.facebook.com\/saloniwien","article_modified_time":"2021-09-07T10:56:52+00:00","og_image":[{"width":1024,"height":1024,"url":"https:\/\/www.dogtas.at\/new\/wp-content\/uploads\/Diamond-Sitzgruppe-1024x1024.png","type":"image\/png"}],"twitter_card":"summary_large_image","schema":{"@context":"https:\/\/schema.org","@graph":[{"@type":"WebPage","@id":"https:\/\/www.dogtas.at\/new\/produkt\/diamond-321-sitzgruppe-mit-bettfunktion\/","url":"https:\/\/www.dogtas.at\/new\/produkt\/diamond-321-sitzgruppe-mit-bettfunktion\/","name":"Diamond 3+2+1 Sitzgruppe mit Bettfunktion - Dogtas - Qualit\u00e4t f\u00fchlen!","isPartOf":{"@id":"https:\/\/www.dogtas.at\/new\/#website"},"datePublished":"2021-01-02T13:36:00+00:00","dateModified":"2021-09-07T10:56:52+00:00","breadcrumb":{"@id":"https:\/\/www.dogtas.at\/new\/produkt\/diamond-321-sitzgruppe-mit-bettfunktion\/#breadcrumb"},"inLanguage":"de","potentialAction":[{"@type":"ReadAction","target":["https:\/\/www.dogtas.at\/new\/produkt\/diamond-321-sitzgruppe-mit-bettfunktion\/"]}]},{"@type":"BreadcrumbList","@id":"https:\/\/www.dogtas.at\/new\/produkt\/diamond-321-sitzgruppe-mit-bettfunktion\/#breadcrumb","itemListElement":[{"@type":"ListItem","position":1,"name":"Startseite","item":"https:\/\/www.dogtas.at\/new\/"},{"@type":"ListItem","position":2,"name":"Shop","item":"https:\/\/www.dogtas.at\/new\/shop\/"},{"@type":"ListItem","position":3,"name":"Diamond 3+2+1 Sitzgruppe mit Bettfunktion"}]},{"@type":"WebSite","@id":"https:\/\/www.dogtas.at\/new\/#website","url":"https:\/\/www.dogtas.at\/new\/","name":"Dogtas - Qualit\u00e4t f\u00fchlen!","description":"Qualit\u00e4t f\u00fchlen!","potentialAction":[{"@type":"SearchAction","target":{"@type":"EntryPoint","urlTemplate":"https:\/\/www.dogtas.at\/new\/?s={search_term_string}"},"query-input":"required name=search_term_string"}],"inLanguage":"de"}]}},"_links":{"self":[{"href":"https:\/\/www.dogtas.at\/new\/wp-json\/wp\/v2\/product\/180735"}],"collection":[{"href":"https:\/\/www.dogtas.at\/new\/wp-json\/wp\/v2\/product"}],"about":[{"href":"https:\/\/www.dogtas.at\/new\/wp-json\/wp\/v2\/types\/product"}],"replies":[{"embeddable":true,"href":"https:\/\/www.dogtas.at\/new\/wp-json\/wp\/v2\/comments?post=180735"}],"wp:featuredmedia":[{"embeddable":true,"href":"https:\/\/www.dogtas.at\/new\/wp-json\/wp\/v2\/media\/184453"}],"wp:attachment":[{"href":"https:\/\/www.dogtas.at\/new\/wp-json\/wp\/v2\/media?parent=180735"}],"wp:term":[{"taxonomy":"product_cat","embeddable":true,"href":"https:\/\/www.dogtas.at\/new\/wp-json\/wp\/v2\/product_cat?post=180735"},{"taxonomy":"product_tag","embeddable":true,"href":"https:\/\/www.dogtas.at\/new\/wp-json\/wp\/v2\/product_tag?post=180735"}],"curies":[{"name":"wp","href":"https:\/\/api.w.org\/{rel}","templated":true}]}}