{"id":180785,"date":"2021-01-02T14:55:23","date_gmt":"2021-01-02T13:55:23","guid":{"rendered":"http:\/\/www.dogtas.at\/new\/?post_type=product&#038;p=180785"},"modified":"2021-09-07T12:25:33","modified_gmt":"2021-09-07T10:25:33","slug":"matilda-321-sitzgruppe-mit-bettfunktion","status":"publish","type":"product","link":"https:\/\/www.dogtas.at\/new\/produkt\/matilda-321-sitzgruppe-mit-bettfunktion\/","title":{"rendered":"Matilda 3+2+1 Sitzgruppe mit Bettfunktion"},"content":{"rendered":"<p>Wenn Sie moderne Akzente in Ihren Wohnr\u00e4umen lieben, k\u00f6nnen Sie Ihrer Wohnkultur Matilda Salon Set hinzuf\u00fcgen. Au\u00dferdem m\u00fcssen Sie nicht auf Komfort f\u00fcr Klasse verzichten. Das Matilda Salon Set bietet gleichzeitig Komfort und Eleganz. Die Matilda-Sofagarnitur spiegelt den Sport-Luxus-Stil wider und kombiniert ihren modernen Stil mit durchsetzungsf\u00e4higen Details. Schwarzer Holzsockel und schwarze Metallbeine, die perfekt zum Lucca-Holz passen, werden von metallischen Fu\u00dfschuhen in Gold oder Chrom begleitet.<\/p>\n<p>Die Matilda-Sofagarnitur, die einen Sessel sowie ein Dreifach- und ein Doppelsofa umfasst, hat ihr urspr\u00fcngliches Design, das die Moderne mit komfortfreundlichen Funktionen fast neu definiert. Bewegliche K\u00f6pfe, mehrschichtige Sitzstruktur und gerades Armdesign erf\u00fcllen Ihre Komforterwartungen. Erg\u00e4nzen Sie Ihre Sofagarnitur jetzt mit modernen und stilvollen Accessoires aus der Matilda-Kollektion!<\/p>\n","protected":false},"excerpt":{"rendered":"<p>Wenn Sie moderne Akzente in Ihren Wohnr\u00e4umen lieben, k\u00f6nnen Sie Ihrer Wohnkultur Matilda Salon Set hinzuf\u00fcgen. Au\u00dferdem m\u00fcssen Sie nicht<\/p>\n","protected":false},"featured_media":184250,"comment_status":"open","ping_status":"closed","template":"","meta":{"_joinchat":[]},"product_cat":[557,6072],"product_tag":[6150,6151],"yoast_head":"<!-- This site is optimized with the Yoast SEO plugin v19.13 - https:\/\/yoast.com\/wordpress\/plugins\/seo\/ -->\n<title>Matilda 3+2+1 Sitzgruppe mit Bettfunktion - Dogtas - Qualit\u00e4t f\u00fchlen!<\/title>\n<meta name=\"robots\" content=\"index, follow, max-snippet:-1, max-image-preview:large, max-video-preview:-1\" \/>\n<link rel=\"canonical\" href=\"https:\/\/www.dogtas.at\/new\/produkt\/matilda-321-sitzgruppe-mit-bettfunktion\/\" \/>\n<meta property=\"og:locale\" content=\"de_DE\" \/>\n<meta property=\"og:type\" content=\"article\" \/>\n<meta property=\"og:title\" content=\"Matilda 3+2+1 Sitzgruppe mit Bettfunktion - Dogtas - Qualit\u00e4t f\u00fchlen!\" \/>\n<meta property=\"og:description\" content=\"Wenn Sie moderne Akzente in Ihren Wohnr\u00e4umen lieben, k\u00f6nnen Sie Ihrer Wohnkultur Matilda Salon Set hinzuf\u00fcgen. Au\u00dferdem m\u00fcssen Sie nicht\" \/>\n<meta property=\"og:url\" content=\"https:\/\/www.dogtas.at\/new\/produkt\/matilda-321-sitzgruppe-mit-bettfunktion\/\" \/>\n<meta property=\"og:site_name\" content=\"Dogtas - Qualit\u00e4t f\u00fchlen!\" \/>\n<meta property=\"article:publisher\" content=\"https:\/\/www.facebook.com\/saloniwien\" \/>\n<meta property=\"article:modified_time\" content=\"2021-09-07T10:25:33+00:00\" \/>\n<meta property=\"og:image\" content=\"https:\/\/www.dogtas.at\/new\/wp-content\/uploads\/matilda-321.png\" \/>\n\t<meta property=\"og:image:width\" content=\"1500\" \/>\n\t<meta property=\"og:image:height\" content=\"1500\" \/>\n\t<meta property=\"og:image:type\" content=\"image\/png\" \/>\n<meta name=\"twitter:card\" content=\"summary_large_image\" \/>\n<meta name=\"twitter:label1\" content=\"Gesch\u00e4tzte Lesezeit\" \/>\n\t<meta name=\"twitter:data1\" content=\"1\u00a0Minute\" \/>\n<script type=\"application\/ld+json\" class=\"yoast-schema-graph\">{\"@context\":\"https:\/\/schema.org\",\"@graph\":[{\"@type\":\"WebPage\",\"@id\":\"https:\/\/www.dogtas.at\/new\/produkt\/matilda-321-sitzgruppe-mit-bettfunktion\/\",\"url\":\"https:\/\/www.dogtas.at\/new\/produkt\/matilda-321-sitzgruppe-mit-bettfunktion\/\",\"name\":\"Matilda 3+2+1 Sitzgruppe mit Bettfunktion - Dogtas - Qualit\u00e4t f\u00fchlen!\",\"isPartOf\":{\"@id\":\"https:\/\/www.dogtas.at\/new\/#website\"},\"datePublished\":\"2021-01-02T13:55:23+00:00\",\"dateModified\":\"2021-09-07T10:25:33+00:00\",\"breadcrumb\":{\"@id\":\"https:\/\/www.dogtas.at\/new\/produkt\/matilda-321-sitzgruppe-mit-bettfunktion\/#breadcrumb\"},\"inLanguage\":\"de\",\"potentialAction\":[{\"@type\":\"ReadAction\",\"target\":[\"https:\/\/www.dogtas.at\/new\/produkt\/matilda-321-sitzgruppe-mit-bettfunktion\/\"]}]},{\"@type\":\"BreadcrumbList\",\"@id\":\"https:\/\/www.dogtas.at\/new\/produkt\/matilda-321-sitzgruppe-mit-bettfunktion\/#breadcrumb\",\"itemListElement\":[{\"@type\":\"ListItem\",\"position\":1,\"name\":\"Startseite\",\"item\":\"https:\/\/www.dogtas.at\/new\/\"},{\"@type\":\"ListItem\",\"position\":2,\"name\":\"Shop\",\"item\":\"https:\/\/www.dogtas.at\/new\/shop\/\"},{\"@type\":\"ListItem\",\"position\":3,\"name\":\"Matilda 3+2+1 Sitzgruppe mit Bettfunktion\"}]},{\"@type\":\"WebSite\",\"@id\":\"https:\/\/www.dogtas.at\/new\/#website\",\"url\":\"https:\/\/www.dogtas.at\/new\/\",\"name\":\"Dogtas - Qualit\u00e4t f\u00fchlen!\",\"description\":\"Qualit\u00e4t f\u00fchlen!\",\"potentialAction\":[{\"@type\":\"SearchAction\",\"target\":{\"@type\":\"EntryPoint\",\"urlTemplate\":\"https:\/\/www.dogtas.at\/new\/?s={search_term_string}\"},\"query-input\":\"required name=search_term_string\"}],\"inLanguage\":\"de\"}]}<\/script>\n<!-- \/ Yoast SEO plugin. -->","yoast_head_json":{"title":"Matilda 3+2+1 Sitzgruppe mit Bettfunktion - Dogtas - Qualit\u00e4t f\u00fchlen!","robots":{"index":"index","follow":"follow","max-snippet":"max-snippet:-1","max-image-preview":"max-image-preview:large","max-video-preview":"max-video-preview:-1"},"canonical":"https:\/\/www.dogtas.at\/new\/produkt\/matilda-321-sitzgruppe-mit-bettfunktion\/","og_locale":"de_DE","og_type":"article","og_title":"Matilda 3+2+1 Sitzgruppe mit Bettfunktion - Dogtas - Qualit\u00e4t f\u00fchlen!","og_description":"Wenn Sie moderne Akzente in Ihren Wohnr\u00e4umen lieben, k\u00f6nnen Sie Ihrer Wohnkultur Matilda Salon Set hinzuf\u00fcgen. Au\u00dferdem m\u00fcssen Sie nicht","og_url":"https:\/\/www.dogtas.at\/new\/produkt\/matilda-321-sitzgruppe-mit-bettfunktion\/","og_site_name":"Dogtas - Qualit\u00e4t f\u00fchlen!","article_publisher":"https:\/\/www.facebook.com\/saloniwien","article_modified_time":"2021-09-07T10:25:33+00:00","og_image":[{"width":1500,"height":1500,"url":"https:\/\/www.dogtas.at\/new\/wp-content\/uploads\/matilda-321.png","type":"image\/png"}],"twitter_card":"summary_large_image","twitter_misc":{"Gesch\u00e4tzte Lesezeit":"1\u00a0Minute"},"schema":{"@context":"https:\/\/schema.org","@graph":[{"@type":"WebPage","@id":"https:\/\/www.dogtas.at\/new\/produkt\/matilda-321-sitzgruppe-mit-bettfunktion\/","url":"https:\/\/www.dogtas.at\/new\/produkt\/matilda-321-sitzgruppe-mit-bettfunktion\/","name":"Matilda 3+2+1 Sitzgruppe mit Bettfunktion - Dogtas - Qualit\u00e4t f\u00fchlen!","isPartOf":{"@id":"https:\/\/www.dogtas.at\/new\/#website"},"datePublished":"2021-01-02T13:55:23+00:00","dateModified":"2021-09-07T10:25:33+00:00","breadcrumb":{"@id":"https:\/\/www.dogtas.at\/new\/produkt\/matilda-321-sitzgruppe-mit-bettfunktion\/#breadcrumb"},"inLanguage":"de","potentialAction":[{"@type":"ReadAction","target":["https:\/\/www.dogtas.at\/new\/produkt\/matilda-321-sitzgruppe-mit-bettfunktion\/"]}]},{"@type":"BreadcrumbList","@id":"https:\/\/www.dogtas.at\/new\/produkt\/matilda-321-sitzgruppe-mit-bettfunktion\/#breadcrumb","itemListElement":[{"@type":"ListItem","position":1,"name":"Startseite","item":"https:\/\/www.dogtas.at\/new\/"},{"@type":"ListItem","position":2,"name":"Shop","item":"https:\/\/www.dogtas.at\/new\/shop\/"},{"@type":"ListItem","position":3,"name":"Matilda 3+2+1 Sitzgruppe mit Bettfunktion"}]},{"@type":"WebSite","@id":"https:\/\/www.dogtas.at\/new\/#website","url":"https:\/\/www.dogtas.at\/new\/","name":"Dogtas - Qualit\u00e4t f\u00fchlen!","description":"Qualit\u00e4t f\u00fchlen!","potentialAction":[{"@type":"SearchAction","target":{"@type":"EntryPoint","urlTemplate":"https:\/\/www.dogtas.at\/new\/?s={search_term_string}"},"query-input":"required name=search_term_string"}],"inLanguage":"de"}]}},"_links":{"self":[{"href":"https:\/\/www.dogtas.at\/new\/wp-json\/wp\/v2\/product\/180785"}],"collection":[{"href":"https:\/\/www.dogtas.at\/new\/wp-json\/wp\/v2\/product"}],"about":[{"href":"https:\/\/www.dogtas.at\/new\/wp-json\/wp\/v2\/types\/product"}],"replies":[{"embeddable":true,"href":"https:\/\/www.dogtas.at\/new\/wp-json\/wp\/v2\/comments?post=180785"}],"wp:featuredmedia":[{"embeddable":true,"href":"https:\/\/www.dogtas.at\/new\/wp-json\/wp\/v2\/media\/184250"}],"wp:attachment":[{"href":"https:\/\/www.dogtas.at\/new\/wp-json\/wp\/v2\/media?parent=180785"}],"wp:term":[{"taxonomy":"product_cat","embeddable":true,"href":"https:\/\/www.dogtas.at\/new\/wp-json\/wp\/v2\/product_cat?post=180785"},{"taxonomy":"product_tag","embeddable":true,"href":"https:\/\/www.dogtas.at\/new\/wp-json\/wp\/v2\/product_tag?post=180785"}],"curies":[{"name":"wp","href":"https:\/\/api.w.org\/{rel}","templated":true}]}}