{"id":180795,"date":"2021-01-02T14:59:03","date_gmt":"2021-01-02T13:59:03","guid":{"rendered":"http:\/\/www.dogtas.at\/new\/?post_type=product&#038;p=180795"},"modified":"2022-01-19T12:46:20","modified_gmt":"2022-01-19T11:46:20","slug":"tiera-431-sitzgruppe","status":"publish","type":"product","link":"https:\/\/www.dogtas.at\/new\/produkt\/tiera-431-sitzgruppe\/","title":{"rendered":"Tiera 4+3+1 Sitzgruppe"},"content":{"rendered":"<p>Lieben Sie die hohen Decken? Oder das Aussehen eines Wohnraums mit hohen Decken lieben? Dann ist Tiera Sofa Set genau das, wonach Sie gesucht haben. Alle Teile des Sets bieten zus\u00e4tzlichen Platz zu Hause. Egal wie gro\u00df oder klein Ihr Zuhause ist, es ist m\u00f6glich, es gr\u00f6\u00dfer und frischer aussehen zu lassen.<\/p>\n<p>Dieses Set besteht aus einem Ohrensessel mit Holzfu\u00df, einem Ohrensessel mit Metallfu\u00df, einem Quartettsofa und einem Triosofa und vereint Modernes und Schickes. Auch wenn das Quartettsofa und das Triosofa etwas gro\u00df sind, sind ihre Arme d\u00fcnn gestaltet. Auf diese Weise wird der zus\u00e4tzliche Platz geschaffen, den das Set bietet.<\/p>\n<p>Au\u00dferdem bieten die Capitone-R\u00fcckenkissen zweidimensionale Sitzm\u00f6glichkeiten. Auf diese Weise ist es m\u00f6glich, die R\u00fcckenkissen zu entfernen und bequem still zu sitzen. Dar\u00fcber hinaus erleichtern die Ohrensessel mit unterschiedlichen Standoptionen die Kombination mit verschiedenen M\u00f6belst\u00fccken.<\/p>\n<p>Wenn Sie Ihren Wohnraum vergr\u00f6\u00dfern m\u00f6chten, entdecken Sie jetzt Tiera Sofa Set!<\/p>\n","protected":false},"excerpt":{"rendered":"<p>Lieben Sie die hohen Decken? Oder das Aussehen eines Wohnraums mit hohen Decken lieben? Dann ist Tiera Sofa Set genau<\/p>\n","protected":false},"featured_media":184274,"comment_status":"open","ping_status":"closed","template":"","meta":{"_joinchat":[]},"product_cat":[557,6072],"product_tag":[6152,6153],"yoast_head":"<!-- This site is optimized with the Yoast SEO plugin v19.13 - https:\/\/yoast.com\/wordpress\/plugins\/seo\/ -->\n<title>Tiera 4+3+1 Sitzgruppe - Dogtas - Qualit\u00e4t f\u00fchlen!<\/title>\n<meta name=\"robots\" content=\"index, follow, max-snippet:-1, max-image-preview:large, max-video-preview:-1\" \/>\n<link rel=\"canonical\" href=\"https:\/\/www.dogtas.at\/new\/produkt\/tiera-431-sitzgruppe\/\" \/>\n<meta property=\"og:locale\" content=\"de_DE\" \/>\n<meta property=\"og:type\" content=\"article\" \/>\n<meta property=\"og:title\" content=\"Tiera 4+3+1 Sitzgruppe - Dogtas - Qualit\u00e4t f\u00fchlen!\" \/>\n<meta property=\"og:description\" content=\"Lieben Sie die hohen Decken? Oder das Aussehen eines Wohnraums mit hohen Decken lieben? Dann ist Tiera Sofa Set genau\" \/>\n<meta property=\"og:url\" content=\"https:\/\/www.dogtas.at\/new\/produkt\/tiera-431-sitzgruppe\/\" \/>\n<meta property=\"og:site_name\" content=\"Dogtas - Qualit\u00e4t f\u00fchlen!\" \/>\n<meta property=\"article:publisher\" content=\"https:\/\/www.facebook.com\/saloniwien\" \/>\n<meta property=\"article:modified_time\" content=\"2022-01-19T11:46:20+00:00\" \/>\n<meta property=\"og:image\" content=\"https:\/\/www.dogtas.at\/new\/wp-content\/uploads\/tiera-sitzgruppe.png\" \/>\n\t<meta property=\"og:image:width\" content=\"1500\" \/>\n\t<meta property=\"og:image:height\" content=\"1500\" \/>\n\t<meta property=\"og:image:type\" content=\"image\/png\" \/>\n<meta name=\"twitter:card\" content=\"summary_large_image\" \/>\n<meta name=\"twitter:label1\" content=\"Gesch\u00e4tzte Lesezeit\" \/>\n\t<meta name=\"twitter:data1\" content=\"1\u00a0Minute\" \/>\n<script type=\"application\/ld+json\" class=\"yoast-schema-graph\">{\"@context\":\"https:\/\/schema.org\",\"@graph\":[{\"@type\":\"WebPage\",\"@id\":\"https:\/\/www.dogtas.at\/new\/produkt\/tiera-431-sitzgruppe\/\",\"url\":\"https:\/\/www.dogtas.at\/new\/produkt\/tiera-431-sitzgruppe\/\",\"name\":\"Tiera 4+3+1 Sitzgruppe - Dogtas - Qualit\u00e4t f\u00fchlen!\",\"isPartOf\":{\"@id\":\"https:\/\/www.dogtas.at\/new\/#website\"},\"datePublished\":\"2021-01-02T13:59:03+00:00\",\"dateModified\":\"2022-01-19T11:46:20+00:00\",\"breadcrumb\":{\"@id\":\"https:\/\/www.dogtas.at\/new\/produkt\/tiera-431-sitzgruppe\/#breadcrumb\"},\"inLanguage\":\"de\",\"potentialAction\":[{\"@type\":\"ReadAction\",\"target\":[\"https:\/\/www.dogtas.at\/new\/produkt\/tiera-431-sitzgruppe\/\"]}]},{\"@type\":\"BreadcrumbList\",\"@id\":\"https:\/\/www.dogtas.at\/new\/produkt\/tiera-431-sitzgruppe\/#breadcrumb\",\"itemListElement\":[{\"@type\":\"ListItem\",\"position\":1,\"name\":\"Startseite\",\"item\":\"https:\/\/www.dogtas.at\/new\/\"},{\"@type\":\"ListItem\",\"position\":2,\"name\":\"Shop\",\"item\":\"https:\/\/www.dogtas.at\/new\/shop\/\"},{\"@type\":\"ListItem\",\"position\":3,\"name\":\"Tiera 4+3+1 Sitzgruppe\"}]},{\"@type\":\"WebSite\",\"@id\":\"https:\/\/www.dogtas.at\/new\/#website\",\"url\":\"https:\/\/www.dogtas.at\/new\/\",\"name\":\"Dogtas - Qualit\u00e4t f\u00fchlen!\",\"description\":\"Qualit\u00e4t f\u00fchlen!\",\"potentialAction\":[{\"@type\":\"SearchAction\",\"target\":{\"@type\":\"EntryPoint\",\"urlTemplate\":\"https:\/\/www.dogtas.at\/new\/?s={search_term_string}\"},\"query-input\":\"required name=search_term_string\"}],\"inLanguage\":\"de\"}]}<\/script>\n<!-- \/ Yoast SEO plugin. -->","yoast_head_json":{"title":"Tiera 4+3+1 Sitzgruppe - Dogtas - Qualit\u00e4t f\u00fchlen!","robots":{"index":"index","follow":"follow","max-snippet":"max-snippet:-1","max-image-preview":"max-image-preview:large","max-video-preview":"max-video-preview:-1"},"canonical":"https:\/\/www.dogtas.at\/new\/produkt\/tiera-431-sitzgruppe\/","og_locale":"de_DE","og_type":"article","og_title":"Tiera 4+3+1 Sitzgruppe - Dogtas - Qualit\u00e4t f\u00fchlen!","og_description":"Lieben Sie die hohen Decken? Oder das Aussehen eines Wohnraums mit hohen Decken lieben? Dann ist Tiera Sofa Set genau","og_url":"https:\/\/www.dogtas.at\/new\/produkt\/tiera-431-sitzgruppe\/","og_site_name":"Dogtas - Qualit\u00e4t f\u00fchlen!","article_publisher":"https:\/\/www.facebook.com\/saloniwien","article_modified_time":"2022-01-19T11:46:20+00:00","og_image":[{"width":1500,"height":1500,"url":"https:\/\/www.dogtas.at\/new\/wp-content\/uploads\/tiera-sitzgruppe.png","type":"image\/png"}],"twitter_card":"summary_large_image","twitter_misc":{"Gesch\u00e4tzte Lesezeit":"1\u00a0Minute"},"schema":{"@context":"https:\/\/schema.org","@graph":[{"@type":"WebPage","@id":"https:\/\/www.dogtas.at\/new\/produkt\/tiera-431-sitzgruppe\/","url":"https:\/\/www.dogtas.at\/new\/produkt\/tiera-431-sitzgruppe\/","name":"Tiera 4+3+1 Sitzgruppe - Dogtas - Qualit\u00e4t f\u00fchlen!","isPartOf":{"@id":"https:\/\/www.dogtas.at\/new\/#website"},"datePublished":"2021-01-02T13:59:03+00:00","dateModified":"2022-01-19T11:46:20+00:00","breadcrumb":{"@id":"https:\/\/www.dogtas.at\/new\/produkt\/tiera-431-sitzgruppe\/#breadcrumb"},"inLanguage":"de","potentialAction":[{"@type":"ReadAction","target":["https:\/\/www.dogtas.at\/new\/produkt\/tiera-431-sitzgruppe\/"]}]},{"@type":"BreadcrumbList","@id":"https:\/\/www.dogtas.at\/new\/produkt\/tiera-431-sitzgruppe\/#breadcrumb","itemListElement":[{"@type":"ListItem","position":1,"name":"Startseite","item":"https:\/\/www.dogtas.at\/new\/"},{"@type":"ListItem","position":2,"name":"Shop","item":"https:\/\/www.dogtas.at\/new\/shop\/"},{"@type":"ListItem","position":3,"name":"Tiera 4+3+1 Sitzgruppe"}]},{"@type":"WebSite","@id":"https:\/\/www.dogtas.at\/new\/#website","url":"https:\/\/www.dogtas.at\/new\/","name":"Dogtas - Qualit\u00e4t f\u00fchlen!","description":"Qualit\u00e4t f\u00fchlen!","potentialAction":[{"@type":"SearchAction","target":{"@type":"EntryPoint","urlTemplate":"https:\/\/www.dogtas.at\/new\/?s={search_term_string}"},"query-input":"required name=search_term_string"}],"inLanguage":"de"}]}},"_links":{"self":[{"href":"https:\/\/www.dogtas.at\/new\/wp-json\/wp\/v2\/product\/180795"}],"collection":[{"href":"https:\/\/www.dogtas.at\/new\/wp-json\/wp\/v2\/product"}],"about":[{"href":"https:\/\/www.dogtas.at\/new\/wp-json\/wp\/v2\/types\/product"}],"replies":[{"embeddable":true,"href":"https:\/\/www.dogtas.at\/new\/wp-json\/wp\/v2\/comments?post=180795"}],"wp:featuredmedia":[{"embeddable":true,"href":"https:\/\/www.dogtas.at\/new\/wp-json\/wp\/v2\/media\/184274"}],"wp:attachment":[{"href":"https:\/\/www.dogtas.at\/new\/wp-json\/wp\/v2\/media?parent=180795"}],"wp:term":[{"taxonomy":"product_cat","embeddable":true,"href":"https:\/\/www.dogtas.at\/new\/wp-json\/wp\/v2\/product_cat?post=180795"},{"taxonomy":"product_tag","embeddable":true,"href":"https:\/\/www.dogtas.at\/new\/wp-json\/wp\/v2\/product_tag?post=180795"}],"curies":[{"name":"wp","href":"https:\/\/api.w.org\/{rel}","templated":true}]}}