{"id":180820,"date":"2021-01-02T15:08:54","date_gmt":"2021-01-02T14:08:54","guid":{"rendered":"http:\/\/www.dogtas.at\/new\/?post_type=product&#038;p=180820"},"modified":"2021-09-11T10:44:11","modified_gmt":"2021-09-11T08:44:11","slug":"logan-321-sitzgruppe","status":"publish","type":"product","link":"https:\/\/www.dogtas.at\/new\/produkt\/logan-321-sitzgruppe\/","title":{"rendered":"Logan 3+2+1 Sitzgruppe"},"content":{"rendered":"<p>Logan besticht durch seine k\u00fchnen und auff\u00e4lligen Details und bringt Luxus in die Wohnr\u00e4ume. Er wird wie ein Star in ein Zuhause hineingeboren. Das Logan Sofa Set kombiniert maskuline und k\u00fchne Linien mit Eleganz und bringt die Wahrnehmung von Luxus auf die n\u00e4chste Ebene. W\u00e4hrend es jeden Moment, den Sie in Ihrem Wohnzimmer verbringen, mit seiner komfortablen Struktur angenehm macht, bringt es mit der Eleganz der Details in seinem Design auch die Liebe zu Stil und Harmonie in Ihre Wohnr\u00e4ume. Das Logan-Sofagarnitur, das mit modernen und raffinierten Formen stilisiert ist und Spuren gotischer Architektur tr\u00e4gt, wird mit seinen Sesseln, die hohen Komfort und k\u00fchne und auff\u00e4llige Details bieten, zum neuen Star der Wohnzimmer. Die Zylinderkissen mit Lederg\u00fcrtel und die Armkissen, die sich hinter den R\u00fcckenkissen befinden, bieten zus\u00e4tzlichen ergonomischen Halt f\u00fcr die komfortable Sitzung und verleihen dem Produktdesign eine reichhaltige Note. Die mit Leder strukturierten geometrischen Muster, die die Armau\u00dfenseiten umgeben und in einem Holzrahmen mit goldenen Lattendetails angeordnet sind, und die hohen Holzbeine, die als Fortsetzung des Armrahmens entworfen wurden, integrieren sich in die Holzbasis und bringen die Luxuswahrnehmung des Logan Sofa Sets auf einen h\u00f6heren Punkt.<\/p>\n","protected":false},"excerpt":{"rendered":"<p>Logan besticht durch seine k\u00fchnen und auff\u00e4lligen Details und bringt Luxus in die Wohnr\u00e4ume. Er wird wie ein Star in<\/p>\n","protected":false},"featured_media":180821,"comment_status":"open","ping_status":"closed","template":"","meta":{"_joinchat":[]},"product_cat":[557,6072],"product_tag":[6156,6157],"yoast_head":"<!-- This site is optimized with the Yoast SEO plugin v19.13 - https:\/\/yoast.com\/wordpress\/plugins\/seo\/ -->\n<title>Logan 3+2+1 Sitzgruppe - Dogtas - Qualit\u00e4t f\u00fchlen!<\/title>\n<meta name=\"robots\" content=\"index, follow, max-snippet:-1, max-image-preview:large, max-video-preview:-1\" \/>\n<link rel=\"canonical\" href=\"https:\/\/www.dogtas.at\/new\/produkt\/logan-321-sitzgruppe\/\" \/>\n<meta property=\"og:locale\" content=\"de_DE\" \/>\n<meta property=\"og:type\" content=\"article\" \/>\n<meta property=\"og:title\" content=\"Logan 3+2+1 Sitzgruppe - Dogtas - Qualit\u00e4t f\u00fchlen!\" \/>\n<meta property=\"og:description\" content=\"Logan besticht durch seine k\u00fchnen und auff\u00e4lligen Details und bringt Luxus in die Wohnr\u00e4ume. Er wird wie ein Star in\" \/>\n<meta property=\"og:url\" content=\"https:\/\/www.dogtas.at\/new\/produkt\/logan-321-sitzgruppe\/\" \/>\n<meta property=\"og:site_name\" content=\"Dogtas - Qualit\u00e4t f\u00fchlen!\" \/>\n<meta property=\"article:publisher\" content=\"https:\/\/www.facebook.com\/saloniwien\" \/>\n<meta property=\"article:modified_time\" content=\"2021-09-11T08:44:11+00:00\" \/>\n<meta property=\"og:image\" content=\"https:\/\/www.dogtas.at\/new\/wp-content\/uploads\/logan-profil-1024x1024.png\" \/>\n\t<meta property=\"og:image:width\" content=\"1024\" \/>\n\t<meta property=\"og:image:height\" content=\"1024\" \/>\n\t<meta property=\"og:image:type\" content=\"image\/png\" \/>\n<meta name=\"twitter:card\" content=\"summary_large_image\" \/>\n<meta name=\"twitter:label1\" content=\"Gesch\u00e4tzte Lesezeit\" \/>\n\t<meta name=\"twitter:data1\" content=\"1\u00a0Minute\" \/>\n<script type=\"application\/ld+json\" class=\"yoast-schema-graph\">{\"@context\":\"https:\/\/schema.org\",\"@graph\":[{\"@type\":\"WebPage\",\"@id\":\"https:\/\/www.dogtas.at\/new\/produkt\/logan-321-sitzgruppe\/\",\"url\":\"https:\/\/www.dogtas.at\/new\/produkt\/logan-321-sitzgruppe\/\",\"name\":\"Logan 3+2+1 Sitzgruppe - Dogtas - Qualit\u00e4t f\u00fchlen!\",\"isPartOf\":{\"@id\":\"https:\/\/www.dogtas.at\/new\/#website\"},\"datePublished\":\"2021-01-02T14:08:54+00:00\",\"dateModified\":\"2021-09-11T08:44:11+00:00\",\"breadcrumb\":{\"@id\":\"https:\/\/www.dogtas.at\/new\/produkt\/logan-321-sitzgruppe\/#breadcrumb\"},\"inLanguage\":\"de\",\"potentialAction\":[{\"@type\":\"ReadAction\",\"target\":[\"https:\/\/www.dogtas.at\/new\/produkt\/logan-321-sitzgruppe\/\"]}]},{\"@type\":\"BreadcrumbList\",\"@id\":\"https:\/\/www.dogtas.at\/new\/produkt\/logan-321-sitzgruppe\/#breadcrumb\",\"itemListElement\":[{\"@type\":\"ListItem\",\"position\":1,\"name\":\"Startseite\",\"item\":\"https:\/\/www.dogtas.at\/new\/\"},{\"@type\":\"ListItem\",\"position\":2,\"name\":\"Shop\",\"item\":\"https:\/\/www.dogtas.at\/new\/shop\/\"},{\"@type\":\"ListItem\",\"position\":3,\"name\":\"Logan 3+2+1 Sitzgruppe\"}]},{\"@type\":\"WebSite\",\"@id\":\"https:\/\/www.dogtas.at\/new\/#website\",\"url\":\"https:\/\/www.dogtas.at\/new\/\",\"name\":\"Dogtas - Qualit\u00e4t f\u00fchlen!\",\"description\":\"Qualit\u00e4t f\u00fchlen!\",\"potentialAction\":[{\"@type\":\"SearchAction\",\"target\":{\"@type\":\"EntryPoint\",\"urlTemplate\":\"https:\/\/www.dogtas.at\/new\/?s={search_term_string}\"},\"query-input\":\"required name=search_term_string\"}],\"inLanguage\":\"de\"}]}<\/script>\n<!-- \/ Yoast SEO plugin. -->","yoast_head_json":{"title":"Logan 3+2+1 Sitzgruppe - Dogtas - Qualit\u00e4t f\u00fchlen!","robots":{"index":"index","follow":"follow","max-snippet":"max-snippet:-1","max-image-preview":"max-image-preview:large","max-video-preview":"max-video-preview:-1"},"canonical":"https:\/\/www.dogtas.at\/new\/produkt\/logan-321-sitzgruppe\/","og_locale":"de_DE","og_type":"article","og_title":"Logan 3+2+1 Sitzgruppe - Dogtas - Qualit\u00e4t f\u00fchlen!","og_description":"Logan besticht durch seine k\u00fchnen und auff\u00e4lligen Details und bringt Luxus in die Wohnr\u00e4ume. Er wird wie ein Star in","og_url":"https:\/\/www.dogtas.at\/new\/produkt\/logan-321-sitzgruppe\/","og_site_name":"Dogtas - Qualit\u00e4t f\u00fchlen!","article_publisher":"https:\/\/www.facebook.com\/saloniwien","article_modified_time":"2021-09-11T08:44:11+00:00","og_image":[{"width":1024,"height":1024,"url":"https:\/\/www.dogtas.at\/new\/wp-content\/uploads\/logan-profil-1024x1024.png","type":"image\/png"}],"twitter_card":"summary_large_image","twitter_misc":{"Gesch\u00e4tzte Lesezeit":"1\u00a0Minute"},"schema":{"@context":"https:\/\/schema.org","@graph":[{"@type":"WebPage","@id":"https:\/\/www.dogtas.at\/new\/produkt\/logan-321-sitzgruppe\/","url":"https:\/\/www.dogtas.at\/new\/produkt\/logan-321-sitzgruppe\/","name":"Logan 3+2+1 Sitzgruppe - Dogtas - Qualit\u00e4t f\u00fchlen!","isPartOf":{"@id":"https:\/\/www.dogtas.at\/new\/#website"},"datePublished":"2021-01-02T14:08:54+00:00","dateModified":"2021-09-11T08:44:11+00:00","breadcrumb":{"@id":"https:\/\/www.dogtas.at\/new\/produkt\/logan-321-sitzgruppe\/#breadcrumb"},"inLanguage":"de","potentialAction":[{"@type":"ReadAction","target":["https:\/\/www.dogtas.at\/new\/produkt\/logan-321-sitzgruppe\/"]}]},{"@type":"BreadcrumbList","@id":"https:\/\/www.dogtas.at\/new\/produkt\/logan-321-sitzgruppe\/#breadcrumb","itemListElement":[{"@type":"ListItem","position":1,"name":"Startseite","item":"https:\/\/www.dogtas.at\/new\/"},{"@type":"ListItem","position":2,"name":"Shop","item":"https:\/\/www.dogtas.at\/new\/shop\/"},{"@type":"ListItem","position":3,"name":"Logan 3+2+1 Sitzgruppe"}]},{"@type":"WebSite","@id":"https:\/\/www.dogtas.at\/new\/#website","url":"https:\/\/www.dogtas.at\/new\/","name":"Dogtas - Qualit\u00e4t f\u00fchlen!","description":"Qualit\u00e4t f\u00fchlen!","potentialAction":[{"@type":"SearchAction","target":{"@type":"EntryPoint","urlTemplate":"https:\/\/www.dogtas.at\/new\/?s={search_term_string}"},"query-input":"required name=search_term_string"}],"inLanguage":"de"}]}},"_links":{"self":[{"href":"https:\/\/www.dogtas.at\/new\/wp-json\/wp\/v2\/product\/180820"}],"collection":[{"href":"https:\/\/www.dogtas.at\/new\/wp-json\/wp\/v2\/product"}],"about":[{"href":"https:\/\/www.dogtas.at\/new\/wp-json\/wp\/v2\/types\/product"}],"replies":[{"embeddable":true,"href":"https:\/\/www.dogtas.at\/new\/wp-json\/wp\/v2\/comments?post=180820"}],"wp:featuredmedia":[{"embeddable":true,"href":"https:\/\/www.dogtas.at\/new\/wp-json\/wp\/v2\/media\/180821"}],"wp:attachment":[{"href":"https:\/\/www.dogtas.at\/new\/wp-json\/wp\/v2\/media?parent=180820"}],"wp:term":[{"taxonomy":"product_cat","embeddable":true,"href":"https:\/\/www.dogtas.at\/new\/wp-json\/wp\/v2\/product_cat?post=180820"},{"taxonomy":"product_tag","embeddable":true,"href":"https:\/\/www.dogtas.at\/new\/wp-json\/wp\/v2\/product_tag?post=180820"}],"curies":[{"name":"wp","href":"https:\/\/api.w.org\/{rel}","templated":true}]}}