{"id":182552,"date":"2021-01-07T23:38:39","date_gmt":"2021-01-07T22:38:39","guid":{"rendered":"http:\/\/www.dogtas.at\/new\/?post_type=product&#038;p=182552"},"modified":"2021-09-07T15:02:34","modified_gmt":"2021-09-07T13:02:34","slug":"larina-esszimmer","status":"publish","type":"product","link":"https:\/\/www.dogtas.at\/new\/produkt\/larina-esszimmer\/","title":{"rendered":"Larina Esszimmer Set"},"content":{"rendered":"<p>Da wir unserer Gesundheit gr\u00f6\u00dfte Aufmerksamkeit schenken, wurde der Larina-Speisesaal komplett gestaltet, w\u00e4hrend die Gesundheit von Ihnen und Ihren Lieben im Vordergrund steht. Der Speisesaal Larina ist frei von gef\u00e4hrlichen und krebserregenden Stoffen und wird sicherlich Ihr neuer Lieblingsplatz sein, um au\u00dfergew\u00f6hnliche Erinnerungen mit Ihrem engsten Kreis zu schaffen.<\/p>\n<p>Cabrio-Tischplatte und weicher Verschluss an speziell f\u00fcr Sie entwickelten Schrankt\u00fcren. Als Dogtas geben wir immer einen \u00fcberlegenen Wert f\u00fcr Ihren Frieden.<\/p>\n","protected":false},"excerpt":{"rendered":"<p>Da wir unserer Gesundheit gr\u00f6\u00dfte Aufmerksamkeit schenken, wurde der Larina-Speisesaal komplett gestaltet, w\u00e4hrend die Gesundheit von Ihnen und Ihren Lieben<\/p>\n","protected":false},"featured_media":182553,"comment_status":"open","ping_status":"closed","template":"","meta":{"_joinchat":[]},"product_cat":[6245,532],"product_tag":[6265,6266],"yoast_head":"<!-- This site is optimized with the Yoast SEO plugin v19.13 - https:\/\/yoast.com\/wordpress\/plugins\/seo\/ -->\n<title>Larina Esszimmer Set - Dogtas - Qualit\u00e4t f\u00fchlen!<\/title>\n<meta name=\"robots\" content=\"index, follow, max-snippet:-1, max-image-preview:large, max-video-preview:-1\" \/>\n<link rel=\"canonical\" href=\"https:\/\/www.dogtas.at\/new\/produkt\/larina-esszimmer\/\" \/>\n<meta property=\"og:locale\" content=\"de_DE\" \/>\n<meta property=\"og:type\" content=\"article\" \/>\n<meta property=\"og:title\" content=\"Larina Esszimmer Set - Dogtas - Qualit\u00e4t f\u00fchlen!\" \/>\n<meta property=\"og:description\" content=\"Da wir unserer Gesundheit gr\u00f6\u00dfte Aufmerksamkeit schenken, wurde der Larina-Speisesaal komplett gestaltet, w\u00e4hrend die Gesundheit von Ihnen und Ihren Lieben\" \/>\n<meta property=\"og:url\" content=\"https:\/\/www.dogtas.at\/new\/produkt\/larina-esszimmer\/\" \/>\n<meta property=\"og:site_name\" content=\"Dogtas - Qualit\u00e4t f\u00fchlen!\" \/>\n<meta property=\"article:publisher\" content=\"https:\/\/www.facebook.com\/saloniwien\" \/>\n<meta property=\"article:modified_time\" content=\"2021-09-07T13:02:34+00:00\" \/>\n<meta property=\"og:image\" content=\"https:\/\/www.dogtas.at\/new\/wp-content\/uploads\/Layer-Esszimmer.png\" \/>\n\t<meta property=\"og:image:width\" content=\"1500\" \/>\n\t<meta property=\"og:image:height\" content=\"1500\" \/>\n\t<meta property=\"og:image:type\" content=\"image\/png\" \/>\n<meta name=\"twitter:card\" content=\"summary_large_image\" \/>\n<script type=\"application\/ld+json\" class=\"yoast-schema-graph\">{\"@context\":\"https:\/\/schema.org\",\"@graph\":[{\"@type\":\"WebPage\",\"@id\":\"https:\/\/www.dogtas.at\/new\/produkt\/larina-esszimmer\/\",\"url\":\"https:\/\/www.dogtas.at\/new\/produkt\/larina-esszimmer\/\",\"name\":\"Larina Esszimmer Set - Dogtas - Qualit\u00e4t f\u00fchlen!\",\"isPartOf\":{\"@id\":\"https:\/\/www.dogtas.at\/new\/#website\"},\"datePublished\":\"2021-01-07T22:38:39+00:00\",\"dateModified\":\"2021-09-07T13:02:34+00:00\",\"breadcrumb\":{\"@id\":\"https:\/\/www.dogtas.at\/new\/produkt\/larina-esszimmer\/#breadcrumb\"},\"inLanguage\":\"de\",\"potentialAction\":[{\"@type\":\"ReadAction\",\"target\":[\"https:\/\/www.dogtas.at\/new\/produkt\/larina-esszimmer\/\"]}]},{\"@type\":\"BreadcrumbList\",\"@id\":\"https:\/\/www.dogtas.at\/new\/produkt\/larina-esszimmer\/#breadcrumb\",\"itemListElement\":[{\"@type\":\"ListItem\",\"position\":1,\"name\":\"Startseite\",\"item\":\"https:\/\/www.dogtas.at\/new\/\"},{\"@type\":\"ListItem\",\"position\":2,\"name\":\"Shop\",\"item\":\"https:\/\/www.dogtas.at\/new\/shop\/\"},{\"@type\":\"ListItem\",\"position\":3,\"name\":\"Larina Esszimmer Set\"}]},{\"@type\":\"WebSite\",\"@id\":\"https:\/\/www.dogtas.at\/new\/#website\",\"url\":\"https:\/\/www.dogtas.at\/new\/\",\"name\":\"Dogtas - Qualit\u00e4t f\u00fchlen!\",\"description\":\"Qualit\u00e4t f\u00fchlen!\",\"potentialAction\":[{\"@type\":\"SearchAction\",\"target\":{\"@type\":\"EntryPoint\",\"urlTemplate\":\"https:\/\/www.dogtas.at\/new\/?s={search_term_string}\"},\"query-input\":\"required name=search_term_string\"}],\"inLanguage\":\"de\"}]}<\/script>\n<!-- \/ Yoast SEO plugin. -->","yoast_head_json":{"title":"Larina Esszimmer Set - Dogtas - Qualit\u00e4t f\u00fchlen!","robots":{"index":"index","follow":"follow","max-snippet":"max-snippet:-1","max-image-preview":"max-image-preview:large","max-video-preview":"max-video-preview:-1"},"canonical":"https:\/\/www.dogtas.at\/new\/produkt\/larina-esszimmer\/","og_locale":"de_DE","og_type":"article","og_title":"Larina Esszimmer Set - Dogtas - Qualit\u00e4t f\u00fchlen!","og_description":"Da wir unserer Gesundheit gr\u00f6\u00dfte Aufmerksamkeit schenken, wurde der Larina-Speisesaal komplett gestaltet, w\u00e4hrend die Gesundheit von Ihnen und Ihren Lieben","og_url":"https:\/\/www.dogtas.at\/new\/produkt\/larina-esszimmer\/","og_site_name":"Dogtas - Qualit\u00e4t f\u00fchlen!","article_publisher":"https:\/\/www.facebook.com\/saloniwien","article_modified_time":"2021-09-07T13:02:34+00:00","og_image":[{"width":1500,"height":1500,"url":"https:\/\/www.dogtas.at\/new\/wp-content\/uploads\/Layer-Esszimmer.png","type":"image\/png"}],"twitter_card":"summary_large_image","schema":{"@context":"https:\/\/schema.org","@graph":[{"@type":"WebPage","@id":"https:\/\/www.dogtas.at\/new\/produkt\/larina-esszimmer\/","url":"https:\/\/www.dogtas.at\/new\/produkt\/larina-esszimmer\/","name":"Larina Esszimmer Set - Dogtas - Qualit\u00e4t f\u00fchlen!","isPartOf":{"@id":"https:\/\/www.dogtas.at\/new\/#website"},"datePublished":"2021-01-07T22:38:39+00:00","dateModified":"2021-09-07T13:02:34+00:00","breadcrumb":{"@id":"https:\/\/www.dogtas.at\/new\/produkt\/larina-esszimmer\/#breadcrumb"},"inLanguage":"de","potentialAction":[{"@type":"ReadAction","target":["https:\/\/www.dogtas.at\/new\/produkt\/larina-esszimmer\/"]}]},{"@type":"BreadcrumbList","@id":"https:\/\/www.dogtas.at\/new\/produkt\/larina-esszimmer\/#breadcrumb","itemListElement":[{"@type":"ListItem","position":1,"name":"Startseite","item":"https:\/\/www.dogtas.at\/new\/"},{"@type":"ListItem","position":2,"name":"Shop","item":"https:\/\/www.dogtas.at\/new\/shop\/"},{"@type":"ListItem","position":3,"name":"Larina Esszimmer Set"}]},{"@type":"WebSite","@id":"https:\/\/www.dogtas.at\/new\/#website","url":"https:\/\/www.dogtas.at\/new\/","name":"Dogtas - Qualit\u00e4t f\u00fchlen!","description":"Qualit\u00e4t f\u00fchlen!","potentialAction":[{"@type":"SearchAction","target":{"@type":"EntryPoint","urlTemplate":"https:\/\/www.dogtas.at\/new\/?s={search_term_string}"},"query-input":"required name=search_term_string"}],"inLanguage":"de"}]}},"_links":{"self":[{"href":"https:\/\/www.dogtas.at\/new\/wp-json\/wp\/v2\/product\/182552"}],"collection":[{"href":"https:\/\/www.dogtas.at\/new\/wp-json\/wp\/v2\/product"}],"about":[{"href":"https:\/\/www.dogtas.at\/new\/wp-json\/wp\/v2\/types\/product"}],"replies":[{"embeddable":true,"href":"https:\/\/www.dogtas.at\/new\/wp-json\/wp\/v2\/comments?post=182552"}],"wp:featuredmedia":[{"embeddable":true,"href":"https:\/\/www.dogtas.at\/new\/wp-json\/wp\/v2\/media\/182553"}],"wp:attachment":[{"href":"https:\/\/www.dogtas.at\/new\/wp-json\/wp\/v2\/media?parent=182552"}],"wp:term":[{"taxonomy":"product_cat","embeddable":true,"href":"https:\/\/www.dogtas.at\/new\/wp-json\/wp\/v2\/product_cat?post=182552"},{"taxonomy":"product_tag","embeddable":true,"href":"https:\/\/www.dogtas.at\/new\/wp-json\/wp\/v2\/product_tag?post=182552"}],"curies":[{"name":"wp","href":"https:\/\/api.w.org\/{rel}","templated":true}]}}