{"id":183113,"date":"2021-01-09T13:31:17","date_gmt":"2021-01-09T12:31:17","guid":{"rendered":"http:\/\/www.dogtas.at\/new\/?post_type=product&#038;p=183113"},"modified":"2021-09-07T15:09:07","modified_gmt":"2021-09-07T13:09:07","slug":"valentin-esszimmer-set","status":"publish","type":"product","link":"https:\/\/www.dogtas.at\/new\/produkt\/valentin-esszimmer-set\/","title":{"rendered":"Valentin Esszimmer Set"},"content":{"rendered":"<p>Obwohl jedes Zimmer ein eigener Wohnraum ist, braucht das Esszimmer einen etwas schickeren Touch als die anderen. Hier k\u00f6nnen Sie Ihre wichtigsten G\u00e4ste zum Abendessen oder Ihre engsten Freunde haben.<\/p>\n<p>Das Valentin Dining Room Set verspricht Ihnen die gro\u00dfartige Kombination aus Chic und Klasse. W\u00e4hrend das Hauptprodukt der herrliche Walnussbaum ist, gibt es Goldfutter und Details, die perfekt zum Design und zur Struktur des Sets passen. Valentin gibt Ihnen nicht nur die gute Sicht f\u00fcr die Augen, sondern bringt auch die Praktikabilit\u00e4t in Ihr Esszimmer. Je nach Raum k\u00f6nnen Sie einen ausziehbaren Esstisch oder einen festen Esstisch w\u00e4hlen. Mit zwei bedruckten und vier einfach gefertigten Stuhlsets sp\u00fcren Sie au\u00dferdem, wie die schicke Energie steigt.<\/p>\n<p>Vergiss nicht, das ist deine Welt und du bist der Architekt! Das Valentin Dining Room Set wird Ihr bestes Kunstwerk sein!<\/p>\n","protected":false},"excerpt":{"rendered":"<p>Obwohl jedes Zimmer ein eigener Wohnraum ist, braucht das Esszimmer einen etwas schickeren Touch als die anderen. Hier k\u00f6nnen Sie<\/p>\n","protected":false},"featured_media":183114,"comment_status":"open","ping_status":"closed","template":"","meta":{"_joinchat":[]},"product_cat":[6245,532],"product_tag":[6064,6274],"yoast_head":"<!-- This site is optimized with the Yoast SEO plugin v19.13 - https:\/\/yoast.com\/wordpress\/plugins\/seo\/ -->\n<title>Valentin Esszimmer Set - Dogtas - Qualit\u00e4t f\u00fchlen!<\/title>\n<meta name=\"robots\" content=\"index, follow, max-snippet:-1, max-image-preview:large, max-video-preview:-1\" \/>\n<link rel=\"canonical\" href=\"https:\/\/www.dogtas.at\/new\/produkt\/valentin-esszimmer-set\/\" \/>\n<meta property=\"og:locale\" content=\"de_DE\" \/>\n<meta property=\"og:type\" content=\"article\" \/>\n<meta property=\"og:title\" content=\"Valentin Esszimmer Set - Dogtas - Qualit\u00e4t f\u00fchlen!\" \/>\n<meta property=\"og:description\" content=\"Obwohl jedes Zimmer ein eigener Wohnraum ist, braucht das Esszimmer einen etwas schickeren Touch als die anderen. Hier k\u00f6nnen Sie\" \/>\n<meta property=\"og:url\" content=\"https:\/\/www.dogtas.at\/new\/produkt\/valentin-esszimmer-set\/\" \/>\n<meta property=\"og:site_name\" content=\"Dogtas - Qualit\u00e4t f\u00fchlen!\" \/>\n<meta property=\"article:publisher\" content=\"https:\/\/www.facebook.com\/saloniwien\" \/>\n<meta property=\"article:modified_time\" content=\"2021-09-07T13:09:07+00:00\" \/>\n<meta property=\"og:image\" content=\"https:\/\/www.dogtas.at\/new\/wp-content\/uploads\/Valentin-Esszimmer.png\" \/>\n\t<meta property=\"og:image:width\" content=\"1500\" \/>\n\t<meta property=\"og:image:height\" content=\"1500\" \/>\n\t<meta property=\"og:image:type\" content=\"image\/png\" \/>\n<meta name=\"twitter:card\" content=\"summary_large_image\" \/>\n<meta name=\"twitter:label1\" content=\"Gesch\u00e4tzte Lesezeit\" \/>\n\t<meta name=\"twitter:data1\" content=\"1\u00a0Minute\" \/>\n<script type=\"application\/ld+json\" class=\"yoast-schema-graph\">{\"@context\":\"https:\/\/schema.org\",\"@graph\":[{\"@type\":\"WebPage\",\"@id\":\"https:\/\/www.dogtas.at\/new\/produkt\/valentin-esszimmer-set\/\",\"url\":\"https:\/\/www.dogtas.at\/new\/produkt\/valentin-esszimmer-set\/\",\"name\":\"Valentin Esszimmer Set - Dogtas - Qualit\u00e4t f\u00fchlen!\",\"isPartOf\":{\"@id\":\"https:\/\/www.dogtas.at\/new\/#website\"},\"datePublished\":\"2021-01-09T12:31:17+00:00\",\"dateModified\":\"2021-09-07T13:09:07+00:00\",\"breadcrumb\":{\"@id\":\"https:\/\/www.dogtas.at\/new\/produkt\/valentin-esszimmer-set\/#breadcrumb\"},\"inLanguage\":\"de\",\"potentialAction\":[{\"@type\":\"ReadAction\",\"target\":[\"https:\/\/www.dogtas.at\/new\/produkt\/valentin-esszimmer-set\/\"]}]},{\"@type\":\"BreadcrumbList\",\"@id\":\"https:\/\/www.dogtas.at\/new\/produkt\/valentin-esszimmer-set\/#breadcrumb\",\"itemListElement\":[{\"@type\":\"ListItem\",\"position\":1,\"name\":\"Startseite\",\"item\":\"https:\/\/www.dogtas.at\/new\/\"},{\"@type\":\"ListItem\",\"position\":2,\"name\":\"Shop\",\"item\":\"https:\/\/www.dogtas.at\/new\/shop\/\"},{\"@type\":\"ListItem\",\"position\":3,\"name\":\"Valentin Esszimmer Set\"}]},{\"@type\":\"WebSite\",\"@id\":\"https:\/\/www.dogtas.at\/new\/#website\",\"url\":\"https:\/\/www.dogtas.at\/new\/\",\"name\":\"Dogtas - Qualit\u00e4t f\u00fchlen!\",\"description\":\"Qualit\u00e4t f\u00fchlen!\",\"potentialAction\":[{\"@type\":\"SearchAction\",\"target\":{\"@type\":\"EntryPoint\",\"urlTemplate\":\"https:\/\/www.dogtas.at\/new\/?s={search_term_string}\"},\"query-input\":\"required name=search_term_string\"}],\"inLanguage\":\"de\"}]}<\/script>\n<!-- \/ Yoast SEO plugin. -->","yoast_head_json":{"title":"Valentin Esszimmer Set - Dogtas - Qualit\u00e4t f\u00fchlen!","robots":{"index":"index","follow":"follow","max-snippet":"max-snippet:-1","max-image-preview":"max-image-preview:large","max-video-preview":"max-video-preview:-1"},"canonical":"https:\/\/www.dogtas.at\/new\/produkt\/valentin-esszimmer-set\/","og_locale":"de_DE","og_type":"article","og_title":"Valentin Esszimmer Set - Dogtas - Qualit\u00e4t f\u00fchlen!","og_description":"Obwohl jedes Zimmer ein eigener Wohnraum ist, braucht das Esszimmer einen etwas schickeren Touch als die anderen. Hier k\u00f6nnen Sie","og_url":"https:\/\/www.dogtas.at\/new\/produkt\/valentin-esszimmer-set\/","og_site_name":"Dogtas - Qualit\u00e4t f\u00fchlen!","article_publisher":"https:\/\/www.facebook.com\/saloniwien","article_modified_time":"2021-09-07T13:09:07+00:00","og_image":[{"width":1500,"height":1500,"url":"https:\/\/www.dogtas.at\/new\/wp-content\/uploads\/Valentin-Esszimmer.png","type":"image\/png"}],"twitter_card":"summary_large_image","twitter_misc":{"Gesch\u00e4tzte Lesezeit":"1\u00a0Minute"},"schema":{"@context":"https:\/\/schema.org","@graph":[{"@type":"WebPage","@id":"https:\/\/www.dogtas.at\/new\/produkt\/valentin-esszimmer-set\/","url":"https:\/\/www.dogtas.at\/new\/produkt\/valentin-esszimmer-set\/","name":"Valentin Esszimmer Set - Dogtas - Qualit\u00e4t f\u00fchlen!","isPartOf":{"@id":"https:\/\/www.dogtas.at\/new\/#website"},"datePublished":"2021-01-09T12:31:17+00:00","dateModified":"2021-09-07T13:09:07+00:00","breadcrumb":{"@id":"https:\/\/www.dogtas.at\/new\/produkt\/valentin-esszimmer-set\/#breadcrumb"},"inLanguage":"de","potentialAction":[{"@type":"ReadAction","target":["https:\/\/www.dogtas.at\/new\/produkt\/valentin-esszimmer-set\/"]}]},{"@type":"BreadcrumbList","@id":"https:\/\/www.dogtas.at\/new\/produkt\/valentin-esszimmer-set\/#breadcrumb","itemListElement":[{"@type":"ListItem","position":1,"name":"Startseite","item":"https:\/\/www.dogtas.at\/new\/"},{"@type":"ListItem","position":2,"name":"Shop","item":"https:\/\/www.dogtas.at\/new\/shop\/"},{"@type":"ListItem","position":3,"name":"Valentin Esszimmer Set"}]},{"@type":"WebSite","@id":"https:\/\/www.dogtas.at\/new\/#website","url":"https:\/\/www.dogtas.at\/new\/","name":"Dogtas - Qualit\u00e4t f\u00fchlen!","description":"Qualit\u00e4t f\u00fchlen!","potentialAction":[{"@type":"SearchAction","target":{"@type":"EntryPoint","urlTemplate":"https:\/\/www.dogtas.at\/new\/?s={search_term_string}"},"query-input":"required name=search_term_string"}],"inLanguage":"de"}]}},"_links":{"self":[{"href":"https:\/\/www.dogtas.at\/new\/wp-json\/wp\/v2\/product\/183113"}],"collection":[{"href":"https:\/\/www.dogtas.at\/new\/wp-json\/wp\/v2\/product"}],"about":[{"href":"https:\/\/www.dogtas.at\/new\/wp-json\/wp\/v2\/types\/product"}],"replies":[{"embeddable":true,"href":"https:\/\/www.dogtas.at\/new\/wp-json\/wp\/v2\/comments?post=183113"}],"wp:featuredmedia":[{"embeddable":true,"href":"https:\/\/www.dogtas.at\/new\/wp-json\/wp\/v2\/media\/183114"}],"wp:attachment":[{"href":"https:\/\/www.dogtas.at\/new\/wp-json\/wp\/v2\/media?parent=183113"}],"wp:term":[{"taxonomy":"product_cat","embeddable":true,"href":"https:\/\/www.dogtas.at\/new\/wp-json\/wp\/v2\/product_cat?post=183113"},{"taxonomy":"product_tag","embeddable":true,"href":"https:\/\/www.dogtas.at\/new\/wp-json\/wp\/v2\/product_tag?post=183113"}],"curies":[{"name":"wp","href":"https:\/\/api.w.org\/{rel}","templated":true}]}}