{"id":183137,"date":"2021-01-09T13:39:59","date_gmt":"2021-01-09T12:39:59","guid":{"rendered":"http:\/\/www.dogtas.at\/new\/?post_type=product&#038;p=183137"},"modified":"2021-09-07T17:48:26","modified_gmt":"2021-09-07T15:48:26","slug":"diamond-esszimmer-set","status":"publish","type":"product","link":"https:\/\/www.dogtas.at\/new\/produkt\/diamond-esszimmer-set\/","title":{"rendered":"Diamond Esszimmer Set"},"content":{"rendered":"<p>Inspiriert vom wundersch\u00f6nen Chaos der Wolkenkratzer des st\u00e4dtischen Lebens und der Authentizit\u00e4t des Leders, kombiniert mit geometrischen Formen, wird das Diamond Dining Room Set Ihr Zuhause in Szene setzen! Elegante Details und Farben, kombiniert mit einfacher Bedienung und Langlebigkeit, sind genau das, was Sie brauchen, egal ob Sie neu einziehen oder nach einer Verj\u00fcngungskur suchen.<\/p>\n<p>Aus erweiterbaren Esstischen, St\u00fchlen im 4er- bis 6er-Set und wundersch\u00f6n geformten Kronleuchtern k\u00f6nnen Sie auch jedes St\u00fcck ausw\u00e4hlen, das Sie je nach den Bed\u00fcrfnissen Ihres Hauses kombinieren m\u00f6chten. Auch wenn Sie nicht genug Platz in Ihrem Essbereich haben, k\u00f6nnen Sie 2 St\u00fchle mit einem Zug kombinieren. Das gesteppte Design verleiht dem Artikel sportliche Eleganz und bringt die Seele in Ihr Esszimmer.<\/p>\n<p>Dieses stilvolle Set wird definitiv alle Wow-Punkte von jedem erhalten, der in Ihr Zuhause kommt. Weitere Informationen finden Sie in unserem vollst\u00e4ndigen Katalog. Gestalten Sie Ihr Esszimmer!<\/p>\n","protected":false},"excerpt":{"rendered":"<p>Inspiriert vom wundersch\u00f6nen Chaos der Wolkenkratzer des st\u00e4dtischen Lebens und der Authentizit\u00e4t des Leders, kombiniert mit geometrischen Formen, wird das<\/p>\n","protected":false},"featured_media":183138,"comment_status":"open","ping_status":"closed","template":"","meta":{"_joinchat":[]},"product_cat":[6245,532],"product_tag":[6142,6275],"yoast_head":"<!-- This site is optimized with the Yoast SEO plugin v19.13 - https:\/\/yoast.com\/wordpress\/plugins\/seo\/ -->\n<title>Diamond Esszimmer Set - Dogtas - Qualit\u00e4t f\u00fchlen!<\/title>\n<meta name=\"robots\" content=\"index, follow, max-snippet:-1, max-image-preview:large, max-video-preview:-1\" \/>\n<link rel=\"canonical\" href=\"https:\/\/www.dogtas.at\/new\/produkt\/diamond-esszimmer-set\/\" \/>\n<meta property=\"og:locale\" content=\"de_DE\" \/>\n<meta property=\"og:type\" content=\"article\" \/>\n<meta property=\"og:title\" content=\"Diamond Esszimmer Set - Dogtas - Qualit\u00e4t f\u00fchlen!\" \/>\n<meta property=\"og:description\" content=\"Inspiriert vom wundersch\u00f6nen Chaos der Wolkenkratzer des st\u00e4dtischen Lebens und der Authentizit\u00e4t des Leders, kombiniert mit geometrischen Formen, wird das\" \/>\n<meta property=\"og:url\" content=\"https:\/\/www.dogtas.at\/new\/produkt\/diamond-esszimmer-set\/\" \/>\n<meta property=\"og:site_name\" content=\"Dogtas - Qualit\u00e4t f\u00fchlen!\" \/>\n<meta property=\"article:publisher\" content=\"https:\/\/www.facebook.com\/saloniwien\" \/>\n<meta property=\"article:modified_time\" content=\"2021-09-07T15:48:26+00:00\" \/>\n<meta property=\"og:image\" content=\"https:\/\/www.dogtas.at\/new\/wp-content\/uploads\/Diamond-Esszimmer-Set.png\" \/>\n\t<meta property=\"og:image:width\" content=\"1500\" \/>\n\t<meta property=\"og:image:height\" content=\"1500\" \/>\n\t<meta property=\"og:image:type\" content=\"image\/png\" \/>\n<meta name=\"twitter:card\" content=\"summary_large_image\" \/>\n<meta name=\"twitter:label1\" content=\"Gesch\u00e4tzte Lesezeit\" \/>\n\t<meta name=\"twitter:data1\" content=\"1\u00a0Minute\" \/>\n<script type=\"application\/ld+json\" class=\"yoast-schema-graph\">{\"@context\":\"https:\/\/schema.org\",\"@graph\":[{\"@type\":\"WebPage\",\"@id\":\"https:\/\/www.dogtas.at\/new\/produkt\/diamond-esszimmer-set\/\",\"url\":\"https:\/\/www.dogtas.at\/new\/produkt\/diamond-esszimmer-set\/\",\"name\":\"Diamond Esszimmer Set - Dogtas - Qualit\u00e4t f\u00fchlen!\",\"isPartOf\":{\"@id\":\"https:\/\/www.dogtas.at\/new\/#website\"},\"datePublished\":\"2021-01-09T12:39:59+00:00\",\"dateModified\":\"2021-09-07T15:48:26+00:00\",\"breadcrumb\":{\"@id\":\"https:\/\/www.dogtas.at\/new\/produkt\/diamond-esszimmer-set\/#breadcrumb\"},\"inLanguage\":\"de\",\"potentialAction\":[{\"@type\":\"ReadAction\",\"target\":[\"https:\/\/www.dogtas.at\/new\/produkt\/diamond-esszimmer-set\/\"]}]},{\"@type\":\"BreadcrumbList\",\"@id\":\"https:\/\/www.dogtas.at\/new\/produkt\/diamond-esszimmer-set\/#breadcrumb\",\"itemListElement\":[{\"@type\":\"ListItem\",\"position\":1,\"name\":\"Startseite\",\"item\":\"https:\/\/www.dogtas.at\/new\/\"},{\"@type\":\"ListItem\",\"position\":2,\"name\":\"Shop\",\"item\":\"https:\/\/www.dogtas.at\/new\/shop\/\"},{\"@type\":\"ListItem\",\"position\":3,\"name\":\"Diamond Esszimmer Set\"}]},{\"@type\":\"WebSite\",\"@id\":\"https:\/\/www.dogtas.at\/new\/#website\",\"url\":\"https:\/\/www.dogtas.at\/new\/\",\"name\":\"Dogtas - Qualit\u00e4t f\u00fchlen!\",\"description\":\"Qualit\u00e4t f\u00fchlen!\",\"potentialAction\":[{\"@type\":\"SearchAction\",\"target\":{\"@type\":\"EntryPoint\",\"urlTemplate\":\"https:\/\/www.dogtas.at\/new\/?s={search_term_string}\"},\"query-input\":\"required name=search_term_string\"}],\"inLanguage\":\"de\"}]}<\/script>\n<!-- \/ Yoast SEO plugin. -->","yoast_head_json":{"title":"Diamond Esszimmer Set - Dogtas - Qualit\u00e4t f\u00fchlen!","robots":{"index":"index","follow":"follow","max-snippet":"max-snippet:-1","max-image-preview":"max-image-preview:large","max-video-preview":"max-video-preview:-1"},"canonical":"https:\/\/www.dogtas.at\/new\/produkt\/diamond-esszimmer-set\/","og_locale":"de_DE","og_type":"article","og_title":"Diamond Esszimmer Set - Dogtas - Qualit\u00e4t f\u00fchlen!","og_description":"Inspiriert vom wundersch\u00f6nen Chaos der Wolkenkratzer des st\u00e4dtischen Lebens und der Authentizit\u00e4t des Leders, kombiniert mit geometrischen Formen, wird das","og_url":"https:\/\/www.dogtas.at\/new\/produkt\/diamond-esszimmer-set\/","og_site_name":"Dogtas - Qualit\u00e4t f\u00fchlen!","article_publisher":"https:\/\/www.facebook.com\/saloniwien","article_modified_time":"2021-09-07T15:48:26+00:00","og_image":[{"width":1500,"height":1500,"url":"https:\/\/www.dogtas.at\/new\/wp-content\/uploads\/Diamond-Esszimmer-Set.png","type":"image\/png"}],"twitter_card":"summary_large_image","twitter_misc":{"Gesch\u00e4tzte Lesezeit":"1\u00a0Minute"},"schema":{"@context":"https:\/\/schema.org","@graph":[{"@type":"WebPage","@id":"https:\/\/www.dogtas.at\/new\/produkt\/diamond-esszimmer-set\/","url":"https:\/\/www.dogtas.at\/new\/produkt\/diamond-esszimmer-set\/","name":"Diamond Esszimmer Set - Dogtas - Qualit\u00e4t f\u00fchlen!","isPartOf":{"@id":"https:\/\/www.dogtas.at\/new\/#website"},"datePublished":"2021-01-09T12:39:59+00:00","dateModified":"2021-09-07T15:48:26+00:00","breadcrumb":{"@id":"https:\/\/www.dogtas.at\/new\/produkt\/diamond-esszimmer-set\/#breadcrumb"},"inLanguage":"de","potentialAction":[{"@type":"ReadAction","target":["https:\/\/www.dogtas.at\/new\/produkt\/diamond-esszimmer-set\/"]}]},{"@type":"BreadcrumbList","@id":"https:\/\/www.dogtas.at\/new\/produkt\/diamond-esszimmer-set\/#breadcrumb","itemListElement":[{"@type":"ListItem","position":1,"name":"Startseite","item":"https:\/\/www.dogtas.at\/new\/"},{"@type":"ListItem","position":2,"name":"Shop","item":"https:\/\/www.dogtas.at\/new\/shop\/"},{"@type":"ListItem","position":3,"name":"Diamond Esszimmer Set"}]},{"@type":"WebSite","@id":"https:\/\/www.dogtas.at\/new\/#website","url":"https:\/\/www.dogtas.at\/new\/","name":"Dogtas - Qualit\u00e4t f\u00fchlen!","description":"Qualit\u00e4t f\u00fchlen!","potentialAction":[{"@type":"SearchAction","target":{"@type":"EntryPoint","urlTemplate":"https:\/\/www.dogtas.at\/new\/?s={search_term_string}"},"query-input":"required name=search_term_string"}],"inLanguage":"de"}]}},"_links":{"self":[{"href":"https:\/\/www.dogtas.at\/new\/wp-json\/wp\/v2\/product\/183137"}],"collection":[{"href":"https:\/\/www.dogtas.at\/new\/wp-json\/wp\/v2\/product"}],"about":[{"href":"https:\/\/www.dogtas.at\/new\/wp-json\/wp\/v2\/types\/product"}],"replies":[{"embeddable":true,"href":"https:\/\/www.dogtas.at\/new\/wp-json\/wp\/v2\/comments?post=183137"}],"wp:featuredmedia":[{"embeddable":true,"href":"https:\/\/www.dogtas.at\/new\/wp-json\/wp\/v2\/media\/183138"}],"wp:attachment":[{"href":"https:\/\/www.dogtas.at\/new\/wp-json\/wp\/v2\/media?parent=183137"}],"wp:term":[{"taxonomy":"product_cat","embeddable":true,"href":"https:\/\/www.dogtas.at\/new\/wp-json\/wp\/v2\/product_cat?post=183137"},{"taxonomy":"product_tag","embeddable":true,"href":"https:\/\/www.dogtas.at\/new\/wp-json\/wp\/v2\/product_tag?post=183137"}],"curies":[{"name":"wp","href":"https:\/\/api.w.org\/{rel}","templated":true}]}}