{"id":183222,"date":"2021-01-09T14:13:11","date_gmt":"2021-01-09T13:13:11","guid":{"rendered":"http:\/\/www.dogtas.at\/new\/?post_type=product&#038;p=183222"},"modified":"2021-03-21T22:20:49","modified_gmt":"2021-03-21T21:20:49","slug":"logan-esszimmer-set","status":"publish","type":"product","link":"https:\/\/www.dogtas.at\/new\/produkt\/logan-esszimmer-set\/","title":{"rendered":"Logan Esszimmer Set"},"content":{"rendered":"<p>Suchen Sie nicht weiter als nach Logan, wenn Sie nach einem dynamischen Esszimmerset suchen, das die raffinierte Essenz von schwarzer \u00c4sthetik und rustikalem Charme vereint. Das Ambiente, das Logan schaffen wird, wird Ihr Familienerlebnis f\u00fcr immer ver\u00e4ndern.<\/p>\n<p>Der rechteckige Tisch ist mit schwarzem Marmor bedruckt und hat eine rauchig geh\u00e4rtete Glasplatte. Er hat ein wundersch\u00f6nes Finish mit massivem Holz, das mit Walnuss beschichtet ist. Dezente Akzente heben den Logan-Speisesaal auf eine andere Ebene, wenn Sie sich die geschwungenen Beine und die handwerkliche Verarbeitung der Polster genauer ansehen.<\/p>\n<p>Platzieren Sie den Logan-Speisesaal in einem gut beleuchteten Bereich, um all seine Sch\u00f6nheit und Details zu entdecken, die Familienessen und Dinnerpartys mit Ihren Lieben aufhellen, und schaffen Sie einen unvergesslichen Treffpunkt in Ihrem Zuhause.<\/p>\n<p>Mit seinem meisterhaften und hochwertigen Design wird das Logan-Esszimmerset jeden Stil oder jedes Dekor Ihres Hauses aufwerten und seine langlebige Konstruktion wird die Zeit auf die Probe stellen. Entdecken Sie Logan jetzt!<\/p>\n","protected":false},"excerpt":{"rendered":"<p>Suchen Sie nicht weiter als nach Logan, wenn Sie nach einem dynamischen Esszimmerset suchen, das die raffinierte Essenz von schwarzer<\/p>\n","protected":false},"featured_media":183223,"comment_status":"open","ping_status":"closed","template":"","meta":{"_joinchat":[]},"product_cat":[6245,532],"product_tag":[6156,6282],"yoast_head":"<!-- This site is optimized with the Yoast SEO plugin v19.13 - https:\/\/yoast.com\/wordpress\/plugins\/seo\/ -->\n<title>Logan Esszimmer Set - Dogtas - Qualit\u00e4t f\u00fchlen!<\/title>\n<meta name=\"robots\" content=\"index, follow, max-snippet:-1, max-image-preview:large, max-video-preview:-1\" \/>\n<link rel=\"canonical\" href=\"https:\/\/www.dogtas.at\/new\/produkt\/logan-esszimmer-set\/\" \/>\n<meta property=\"og:locale\" content=\"de_DE\" \/>\n<meta property=\"og:type\" content=\"article\" \/>\n<meta property=\"og:title\" content=\"Logan Esszimmer Set - Dogtas - Qualit\u00e4t f\u00fchlen!\" \/>\n<meta property=\"og:description\" content=\"Suchen Sie nicht weiter als nach Logan, wenn Sie nach einem dynamischen Esszimmerset suchen, das die raffinierte Essenz von schwarzer\" \/>\n<meta property=\"og:url\" content=\"https:\/\/www.dogtas.at\/new\/produkt\/logan-esszimmer-set\/\" \/>\n<meta property=\"og:site_name\" content=\"Dogtas - Qualit\u00e4t f\u00fchlen!\" \/>\n<meta property=\"article:publisher\" content=\"https:\/\/www.facebook.com\/saloniwien\" \/>\n<meta property=\"article:modified_time\" content=\"2021-03-21T21:20:49+00:00\" \/>\n<meta property=\"og:image\" content=\"https:\/\/www.dogtas.at\/new\/wp-content\/uploads\/Logan-Esszimmer-Set.png\" \/>\n\t<meta property=\"og:image:width\" content=\"1500\" \/>\n\t<meta property=\"og:image:height\" content=\"1500\" \/>\n\t<meta property=\"og:image:type\" content=\"image\/png\" \/>\n<meta name=\"twitter:card\" content=\"summary_large_image\" \/>\n<meta name=\"twitter:label1\" content=\"Gesch\u00e4tzte Lesezeit\" \/>\n\t<meta name=\"twitter:data1\" content=\"1\u00a0Minute\" \/>\n<script type=\"application\/ld+json\" class=\"yoast-schema-graph\">{\"@context\":\"https:\/\/schema.org\",\"@graph\":[{\"@type\":\"WebPage\",\"@id\":\"https:\/\/www.dogtas.at\/new\/produkt\/logan-esszimmer-set\/\",\"url\":\"https:\/\/www.dogtas.at\/new\/produkt\/logan-esszimmer-set\/\",\"name\":\"Logan Esszimmer Set - Dogtas - Qualit\u00e4t f\u00fchlen!\",\"isPartOf\":{\"@id\":\"https:\/\/www.dogtas.at\/new\/#website\"},\"datePublished\":\"2021-01-09T13:13:11+00:00\",\"dateModified\":\"2021-03-21T21:20:49+00:00\",\"breadcrumb\":{\"@id\":\"https:\/\/www.dogtas.at\/new\/produkt\/logan-esszimmer-set\/#breadcrumb\"},\"inLanguage\":\"de\",\"potentialAction\":[{\"@type\":\"ReadAction\",\"target\":[\"https:\/\/www.dogtas.at\/new\/produkt\/logan-esszimmer-set\/\"]}]},{\"@type\":\"BreadcrumbList\",\"@id\":\"https:\/\/www.dogtas.at\/new\/produkt\/logan-esszimmer-set\/#breadcrumb\",\"itemListElement\":[{\"@type\":\"ListItem\",\"position\":1,\"name\":\"Startseite\",\"item\":\"https:\/\/www.dogtas.at\/new\/\"},{\"@type\":\"ListItem\",\"position\":2,\"name\":\"Shop\",\"item\":\"https:\/\/www.dogtas.at\/new\/shop\/\"},{\"@type\":\"ListItem\",\"position\":3,\"name\":\"Logan Esszimmer Set\"}]},{\"@type\":\"WebSite\",\"@id\":\"https:\/\/www.dogtas.at\/new\/#website\",\"url\":\"https:\/\/www.dogtas.at\/new\/\",\"name\":\"Dogtas - Qualit\u00e4t f\u00fchlen!\",\"description\":\"Qualit\u00e4t f\u00fchlen!\",\"potentialAction\":[{\"@type\":\"SearchAction\",\"target\":{\"@type\":\"EntryPoint\",\"urlTemplate\":\"https:\/\/www.dogtas.at\/new\/?s={search_term_string}\"},\"query-input\":\"required name=search_term_string\"}],\"inLanguage\":\"de\"}]}<\/script>\n<!-- \/ Yoast SEO plugin. -->","yoast_head_json":{"title":"Logan Esszimmer Set - Dogtas - Qualit\u00e4t f\u00fchlen!","robots":{"index":"index","follow":"follow","max-snippet":"max-snippet:-1","max-image-preview":"max-image-preview:large","max-video-preview":"max-video-preview:-1"},"canonical":"https:\/\/www.dogtas.at\/new\/produkt\/logan-esszimmer-set\/","og_locale":"de_DE","og_type":"article","og_title":"Logan Esszimmer Set - Dogtas - Qualit\u00e4t f\u00fchlen!","og_description":"Suchen Sie nicht weiter als nach Logan, wenn Sie nach einem dynamischen Esszimmerset suchen, das die raffinierte Essenz von schwarzer","og_url":"https:\/\/www.dogtas.at\/new\/produkt\/logan-esszimmer-set\/","og_site_name":"Dogtas - Qualit\u00e4t f\u00fchlen!","article_publisher":"https:\/\/www.facebook.com\/saloniwien","article_modified_time":"2021-03-21T21:20:49+00:00","og_image":[{"width":1500,"height":1500,"url":"https:\/\/www.dogtas.at\/new\/wp-content\/uploads\/Logan-Esszimmer-Set.png","type":"image\/png"}],"twitter_card":"summary_large_image","twitter_misc":{"Gesch\u00e4tzte Lesezeit":"1\u00a0Minute"},"schema":{"@context":"https:\/\/schema.org","@graph":[{"@type":"WebPage","@id":"https:\/\/www.dogtas.at\/new\/produkt\/logan-esszimmer-set\/","url":"https:\/\/www.dogtas.at\/new\/produkt\/logan-esszimmer-set\/","name":"Logan Esszimmer Set - Dogtas - Qualit\u00e4t f\u00fchlen!","isPartOf":{"@id":"https:\/\/www.dogtas.at\/new\/#website"},"datePublished":"2021-01-09T13:13:11+00:00","dateModified":"2021-03-21T21:20:49+00:00","breadcrumb":{"@id":"https:\/\/www.dogtas.at\/new\/produkt\/logan-esszimmer-set\/#breadcrumb"},"inLanguage":"de","potentialAction":[{"@type":"ReadAction","target":["https:\/\/www.dogtas.at\/new\/produkt\/logan-esszimmer-set\/"]}]},{"@type":"BreadcrumbList","@id":"https:\/\/www.dogtas.at\/new\/produkt\/logan-esszimmer-set\/#breadcrumb","itemListElement":[{"@type":"ListItem","position":1,"name":"Startseite","item":"https:\/\/www.dogtas.at\/new\/"},{"@type":"ListItem","position":2,"name":"Shop","item":"https:\/\/www.dogtas.at\/new\/shop\/"},{"@type":"ListItem","position":3,"name":"Logan Esszimmer Set"}]},{"@type":"WebSite","@id":"https:\/\/www.dogtas.at\/new\/#website","url":"https:\/\/www.dogtas.at\/new\/","name":"Dogtas - Qualit\u00e4t f\u00fchlen!","description":"Qualit\u00e4t f\u00fchlen!","potentialAction":[{"@type":"SearchAction","target":{"@type":"EntryPoint","urlTemplate":"https:\/\/www.dogtas.at\/new\/?s={search_term_string}"},"query-input":"required name=search_term_string"}],"inLanguage":"de"}]}},"_links":{"self":[{"href":"https:\/\/www.dogtas.at\/new\/wp-json\/wp\/v2\/product\/183222"}],"collection":[{"href":"https:\/\/www.dogtas.at\/new\/wp-json\/wp\/v2\/product"}],"about":[{"href":"https:\/\/www.dogtas.at\/new\/wp-json\/wp\/v2\/types\/product"}],"replies":[{"embeddable":true,"href":"https:\/\/www.dogtas.at\/new\/wp-json\/wp\/v2\/comments?post=183222"}],"wp:featuredmedia":[{"embeddable":true,"href":"https:\/\/www.dogtas.at\/new\/wp-json\/wp\/v2\/media\/183223"}],"wp:attachment":[{"href":"https:\/\/www.dogtas.at\/new\/wp-json\/wp\/v2\/media?parent=183222"}],"wp:term":[{"taxonomy":"product_cat","embeddable":true,"href":"https:\/\/www.dogtas.at\/new\/wp-json\/wp\/v2\/product_cat?post=183222"},{"taxonomy":"product_tag","embeddable":true,"href":"https:\/\/www.dogtas.at\/new\/wp-json\/wp\/v2\/product_tag?post=183222"}],"curies":[{"name":"wp","href":"https:\/\/api.w.org\/{rel}","templated":true}]}}