{"id":183618,"date":"2021-01-10T11:49:56","date_gmt":"2021-01-10T10:49:56","guid":{"rendered":"http:\/\/www.dogtas.at\/new\/?post_type=product&#038;p=183618"},"modified":"2022-01-19T11:08:55","modified_gmt":"2022-01-19T10:08:55","slug":"clara-schlafzimmer-set","status":"publish","type":"product","link":"https:\/\/www.dogtas.at\/new\/produkt\/clara-schlafzimmer-set\/","title":{"rendered":"Clara Schlafzimmer Set"},"content":{"rendered":"<p>Wenn Sie an einen Herbsttag denken, stellen Sie sich wahrscheinlich vor, wie Sie Ihren Lieblingsfilm mit einem hei\u00dfen Getr\u00e4nk in der Hand ansehen. Mit Clara Bedroom Set k\u00f6nnen Sie diesen ruhigen Moment in Ihr Schlafzimmer tragen.<\/p>\n<p>Unabh\u00e4ngig von der Gr\u00f6\u00dfe Ihres Schlafzimmers passen sich die Clara-Schlafzimmer-Versatzst\u00fccke an. Das Set besteht aus einem 2-t\u00fcrigen Kleiderschrank, einem 2-t\u00fcrigen Schiebeschrank, einem 3-t\u00fcrigen Kleiderschrank, einem 5-t\u00fcrigen Kleiderschrank, einem Eckschrank, einer Kommode, einem Konsolen-Kommode-Spiegel-Set, einem Bettgestell, einem Bettgestell mit Sockel und einem Nachttisch. So k\u00f6nnen Sie je nach den Bed\u00fcrfnissen Ihres Schlafzimmers zwischen ihnen w\u00e4hlen und Teile kombinieren, die am besten zu Ihrem Schlafzimmer passen.<\/p>\n<p>Sobald Sie Ihr Schlafzimmer mit Clara Bedroom Set eingerichtet haben, werden Sie sich zufrieden f\u00fchlen, wenn Sie ein Schlafzimmer betreten, das voller Klasse und Chinesisch ist. Au\u00dferdem kann das Set mit dekorativen Objekten erg\u00e4nzt werden, unabh\u00e4ngig von ihrer Farbe. Weil das klassische Holzdesign es erlaubt!<\/p>\n<p>Jetzt sind Sie an der Reihe, Clara Bedroom Set zu entdecken!<\/p>\n","protected":false},"excerpt":{"rendered":"<p>Wenn Sie an einen Herbsttag denken, stellen Sie sich wahrscheinlich vor, wie Sie Ihren Lieblingsfilm mit einem hei\u00dfen Getr\u00e4nk in<\/p>\n","protected":false},"featured_media":183628,"comment_status":"open","ping_status":"closed","template":"","meta":{"_joinchat":[]},"product_cat":[200,6247],"product_tag":[6017,6018],"yoast_head":"<!-- This site is optimized with the Yoast SEO plugin v19.13 - https:\/\/yoast.com\/wordpress\/plugins\/seo\/ -->\n<title>Clara Schlafzimmer Set - Dogtas - Qualit\u00e4t f\u00fchlen!<\/title>\n<meta name=\"robots\" content=\"index, follow, max-snippet:-1, max-image-preview:large, max-video-preview:-1\" \/>\n<link rel=\"canonical\" href=\"https:\/\/www.dogtas.at\/new\/produkt\/clara-schlafzimmer-set\/\" \/>\n<meta property=\"og:locale\" content=\"de_DE\" \/>\n<meta property=\"og:type\" content=\"article\" \/>\n<meta property=\"og:title\" content=\"Clara Schlafzimmer Set - Dogtas - Qualit\u00e4t f\u00fchlen!\" \/>\n<meta property=\"og:description\" content=\"Wenn Sie an einen Herbsttag denken, stellen Sie sich wahrscheinlich vor, wie Sie Ihren Lieblingsfilm mit einem hei\u00dfen Getr\u00e4nk in\" \/>\n<meta property=\"og:url\" content=\"https:\/\/www.dogtas.at\/new\/produkt\/clara-schlafzimmer-set\/\" \/>\n<meta property=\"og:site_name\" content=\"Dogtas - Qualit\u00e4t f\u00fchlen!\" \/>\n<meta property=\"article:publisher\" content=\"https:\/\/www.facebook.com\/saloniwien\" \/>\n<meta property=\"article:modified_time\" content=\"2022-01-19T10:08:55+00:00\" \/>\n<meta property=\"og:image\" content=\"https:\/\/www.dogtas.at\/new\/wp-content\/uploads\/clara-schlafzimmer-pro.png\" \/>\n\t<meta property=\"og:image:width\" content=\"1500\" \/>\n\t<meta property=\"og:image:height\" content=\"1500\" \/>\n\t<meta property=\"og:image:type\" content=\"image\/png\" \/>\n<meta name=\"twitter:card\" content=\"summary_large_image\" \/>\n<meta name=\"twitter:label1\" content=\"Gesch\u00e4tzte Lesezeit\" \/>\n\t<meta name=\"twitter:data1\" content=\"1\u00a0Minute\" \/>\n<script type=\"application\/ld+json\" class=\"yoast-schema-graph\">{\"@context\":\"https:\/\/schema.org\",\"@graph\":[{\"@type\":\"WebPage\",\"@id\":\"https:\/\/www.dogtas.at\/new\/produkt\/clara-schlafzimmer-set\/\",\"url\":\"https:\/\/www.dogtas.at\/new\/produkt\/clara-schlafzimmer-set\/\",\"name\":\"Clara Schlafzimmer Set - Dogtas - Qualit\u00e4t f\u00fchlen!\",\"isPartOf\":{\"@id\":\"https:\/\/www.dogtas.at\/new\/#website\"},\"datePublished\":\"2021-01-10T10:49:56+00:00\",\"dateModified\":\"2022-01-19T10:08:55+00:00\",\"breadcrumb\":{\"@id\":\"https:\/\/www.dogtas.at\/new\/produkt\/clara-schlafzimmer-set\/#breadcrumb\"},\"inLanguage\":\"de\",\"potentialAction\":[{\"@type\":\"ReadAction\",\"target\":[\"https:\/\/www.dogtas.at\/new\/produkt\/clara-schlafzimmer-set\/\"]}]},{\"@type\":\"BreadcrumbList\",\"@id\":\"https:\/\/www.dogtas.at\/new\/produkt\/clara-schlafzimmer-set\/#breadcrumb\",\"itemListElement\":[{\"@type\":\"ListItem\",\"position\":1,\"name\":\"Startseite\",\"item\":\"https:\/\/www.dogtas.at\/new\/\"},{\"@type\":\"ListItem\",\"position\":2,\"name\":\"Shop\",\"item\":\"https:\/\/www.dogtas.at\/new\/shop\/\"},{\"@type\":\"ListItem\",\"position\":3,\"name\":\"Clara Schlafzimmer Set\"}]},{\"@type\":\"WebSite\",\"@id\":\"https:\/\/www.dogtas.at\/new\/#website\",\"url\":\"https:\/\/www.dogtas.at\/new\/\",\"name\":\"Dogtas - Qualit\u00e4t f\u00fchlen!\",\"description\":\"Qualit\u00e4t f\u00fchlen!\",\"potentialAction\":[{\"@type\":\"SearchAction\",\"target\":{\"@type\":\"EntryPoint\",\"urlTemplate\":\"https:\/\/www.dogtas.at\/new\/?s={search_term_string}\"},\"query-input\":\"required name=search_term_string\"}],\"inLanguage\":\"de\"}]}<\/script>\n<!-- \/ Yoast SEO plugin. -->","yoast_head_json":{"title":"Clara Schlafzimmer Set - Dogtas - Qualit\u00e4t f\u00fchlen!","robots":{"index":"index","follow":"follow","max-snippet":"max-snippet:-1","max-image-preview":"max-image-preview:large","max-video-preview":"max-video-preview:-1"},"canonical":"https:\/\/www.dogtas.at\/new\/produkt\/clara-schlafzimmer-set\/","og_locale":"de_DE","og_type":"article","og_title":"Clara Schlafzimmer Set - Dogtas - Qualit\u00e4t f\u00fchlen!","og_description":"Wenn Sie an einen Herbsttag denken, stellen Sie sich wahrscheinlich vor, wie Sie Ihren Lieblingsfilm mit einem hei\u00dfen Getr\u00e4nk in","og_url":"https:\/\/www.dogtas.at\/new\/produkt\/clara-schlafzimmer-set\/","og_site_name":"Dogtas - Qualit\u00e4t f\u00fchlen!","article_publisher":"https:\/\/www.facebook.com\/saloniwien","article_modified_time":"2022-01-19T10:08:55+00:00","og_image":[{"width":1500,"height":1500,"url":"https:\/\/www.dogtas.at\/new\/wp-content\/uploads\/clara-schlafzimmer-pro.png","type":"image\/png"}],"twitter_card":"summary_large_image","twitter_misc":{"Gesch\u00e4tzte Lesezeit":"1\u00a0Minute"},"schema":{"@context":"https:\/\/schema.org","@graph":[{"@type":"WebPage","@id":"https:\/\/www.dogtas.at\/new\/produkt\/clara-schlafzimmer-set\/","url":"https:\/\/www.dogtas.at\/new\/produkt\/clara-schlafzimmer-set\/","name":"Clara Schlafzimmer Set - Dogtas - Qualit\u00e4t f\u00fchlen!","isPartOf":{"@id":"https:\/\/www.dogtas.at\/new\/#website"},"datePublished":"2021-01-10T10:49:56+00:00","dateModified":"2022-01-19T10:08:55+00:00","breadcrumb":{"@id":"https:\/\/www.dogtas.at\/new\/produkt\/clara-schlafzimmer-set\/#breadcrumb"},"inLanguage":"de","potentialAction":[{"@type":"ReadAction","target":["https:\/\/www.dogtas.at\/new\/produkt\/clara-schlafzimmer-set\/"]}]},{"@type":"BreadcrumbList","@id":"https:\/\/www.dogtas.at\/new\/produkt\/clara-schlafzimmer-set\/#breadcrumb","itemListElement":[{"@type":"ListItem","position":1,"name":"Startseite","item":"https:\/\/www.dogtas.at\/new\/"},{"@type":"ListItem","position":2,"name":"Shop","item":"https:\/\/www.dogtas.at\/new\/shop\/"},{"@type":"ListItem","position":3,"name":"Clara Schlafzimmer Set"}]},{"@type":"WebSite","@id":"https:\/\/www.dogtas.at\/new\/#website","url":"https:\/\/www.dogtas.at\/new\/","name":"Dogtas - Qualit\u00e4t f\u00fchlen!","description":"Qualit\u00e4t f\u00fchlen!","potentialAction":[{"@type":"SearchAction","target":{"@type":"EntryPoint","urlTemplate":"https:\/\/www.dogtas.at\/new\/?s={search_term_string}"},"query-input":"required name=search_term_string"}],"inLanguage":"de"}]}},"_links":{"self":[{"href":"https:\/\/www.dogtas.at\/new\/wp-json\/wp\/v2\/product\/183618"}],"collection":[{"href":"https:\/\/www.dogtas.at\/new\/wp-json\/wp\/v2\/product"}],"about":[{"href":"https:\/\/www.dogtas.at\/new\/wp-json\/wp\/v2\/types\/product"}],"replies":[{"embeddable":true,"href":"https:\/\/www.dogtas.at\/new\/wp-json\/wp\/v2\/comments?post=183618"}],"wp:featuredmedia":[{"embeddable":true,"href":"https:\/\/www.dogtas.at\/new\/wp-json\/wp\/v2\/media\/183628"}],"wp:attachment":[{"href":"https:\/\/www.dogtas.at\/new\/wp-json\/wp\/v2\/media?parent=183618"}],"wp:term":[{"taxonomy":"product_cat","embeddable":true,"href":"https:\/\/www.dogtas.at\/new\/wp-json\/wp\/v2\/product_cat?post=183618"},{"taxonomy":"product_tag","embeddable":true,"href":"https:\/\/www.dogtas.at\/new\/wp-json\/wp\/v2\/product_tag?post=183618"}],"curies":[{"name":"wp","href":"https:\/\/api.w.org\/{rel}","templated":true}]}}