{"id":183716,"date":"2021-01-10T12:36:12","date_gmt":"2021-01-10T11:36:12","guid":{"rendered":"http:\/\/www.dogtas.at\/new\/?post_type=product&#038;p=183716"},"modified":"2021-09-09T17:21:36","modified_gmt":"2021-09-09T15:21:36","slug":"matilda-schlafzimmer-set","status":"publish","type":"product","link":"https:\/\/www.dogtas.at\/new\/produkt\/matilda-schlafzimmer-set\/","title":{"rendered":"Matilda Schlafzimmer Set"},"content":{"rendered":"<p>Waschtisch, Nachttisch, Kommode, Bett, Waschtisch, Lampe und Schr\u00e4nke sind sorgf\u00e4ltig mit hochwertigem Material und Details gestaltet. Mit seinen trendigen Farben und der Mathilda-Kollektion bietet es viel Stauraum und einen weichen Verschlussmechanismus. Durch das Verriegeln des Mechanismus k\u00fcmmert sich das Mathilda-Schlafzimmer um Ihren Komfort und Ihre Gesundheit. Lederdetails rund um das Bett und den Waschtisch bieten Luxus und dennoch modernen Stil.<\/p>\n<p>Walnussfarbt\u00f6ne, die in der gesamten Kollektion verk\u00f6rpert sind, indem eine perfekt ausbalancierte Farbpalette geschaffen wird, die zeitlos und exquisit ist.<\/p>\n","protected":false},"excerpt":{"rendered":"<p>Waschtisch, Nachttisch, Kommode, Bett, Waschtisch, Lampe und Schr\u00e4nke sind sorgf\u00e4ltig mit hochwertigem Material und Details gestaltet. Mit seinen trendigen Farben<\/p>\n","protected":false},"featured_media":183727,"comment_status":"open","ping_status":"closed","template":"","meta":{"_joinchat":[]},"product_cat":[200,6247],"product_tag":[6150,6290],"yoast_head":"<!-- This site is optimized with the Yoast SEO plugin v19.13 - https:\/\/yoast.com\/wordpress\/plugins\/seo\/ -->\n<title>Matilda Schlafzimmer Set - Dogtas - Qualit\u00e4t f\u00fchlen!<\/title>\n<meta name=\"robots\" content=\"index, follow, max-snippet:-1, max-image-preview:large, max-video-preview:-1\" \/>\n<link rel=\"canonical\" href=\"http:\/\/www.dogtas.at\/new\/produkt\/matilda-schlafzimmer-set\/\" \/>\n<meta property=\"og:locale\" content=\"de_DE\" \/>\n<meta property=\"og:type\" content=\"article\" \/>\n<meta property=\"og:title\" content=\"Matilda Schlafzimmer Set - Dogtas - Qualit\u00e4t f\u00fchlen!\" \/>\n<meta property=\"og:description\" content=\"Waschtisch, Nachttisch, Kommode, Bett, Waschtisch, Lampe und Schr\u00e4nke sind sorgf\u00e4ltig mit hochwertigem Material und Details gestaltet. Mit seinen trendigen Farben\" \/>\n<meta property=\"og:url\" content=\"http:\/\/www.dogtas.at\/new\/produkt\/matilda-schlafzimmer-set\/\" \/>\n<meta property=\"og:site_name\" content=\"Dogtas - Qualit\u00e4t f\u00fchlen!\" \/>\n<meta property=\"article:publisher\" content=\"https:\/\/www.facebook.com\/saloniwien\" \/>\n<meta property=\"article:modified_time\" content=\"2021-09-09T15:21:36+00:00\" \/>\n<meta property=\"og:image\" content=\"http:\/\/www.dogtas.at\/new\/wp-content\/uploads\/Matilda-Schlafzimmer-pr.png\" \/>\n\t<meta property=\"og:image:width\" content=\"1500\" \/>\n\t<meta property=\"og:image:height\" content=\"1500\" \/>\n\t<meta property=\"og:image:type\" content=\"image\/png\" \/>\n<meta name=\"twitter:card\" content=\"summary_large_image\" \/>\n<script type=\"application\/ld+json\" class=\"yoast-schema-graph\">{\"@context\":\"https:\/\/schema.org\",\"@graph\":[{\"@type\":\"WebPage\",\"@id\":\"http:\/\/www.dogtas.at\/new\/produkt\/matilda-schlafzimmer-set\/\",\"url\":\"http:\/\/www.dogtas.at\/new\/produkt\/matilda-schlafzimmer-set\/\",\"name\":\"Matilda Schlafzimmer Set - Dogtas - Qualit\u00e4t f\u00fchlen!\",\"isPartOf\":{\"@id\":\"http:\/\/www.dogtas.at\/new\/#website\"},\"datePublished\":\"2021-01-10T11:36:12+00:00\",\"dateModified\":\"2021-09-09T15:21:36+00:00\",\"breadcrumb\":{\"@id\":\"http:\/\/www.dogtas.at\/new\/produkt\/matilda-schlafzimmer-set\/#breadcrumb\"},\"inLanguage\":\"de\",\"potentialAction\":[{\"@type\":\"ReadAction\",\"target\":[\"http:\/\/www.dogtas.at\/new\/produkt\/matilda-schlafzimmer-set\/\"]}]},{\"@type\":\"BreadcrumbList\",\"@id\":\"http:\/\/www.dogtas.at\/new\/produkt\/matilda-schlafzimmer-set\/#breadcrumb\",\"itemListElement\":[{\"@type\":\"ListItem\",\"position\":1,\"name\":\"Startseite\",\"item\":\"http:\/\/www.dogtas.at\/new\/\"},{\"@type\":\"ListItem\",\"position\":2,\"name\":\"Shop\",\"item\":\"http:\/\/www.dogtas.at\/new\/shop\/\"},{\"@type\":\"ListItem\",\"position\":3,\"name\":\"Matilda Schlafzimmer Set\"}]},{\"@type\":\"WebSite\",\"@id\":\"http:\/\/www.dogtas.at\/new\/#website\",\"url\":\"http:\/\/www.dogtas.at\/new\/\",\"name\":\"Dogtas - Qualit\u00e4t f\u00fchlen!\",\"description\":\"Qualit\u00e4t f\u00fchlen!\",\"potentialAction\":[{\"@type\":\"SearchAction\",\"target\":{\"@type\":\"EntryPoint\",\"urlTemplate\":\"http:\/\/www.dogtas.at\/new\/?s={search_term_string}\"},\"query-input\":\"required name=search_term_string\"}],\"inLanguage\":\"de\"}]}<\/script>\n<!-- \/ Yoast SEO plugin. -->","yoast_head_json":{"title":"Matilda Schlafzimmer Set - Dogtas - Qualit\u00e4t f\u00fchlen!","robots":{"index":"index","follow":"follow","max-snippet":"max-snippet:-1","max-image-preview":"max-image-preview:large","max-video-preview":"max-video-preview:-1"},"canonical":"http:\/\/www.dogtas.at\/new\/produkt\/matilda-schlafzimmer-set\/","og_locale":"de_DE","og_type":"article","og_title":"Matilda Schlafzimmer Set - Dogtas - Qualit\u00e4t f\u00fchlen!","og_description":"Waschtisch, Nachttisch, Kommode, Bett, Waschtisch, Lampe und Schr\u00e4nke sind sorgf\u00e4ltig mit hochwertigem Material und Details gestaltet. Mit seinen trendigen Farben","og_url":"http:\/\/www.dogtas.at\/new\/produkt\/matilda-schlafzimmer-set\/","og_site_name":"Dogtas - Qualit\u00e4t f\u00fchlen!","article_publisher":"https:\/\/www.facebook.com\/saloniwien","article_modified_time":"2021-09-09T15:21:36+00:00","og_image":[{"width":1500,"height":1500,"url":"http:\/\/www.dogtas.at\/new\/wp-content\/uploads\/Matilda-Schlafzimmer-pr.png","type":"image\/png"}],"twitter_card":"summary_large_image","schema":{"@context":"https:\/\/schema.org","@graph":[{"@type":"WebPage","@id":"http:\/\/www.dogtas.at\/new\/produkt\/matilda-schlafzimmer-set\/","url":"http:\/\/www.dogtas.at\/new\/produkt\/matilda-schlafzimmer-set\/","name":"Matilda Schlafzimmer Set - Dogtas - Qualit\u00e4t f\u00fchlen!","isPartOf":{"@id":"http:\/\/www.dogtas.at\/new\/#website"},"datePublished":"2021-01-10T11:36:12+00:00","dateModified":"2021-09-09T15:21:36+00:00","breadcrumb":{"@id":"http:\/\/www.dogtas.at\/new\/produkt\/matilda-schlafzimmer-set\/#breadcrumb"},"inLanguage":"de","potentialAction":[{"@type":"ReadAction","target":["http:\/\/www.dogtas.at\/new\/produkt\/matilda-schlafzimmer-set\/"]}]},{"@type":"BreadcrumbList","@id":"http:\/\/www.dogtas.at\/new\/produkt\/matilda-schlafzimmer-set\/#breadcrumb","itemListElement":[{"@type":"ListItem","position":1,"name":"Startseite","item":"http:\/\/www.dogtas.at\/new\/"},{"@type":"ListItem","position":2,"name":"Shop","item":"http:\/\/www.dogtas.at\/new\/shop\/"},{"@type":"ListItem","position":3,"name":"Matilda Schlafzimmer Set"}]},{"@type":"WebSite","@id":"http:\/\/www.dogtas.at\/new\/#website","url":"http:\/\/www.dogtas.at\/new\/","name":"Dogtas - Qualit\u00e4t f\u00fchlen!","description":"Qualit\u00e4t f\u00fchlen!","potentialAction":[{"@type":"SearchAction","target":{"@type":"EntryPoint","urlTemplate":"http:\/\/www.dogtas.at\/new\/?s={search_term_string}"},"query-input":"required name=search_term_string"}],"inLanguage":"de"}]}},"_links":{"self":[{"href":"https:\/\/www.dogtas.at\/new\/wp-json\/wp\/v2\/product\/183716"}],"collection":[{"href":"https:\/\/www.dogtas.at\/new\/wp-json\/wp\/v2\/product"}],"about":[{"href":"https:\/\/www.dogtas.at\/new\/wp-json\/wp\/v2\/types\/product"}],"replies":[{"embeddable":true,"href":"https:\/\/www.dogtas.at\/new\/wp-json\/wp\/v2\/comments?post=183716"}],"wp:featuredmedia":[{"embeddable":true,"href":"https:\/\/www.dogtas.at\/new\/wp-json\/wp\/v2\/media\/183727"}],"wp:attachment":[{"href":"https:\/\/www.dogtas.at\/new\/wp-json\/wp\/v2\/media?parent=183716"}],"wp:term":[{"taxonomy":"product_cat","embeddable":true,"href":"https:\/\/www.dogtas.at\/new\/wp-json\/wp\/v2\/product_cat?post=183716"},{"taxonomy":"product_tag","embeddable":true,"href":"https:\/\/www.dogtas.at\/new\/wp-json\/wp\/v2\/product_tag?post=183716"}],"curies":[{"name":"wp","href":"https:\/\/api.w.org\/{rel}","templated":true}]}}