{"id":183729,"date":"2021-01-10T12:46:27","date_gmt":"2021-01-10T11:46:27","guid":{"rendered":"http:\/\/www.dogtas.at\/new\/?post_type=product&#038;p=183729"},"modified":"2021-09-09T17:33:23","modified_gmt":"2021-09-09T15:33:23","slug":"valentin-schlafzimmer-set","status":"publish","type":"product","link":"https:\/\/www.dogtas.at\/new\/produkt\/valentin-schlafzimmer-set\/","title":{"rendered":"Valentin Schlafzimmer Set"},"content":{"rendered":"<p>Ihr Schlafzimmer muss ein eigener Ort sein. Speziell f\u00fcr Sie und f\u00fcr Sie entworfen. Es muss widerspiegeln, was Sie als entspannend empfinden, und f\u00f6rdert auch eine positive Stimmung in Ihnen. Der beste Weg, um das perfekte Set zu finden, besteht darin, nach etwas zu suchen, das Ihren Stil widerspiegelt.<\/p>\n<p>Wir k\u00f6nnen Ihnen versichern, dass das Valentin Schlafzimmer-Set die besten Materialien und Farben enth\u00e4lt, da es von der Liebe selbst inspiriert ist. Mit einer Auswahl an f\u00fcnft\u00fcrigen oder sechst\u00fcrigen Kleiderschr\u00e4nken k\u00f6nnen Sie Platz f\u00fcr alles schaffen. Auch mit dem Schiebet\u00fcrmechanismus haben Sie mehr Platz in Ihrem Schlafzimmer. Das, was Sie beim Betrachten dieses Sets sofort fangen wird, ist das Kopfteil des Bettes. Es wird Sie mit seinem Material, seiner Textur und seiner Form verf\u00fchren.<\/p>\n<p>Egal, ob Sie ein St\u00fcck oder ein ganzes Set f\u00fcr Ihr Schlafzimmer suchen, mit jedem St\u00fcck, das Sie aus dem Valentin-Schlafzimmer-Set erhalten, werden Sie immer wieder gerne zur\u00fcckkehren.<\/p>\n","protected":false},"excerpt":{"rendered":"<p>Ihr Schlafzimmer muss ein eigener Ort sein. Speziell f\u00fcr Sie und f\u00fcr Sie entworfen. Es muss widerspiegeln, was Sie als<\/p>\n","protected":false},"featured_media":183730,"comment_status":"open","ping_status":"closed","template":"","meta":{"_joinchat":[]},"product_cat":[200,6247],"product_tag":[6064,6291],"yoast_head":"<!-- This site is optimized with the Yoast SEO plugin v19.13 - https:\/\/yoast.com\/wordpress\/plugins\/seo\/ -->\n<title>Valentin Schlafzimmer Set - Dogtas - Qualit\u00e4t f\u00fchlen!<\/title>\n<meta name=\"robots\" content=\"index, follow, max-snippet:-1, max-image-preview:large, max-video-preview:-1\" \/>\n<link rel=\"canonical\" href=\"http:\/\/www.dogtas.at\/new\/produkt\/valentin-schlafzimmer-set\/\" \/>\n<meta property=\"og:locale\" content=\"de_DE\" \/>\n<meta property=\"og:type\" content=\"article\" \/>\n<meta property=\"og:title\" content=\"Valentin Schlafzimmer Set - Dogtas - Qualit\u00e4t f\u00fchlen!\" \/>\n<meta property=\"og:description\" content=\"Ihr Schlafzimmer muss ein eigener Ort sein. Speziell f\u00fcr Sie und f\u00fcr Sie entworfen. Es muss widerspiegeln, was Sie als\" \/>\n<meta property=\"og:url\" content=\"http:\/\/www.dogtas.at\/new\/produkt\/valentin-schlafzimmer-set\/\" \/>\n<meta property=\"og:site_name\" content=\"Dogtas - Qualit\u00e4t f\u00fchlen!\" \/>\n<meta property=\"article:publisher\" content=\"https:\/\/www.facebook.com\/saloniwien\" \/>\n<meta property=\"article:modified_time\" content=\"2021-09-09T15:33:23+00:00\" \/>\n<meta property=\"og:image\" content=\"http:\/\/www.dogtas.at\/new\/wp-content\/uploads\/Valentin-Schlafzimmer-pr.png\" \/>\n\t<meta property=\"og:image:width\" content=\"1500\" \/>\n\t<meta property=\"og:image:height\" content=\"1500\" \/>\n\t<meta property=\"og:image:type\" content=\"image\/png\" \/>\n<meta name=\"twitter:card\" content=\"summary_large_image\" \/>\n<meta name=\"twitter:label1\" content=\"Gesch\u00e4tzte Lesezeit\" \/>\n\t<meta name=\"twitter:data1\" content=\"1\u00a0Minute\" \/>\n<script type=\"application\/ld+json\" class=\"yoast-schema-graph\">{\"@context\":\"https:\/\/schema.org\",\"@graph\":[{\"@type\":\"WebPage\",\"@id\":\"http:\/\/www.dogtas.at\/new\/produkt\/valentin-schlafzimmer-set\/\",\"url\":\"http:\/\/www.dogtas.at\/new\/produkt\/valentin-schlafzimmer-set\/\",\"name\":\"Valentin Schlafzimmer Set - Dogtas - Qualit\u00e4t f\u00fchlen!\",\"isPartOf\":{\"@id\":\"http:\/\/www.dogtas.at\/new\/#website\"},\"datePublished\":\"2021-01-10T11:46:27+00:00\",\"dateModified\":\"2021-09-09T15:33:23+00:00\",\"breadcrumb\":{\"@id\":\"http:\/\/www.dogtas.at\/new\/produkt\/valentin-schlafzimmer-set\/#breadcrumb\"},\"inLanguage\":\"de\",\"potentialAction\":[{\"@type\":\"ReadAction\",\"target\":[\"http:\/\/www.dogtas.at\/new\/produkt\/valentin-schlafzimmer-set\/\"]}]},{\"@type\":\"BreadcrumbList\",\"@id\":\"http:\/\/www.dogtas.at\/new\/produkt\/valentin-schlafzimmer-set\/#breadcrumb\",\"itemListElement\":[{\"@type\":\"ListItem\",\"position\":1,\"name\":\"Startseite\",\"item\":\"http:\/\/www.dogtas.at\/new\/\"},{\"@type\":\"ListItem\",\"position\":2,\"name\":\"Shop\",\"item\":\"http:\/\/www.dogtas.at\/new\/shop\/\"},{\"@type\":\"ListItem\",\"position\":3,\"name\":\"Valentin Schlafzimmer Set\"}]},{\"@type\":\"WebSite\",\"@id\":\"http:\/\/www.dogtas.at\/new\/#website\",\"url\":\"http:\/\/www.dogtas.at\/new\/\",\"name\":\"Dogtas - Qualit\u00e4t f\u00fchlen!\",\"description\":\"Qualit\u00e4t f\u00fchlen!\",\"potentialAction\":[{\"@type\":\"SearchAction\",\"target\":{\"@type\":\"EntryPoint\",\"urlTemplate\":\"http:\/\/www.dogtas.at\/new\/?s={search_term_string}\"},\"query-input\":\"required name=search_term_string\"}],\"inLanguage\":\"de\"}]}<\/script>\n<!-- \/ Yoast SEO plugin. -->","yoast_head_json":{"title":"Valentin Schlafzimmer Set - Dogtas - Qualit\u00e4t f\u00fchlen!","robots":{"index":"index","follow":"follow","max-snippet":"max-snippet:-1","max-image-preview":"max-image-preview:large","max-video-preview":"max-video-preview:-1"},"canonical":"http:\/\/www.dogtas.at\/new\/produkt\/valentin-schlafzimmer-set\/","og_locale":"de_DE","og_type":"article","og_title":"Valentin Schlafzimmer Set - Dogtas - Qualit\u00e4t f\u00fchlen!","og_description":"Ihr Schlafzimmer muss ein eigener Ort sein. Speziell f\u00fcr Sie und f\u00fcr Sie entworfen. Es muss widerspiegeln, was Sie als","og_url":"http:\/\/www.dogtas.at\/new\/produkt\/valentin-schlafzimmer-set\/","og_site_name":"Dogtas - Qualit\u00e4t f\u00fchlen!","article_publisher":"https:\/\/www.facebook.com\/saloniwien","article_modified_time":"2021-09-09T15:33:23+00:00","og_image":[{"width":1500,"height":1500,"url":"http:\/\/www.dogtas.at\/new\/wp-content\/uploads\/Valentin-Schlafzimmer-pr.png","type":"image\/png"}],"twitter_card":"summary_large_image","twitter_misc":{"Gesch\u00e4tzte Lesezeit":"1\u00a0Minute"},"schema":{"@context":"https:\/\/schema.org","@graph":[{"@type":"WebPage","@id":"http:\/\/www.dogtas.at\/new\/produkt\/valentin-schlafzimmer-set\/","url":"http:\/\/www.dogtas.at\/new\/produkt\/valentin-schlafzimmer-set\/","name":"Valentin Schlafzimmer Set - Dogtas - Qualit\u00e4t f\u00fchlen!","isPartOf":{"@id":"http:\/\/www.dogtas.at\/new\/#website"},"datePublished":"2021-01-10T11:46:27+00:00","dateModified":"2021-09-09T15:33:23+00:00","breadcrumb":{"@id":"http:\/\/www.dogtas.at\/new\/produkt\/valentin-schlafzimmer-set\/#breadcrumb"},"inLanguage":"de","potentialAction":[{"@type":"ReadAction","target":["http:\/\/www.dogtas.at\/new\/produkt\/valentin-schlafzimmer-set\/"]}]},{"@type":"BreadcrumbList","@id":"http:\/\/www.dogtas.at\/new\/produkt\/valentin-schlafzimmer-set\/#breadcrumb","itemListElement":[{"@type":"ListItem","position":1,"name":"Startseite","item":"http:\/\/www.dogtas.at\/new\/"},{"@type":"ListItem","position":2,"name":"Shop","item":"http:\/\/www.dogtas.at\/new\/shop\/"},{"@type":"ListItem","position":3,"name":"Valentin Schlafzimmer Set"}]},{"@type":"WebSite","@id":"http:\/\/www.dogtas.at\/new\/#website","url":"http:\/\/www.dogtas.at\/new\/","name":"Dogtas - Qualit\u00e4t f\u00fchlen!","description":"Qualit\u00e4t f\u00fchlen!","potentialAction":[{"@type":"SearchAction","target":{"@type":"EntryPoint","urlTemplate":"http:\/\/www.dogtas.at\/new\/?s={search_term_string}"},"query-input":"required name=search_term_string"}],"inLanguage":"de"}]}},"_links":{"self":[{"href":"https:\/\/www.dogtas.at\/new\/wp-json\/wp\/v2\/product\/183729"}],"collection":[{"href":"https:\/\/www.dogtas.at\/new\/wp-json\/wp\/v2\/product"}],"about":[{"href":"https:\/\/www.dogtas.at\/new\/wp-json\/wp\/v2\/types\/product"}],"replies":[{"embeddable":true,"href":"https:\/\/www.dogtas.at\/new\/wp-json\/wp\/v2\/comments?post=183729"}],"wp:featuredmedia":[{"embeddable":true,"href":"https:\/\/www.dogtas.at\/new\/wp-json\/wp\/v2\/media\/183730"}],"wp:attachment":[{"href":"https:\/\/www.dogtas.at\/new\/wp-json\/wp\/v2\/media?parent=183729"}],"wp:term":[{"taxonomy":"product_cat","embeddable":true,"href":"https:\/\/www.dogtas.at\/new\/wp-json\/wp\/v2\/product_cat?post=183729"},{"taxonomy":"product_tag","embeddable":true,"href":"https:\/\/www.dogtas.at\/new\/wp-json\/wp\/v2\/product_tag?post=183729"}],"curies":[{"name":"wp","href":"https:\/\/api.w.org\/{rel}","templated":true}]}}