{"id":183746,"date":"2021-01-10T12:52:52","date_gmt":"2021-01-10T11:52:52","guid":{"rendered":"http:\/\/www.dogtas.at\/new\/?post_type=product&#038;p=183746"},"modified":"2021-09-10T11:03:16","modified_gmt":"2021-09-10T09:03:16","slug":"diamond-schlafzimmer-set","status":"publish","type":"product","link":"https:\/\/www.dogtas.at\/new\/produkt\/diamond-schlafzimmer-set\/","title":{"rendered":"Diamond Schlafzimmer Set"},"content":{"rendered":"<p>Welche Funktionen m\u00f6chten Sie in Ihrem Traumschlafzimmer sehen? Ist es ein zeitloses Design, elegante Details, maximales Komforterlebnis oder ein luxuri\u00f6ser und stilvoller Look? Das Diamond-Schlafzimmerset vereint all diese Funktionen, von denen Sie getr\u00e4umt haben!<\/p>\n<p>Die Diamond-Schlafzimmersuite verf\u00fcgt \u00fcber ein Doppelbett, einen sechst\u00fcrigen Kleiderschrank mit gro\u00dfem Stauraum, eine Kommode, eine Kommode, eine Kommode und zwei Hocker. Neben den speziell f\u00fcr die Diamond-Kollektion entworfenen Griffen in der Kommode, im Nachttisch und im Kleiderschrank erwarten Sie breite Schubladen mit einem Verlangsamungsmechanismus in den Schienenakzenten. Die M\u00f6bel, die mit ma\u00dfgefertigten Lederf\u00fc\u00dfen eine elegante Atmosph\u00e4re gewinnen, treffen auf lasermusterte Goldb\u00e4nder. Ger\u00e4ucherte Spiegel in Schrankt\u00fcren verleihen der Atmosph\u00e4re Ihres Schlafzimmers einen ger\u00e4umigeren Look. Wenn Sie sich f\u00fcr das Diamond-Schlafzimmer entscheiden, k\u00f6nnen Sie alle Designdetails Ihrer Tr\u00e4ume mit maximalem Komfort und Funktionalit\u00e4t zusammenbringen.<\/p>\n","protected":false},"excerpt":{"rendered":"<p>Welche Funktionen m\u00f6chten Sie in Ihrem Traumschlafzimmer sehen? Ist es ein zeitloses Design, elegante Details, maximales Komforterlebnis oder ein luxuri\u00f6ser<\/p>\n","protected":false},"featured_media":183747,"comment_status":"open","ping_status":"closed","template":"","meta":{"_joinchat":[]},"product_cat":[200,6247],"product_tag":[6142,6292],"yoast_head":"<!-- This site is optimized with the Yoast SEO plugin v19.13 - https:\/\/yoast.com\/wordpress\/plugins\/seo\/ -->\n<title>Diamond Schlafzimmer Set - Dogtas - Qualit\u00e4t f\u00fchlen!<\/title>\n<meta name=\"robots\" content=\"index, follow, max-snippet:-1, max-image-preview:large, max-video-preview:-1\" \/>\n<link rel=\"canonical\" href=\"http:\/\/www.dogtas.at\/new\/produkt\/diamond-schlafzimmer-set\/\" \/>\n<meta property=\"og:locale\" content=\"de_DE\" \/>\n<meta property=\"og:type\" content=\"article\" \/>\n<meta property=\"og:title\" content=\"Diamond Schlafzimmer Set - Dogtas - Qualit\u00e4t f\u00fchlen!\" \/>\n<meta property=\"og:description\" content=\"Welche Funktionen m\u00f6chten Sie in Ihrem Traumschlafzimmer sehen? Ist es ein zeitloses Design, elegante Details, maximales Komforterlebnis oder ein luxuri\u00f6ser\" \/>\n<meta property=\"og:url\" content=\"http:\/\/www.dogtas.at\/new\/produkt\/diamond-schlafzimmer-set\/\" \/>\n<meta property=\"og:site_name\" content=\"Dogtas - Qualit\u00e4t f\u00fchlen!\" \/>\n<meta property=\"article:publisher\" content=\"https:\/\/www.facebook.com\/saloniwien\" \/>\n<meta property=\"article:modified_time\" content=\"2021-09-10T09:03:16+00:00\" \/>\n<meta property=\"og:image\" content=\"http:\/\/www.dogtas.at\/new\/wp-content\/uploads\/Diamond-Schlafzimmer-pr.png\" \/>\n\t<meta property=\"og:image:width\" content=\"1500\" \/>\n\t<meta property=\"og:image:height\" content=\"1500\" \/>\n\t<meta property=\"og:image:type\" content=\"image\/png\" \/>\n<meta name=\"twitter:card\" content=\"summary_large_image\" \/>\n<meta name=\"twitter:label1\" content=\"Gesch\u00e4tzte Lesezeit\" \/>\n\t<meta name=\"twitter:data1\" content=\"1\u00a0Minute\" \/>\n<script type=\"application\/ld+json\" class=\"yoast-schema-graph\">{\"@context\":\"https:\/\/schema.org\",\"@graph\":[{\"@type\":\"WebPage\",\"@id\":\"http:\/\/www.dogtas.at\/new\/produkt\/diamond-schlafzimmer-set\/\",\"url\":\"http:\/\/www.dogtas.at\/new\/produkt\/diamond-schlafzimmer-set\/\",\"name\":\"Diamond Schlafzimmer Set - Dogtas - Qualit\u00e4t f\u00fchlen!\",\"isPartOf\":{\"@id\":\"http:\/\/www.dogtas.at\/new\/#website\"},\"datePublished\":\"2021-01-10T11:52:52+00:00\",\"dateModified\":\"2021-09-10T09:03:16+00:00\",\"breadcrumb\":{\"@id\":\"http:\/\/www.dogtas.at\/new\/produkt\/diamond-schlafzimmer-set\/#breadcrumb\"},\"inLanguage\":\"de\",\"potentialAction\":[{\"@type\":\"ReadAction\",\"target\":[\"http:\/\/www.dogtas.at\/new\/produkt\/diamond-schlafzimmer-set\/\"]}]},{\"@type\":\"BreadcrumbList\",\"@id\":\"http:\/\/www.dogtas.at\/new\/produkt\/diamond-schlafzimmer-set\/#breadcrumb\",\"itemListElement\":[{\"@type\":\"ListItem\",\"position\":1,\"name\":\"Startseite\",\"item\":\"http:\/\/www.dogtas.at\/new\/\"},{\"@type\":\"ListItem\",\"position\":2,\"name\":\"Shop\",\"item\":\"http:\/\/www.dogtas.at\/new\/shop\/\"},{\"@type\":\"ListItem\",\"position\":3,\"name\":\"Diamond Schlafzimmer Set\"}]},{\"@type\":\"WebSite\",\"@id\":\"http:\/\/www.dogtas.at\/new\/#website\",\"url\":\"http:\/\/www.dogtas.at\/new\/\",\"name\":\"Dogtas - Qualit\u00e4t f\u00fchlen!\",\"description\":\"Qualit\u00e4t f\u00fchlen!\",\"potentialAction\":[{\"@type\":\"SearchAction\",\"target\":{\"@type\":\"EntryPoint\",\"urlTemplate\":\"http:\/\/www.dogtas.at\/new\/?s={search_term_string}\"},\"query-input\":\"required name=search_term_string\"}],\"inLanguage\":\"de\"}]}<\/script>\n<!-- \/ Yoast SEO plugin. -->","yoast_head_json":{"title":"Diamond Schlafzimmer Set - Dogtas - Qualit\u00e4t f\u00fchlen!","robots":{"index":"index","follow":"follow","max-snippet":"max-snippet:-1","max-image-preview":"max-image-preview:large","max-video-preview":"max-video-preview:-1"},"canonical":"http:\/\/www.dogtas.at\/new\/produkt\/diamond-schlafzimmer-set\/","og_locale":"de_DE","og_type":"article","og_title":"Diamond Schlafzimmer Set - Dogtas - Qualit\u00e4t f\u00fchlen!","og_description":"Welche Funktionen m\u00f6chten Sie in Ihrem Traumschlafzimmer sehen? Ist es ein zeitloses Design, elegante Details, maximales Komforterlebnis oder ein luxuri\u00f6ser","og_url":"http:\/\/www.dogtas.at\/new\/produkt\/diamond-schlafzimmer-set\/","og_site_name":"Dogtas - Qualit\u00e4t f\u00fchlen!","article_publisher":"https:\/\/www.facebook.com\/saloniwien","article_modified_time":"2021-09-10T09:03:16+00:00","og_image":[{"width":1500,"height":1500,"url":"http:\/\/www.dogtas.at\/new\/wp-content\/uploads\/Diamond-Schlafzimmer-pr.png","type":"image\/png"}],"twitter_card":"summary_large_image","twitter_misc":{"Gesch\u00e4tzte Lesezeit":"1\u00a0Minute"},"schema":{"@context":"https:\/\/schema.org","@graph":[{"@type":"WebPage","@id":"http:\/\/www.dogtas.at\/new\/produkt\/diamond-schlafzimmer-set\/","url":"http:\/\/www.dogtas.at\/new\/produkt\/diamond-schlafzimmer-set\/","name":"Diamond Schlafzimmer Set - Dogtas - Qualit\u00e4t f\u00fchlen!","isPartOf":{"@id":"http:\/\/www.dogtas.at\/new\/#website"},"datePublished":"2021-01-10T11:52:52+00:00","dateModified":"2021-09-10T09:03:16+00:00","breadcrumb":{"@id":"http:\/\/www.dogtas.at\/new\/produkt\/diamond-schlafzimmer-set\/#breadcrumb"},"inLanguage":"de","potentialAction":[{"@type":"ReadAction","target":["http:\/\/www.dogtas.at\/new\/produkt\/diamond-schlafzimmer-set\/"]}]},{"@type":"BreadcrumbList","@id":"http:\/\/www.dogtas.at\/new\/produkt\/diamond-schlafzimmer-set\/#breadcrumb","itemListElement":[{"@type":"ListItem","position":1,"name":"Startseite","item":"http:\/\/www.dogtas.at\/new\/"},{"@type":"ListItem","position":2,"name":"Shop","item":"http:\/\/www.dogtas.at\/new\/shop\/"},{"@type":"ListItem","position":3,"name":"Diamond Schlafzimmer Set"}]},{"@type":"WebSite","@id":"http:\/\/www.dogtas.at\/new\/#website","url":"http:\/\/www.dogtas.at\/new\/","name":"Dogtas - Qualit\u00e4t f\u00fchlen!","description":"Qualit\u00e4t f\u00fchlen!","potentialAction":[{"@type":"SearchAction","target":{"@type":"EntryPoint","urlTemplate":"http:\/\/www.dogtas.at\/new\/?s={search_term_string}"},"query-input":"required name=search_term_string"}],"inLanguage":"de"}]}},"_links":{"self":[{"href":"https:\/\/www.dogtas.at\/new\/wp-json\/wp\/v2\/product\/183746"}],"collection":[{"href":"https:\/\/www.dogtas.at\/new\/wp-json\/wp\/v2\/product"}],"about":[{"href":"https:\/\/www.dogtas.at\/new\/wp-json\/wp\/v2\/types\/product"}],"replies":[{"embeddable":true,"href":"https:\/\/www.dogtas.at\/new\/wp-json\/wp\/v2\/comments?post=183746"}],"wp:featuredmedia":[{"embeddable":true,"href":"https:\/\/www.dogtas.at\/new\/wp-json\/wp\/v2\/media\/183747"}],"wp:attachment":[{"href":"https:\/\/www.dogtas.at\/new\/wp-json\/wp\/v2\/media?parent=183746"}],"wp:term":[{"taxonomy":"product_cat","embeddable":true,"href":"https:\/\/www.dogtas.at\/new\/wp-json\/wp\/v2\/product_cat?post=183746"},{"taxonomy":"product_tag","embeddable":true,"href":"https:\/\/www.dogtas.at\/new\/wp-json\/wp\/v2\/product_tag?post=183746"}],"curies":[{"name":"wp","href":"https:\/\/api.w.org\/{rel}","templated":true}]}}