{"id":183823,"date":"2021-01-10T14:31:14","date_gmt":"2021-01-10T13:31:14","guid":{"rendered":"http:\/\/www.dogtas.at\/new\/?post_type=product&#038;p=183823"},"modified":"2021-09-10T16:11:39","modified_gmt":"2021-09-10T14:11:39","slug":"smart-jugendzimmer-set","status":"publish","type":"product","link":"https:\/\/www.dogtas.at\/new\/produkt\/smart-jugendzimmer-set\/","title":{"rendered":"Smart Jugendzimmer Set"},"content":{"rendered":"<p>Das junge Zimmer Smart der neuen Generation macht mit seinem unverwechselbaren modernen Stil auf sich aufmerksam. Die Harmonie der lateinischen Walnussfarben, die an Wei\u00df, Cappuccino und Schokolade erinnert, verleiht dem Smart Teen Room einen einzigartigen Stil. Dank seines modernen Designs spricht Smart nicht nur junge Menschen an, sondern alle, die modernes Design m\u00f6gen.<\/p>\n<p>Smart Jugendzimmer wird f\u00fcr seine Funktionalit\u00e4t sowie sein Design gesch\u00e4tzt. Junge Menschen haben die M\u00f6glichkeit, mit Smart, das aus Modulen mit unterschiedlichen Funktionen besteht, den Raum ihrer Tr\u00e4ume frei zu gestalten. Unter den Modulen, die alle Arten von Anforderungen erf\u00fcllen, gibt es ein Babybett, das unter dem Etagenbett und dem Bettgestell mit verschiedenen Gr\u00f6\u00dfen von Bettoptionen aufbewahrt werden kann.<\/p>\n<p>Sie k\u00f6nnen die Kleiderschr\u00e4nke im Set mit n\u00fctzlichen Nachttischen und Kommoden vervollst\u00e4ndigen. Mit Modulen wie einem ergonomischen Schreibtisch und einer Bibliothek k\u00f6nnen Sie einen Teil des Smart-Jugendraums in einen effizienten Arbeitsbereich verwandeln. Mit dekorativen Objekten wie Bettw\u00e4sche und Beleuchtung, die das einfache und elegante Design von Smart widerspiegeln, k\u00f6nnen Sie dem Raum den letzten Schliff verleihen.<\/p>\n","protected":false},"excerpt":{"rendered":"<p>Das junge Zimmer Smart der neuen Generation macht mit seinem unverwechselbaren modernen Stil auf sich aufmerksam. Die Harmonie der lateinischen<\/p>\n","protected":false},"featured_media":183825,"comment_status":"open","ping_status":"closed","template":"","meta":{"_joinchat":[]},"product_cat":[6260,224],"product_tag":[6293,6294],"yoast_head":"<!-- This site is optimized with the Yoast SEO plugin v19.13 - https:\/\/yoast.com\/wordpress\/plugins\/seo\/ -->\n<title>Smart Jugendzimmer Set - Dogtas - Qualit\u00e4t f\u00fchlen!<\/title>\n<meta name=\"robots\" content=\"index, follow, max-snippet:-1, max-image-preview:large, max-video-preview:-1\" \/>\n<link rel=\"canonical\" href=\"https:\/\/www.dogtas.at\/new\/produkt\/smart-jugendzimmer-set\/\" \/>\n<meta property=\"og:locale\" content=\"de_DE\" \/>\n<meta property=\"og:type\" content=\"article\" \/>\n<meta property=\"og:title\" content=\"Smart Jugendzimmer Set - Dogtas - Qualit\u00e4t f\u00fchlen!\" \/>\n<meta property=\"og:description\" content=\"Das junge Zimmer Smart der neuen Generation macht mit seinem unverwechselbaren modernen Stil auf sich aufmerksam. Die Harmonie der lateinischen\" \/>\n<meta property=\"og:url\" content=\"https:\/\/www.dogtas.at\/new\/produkt\/smart-jugendzimmer-set\/\" \/>\n<meta property=\"og:site_name\" content=\"Dogtas - Qualit\u00e4t f\u00fchlen!\" \/>\n<meta property=\"article:publisher\" content=\"https:\/\/www.facebook.com\/saloniwien\" \/>\n<meta property=\"article:modified_time\" content=\"2021-09-10T14:11:39+00:00\" \/>\n<meta property=\"og:image\" content=\"https:\/\/www.dogtas.at\/new\/wp-content\/uploads\/Smart-Jugendzimmer-pr.png\" \/>\n\t<meta property=\"og:image:width\" content=\"1500\" \/>\n\t<meta property=\"og:image:height\" content=\"1500\" \/>\n\t<meta property=\"og:image:type\" content=\"image\/png\" \/>\n<meta name=\"twitter:card\" content=\"summary_large_image\" \/>\n<meta name=\"twitter:label1\" content=\"Gesch\u00e4tzte Lesezeit\" \/>\n\t<meta name=\"twitter:data1\" content=\"1\u00a0Minute\" \/>\n<script type=\"application\/ld+json\" class=\"yoast-schema-graph\">{\"@context\":\"https:\/\/schema.org\",\"@graph\":[{\"@type\":\"WebPage\",\"@id\":\"https:\/\/www.dogtas.at\/new\/produkt\/smart-jugendzimmer-set\/\",\"url\":\"https:\/\/www.dogtas.at\/new\/produkt\/smart-jugendzimmer-set\/\",\"name\":\"Smart Jugendzimmer Set - Dogtas - Qualit\u00e4t f\u00fchlen!\",\"isPartOf\":{\"@id\":\"http:\/\/www.dogtas.at\/new\/#website\"},\"datePublished\":\"2021-01-10T13:31:14+00:00\",\"dateModified\":\"2021-09-10T14:11:39+00:00\",\"breadcrumb\":{\"@id\":\"https:\/\/www.dogtas.at\/new\/produkt\/smart-jugendzimmer-set\/#breadcrumb\"},\"inLanguage\":\"de\",\"potentialAction\":[{\"@type\":\"ReadAction\",\"target\":[\"https:\/\/www.dogtas.at\/new\/produkt\/smart-jugendzimmer-set\/\"]}]},{\"@type\":\"BreadcrumbList\",\"@id\":\"https:\/\/www.dogtas.at\/new\/produkt\/smart-jugendzimmer-set\/#breadcrumb\",\"itemListElement\":[{\"@type\":\"ListItem\",\"position\":1,\"name\":\"Startseite\",\"item\":\"https:\/\/www.dogtas.at\/new\/\"},{\"@type\":\"ListItem\",\"position\":2,\"name\":\"Shop\",\"item\":\"https:\/\/www.dogtas.at\/new\/shop\/\"},{\"@type\":\"ListItem\",\"position\":3,\"name\":\"Smart Jugendzimmer Set\"}]},{\"@type\":\"WebSite\",\"@id\":\"http:\/\/www.dogtas.at\/new\/#website\",\"url\":\"http:\/\/www.dogtas.at\/new\/\",\"name\":\"Dogtas - Qualit\u00e4t f\u00fchlen!\",\"description\":\"Qualit\u00e4t f\u00fchlen!\",\"potentialAction\":[{\"@type\":\"SearchAction\",\"target\":{\"@type\":\"EntryPoint\",\"urlTemplate\":\"http:\/\/www.dogtas.at\/new\/?s={search_term_string}\"},\"query-input\":\"required name=search_term_string\"}],\"inLanguage\":\"de\"}]}<\/script>\n<!-- \/ Yoast SEO plugin. -->","yoast_head_json":{"title":"Smart Jugendzimmer Set - Dogtas - Qualit\u00e4t f\u00fchlen!","robots":{"index":"index","follow":"follow","max-snippet":"max-snippet:-1","max-image-preview":"max-image-preview:large","max-video-preview":"max-video-preview:-1"},"canonical":"https:\/\/www.dogtas.at\/new\/produkt\/smart-jugendzimmer-set\/","og_locale":"de_DE","og_type":"article","og_title":"Smart Jugendzimmer Set - Dogtas - Qualit\u00e4t f\u00fchlen!","og_description":"Das junge Zimmer Smart der neuen Generation macht mit seinem unverwechselbaren modernen Stil auf sich aufmerksam. Die Harmonie der lateinischen","og_url":"https:\/\/www.dogtas.at\/new\/produkt\/smart-jugendzimmer-set\/","og_site_name":"Dogtas - Qualit\u00e4t f\u00fchlen!","article_publisher":"https:\/\/www.facebook.com\/saloniwien","article_modified_time":"2021-09-10T14:11:39+00:00","og_image":[{"width":1500,"height":1500,"url":"https:\/\/www.dogtas.at\/new\/wp-content\/uploads\/Smart-Jugendzimmer-pr.png","type":"image\/png"}],"twitter_card":"summary_large_image","twitter_misc":{"Gesch\u00e4tzte Lesezeit":"1\u00a0Minute"},"schema":{"@context":"https:\/\/schema.org","@graph":[{"@type":"WebPage","@id":"https:\/\/www.dogtas.at\/new\/produkt\/smart-jugendzimmer-set\/","url":"https:\/\/www.dogtas.at\/new\/produkt\/smart-jugendzimmer-set\/","name":"Smart Jugendzimmer Set - Dogtas - Qualit\u00e4t f\u00fchlen!","isPartOf":{"@id":"http:\/\/www.dogtas.at\/new\/#website"},"datePublished":"2021-01-10T13:31:14+00:00","dateModified":"2021-09-10T14:11:39+00:00","breadcrumb":{"@id":"https:\/\/www.dogtas.at\/new\/produkt\/smart-jugendzimmer-set\/#breadcrumb"},"inLanguage":"de","potentialAction":[{"@type":"ReadAction","target":["https:\/\/www.dogtas.at\/new\/produkt\/smart-jugendzimmer-set\/"]}]},{"@type":"BreadcrumbList","@id":"https:\/\/www.dogtas.at\/new\/produkt\/smart-jugendzimmer-set\/#breadcrumb","itemListElement":[{"@type":"ListItem","position":1,"name":"Startseite","item":"https:\/\/www.dogtas.at\/new\/"},{"@type":"ListItem","position":2,"name":"Shop","item":"https:\/\/www.dogtas.at\/new\/shop\/"},{"@type":"ListItem","position":3,"name":"Smart Jugendzimmer Set"}]},{"@type":"WebSite","@id":"http:\/\/www.dogtas.at\/new\/#website","url":"http:\/\/www.dogtas.at\/new\/","name":"Dogtas - Qualit\u00e4t f\u00fchlen!","description":"Qualit\u00e4t f\u00fchlen!","potentialAction":[{"@type":"SearchAction","target":{"@type":"EntryPoint","urlTemplate":"http:\/\/www.dogtas.at\/new\/?s={search_term_string}"},"query-input":"required name=search_term_string"}],"inLanguage":"de"}]}},"_links":{"self":[{"href":"https:\/\/www.dogtas.at\/new\/wp-json\/wp\/v2\/product\/183823"}],"collection":[{"href":"https:\/\/www.dogtas.at\/new\/wp-json\/wp\/v2\/product"}],"about":[{"href":"https:\/\/www.dogtas.at\/new\/wp-json\/wp\/v2\/types\/product"}],"replies":[{"embeddable":true,"href":"https:\/\/www.dogtas.at\/new\/wp-json\/wp\/v2\/comments?post=183823"}],"wp:featuredmedia":[{"embeddable":true,"href":"https:\/\/www.dogtas.at\/new\/wp-json\/wp\/v2\/media\/183825"}],"wp:attachment":[{"href":"https:\/\/www.dogtas.at\/new\/wp-json\/wp\/v2\/media?parent=183823"}],"wp:term":[{"taxonomy":"product_cat","embeddable":true,"href":"https:\/\/www.dogtas.at\/new\/wp-json\/wp\/v2\/product_cat?post=183823"},{"taxonomy":"product_tag","embeddable":true,"href":"https:\/\/www.dogtas.at\/new\/wp-json\/wp\/v2\/product_tag?post=183823"}],"curies":[{"name":"wp","href":"https:\/\/api.w.org\/{rel}","templated":true}]}}