{"id":183855,"date":"2021-01-10T14:42:40","date_gmt":"2021-01-10T13:42:40","guid":{"rendered":"http:\/\/www.dogtas.at\/new\/?post_type=product&#038;p=183855"},"modified":"2021-09-10T15:11:04","modified_gmt":"2021-09-10T13:11:04","slug":"clara-jugendzimmer-set","status":"publish","type":"product","link":"https:\/\/www.dogtas.at\/new\/produkt\/clara-jugendzimmer-set\/","title":{"rendered":"Clara Jugendzimmer Set"},"content":{"rendered":"<p>Ein Jugendzimmer ist ihr sicherer Hafen. Ihre \u00fcbertriebensten Emotionen und Erinnerungen werden eins mit der Einrichtung des Raumes. Einen eigenen Ort zu haben, der Ihre Pers\u00f6nlichkeit widerspiegelt, ist etwas, das sich jeder Teenager w\u00fcnscht, wenn er sein Zimmer w\u00e4hlt. Die Clara-Gruppe ist genau das f\u00fcr diejenigen, die Gelassenheit m\u00f6gen.<\/p>\n<p>Diese minimale Schlafzimmersuite bietet Elemente purer Bescheidenheit mit Details wie Walnuss-Spanplattenfarbe und bronzefarbenen Metallgriffen, die mit Leder verziert sind. Wenn Sie durch die M\u00f6bel gehen, werden Sie auch feststellen, dass diese M\u00f6belgruppe nicht nur f\u00fcr Teenager ist. Jeder, der Minimalismus und Einfachheit liebt, kann dieser Gruppe auch sein Herz schenken.<\/p>\n<p>Mit vielen Optionen wie Kleiderschr\u00e4nken, Betten mit oder ohne Bettgestell, einem B\u00fccherregal und einer Kommode k\u00f6nnen Sie die beste Welt f\u00fcr Ihr Kind oder sich selbst schaffen! Schauen Sie sich die Elemente in der Clara Teenager Group an, die Ihrem Schlafzimmer Bescheidenheit und W\u00fcrde verleihen.<\/p>\n","protected":false},"excerpt":{"rendered":"<p>Ein Jugendzimmer ist ihr sicherer Hafen. Ihre \u00fcbertriebensten Emotionen und Erinnerungen werden eins mit der Einrichtung des Raumes. Einen eigenen<\/p>\n","protected":false},"featured_media":183856,"comment_status":"open","ping_status":"closed","template":"","meta":{"_joinchat":[]},"product_cat":[6260,224],"product_tag":[6017,6297],"yoast_head":"<!-- This site is optimized with the Yoast SEO plugin v19.13 - https:\/\/yoast.com\/wordpress\/plugins\/seo\/ -->\n<title>Clara Jugendzimmer Set - Dogtas - Qualit\u00e4t f\u00fchlen!<\/title>\n<meta name=\"robots\" content=\"index, follow, max-snippet:-1, max-image-preview:large, max-video-preview:-1\" \/>\n<link rel=\"canonical\" href=\"https:\/\/www.dogtas.at\/new\/produkt\/clara-jugendzimmer-set\/\" \/>\n<meta property=\"og:locale\" content=\"de_DE\" \/>\n<meta property=\"og:type\" content=\"article\" \/>\n<meta property=\"og:title\" content=\"Clara Jugendzimmer Set - Dogtas - Qualit\u00e4t f\u00fchlen!\" \/>\n<meta property=\"og:description\" content=\"Ein Jugendzimmer ist ihr sicherer Hafen. Ihre \u00fcbertriebensten Emotionen und Erinnerungen werden eins mit der Einrichtung des Raumes. Einen eigenen\" \/>\n<meta property=\"og:url\" content=\"https:\/\/www.dogtas.at\/new\/produkt\/clara-jugendzimmer-set\/\" \/>\n<meta property=\"og:site_name\" content=\"Dogtas - Qualit\u00e4t f\u00fchlen!\" \/>\n<meta property=\"article:publisher\" content=\"https:\/\/www.facebook.com\/saloniwien\" \/>\n<meta property=\"article:modified_time\" content=\"2021-09-10T13:11:04+00:00\" \/>\n<meta property=\"og:image\" content=\"https:\/\/www.dogtas.at\/new\/wp-content\/uploads\/clara-jugendzimmer.png\" \/>\n\t<meta property=\"og:image:width\" content=\"1500\" \/>\n\t<meta property=\"og:image:height\" content=\"1500\" \/>\n\t<meta property=\"og:image:type\" content=\"image\/png\" \/>\n<meta name=\"twitter:card\" content=\"summary_large_image\" \/>\n<meta name=\"twitter:label1\" content=\"Gesch\u00e4tzte Lesezeit\" \/>\n\t<meta name=\"twitter:data1\" content=\"1\u00a0Minute\" \/>\n<script type=\"application\/ld+json\" class=\"yoast-schema-graph\">{\"@context\":\"https:\/\/schema.org\",\"@graph\":[{\"@type\":\"WebPage\",\"@id\":\"https:\/\/www.dogtas.at\/new\/produkt\/clara-jugendzimmer-set\/\",\"url\":\"https:\/\/www.dogtas.at\/new\/produkt\/clara-jugendzimmer-set\/\",\"name\":\"Clara Jugendzimmer Set - Dogtas - Qualit\u00e4t f\u00fchlen!\",\"isPartOf\":{\"@id\":\"https:\/\/www.dogtas.at\/new\/#website\"},\"datePublished\":\"2021-01-10T13:42:40+00:00\",\"dateModified\":\"2021-09-10T13:11:04+00:00\",\"breadcrumb\":{\"@id\":\"https:\/\/www.dogtas.at\/new\/produkt\/clara-jugendzimmer-set\/#breadcrumb\"},\"inLanguage\":\"de\",\"potentialAction\":[{\"@type\":\"ReadAction\",\"target\":[\"https:\/\/www.dogtas.at\/new\/produkt\/clara-jugendzimmer-set\/\"]}]},{\"@type\":\"BreadcrumbList\",\"@id\":\"https:\/\/www.dogtas.at\/new\/produkt\/clara-jugendzimmer-set\/#breadcrumb\",\"itemListElement\":[{\"@type\":\"ListItem\",\"position\":1,\"name\":\"Startseite\",\"item\":\"https:\/\/www.dogtas.at\/new\/\"},{\"@type\":\"ListItem\",\"position\":2,\"name\":\"Shop\",\"item\":\"https:\/\/www.dogtas.at\/new\/shop\/\"},{\"@type\":\"ListItem\",\"position\":3,\"name\":\"Clara Jugendzimmer Set\"}]},{\"@type\":\"WebSite\",\"@id\":\"https:\/\/www.dogtas.at\/new\/#website\",\"url\":\"https:\/\/www.dogtas.at\/new\/\",\"name\":\"Dogtas - Qualit\u00e4t f\u00fchlen!\",\"description\":\"Qualit\u00e4t f\u00fchlen!\",\"potentialAction\":[{\"@type\":\"SearchAction\",\"target\":{\"@type\":\"EntryPoint\",\"urlTemplate\":\"https:\/\/www.dogtas.at\/new\/?s={search_term_string}\"},\"query-input\":\"required name=search_term_string\"}],\"inLanguage\":\"de\"}]}<\/script>\n<!-- \/ Yoast SEO plugin. -->","yoast_head_json":{"title":"Clara Jugendzimmer Set - Dogtas - Qualit\u00e4t f\u00fchlen!","robots":{"index":"index","follow":"follow","max-snippet":"max-snippet:-1","max-image-preview":"max-image-preview:large","max-video-preview":"max-video-preview:-1"},"canonical":"https:\/\/www.dogtas.at\/new\/produkt\/clara-jugendzimmer-set\/","og_locale":"de_DE","og_type":"article","og_title":"Clara Jugendzimmer Set - Dogtas - Qualit\u00e4t f\u00fchlen!","og_description":"Ein Jugendzimmer ist ihr sicherer Hafen. Ihre \u00fcbertriebensten Emotionen und Erinnerungen werden eins mit der Einrichtung des Raumes. Einen eigenen","og_url":"https:\/\/www.dogtas.at\/new\/produkt\/clara-jugendzimmer-set\/","og_site_name":"Dogtas - Qualit\u00e4t f\u00fchlen!","article_publisher":"https:\/\/www.facebook.com\/saloniwien","article_modified_time":"2021-09-10T13:11:04+00:00","og_image":[{"width":1500,"height":1500,"url":"https:\/\/www.dogtas.at\/new\/wp-content\/uploads\/clara-jugendzimmer.png","type":"image\/png"}],"twitter_card":"summary_large_image","twitter_misc":{"Gesch\u00e4tzte Lesezeit":"1\u00a0Minute"},"schema":{"@context":"https:\/\/schema.org","@graph":[{"@type":"WebPage","@id":"https:\/\/www.dogtas.at\/new\/produkt\/clara-jugendzimmer-set\/","url":"https:\/\/www.dogtas.at\/new\/produkt\/clara-jugendzimmer-set\/","name":"Clara Jugendzimmer Set - Dogtas - Qualit\u00e4t f\u00fchlen!","isPartOf":{"@id":"https:\/\/www.dogtas.at\/new\/#website"},"datePublished":"2021-01-10T13:42:40+00:00","dateModified":"2021-09-10T13:11:04+00:00","breadcrumb":{"@id":"https:\/\/www.dogtas.at\/new\/produkt\/clara-jugendzimmer-set\/#breadcrumb"},"inLanguage":"de","potentialAction":[{"@type":"ReadAction","target":["https:\/\/www.dogtas.at\/new\/produkt\/clara-jugendzimmer-set\/"]}]},{"@type":"BreadcrumbList","@id":"https:\/\/www.dogtas.at\/new\/produkt\/clara-jugendzimmer-set\/#breadcrumb","itemListElement":[{"@type":"ListItem","position":1,"name":"Startseite","item":"https:\/\/www.dogtas.at\/new\/"},{"@type":"ListItem","position":2,"name":"Shop","item":"https:\/\/www.dogtas.at\/new\/shop\/"},{"@type":"ListItem","position":3,"name":"Clara Jugendzimmer Set"}]},{"@type":"WebSite","@id":"https:\/\/www.dogtas.at\/new\/#website","url":"https:\/\/www.dogtas.at\/new\/","name":"Dogtas - Qualit\u00e4t f\u00fchlen!","description":"Qualit\u00e4t f\u00fchlen!","potentialAction":[{"@type":"SearchAction","target":{"@type":"EntryPoint","urlTemplate":"https:\/\/www.dogtas.at\/new\/?s={search_term_string}"},"query-input":"required name=search_term_string"}],"inLanguage":"de"}]}},"_links":{"self":[{"href":"https:\/\/www.dogtas.at\/new\/wp-json\/wp\/v2\/product\/183855"}],"collection":[{"href":"https:\/\/www.dogtas.at\/new\/wp-json\/wp\/v2\/product"}],"about":[{"href":"https:\/\/www.dogtas.at\/new\/wp-json\/wp\/v2\/types\/product"}],"replies":[{"embeddable":true,"href":"https:\/\/www.dogtas.at\/new\/wp-json\/wp\/v2\/comments?post=183855"}],"wp:featuredmedia":[{"embeddable":true,"href":"https:\/\/www.dogtas.at\/new\/wp-json\/wp\/v2\/media\/183856"}],"wp:attachment":[{"href":"https:\/\/www.dogtas.at\/new\/wp-json\/wp\/v2\/media?parent=183855"}],"wp:term":[{"taxonomy":"product_cat","embeddable":true,"href":"https:\/\/www.dogtas.at\/new\/wp-json\/wp\/v2\/product_cat?post=183855"},{"taxonomy":"product_tag","embeddable":true,"href":"https:\/\/www.dogtas.at\/new\/wp-json\/wp\/v2\/product_tag?post=183855"}],"curies":[{"name":"wp","href":"https:\/\/api.w.org\/{rel}","templated":true}]}}