{"id":183892,"date":"2021-01-10T15:06:02","date_gmt":"2021-01-10T14:06:02","guid":{"rendered":"http:\/\/www.dogtas.at\/new\/?post_type=product&#038;p=183892"},"modified":"2021-09-10T15:29:19","modified_gmt":"2021-09-10T13:29:19","slug":"riena-jugendzimmer-set-2","status":"publish","type":"product","link":"https:\/\/www.dogtas.at\/new\/produkt\/riena-jugendzimmer-set-2\/","title":{"rendered":"Riena Pink Jugendzimmer Set"},"content":{"rendered":"<p>Riena junges Zimmer; Mit seinen eleganten Kurven, der wei\u00dfen Farbe, die eine unschuldige und naive Haltung hervorruft, und allen anderen Details hilft es jungen M\u00e4dchen, den Raum zu erreichen, von dem sie tr\u00e4umen.<\/p>\n<p>Es erh\u00e4lt einen nostalgischen Look mit seinen Griffen mit Blumenmuster, d\u00fcnnen Rahmen, die die Griffe noch st\u00e4rker betonen, den Kurven in jedem St\u00fcck und den gebogenen Beinen. Es tritt in die Fu\u00dfstapfen moderner Eleganz mit seiner wei\u00dfen Farbe und minimalen Details. Dank alledem bringt das Jugendzimmer in Riena die besten Aspekte des nostalgischen und modernen Stils in Ihre R\u00e4ume.<\/p>\n<p>Das mit rosa Samt bezogene Kopfteil l\u00e4sst Sie sich wie eine Prinzessin f\u00fchlen, deren Spiegel in Form eines Kreises f\u00fcr die jungen Damen entworfen wurde, die sie im jungen Raum von Riena bei der Durchf\u00fchrung ihrer Pflegeroutinen verwenden k\u00f6nnen, und der auf dem Arbeitstisch montiert werden kann. Sie k\u00f6nnen dieses Produkt untersuchen, um sich wie im Frankreich des 17. Jahrhunderts zu f\u00fchlen. Mit anderen Produkten der Riena-Kollektion k\u00f6nnen Sie Ihrem Zuhause eine brandneue Atmosph\u00e4re verleihen.<\/p>\n","protected":false},"excerpt":{"rendered":"<p>Riena junges Zimmer; Mit seinen eleganten Kurven, der wei\u00dfen Farbe, die eine unschuldige und naive Haltung hervorruft, und allen anderen<\/p>\n","protected":false},"featured_media":183895,"comment_status":"open","ping_status":"closed","template":"","meta":{"_joinchat":[]},"product_cat":[6260,224],"product_tag":[6035,6071],"yoast_head":"<!-- This site is optimized with the Yoast SEO plugin v19.13 - https:\/\/yoast.com\/wordpress\/plugins\/seo\/ -->\n<title>Riena Pink Jugendzimmer Set - Dogtas - Qualit\u00e4t f\u00fchlen!<\/title>\n<meta name=\"robots\" content=\"index, follow, max-snippet:-1, max-image-preview:large, max-video-preview:-1\" \/>\n<link rel=\"canonical\" href=\"http:\/\/www.dogtas.at\/new\/produkt\/riena-jugendzimmer-set-2\/\" \/>\n<meta property=\"og:locale\" content=\"de_DE\" \/>\n<meta property=\"og:type\" content=\"article\" \/>\n<meta property=\"og:title\" content=\"Riena Pink Jugendzimmer Set - Dogtas - Qualit\u00e4t f\u00fchlen!\" \/>\n<meta property=\"og:description\" content=\"Riena junges Zimmer; Mit seinen eleganten Kurven, der wei\u00dfen Farbe, die eine unschuldige und naive Haltung hervorruft, und allen anderen\" \/>\n<meta property=\"og:url\" content=\"http:\/\/www.dogtas.at\/new\/produkt\/riena-jugendzimmer-set-2\/\" \/>\n<meta property=\"og:site_name\" content=\"Dogtas - Qualit\u00e4t f\u00fchlen!\" \/>\n<meta property=\"article:publisher\" content=\"https:\/\/www.facebook.com\/saloniwien\" \/>\n<meta property=\"article:modified_time\" content=\"2021-09-10T13:29:19+00:00\" \/>\n<meta property=\"og:image\" content=\"http:\/\/www.dogtas.at\/new\/wp-content\/uploads\/Riena-Schlafzimmer-pr-2.png\" \/>\n\t<meta property=\"og:image:width\" content=\"1500\" \/>\n\t<meta property=\"og:image:height\" content=\"1500\" \/>\n\t<meta property=\"og:image:type\" content=\"image\/png\" \/>\n<meta name=\"twitter:card\" content=\"summary_large_image\" \/>\n<meta name=\"twitter:label1\" content=\"Gesch\u00e4tzte Lesezeit\" \/>\n\t<meta name=\"twitter:data1\" content=\"1\u00a0Minute\" \/>\n<script type=\"application\/ld+json\" class=\"yoast-schema-graph\">{\"@context\":\"https:\/\/schema.org\",\"@graph\":[{\"@type\":\"WebPage\",\"@id\":\"http:\/\/www.dogtas.at\/new\/produkt\/riena-jugendzimmer-set-2\/\",\"url\":\"http:\/\/www.dogtas.at\/new\/produkt\/riena-jugendzimmer-set-2\/\",\"name\":\"Riena Pink Jugendzimmer Set - Dogtas - Qualit\u00e4t f\u00fchlen!\",\"isPartOf\":{\"@id\":\"https:\/\/www.dogtas.at\/new\/#website\"},\"datePublished\":\"2021-01-10T14:06:02+00:00\",\"dateModified\":\"2021-09-10T13:29:19+00:00\",\"breadcrumb\":{\"@id\":\"http:\/\/www.dogtas.at\/new\/produkt\/riena-jugendzimmer-set-2\/#breadcrumb\"},\"inLanguage\":\"de\",\"potentialAction\":[{\"@type\":\"ReadAction\",\"target\":[\"http:\/\/www.dogtas.at\/new\/produkt\/riena-jugendzimmer-set-2\/\"]}]},{\"@type\":\"BreadcrumbList\",\"@id\":\"http:\/\/www.dogtas.at\/new\/produkt\/riena-jugendzimmer-set-2\/#breadcrumb\",\"itemListElement\":[{\"@type\":\"ListItem\",\"position\":1,\"name\":\"Startseite\",\"item\":\"https:\/\/www.dogtas.at\/new\/\"},{\"@type\":\"ListItem\",\"position\":2,\"name\":\"Shop\",\"item\":\"https:\/\/www.dogtas.at\/new\/shop\/\"},{\"@type\":\"ListItem\",\"position\":3,\"name\":\"Riena Pink Jugendzimmer Set\"}]},{\"@type\":\"WebSite\",\"@id\":\"https:\/\/www.dogtas.at\/new\/#website\",\"url\":\"https:\/\/www.dogtas.at\/new\/\",\"name\":\"Dogtas - Qualit\u00e4t f\u00fchlen!\",\"description\":\"Qualit\u00e4t f\u00fchlen!\",\"potentialAction\":[{\"@type\":\"SearchAction\",\"target\":{\"@type\":\"EntryPoint\",\"urlTemplate\":\"https:\/\/www.dogtas.at\/new\/?s={search_term_string}\"},\"query-input\":\"required name=search_term_string\"}],\"inLanguage\":\"de\"}]}<\/script>\n<!-- \/ Yoast SEO plugin. -->","yoast_head_json":{"title":"Riena Pink Jugendzimmer Set - Dogtas - Qualit\u00e4t f\u00fchlen!","robots":{"index":"index","follow":"follow","max-snippet":"max-snippet:-1","max-image-preview":"max-image-preview:large","max-video-preview":"max-video-preview:-1"},"canonical":"http:\/\/www.dogtas.at\/new\/produkt\/riena-jugendzimmer-set-2\/","og_locale":"de_DE","og_type":"article","og_title":"Riena Pink Jugendzimmer Set - Dogtas - Qualit\u00e4t f\u00fchlen!","og_description":"Riena junges Zimmer; Mit seinen eleganten Kurven, der wei\u00dfen Farbe, die eine unschuldige und naive Haltung hervorruft, und allen anderen","og_url":"http:\/\/www.dogtas.at\/new\/produkt\/riena-jugendzimmer-set-2\/","og_site_name":"Dogtas - Qualit\u00e4t f\u00fchlen!","article_publisher":"https:\/\/www.facebook.com\/saloniwien","article_modified_time":"2021-09-10T13:29:19+00:00","og_image":[{"width":1500,"height":1500,"url":"http:\/\/www.dogtas.at\/new\/wp-content\/uploads\/Riena-Schlafzimmer-pr-2.png","type":"image\/png"}],"twitter_card":"summary_large_image","twitter_misc":{"Gesch\u00e4tzte Lesezeit":"1\u00a0Minute"},"schema":{"@context":"https:\/\/schema.org","@graph":[{"@type":"WebPage","@id":"http:\/\/www.dogtas.at\/new\/produkt\/riena-jugendzimmer-set-2\/","url":"http:\/\/www.dogtas.at\/new\/produkt\/riena-jugendzimmer-set-2\/","name":"Riena Pink Jugendzimmer Set - Dogtas - Qualit\u00e4t f\u00fchlen!","isPartOf":{"@id":"https:\/\/www.dogtas.at\/new\/#website"},"datePublished":"2021-01-10T14:06:02+00:00","dateModified":"2021-09-10T13:29:19+00:00","breadcrumb":{"@id":"http:\/\/www.dogtas.at\/new\/produkt\/riena-jugendzimmer-set-2\/#breadcrumb"},"inLanguage":"de","potentialAction":[{"@type":"ReadAction","target":["http:\/\/www.dogtas.at\/new\/produkt\/riena-jugendzimmer-set-2\/"]}]},{"@type":"BreadcrumbList","@id":"http:\/\/www.dogtas.at\/new\/produkt\/riena-jugendzimmer-set-2\/#breadcrumb","itemListElement":[{"@type":"ListItem","position":1,"name":"Startseite","item":"https:\/\/www.dogtas.at\/new\/"},{"@type":"ListItem","position":2,"name":"Shop","item":"https:\/\/www.dogtas.at\/new\/shop\/"},{"@type":"ListItem","position":3,"name":"Riena Pink Jugendzimmer Set"}]},{"@type":"WebSite","@id":"https:\/\/www.dogtas.at\/new\/#website","url":"https:\/\/www.dogtas.at\/new\/","name":"Dogtas - Qualit\u00e4t f\u00fchlen!","description":"Qualit\u00e4t f\u00fchlen!","potentialAction":[{"@type":"SearchAction","target":{"@type":"EntryPoint","urlTemplate":"https:\/\/www.dogtas.at\/new\/?s={search_term_string}"},"query-input":"required name=search_term_string"}],"inLanguage":"de"}]}},"_links":{"self":[{"href":"https:\/\/www.dogtas.at\/new\/wp-json\/wp\/v2\/product\/183892"}],"collection":[{"href":"https:\/\/www.dogtas.at\/new\/wp-json\/wp\/v2\/product"}],"about":[{"href":"https:\/\/www.dogtas.at\/new\/wp-json\/wp\/v2\/types\/product"}],"replies":[{"embeddable":true,"href":"https:\/\/www.dogtas.at\/new\/wp-json\/wp\/v2\/comments?post=183892"}],"wp:featuredmedia":[{"embeddable":true,"href":"https:\/\/www.dogtas.at\/new\/wp-json\/wp\/v2\/media\/183895"}],"wp:attachment":[{"href":"https:\/\/www.dogtas.at\/new\/wp-json\/wp\/v2\/media?parent=183892"}],"wp:term":[{"taxonomy":"product_cat","embeddable":true,"href":"https:\/\/www.dogtas.at\/new\/wp-json\/wp\/v2\/product_cat?post=183892"},{"taxonomy":"product_tag","embeddable":true,"href":"https:\/\/www.dogtas.at\/new\/wp-json\/wp\/v2\/product_tag?post=183892"}],"curies":[{"name":"wp","href":"https:\/\/api.w.org\/{rel}","templated":true}]}}