{"id":184071,"date":"2021-01-11T14:07:08","date_gmt":"2021-01-11T13:07:08","guid":{"rendered":"http:\/\/www.dogtas.at\/new\/?post_type=product&#038;p=184071"},"modified":"2021-09-07T13:41:55","modified_gmt":"2021-09-07T11:41:55","slug":"lounge-321-sitzgruppe","status":"publish","type":"product","link":"https:\/\/www.dogtas.at\/new\/produkt\/lounge-321-sitzgruppe\/","title":{"rendered":"Lounge 3+2+1 Sitzgruppe"},"content":{"rendered":"","protected":false},"excerpt":{"rendered":"<p>Das Entwerfen Ihres Traumhauses kann eine m\u00fcde Sache sein, wenn Sie keinen Ort zum Einkaufen haben, der das Zeug mit dem Aussehen und Gef\u00fchl hat, das Ihre Pers\u00f6nlichkeit widerspiegelt. Hier bei Do\u011fta\u015f haben wir f\u00fcr jeden etwas dabei! Das Lounge Sofa Set ist die genaue Definition von Raffinesse. Mit der Auswahl an Dreifach- und Doppelsofas sowie einem Ohrensessel sind Sie nur einen Schritt entfernt, um den perfekten Sitzbereich zu schaffen.<\/p>\n<p>M\u00f6chten Sie Ihren Freund nicht nach einem langen Arbeitstag einladen, sich zu entspannen und etwas zu trinken? Mit dem modernen und raffinierten Design der Lounge-Sofagarnitur laden Sie Ihre G\u00e4ste in die beste Landschaft ein.<\/p>\n<p>Diese von Chester modellierte Sofagarnitur verf\u00fcgt \u00fcber tiefe Knopfklammern am gesamten Rahmen mit einer Nagelkopfverkleidung. Mit seinem hohen Holzfu\u00df-Design bietet dieses Set Ihren G\u00e4sten Komfort und erleichtert Ihnen die Arbeit beim Reinigen. Dieses Set ist auch f\u00fcr andere Modelle der perfekte Hauch von Raffinesse. Es kann leicht Inspiration bringen, wo immer es ist.<\/p>\n<p>Begr\u00fc\u00dfen Sie Ihre G\u00e4ste in Ihrem modernen und charismatischen Zuhause f\u00fcr Drinks und inspirierende Gespr\u00e4che!<\/p>\n","protected":false},"featured_media":184072,"comment_status":"open","ping_status":"closed","template":"","meta":{"_joinchat":[]},"product_cat":[557,6072],"product_tag":[6053,6054],"yoast_head":"<!-- This site is optimized with the Yoast SEO plugin v19.13 - https:\/\/yoast.com\/wordpress\/plugins\/seo\/ -->\n<title>Lounge 3+2+1 Sitzgruppe - Dogtas - Qualit\u00e4t f\u00fchlen!<\/title>\n<meta name=\"robots\" content=\"index, follow, max-snippet:-1, max-image-preview:large, max-video-preview:-1\" \/>\n<link rel=\"canonical\" href=\"https:\/\/www.dogtas.at\/new\/produkt\/lounge-321-sitzgruppe\/\" \/>\n<meta property=\"og:locale\" content=\"de_DE\" \/>\n<meta property=\"og:type\" content=\"article\" \/>\n<meta property=\"og:title\" content=\"Lounge 3+2+1 Sitzgruppe - Dogtas - Qualit\u00e4t f\u00fchlen!\" \/>\n<meta property=\"og:description\" content=\"Das Entwerfen Ihres Traumhauses kann eine m\u00fcde Sache sein, wenn Sie keinen Ort zum Einkaufen haben, der das Zeug mit dem Aussehen und Gef\u00fchl hat, das Ihre Pers\u00f6nlichkeit widerspiegelt. Hier bei Do\u011fta\u015f haben wir f\u00fcr jeden etwas dabei! Das Lounge Sofa Set ist die genaue Definition von Raffinesse. Mit der Auswahl an Dreifach- und Doppelsofas sowie einem Ohrensessel sind Sie nur einen Schritt entfernt, um den perfekten Sitzbereich zu schaffen.  M\u00f6chten Sie Ihren Freund nicht nach einem langen Arbeitstag einladen, sich zu entspannen und etwas zu trinken? Mit dem modernen und raffinierten Design der Lounge-Sofagarnitur laden Sie Ihre G\u00e4ste in die beste Landschaft ein.  Diese von Chester modellierte Sofagarnitur verf\u00fcgt \u00fcber tiefe Knopfklammern am gesamten Rahmen mit einer Nagelkopfverkleidung. Mit seinem hohen Holzfu\u00df-Design bietet dieses Set Ihren G\u00e4sten Komfort und erleichtert Ihnen die Arbeit beim Reinigen. Dieses Set ist auch f\u00fcr andere Modelle der perfekte Hauch von Raffinesse. Es kann leicht Inspiration bringen, wo immer es ist.  Begr\u00fc\u00dfen Sie Ihre G\u00e4ste in Ihrem modernen und charismatischen Zuhause f\u00fcr Drinks und inspirierende Gespr\u00e4che!\" \/>\n<meta property=\"og:url\" content=\"https:\/\/www.dogtas.at\/new\/produkt\/lounge-321-sitzgruppe\/\" \/>\n<meta property=\"og:site_name\" content=\"Dogtas - Qualit\u00e4t f\u00fchlen!\" \/>\n<meta property=\"article:publisher\" content=\"https:\/\/www.facebook.com\/saloniwien\" \/>\n<meta property=\"article:modified_time\" content=\"2021-09-07T11:41:55+00:00\" \/>\n<meta property=\"og:image\" content=\"https:\/\/www.dogtas.at\/new\/wp-content\/uploads\/Lounge-Sitzruppe.png\" \/>\n\t<meta property=\"og:image:width\" content=\"1500\" \/>\n\t<meta property=\"og:image:height\" content=\"1500\" \/>\n\t<meta property=\"og:image:type\" content=\"image\/png\" \/>\n<meta name=\"twitter:card\" content=\"summary_large_image\" \/>\n<script type=\"application\/ld+json\" class=\"yoast-schema-graph\">{\"@context\":\"https:\/\/schema.org\",\"@graph\":[{\"@type\":\"WebPage\",\"@id\":\"https:\/\/www.dogtas.at\/new\/produkt\/lounge-321-sitzgruppe\/\",\"url\":\"https:\/\/www.dogtas.at\/new\/produkt\/lounge-321-sitzgruppe\/\",\"name\":\"Lounge 3+2+1 Sitzgruppe - Dogtas - Qualit\u00e4t f\u00fchlen!\",\"isPartOf\":{\"@id\":\"https:\/\/www.dogtas.at\/new\/#website\"},\"datePublished\":\"2021-01-11T13:07:08+00:00\",\"dateModified\":\"2021-09-07T11:41:55+00:00\",\"breadcrumb\":{\"@id\":\"https:\/\/www.dogtas.at\/new\/produkt\/lounge-321-sitzgruppe\/#breadcrumb\"},\"inLanguage\":\"de\",\"potentialAction\":[{\"@type\":\"ReadAction\",\"target\":[\"https:\/\/www.dogtas.at\/new\/produkt\/lounge-321-sitzgruppe\/\"]}]},{\"@type\":\"BreadcrumbList\",\"@id\":\"https:\/\/www.dogtas.at\/new\/produkt\/lounge-321-sitzgruppe\/#breadcrumb\",\"itemListElement\":[{\"@type\":\"ListItem\",\"position\":1,\"name\":\"Startseite\",\"item\":\"https:\/\/www.dogtas.at\/new\/\"},{\"@type\":\"ListItem\",\"position\":2,\"name\":\"Shop\",\"item\":\"https:\/\/www.dogtas.at\/new\/shop\/\"},{\"@type\":\"ListItem\",\"position\":3,\"name\":\"Lounge 3+2+1 Sitzgruppe\"}]},{\"@type\":\"WebSite\",\"@id\":\"https:\/\/www.dogtas.at\/new\/#website\",\"url\":\"https:\/\/www.dogtas.at\/new\/\",\"name\":\"Dogtas - Qualit\u00e4t f\u00fchlen!\",\"description\":\"Qualit\u00e4t f\u00fchlen!\",\"potentialAction\":[{\"@type\":\"SearchAction\",\"target\":{\"@type\":\"EntryPoint\",\"urlTemplate\":\"https:\/\/www.dogtas.at\/new\/?s={search_term_string}\"},\"query-input\":\"required name=search_term_string\"}],\"inLanguage\":\"de\"}]}<\/script>\n<!-- \/ Yoast SEO plugin. -->","yoast_head_json":{"title":"Lounge 3+2+1 Sitzgruppe - Dogtas - Qualit\u00e4t f\u00fchlen!","robots":{"index":"index","follow":"follow","max-snippet":"max-snippet:-1","max-image-preview":"max-image-preview:large","max-video-preview":"max-video-preview:-1"},"canonical":"https:\/\/www.dogtas.at\/new\/produkt\/lounge-321-sitzgruppe\/","og_locale":"de_DE","og_type":"article","og_title":"Lounge 3+2+1 Sitzgruppe - Dogtas - Qualit\u00e4t f\u00fchlen!","og_description":"Das Entwerfen Ihres Traumhauses kann eine m\u00fcde Sache sein, wenn Sie keinen Ort zum Einkaufen haben, der das Zeug mit dem Aussehen und Gef\u00fchl hat, das Ihre Pers\u00f6nlichkeit widerspiegelt. Hier bei Do\u011fta\u015f haben wir f\u00fcr jeden etwas dabei! Das Lounge Sofa Set ist die genaue Definition von Raffinesse. Mit der Auswahl an Dreifach- und Doppelsofas sowie einem Ohrensessel sind Sie nur einen Schritt entfernt, um den perfekten Sitzbereich zu schaffen.  M\u00f6chten Sie Ihren Freund nicht nach einem langen Arbeitstag einladen, sich zu entspannen und etwas zu trinken? Mit dem modernen und raffinierten Design der Lounge-Sofagarnitur laden Sie Ihre G\u00e4ste in die beste Landschaft ein.  Diese von Chester modellierte Sofagarnitur verf\u00fcgt \u00fcber tiefe Knopfklammern am gesamten Rahmen mit einer Nagelkopfverkleidung. Mit seinem hohen Holzfu\u00df-Design bietet dieses Set Ihren G\u00e4sten Komfort und erleichtert Ihnen die Arbeit beim Reinigen. Dieses Set ist auch f\u00fcr andere Modelle der perfekte Hauch von Raffinesse. Es kann leicht Inspiration bringen, wo immer es ist.  Begr\u00fc\u00dfen Sie Ihre G\u00e4ste in Ihrem modernen und charismatischen Zuhause f\u00fcr Drinks und inspirierende Gespr\u00e4che!","og_url":"https:\/\/www.dogtas.at\/new\/produkt\/lounge-321-sitzgruppe\/","og_site_name":"Dogtas - Qualit\u00e4t f\u00fchlen!","article_publisher":"https:\/\/www.facebook.com\/saloniwien","article_modified_time":"2021-09-07T11:41:55+00:00","og_image":[{"width":1500,"height":1500,"url":"https:\/\/www.dogtas.at\/new\/wp-content\/uploads\/Lounge-Sitzruppe.png","type":"image\/png"}],"twitter_card":"summary_large_image","schema":{"@context":"https:\/\/schema.org","@graph":[{"@type":"WebPage","@id":"https:\/\/www.dogtas.at\/new\/produkt\/lounge-321-sitzgruppe\/","url":"https:\/\/www.dogtas.at\/new\/produkt\/lounge-321-sitzgruppe\/","name":"Lounge 3+2+1 Sitzgruppe - Dogtas - Qualit\u00e4t f\u00fchlen!","isPartOf":{"@id":"https:\/\/www.dogtas.at\/new\/#website"},"datePublished":"2021-01-11T13:07:08+00:00","dateModified":"2021-09-07T11:41:55+00:00","breadcrumb":{"@id":"https:\/\/www.dogtas.at\/new\/produkt\/lounge-321-sitzgruppe\/#breadcrumb"},"inLanguage":"de","potentialAction":[{"@type":"ReadAction","target":["https:\/\/www.dogtas.at\/new\/produkt\/lounge-321-sitzgruppe\/"]}]},{"@type":"BreadcrumbList","@id":"https:\/\/www.dogtas.at\/new\/produkt\/lounge-321-sitzgruppe\/#breadcrumb","itemListElement":[{"@type":"ListItem","position":1,"name":"Startseite","item":"https:\/\/www.dogtas.at\/new\/"},{"@type":"ListItem","position":2,"name":"Shop","item":"https:\/\/www.dogtas.at\/new\/shop\/"},{"@type":"ListItem","position":3,"name":"Lounge 3+2+1 Sitzgruppe"}]},{"@type":"WebSite","@id":"https:\/\/www.dogtas.at\/new\/#website","url":"https:\/\/www.dogtas.at\/new\/","name":"Dogtas - Qualit\u00e4t f\u00fchlen!","description":"Qualit\u00e4t f\u00fchlen!","potentialAction":[{"@type":"SearchAction","target":{"@type":"EntryPoint","urlTemplate":"https:\/\/www.dogtas.at\/new\/?s={search_term_string}"},"query-input":"required name=search_term_string"}],"inLanguage":"de"}]}},"_links":{"self":[{"href":"https:\/\/www.dogtas.at\/new\/wp-json\/wp\/v2\/product\/184071"}],"collection":[{"href":"https:\/\/www.dogtas.at\/new\/wp-json\/wp\/v2\/product"}],"about":[{"href":"https:\/\/www.dogtas.at\/new\/wp-json\/wp\/v2\/types\/product"}],"replies":[{"embeddable":true,"href":"https:\/\/www.dogtas.at\/new\/wp-json\/wp\/v2\/comments?post=184071"}],"wp:featuredmedia":[{"embeddable":true,"href":"https:\/\/www.dogtas.at\/new\/wp-json\/wp\/v2\/media\/184072"}],"wp:attachment":[{"href":"https:\/\/www.dogtas.at\/new\/wp-json\/wp\/v2\/media?parent=184071"}],"wp:term":[{"taxonomy":"product_cat","embeddable":true,"href":"https:\/\/www.dogtas.at\/new\/wp-json\/wp\/v2\/product_cat?post=184071"},{"taxonomy":"product_tag","embeddable":true,"href":"https:\/\/www.dogtas.at\/new\/wp-json\/wp\/v2\/product_tag?post=184071"}],"curies":[{"name":"wp","href":"https:\/\/api.w.org\/{rel}","templated":true}]}}