{"id":184374,"date":"2021-01-14T20:52:14","date_gmt":"2021-01-14T19:52:14","guid":{"rendered":"http:\/\/www.dogtas.at\/new\/?post_type=product&#038;p=184374"},"modified":"2024-07-03T14:01:29","modified_gmt":"2024-07-03T12:01:29","slug":"matera-wohnecke-mit-bettfunktion-und-stauraum","status":"publish","type":"product","link":"https:\/\/www.dogtas.at\/new\/produkt\/matera-wohnecke-mit-bettfunktion-und-stauraum\/","title":{"rendered":"Matera Wohnecke mit Bettfunktion und Stauraum 232x149cm"},"content":{"rendered":"<p>Das Matera Wohnecke spricht diejenigen an, die auch auf engstem Raum Platz sparen m\u00f6chten und auf zeitgem\u00e4\u00dfe und originelle Designlinien nicht verzichten k\u00f6nnen. Der Mechanismus des Matera-Eckensets, bei dem es sich um ein Doppelbett handeln kann, bietet Ihnen praktische L\u00f6sungen und hei\u00dft Ihre G\u00e4ste willkommen. Das Ablagefach unter der Chaiselongue hingegen spart mit seinem gro\u00dfen Stauraum Platz in Ihren Wohnr\u00e4umen.<\/p>\n<p>Das fein gestickte Spezialdesign des Matera-Eckensets kann sich problemlos an jeden Dekorationsstil anpassen. Sie k\u00f6nnen auch dieses spezielle Eckenset w\u00e4hlen, das mit verschiedenen Farboptionen angeboten wird, und Sie k\u00f6nnen Ihre Wohnr\u00e4ume mit einem stilvollen und funktionalen Design kombinieren.<\/p>\n","protected":false},"excerpt":{"rendered":"<p>Das Matera Wohnecke spricht diejenigen an, die auch auf engstem Raum Platz sparen m\u00f6chten und auf zeitgem\u00e4\u00dfe und originelle Designlinien<\/p>\n","protected":false},"featured_media":184375,"comment_status":"open","ping_status":"closed","template":"","meta":{"_joinchat":[]},"product_cat":[557,6234,176,6235],"product_tag":[6055],"yoast_head":"<!-- This site is optimized with the Yoast SEO plugin v19.13 - https:\/\/yoast.com\/wordpress\/plugins\/seo\/ -->\n<title>Matera Wohnecke mit Bettfunktion und Stauraum 232x149cm - Dogtas - Qualit\u00e4t f\u00fchlen!<\/title>\n<meta name=\"robots\" content=\"index, follow, max-snippet:-1, max-image-preview:large, max-video-preview:-1\" \/>\n<link rel=\"canonical\" href=\"https:\/\/www.dogtas.at\/new\/produkt\/matera-wohnecke-mit-bettfunktion-und-stauraum\/\" \/>\n<meta property=\"og:locale\" content=\"de_DE\" \/>\n<meta property=\"og:type\" content=\"article\" \/>\n<meta property=\"og:title\" content=\"Matera Wohnecke mit Bettfunktion und Stauraum 232x149cm - Dogtas - Qualit\u00e4t f\u00fchlen!\" \/>\n<meta property=\"og:description\" content=\"Das Matera Wohnecke spricht diejenigen an, die auch auf engstem Raum Platz sparen m\u00f6chten und auf zeitgem\u00e4\u00dfe und originelle Designlinien\" \/>\n<meta property=\"og:url\" content=\"https:\/\/www.dogtas.at\/new\/produkt\/matera-wohnecke-mit-bettfunktion-und-stauraum\/\" \/>\n<meta property=\"og:site_name\" content=\"Dogtas - Qualit\u00e4t f\u00fchlen!\" \/>\n<meta property=\"article:publisher\" content=\"https:\/\/www.facebook.com\/saloniwien\" \/>\n<meta property=\"article:modified_time\" content=\"2024-07-03T12:01:29+00:00\" \/>\n<meta property=\"og:image\" content=\"https:\/\/www.dogtas.at\/new\/wp-content\/uploads\/Matera-wohnecke.png\" \/>\n\t<meta property=\"og:image:width\" content=\"1500\" \/>\n\t<meta property=\"og:image:height\" content=\"1500\" \/>\n\t<meta property=\"og:image:type\" content=\"image\/png\" \/>\n<meta name=\"twitter:card\" content=\"summary_large_image\" \/>\n<meta name=\"twitter:label1\" content=\"Gesch\u00e4tzte Lesezeit\" \/>\n\t<meta name=\"twitter:data1\" content=\"1\u00a0Minute\" \/>\n<script type=\"application\/ld+json\" class=\"yoast-schema-graph\">{\"@context\":\"https:\/\/schema.org\",\"@graph\":[{\"@type\":\"WebPage\",\"@id\":\"https:\/\/www.dogtas.at\/new\/produkt\/matera-wohnecke-mit-bettfunktion-und-stauraum\/\",\"url\":\"https:\/\/www.dogtas.at\/new\/produkt\/matera-wohnecke-mit-bettfunktion-und-stauraum\/\",\"name\":\"Matera Wohnecke mit Bettfunktion und Stauraum 232x149cm - Dogtas - Qualit\u00e4t f\u00fchlen!\",\"isPartOf\":{\"@id\":\"https:\/\/www.dogtas.at\/new\/#website\"},\"datePublished\":\"2021-01-14T19:52:14+00:00\",\"dateModified\":\"2024-07-03T12:01:29+00:00\",\"breadcrumb\":{\"@id\":\"https:\/\/www.dogtas.at\/new\/produkt\/matera-wohnecke-mit-bettfunktion-und-stauraum\/#breadcrumb\"},\"inLanguage\":\"de\",\"potentialAction\":[{\"@type\":\"ReadAction\",\"target\":[\"https:\/\/www.dogtas.at\/new\/produkt\/matera-wohnecke-mit-bettfunktion-und-stauraum\/\"]}]},{\"@type\":\"BreadcrumbList\",\"@id\":\"https:\/\/www.dogtas.at\/new\/produkt\/matera-wohnecke-mit-bettfunktion-und-stauraum\/#breadcrumb\",\"itemListElement\":[{\"@type\":\"ListItem\",\"position\":1,\"name\":\"Startseite\",\"item\":\"https:\/\/www.dogtas.at\/new\/\"},{\"@type\":\"ListItem\",\"position\":2,\"name\":\"Shop\",\"item\":\"https:\/\/www.dogtas.at\/new\/shop\/\"},{\"@type\":\"ListItem\",\"position\":3,\"name\":\"Matera Wohnecke mit Bettfunktion und Stauraum 232x149cm\"}]},{\"@type\":\"WebSite\",\"@id\":\"https:\/\/www.dogtas.at\/new\/#website\",\"url\":\"https:\/\/www.dogtas.at\/new\/\",\"name\":\"Dogtas - Qualit\u00e4t f\u00fchlen!\",\"description\":\"Qualit\u00e4t f\u00fchlen!\",\"potentialAction\":[{\"@type\":\"SearchAction\",\"target\":{\"@type\":\"EntryPoint\",\"urlTemplate\":\"https:\/\/www.dogtas.at\/new\/?s={search_term_string}\"},\"query-input\":\"required name=search_term_string\"}],\"inLanguage\":\"de\"}]}<\/script>\n<!-- \/ Yoast SEO plugin. -->","yoast_head_json":{"title":"Matera Wohnecke mit Bettfunktion und Stauraum 232x149cm - Dogtas - Qualit\u00e4t f\u00fchlen!","robots":{"index":"index","follow":"follow","max-snippet":"max-snippet:-1","max-image-preview":"max-image-preview:large","max-video-preview":"max-video-preview:-1"},"canonical":"https:\/\/www.dogtas.at\/new\/produkt\/matera-wohnecke-mit-bettfunktion-und-stauraum\/","og_locale":"de_DE","og_type":"article","og_title":"Matera Wohnecke mit Bettfunktion und Stauraum 232x149cm - Dogtas - Qualit\u00e4t f\u00fchlen!","og_description":"Das Matera Wohnecke spricht diejenigen an, die auch auf engstem Raum Platz sparen m\u00f6chten und auf zeitgem\u00e4\u00dfe und originelle Designlinien","og_url":"https:\/\/www.dogtas.at\/new\/produkt\/matera-wohnecke-mit-bettfunktion-und-stauraum\/","og_site_name":"Dogtas - Qualit\u00e4t f\u00fchlen!","article_publisher":"https:\/\/www.facebook.com\/saloniwien","article_modified_time":"2024-07-03T12:01:29+00:00","og_image":[{"width":1500,"height":1500,"url":"https:\/\/www.dogtas.at\/new\/wp-content\/uploads\/Matera-wohnecke.png","type":"image\/png"}],"twitter_card":"summary_large_image","twitter_misc":{"Gesch\u00e4tzte Lesezeit":"1\u00a0Minute"},"schema":{"@context":"https:\/\/schema.org","@graph":[{"@type":"WebPage","@id":"https:\/\/www.dogtas.at\/new\/produkt\/matera-wohnecke-mit-bettfunktion-und-stauraum\/","url":"https:\/\/www.dogtas.at\/new\/produkt\/matera-wohnecke-mit-bettfunktion-und-stauraum\/","name":"Matera Wohnecke mit Bettfunktion und Stauraum 232x149cm - Dogtas - Qualit\u00e4t f\u00fchlen!","isPartOf":{"@id":"https:\/\/www.dogtas.at\/new\/#website"},"datePublished":"2021-01-14T19:52:14+00:00","dateModified":"2024-07-03T12:01:29+00:00","breadcrumb":{"@id":"https:\/\/www.dogtas.at\/new\/produkt\/matera-wohnecke-mit-bettfunktion-und-stauraum\/#breadcrumb"},"inLanguage":"de","potentialAction":[{"@type":"ReadAction","target":["https:\/\/www.dogtas.at\/new\/produkt\/matera-wohnecke-mit-bettfunktion-und-stauraum\/"]}]},{"@type":"BreadcrumbList","@id":"https:\/\/www.dogtas.at\/new\/produkt\/matera-wohnecke-mit-bettfunktion-und-stauraum\/#breadcrumb","itemListElement":[{"@type":"ListItem","position":1,"name":"Startseite","item":"https:\/\/www.dogtas.at\/new\/"},{"@type":"ListItem","position":2,"name":"Shop","item":"https:\/\/www.dogtas.at\/new\/shop\/"},{"@type":"ListItem","position":3,"name":"Matera Wohnecke mit Bettfunktion und Stauraum 232x149cm"}]},{"@type":"WebSite","@id":"https:\/\/www.dogtas.at\/new\/#website","url":"https:\/\/www.dogtas.at\/new\/","name":"Dogtas - Qualit\u00e4t f\u00fchlen!","description":"Qualit\u00e4t f\u00fchlen!","potentialAction":[{"@type":"SearchAction","target":{"@type":"EntryPoint","urlTemplate":"https:\/\/www.dogtas.at\/new\/?s={search_term_string}"},"query-input":"required name=search_term_string"}],"inLanguage":"de"}]}},"_links":{"self":[{"href":"https:\/\/www.dogtas.at\/new\/wp-json\/wp\/v2\/product\/184374"}],"collection":[{"href":"https:\/\/www.dogtas.at\/new\/wp-json\/wp\/v2\/product"}],"about":[{"href":"https:\/\/www.dogtas.at\/new\/wp-json\/wp\/v2\/types\/product"}],"replies":[{"embeddable":true,"href":"https:\/\/www.dogtas.at\/new\/wp-json\/wp\/v2\/comments?post=184374"}],"wp:featuredmedia":[{"embeddable":true,"href":"https:\/\/www.dogtas.at\/new\/wp-json\/wp\/v2\/media\/184375"}],"wp:attachment":[{"href":"https:\/\/www.dogtas.at\/new\/wp-json\/wp\/v2\/media?parent=184374"}],"wp:term":[{"taxonomy":"product_cat","embeddable":true,"href":"https:\/\/www.dogtas.at\/new\/wp-json\/wp\/v2\/product_cat?post=184374"},{"taxonomy":"product_tag","embeddable":true,"href":"https:\/\/www.dogtas.at\/new\/wp-json\/wp\/v2\/product_tag?post=184374"}],"curies":[{"name":"wp","href":"https:\/\/api.w.org\/{rel}","templated":true}]}}