{"id":184396,"date":"2021-01-14T21:08:25","date_gmt":"2021-01-14T20:08:25","guid":{"rendered":"http:\/\/www.dogtas.at\/new\/?post_type=product&#038;p=184396"},"modified":"2022-02-04T04:05:41","modified_gmt":"2022-02-04T03:05:41","slug":"carlino-wohnecke","status":"publish","type":"product","link":"https:\/\/www.dogtas.at\/new\/produkt\/carlino-wohnecke\/","title":{"rendered":"Carlino Wohnecke 298x250cm"},"content":{"rendered":"<p>Bei der Dekoration Ihres Wohnzimmers oder Wohnzimmers m\u00fcssen Sie beim Komfort und den Designlinien Ihrer Tr\u00e4ume keine Kompromisse eingehen. Denn das Carlino-Eckenset kombiniert alle Komfortkomponenten mit einem einfachen, stilvollen und zeitlosen Design.<\/p>\n<p>Das Carlino-Eckenset bietet Ihnen und all Ihren G\u00e4sten einen sehr gro\u00dfen Sitzbereich. Die modern gestaltete Holz- und Fu\u00dfstruktur des Produkts und das leicht zu reinigende Gewebe bieten Ihnen praktische Vorteile bei der Reinigung. Die helle Farbe des Produkts, angereichert mit Holzdetails, verleiht Ihren Wohnr\u00e4umen eine ger\u00e4umige und freundliche Atmosph\u00e4re. Sie k\u00f6nnen auch das Carlino-Eckenset w\u00e4hlen und die Brise des modernistischen Windes in die Ecke Ihres Wohnraums tragen.<\/p>\n","protected":false},"excerpt":{"rendered":"<p>Bei der Dekoration Ihres Wohnzimmers oder Wohnzimmers m\u00fcssen Sie beim Komfort und den Designlinien Ihrer Tr\u00e4ume keine Kompromisse eingehen. Denn<\/p>\n","protected":false},"featured_media":184397,"comment_status":"open","ping_status":"closed","template":"","meta":{"_joinchat":[]},"product_cat":[557,6338,176],"product_tag":[6031],"yoast_head":"<!-- This site is optimized with the Yoast SEO plugin v19.13 - https:\/\/yoast.com\/wordpress\/plugins\/seo\/ -->\n<title>Carlino Wohnecke 298x250cm - Dogtas - Qualit\u00e4t f\u00fchlen!<\/title>\n<meta name=\"robots\" content=\"index, follow, max-snippet:-1, max-image-preview:large, max-video-preview:-1\" \/>\n<link rel=\"canonical\" href=\"https:\/\/www.dogtas.at\/new\/produkt\/carlino-wohnecke\/\" \/>\n<meta property=\"og:locale\" content=\"de_DE\" \/>\n<meta property=\"og:type\" content=\"article\" \/>\n<meta property=\"og:title\" content=\"Carlino Wohnecke 298x250cm - Dogtas - Qualit\u00e4t f\u00fchlen!\" \/>\n<meta property=\"og:description\" content=\"Bei der Dekoration Ihres Wohnzimmers oder Wohnzimmers m\u00fcssen Sie beim Komfort und den Designlinien Ihrer Tr\u00e4ume keine Kompromisse eingehen. Denn\" \/>\n<meta property=\"og:url\" content=\"https:\/\/www.dogtas.at\/new\/produkt\/carlino-wohnecke\/\" \/>\n<meta property=\"og:site_name\" content=\"Dogtas - Qualit\u00e4t f\u00fchlen!\" \/>\n<meta property=\"article:publisher\" content=\"https:\/\/www.facebook.com\/saloniwien\" \/>\n<meta property=\"article:modified_time\" content=\"2022-02-04T03:05:41+00:00\" \/>\n<meta property=\"og:image\" content=\"https:\/\/www.dogtas.at\/new\/wp-content\/uploads\/carlino-wohnecke-2.png\" \/>\n\t<meta property=\"og:image:width\" content=\"1500\" \/>\n\t<meta property=\"og:image:height\" content=\"1500\" \/>\n\t<meta property=\"og:image:type\" content=\"image\/png\" \/>\n<meta name=\"twitter:card\" content=\"summary_large_image\" \/>\n<meta name=\"twitter:label1\" content=\"Gesch\u00e4tzte Lesezeit\" \/>\n\t<meta name=\"twitter:data1\" content=\"1\u00a0Minute\" \/>\n<script type=\"application\/ld+json\" class=\"yoast-schema-graph\">{\"@context\":\"https:\/\/schema.org\",\"@graph\":[{\"@type\":\"WebPage\",\"@id\":\"https:\/\/www.dogtas.at\/new\/produkt\/carlino-wohnecke\/\",\"url\":\"https:\/\/www.dogtas.at\/new\/produkt\/carlino-wohnecke\/\",\"name\":\"Carlino Wohnecke 298x250cm - Dogtas - Qualit\u00e4t f\u00fchlen!\",\"isPartOf\":{\"@id\":\"https:\/\/www.dogtas.at\/new\/#website\"},\"datePublished\":\"2021-01-14T20:08:25+00:00\",\"dateModified\":\"2022-02-04T03:05:41+00:00\",\"breadcrumb\":{\"@id\":\"https:\/\/www.dogtas.at\/new\/produkt\/carlino-wohnecke\/#breadcrumb\"},\"inLanguage\":\"de\",\"potentialAction\":[{\"@type\":\"ReadAction\",\"target\":[\"https:\/\/www.dogtas.at\/new\/produkt\/carlino-wohnecke\/\"]}]},{\"@type\":\"BreadcrumbList\",\"@id\":\"https:\/\/www.dogtas.at\/new\/produkt\/carlino-wohnecke\/#breadcrumb\",\"itemListElement\":[{\"@type\":\"ListItem\",\"position\":1,\"name\":\"Startseite\",\"item\":\"https:\/\/www.dogtas.at\/new\/\"},{\"@type\":\"ListItem\",\"position\":2,\"name\":\"Shop\",\"item\":\"https:\/\/www.dogtas.at\/new\/shop\/\"},{\"@type\":\"ListItem\",\"position\":3,\"name\":\"Carlino Wohnecke 298x250cm\"}]},{\"@type\":\"WebSite\",\"@id\":\"https:\/\/www.dogtas.at\/new\/#website\",\"url\":\"https:\/\/www.dogtas.at\/new\/\",\"name\":\"Dogtas - Qualit\u00e4t f\u00fchlen!\",\"description\":\"Qualit\u00e4t f\u00fchlen!\",\"potentialAction\":[{\"@type\":\"SearchAction\",\"target\":{\"@type\":\"EntryPoint\",\"urlTemplate\":\"https:\/\/www.dogtas.at\/new\/?s={search_term_string}\"},\"query-input\":\"required name=search_term_string\"}],\"inLanguage\":\"de\"}]}<\/script>\n<!-- \/ Yoast SEO plugin. -->","yoast_head_json":{"title":"Carlino Wohnecke 298x250cm - Dogtas - Qualit\u00e4t f\u00fchlen!","robots":{"index":"index","follow":"follow","max-snippet":"max-snippet:-1","max-image-preview":"max-image-preview:large","max-video-preview":"max-video-preview:-1"},"canonical":"https:\/\/www.dogtas.at\/new\/produkt\/carlino-wohnecke\/","og_locale":"de_DE","og_type":"article","og_title":"Carlino Wohnecke 298x250cm - Dogtas - Qualit\u00e4t f\u00fchlen!","og_description":"Bei der Dekoration Ihres Wohnzimmers oder Wohnzimmers m\u00fcssen Sie beim Komfort und den Designlinien Ihrer Tr\u00e4ume keine Kompromisse eingehen. Denn","og_url":"https:\/\/www.dogtas.at\/new\/produkt\/carlino-wohnecke\/","og_site_name":"Dogtas - Qualit\u00e4t f\u00fchlen!","article_publisher":"https:\/\/www.facebook.com\/saloniwien","article_modified_time":"2022-02-04T03:05:41+00:00","og_image":[{"width":1500,"height":1500,"url":"https:\/\/www.dogtas.at\/new\/wp-content\/uploads\/carlino-wohnecke-2.png","type":"image\/png"}],"twitter_card":"summary_large_image","twitter_misc":{"Gesch\u00e4tzte Lesezeit":"1\u00a0Minute"},"schema":{"@context":"https:\/\/schema.org","@graph":[{"@type":"WebPage","@id":"https:\/\/www.dogtas.at\/new\/produkt\/carlino-wohnecke\/","url":"https:\/\/www.dogtas.at\/new\/produkt\/carlino-wohnecke\/","name":"Carlino Wohnecke 298x250cm - Dogtas - Qualit\u00e4t f\u00fchlen!","isPartOf":{"@id":"https:\/\/www.dogtas.at\/new\/#website"},"datePublished":"2021-01-14T20:08:25+00:00","dateModified":"2022-02-04T03:05:41+00:00","breadcrumb":{"@id":"https:\/\/www.dogtas.at\/new\/produkt\/carlino-wohnecke\/#breadcrumb"},"inLanguage":"de","potentialAction":[{"@type":"ReadAction","target":["https:\/\/www.dogtas.at\/new\/produkt\/carlino-wohnecke\/"]}]},{"@type":"BreadcrumbList","@id":"https:\/\/www.dogtas.at\/new\/produkt\/carlino-wohnecke\/#breadcrumb","itemListElement":[{"@type":"ListItem","position":1,"name":"Startseite","item":"https:\/\/www.dogtas.at\/new\/"},{"@type":"ListItem","position":2,"name":"Shop","item":"https:\/\/www.dogtas.at\/new\/shop\/"},{"@type":"ListItem","position":3,"name":"Carlino Wohnecke 298x250cm"}]},{"@type":"WebSite","@id":"https:\/\/www.dogtas.at\/new\/#website","url":"https:\/\/www.dogtas.at\/new\/","name":"Dogtas - Qualit\u00e4t f\u00fchlen!","description":"Qualit\u00e4t f\u00fchlen!","potentialAction":[{"@type":"SearchAction","target":{"@type":"EntryPoint","urlTemplate":"https:\/\/www.dogtas.at\/new\/?s={search_term_string}"},"query-input":"required name=search_term_string"}],"inLanguage":"de"}]}},"_links":{"self":[{"href":"https:\/\/www.dogtas.at\/new\/wp-json\/wp\/v2\/product\/184396"}],"collection":[{"href":"https:\/\/www.dogtas.at\/new\/wp-json\/wp\/v2\/product"}],"about":[{"href":"https:\/\/www.dogtas.at\/new\/wp-json\/wp\/v2\/types\/product"}],"replies":[{"embeddable":true,"href":"https:\/\/www.dogtas.at\/new\/wp-json\/wp\/v2\/comments?post=184396"}],"wp:featuredmedia":[{"embeddable":true,"href":"https:\/\/www.dogtas.at\/new\/wp-json\/wp\/v2\/media\/184397"}],"wp:attachment":[{"href":"https:\/\/www.dogtas.at\/new\/wp-json\/wp\/v2\/media?parent=184396"}],"wp:term":[{"taxonomy":"product_cat","embeddable":true,"href":"https:\/\/www.dogtas.at\/new\/wp-json\/wp\/v2\/product_cat?post=184396"},{"taxonomy":"product_tag","embeddable":true,"href":"https:\/\/www.dogtas.at\/new\/wp-json\/wp\/v2\/product_tag?post=184396"}],"curies":[{"name":"wp","href":"https:\/\/api.w.org\/{rel}","templated":true}]}}