{"id":185441,"date":"2021-01-25T23:53:14","date_gmt":"2021-01-25T22:53:14","guid":{"rendered":"http:\/\/www.dogtas.at\/new\/?post_type=product&#038;p=185441"},"modified":"2024-05-06T11:33:13","modified_gmt":"2024-05-06T09:33:13","slug":"lexia-matratze-90x200cm","status":"publish","type":"product","link":"https:\/\/www.dogtas.at\/new\/produkt\/lexia-matratze-90x200cm\/","title":{"rendered":"Lexia Matratze 90x200cm"},"content":{"rendered":"<p>Lexia Matratze<br \/>\nLexia ist eine sichere, umweltfreundliche Matratze, die Bakterien, Pilze und sogar Hausstaubmilben effizient und erfolgreich bek\u00e4mpft.<\/p>\n<p>Qualit\u00e4t im Detail verborgen.<\/p>\n<p>Doppelseitige Verwendung<\/p>\n<p>HRS Federsystem<\/p>\n<p>22 &#8220;H\u00f6he<\/p>\n","protected":false},"excerpt":{"rendered":"<p>Lexia Matratze Lexia ist eine sichere, umweltfreundliche Matratze, die Bakterien, Pilze und sogar Hausstaubmilben effizient und erfolgreich bek\u00e4mpft. Qualit\u00e4t im<\/p>\n","protected":false},"featured_media":185436,"comment_status":"open","ping_status":"closed","template":"","meta":{"_joinchat":[]},"product_cat":[6342,6311,224,6251,2134,5271],"product_tag":[6347],"yoast_head":"<!-- This site is optimized with the Yoast SEO plugin v19.13 - https:\/\/yoast.com\/wordpress\/plugins\/seo\/ -->\n<title>Lexia Matratze 90x200cm - Dogtas - Qualit\u00e4t f\u00fchlen!<\/title>\n<meta name=\"robots\" content=\"index, follow, max-snippet:-1, max-image-preview:large, max-video-preview:-1\" \/>\n<link rel=\"canonical\" href=\"https:\/\/www.dogtas.at\/new\/produkt\/lexia-matratze-90x200cm\/\" \/>\n<meta property=\"og:locale\" content=\"de_DE\" \/>\n<meta property=\"og:type\" content=\"article\" \/>\n<meta property=\"og:title\" content=\"Lexia Matratze 90x200cm - Dogtas - Qualit\u00e4t f\u00fchlen!\" \/>\n<meta property=\"og:description\" content=\"Lexia Matratze Lexia ist eine sichere, umweltfreundliche Matratze, die Bakterien, Pilze und sogar Hausstaubmilben effizient und erfolgreich bek\u00e4mpft. Qualit\u00e4t im\" \/>\n<meta property=\"og:url\" content=\"https:\/\/www.dogtas.at\/new\/produkt\/lexia-matratze-90x200cm\/\" \/>\n<meta property=\"og:site_name\" content=\"Dogtas - Qualit\u00e4t f\u00fchlen!\" \/>\n<meta property=\"article:publisher\" content=\"https:\/\/www.facebook.com\/saloniwien\" \/>\n<meta property=\"article:modified_time\" content=\"2024-05-06T09:33:13+00:00\" \/>\n<meta property=\"og:image\" content=\"https:\/\/www.dogtas.at\/new\/wp-content\/uploads\/Lexia-Matratze.png\" \/>\n\t<meta property=\"og:image:width\" content=\"1500\" \/>\n\t<meta property=\"og:image:height\" content=\"1500\" \/>\n\t<meta property=\"og:image:type\" content=\"image\/png\" \/>\n<meta name=\"twitter:card\" content=\"summary_large_image\" \/>\n<script type=\"application\/ld+json\" class=\"yoast-schema-graph\">{\"@context\":\"https:\/\/schema.org\",\"@graph\":[{\"@type\":\"WebPage\",\"@id\":\"https:\/\/www.dogtas.at\/new\/produkt\/lexia-matratze-90x200cm\/\",\"url\":\"https:\/\/www.dogtas.at\/new\/produkt\/lexia-matratze-90x200cm\/\",\"name\":\"Lexia Matratze 90x200cm - Dogtas - Qualit\u00e4t f\u00fchlen!\",\"isPartOf\":{\"@id\":\"https:\/\/www.dogtas.at\/new\/#website\"},\"datePublished\":\"2021-01-25T22:53:14+00:00\",\"dateModified\":\"2024-05-06T09:33:13+00:00\",\"breadcrumb\":{\"@id\":\"https:\/\/www.dogtas.at\/new\/produkt\/lexia-matratze-90x200cm\/#breadcrumb\"},\"inLanguage\":\"de\",\"potentialAction\":[{\"@type\":\"ReadAction\",\"target\":[\"https:\/\/www.dogtas.at\/new\/produkt\/lexia-matratze-90x200cm\/\"]}]},{\"@type\":\"BreadcrumbList\",\"@id\":\"https:\/\/www.dogtas.at\/new\/produkt\/lexia-matratze-90x200cm\/#breadcrumb\",\"itemListElement\":[{\"@type\":\"ListItem\",\"position\":1,\"name\":\"Startseite\",\"item\":\"https:\/\/www.dogtas.at\/new\/\"},{\"@type\":\"ListItem\",\"position\":2,\"name\":\"Shop\",\"item\":\"https:\/\/www.dogtas.at\/new\/shop\/\"},{\"@type\":\"ListItem\",\"position\":3,\"name\":\"Lexia Matratze 90x200cm\"}]},{\"@type\":\"WebSite\",\"@id\":\"https:\/\/www.dogtas.at\/new\/#website\",\"url\":\"https:\/\/www.dogtas.at\/new\/\",\"name\":\"Dogtas - Qualit\u00e4t f\u00fchlen!\",\"description\":\"Qualit\u00e4t f\u00fchlen!\",\"potentialAction\":[{\"@type\":\"SearchAction\",\"target\":{\"@type\":\"EntryPoint\",\"urlTemplate\":\"https:\/\/www.dogtas.at\/new\/?s={search_term_string}\"},\"query-input\":\"required name=search_term_string\"}],\"inLanguage\":\"de\"}]}<\/script>\n<!-- \/ Yoast SEO plugin. -->","yoast_head_json":{"title":"Lexia Matratze 90x200cm - Dogtas - Qualit\u00e4t f\u00fchlen!","robots":{"index":"index","follow":"follow","max-snippet":"max-snippet:-1","max-image-preview":"max-image-preview:large","max-video-preview":"max-video-preview:-1"},"canonical":"https:\/\/www.dogtas.at\/new\/produkt\/lexia-matratze-90x200cm\/","og_locale":"de_DE","og_type":"article","og_title":"Lexia Matratze 90x200cm - Dogtas - Qualit\u00e4t f\u00fchlen!","og_description":"Lexia Matratze Lexia ist eine sichere, umweltfreundliche Matratze, die Bakterien, Pilze und sogar Hausstaubmilben effizient und erfolgreich bek\u00e4mpft. Qualit\u00e4t im","og_url":"https:\/\/www.dogtas.at\/new\/produkt\/lexia-matratze-90x200cm\/","og_site_name":"Dogtas - Qualit\u00e4t f\u00fchlen!","article_publisher":"https:\/\/www.facebook.com\/saloniwien","article_modified_time":"2024-05-06T09:33:13+00:00","og_image":[{"width":1500,"height":1500,"url":"https:\/\/www.dogtas.at\/new\/wp-content\/uploads\/Lexia-Matratze.png","type":"image\/png"}],"twitter_card":"summary_large_image","schema":{"@context":"https:\/\/schema.org","@graph":[{"@type":"WebPage","@id":"https:\/\/www.dogtas.at\/new\/produkt\/lexia-matratze-90x200cm\/","url":"https:\/\/www.dogtas.at\/new\/produkt\/lexia-matratze-90x200cm\/","name":"Lexia Matratze 90x200cm - Dogtas - Qualit\u00e4t f\u00fchlen!","isPartOf":{"@id":"https:\/\/www.dogtas.at\/new\/#website"},"datePublished":"2021-01-25T22:53:14+00:00","dateModified":"2024-05-06T09:33:13+00:00","breadcrumb":{"@id":"https:\/\/www.dogtas.at\/new\/produkt\/lexia-matratze-90x200cm\/#breadcrumb"},"inLanguage":"de","potentialAction":[{"@type":"ReadAction","target":["https:\/\/www.dogtas.at\/new\/produkt\/lexia-matratze-90x200cm\/"]}]},{"@type":"BreadcrumbList","@id":"https:\/\/www.dogtas.at\/new\/produkt\/lexia-matratze-90x200cm\/#breadcrumb","itemListElement":[{"@type":"ListItem","position":1,"name":"Startseite","item":"https:\/\/www.dogtas.at\/new\/"},{"@type":"ListItem","position":2,"name":"Shop","item":"https:\/\/www.dogtas.at\/new\/shop\/"},{"@type":"ListItem","position":3,"name":"Lexia Matratze 90x200cm"}]},{"@type":"WebSite","@id":"https:\/\/www.dogtas.at\/new\/#website","url":"https:\/\/www.dogtas.at\/new\/","name":"Dogtas - Qualit\u00e4t f\u00fchlen!","description":"Qualit\u00e4t f\u00fchlen!","potentialAction":[{"@type":"SearchAction","target":{"@type":"EntryPoint","urlTemplate":"https:\/\/www.dogtas.at\/new\/?s={search_term_string}"},"query-input":"required name=search_term_string"}],"inLanguage":"de"}]}},"_links":{"self":[{"href":"https:\/\/www.dogtas.at\/new\/wp-json\/wp\/v2\/product\/185441"}],"collection":[{"href":"https:\/\/www.dogtas.at\/new\/wp-json\/wp\/v2\/product"}],"about":[{"href":"https:\/\/www.dogtas.at\/new\/wp-json\/wp\/v2\/types\/product"}],"replies":[{"embeddable":true,"href":"https:\/\/www.dogtas.at\/new\/wp-json\/wp\/v2\/comments?post=185441"}],"wp:featuredmedia":[{"embeddable":true,"href":"https:\/\/www.dogtas.at\/new\/wp-json\/wp\/v2\/media\/185436"}],"wp:attachment":[{"href":"https:\/\/www.dogtas.at\/new\/wp-json\/wp\/v2\/media?parent=185441"}],"wp:term":[{"taxonomy":"product_cat","embeddable":true,"href":"https:\/\/www.dogtas.at\/new\/wp-json\/wp\/v2\/product_cat?post=185441"},{"taxonomy":"product_tag","embeddable":true,"href":"https:\/\/www.dogtas.at\/new\/wp-json\/wp\/v2\/product_tag?post=185441"}],"curies":[{"name":"wp","href":"https:\/\/api.w.org\/{rel}","templated":true}]}}