{"id":185462,"date":"2021-01-26T21:51:09","date_gmt":"2021-01-26T20:51:09","guid":{"rendered":"http:\/\/www.dogtas.at\/new\/?post_type=product&#038;p=185462"},"modified":"2022-02-04T04:07:10","modified_gmt":"2022-02-04T03:07:10","slug":"algua-wellnes-matratze-120x200cm","status":"publish","type":"product","link":"https:\/\/www.dogtas.at\/new\/produkt\/algua-wellnes-matratze-120x200cm\/","title":{"rendered":"Algua Wellnes Matratze 120x200cm"},"content":{"rendered":"<p style=\"text-align: center;\">Nutzen Sie die beste Matratzentechnologie f\u00fcr einen ultimativen, erholsamen und erholsamen Schlaf.<\/p>\n<p style=\"text-align: center;\"><strong>Qualit\u00e4t im Detail verborgen.<\/strong><\/p>\n<p style=\"text-align: center;\"><strong><a href=\"https:\/\/www.dogtas.at\/new\/wp-content\/uploads\/indir-1.svg\"><img loading=\"lazy\" class=\"wp-image-186907 aligncenter\" role=\"img\" src=\"https:\/\/www.dogtas.at\/new\/wp-content\/uploads\/indir-1.svg\" alt=\"\" width=\"84\" height=\"84\" \/><\/a><\/strong><strong>Doppelseitige Verwendung<\/strong><\/p>\n<p style=\"text-align: center;\"><a href=\"https:\/\/www.dogtas.at\/new\/wp-content\/uploads\/indir-2.svg\"><img loading=\"lazy\" class=\"alignnone wp-image-186908\" role=\"img\" src=\"https:\/\/www.dogtas.at\/new\/wp-content\/uploads\/indir-2.svg\" alt=\"\" width=\"90\" height=\"89\" \/><\/a><br \/>\n<strong>HRS Federsystem<\/strong><\/p>\n<p style=\"text-align: center;\"><a href=\"https:\/\/www.dogtas.at\/new\/wp-content\/uploads\/indir-3.svg\"><img loading=\"lazy\" class=\"alignnone wp-image-186909\" role=\"img\" src=\"https:\/\/www.dogtas.at\/new\/wp-content\/uploads\/indir-3.svg\" alt=\"\" width=\"59\" height=\"59\" \/><\/a><\/p>\n<p style=\"text-align: center;\"><strong>22 &#8220;H\u00f6he<\/strong><\/p>\n<p style=\"text-align: center;\"><strong><a href=\"https:\/\/www.dogtas.at\/new\/wp-content\/uploads\/indir-4.svg\"><img loading=\"lazy\" class=\"alignnone wp-image-186911\" role=\"img\" src=\"https:\/\/www.dogtas.at\/new\/wp-content\/uploads\/indir-4.svg\" alt=\"\" width=\"67\" height=\"66\" \/><\/a><br \/>\nAlgua Spirulina<\/strong><\/p>\n<p><a href=\"https:\/\/www.dogtas.at\/new\/wp-content\/uploads\/indir-5.svg\"><img loading=\"lazy\" class=\"alignnone wp-image-186912\" role=\"img\" src=\"https:\/\/www.dogtas.at\/new\/wp-content\/uploads\/indir-5.svg\" alt=\"\" width=\"67\" height=\"68\" \/><\/a><br \/>\nFiber Layer<\/p>\n","protected":false},"excerpt":{"rendered":"<p>Nutzen Sie die beste Matratzentechnologie f\u00fcr einen ultimativen, erholsamen und erholsamen Schlaf. Qualit\u00e4t im Detail verborgen. Doppelseitige Verwendung HRS Federsystem<\/p>\n","protected":false},"featured_media":185453,"comment_status":"open","ping_status":"closed","template":"","meta":{"_joinchat":[]},"product_cat":[6342,224,6313,6253,2134,5271],"product_tag":[6348],"yoast_head":"<!-- This site is optimized with the Yoast SEO plugin v19.13 - https:\/\/yoast.com\/wordpress\/plugins\/seo\/ -->\n<title>Algua Wellnes Matratze 120x200cm - Dogtas - Qualit\u00e4t f\u00fchlen!<\/title>\n<meta name=\"robots\" content=\"index, follow, max-snippet:-1, max-image-preview:large, max-video-preview:-1\" \/>\n<link rel=\"canonical\" href=\"https:\/\/www.dogtas.at\/new\/produkt\/algua-wellnes-matratze-120x200cm\/\" \/>\n<meta property=\"og:locale\" content=\"de_DE\" \/>\n<meta property=\"og:type\" content=\"article\" \/>\n<meta property=\"og:title\" content=\"Algua Wellnes Matratze 120x200cm - Dogtas - Qualit\u00e4t f\u00fchlen!\" \/>\n<meta property=\"og:description\" content=\"Nutzen Sie die beste Matratzentechnologie f\u00fcr einen ultimativen, erholsamen und erholsamen Schlaf. Qualit\u00e4t im Detail verborgen. Doppelseitige Verwendung HRS Federsystem\" \/>\n<meta property=\"og:url\" content=\"https:\/\/www.dogtas.at\/new\/produkt\/algua-wellnes-matratze-120x200cm\/\" \/>\n<meta property=\"og:site_name\" content=\"Dogtas - Qualit\u00e4t f\u00fchlen!\" \/>\n<meta property=\"article:publisher\" content=\"https:\/\/www.facebook.com\/saloniwien\" \/>\n<meta property=\"article:modified_time\" content=\"2022-02-04T03:07:10+00:00\" \/>\n<meta property=\"og:image\" content=\"https:\/\/www.dogtas.at\/new\/wp-content\/uploads\/dogtas-site-go\u0308rsel-kalip-1024x1024.png\" \/>\n\t<meta property=\"og:image:width\" content=\"1024\" \/>\n\t<meta property=\"og:image:height\" content=\"1024\" \/>\n\t<meta property=\"og:image:type\" content=\"image\/png\" \/>\n<meta name=\"twitter:card\" content=\"summary_large_image\" \/>\n<script type=\"application\/ld+json\" class=\"yoast-schema-graph\">{\"@context\":\"https:\/\/schema.org\",\"@graph\":[{\"@type\":\"WebPage\",\"@id\":\"https:\/\/www.dogtas.at\/new\/produkt\/algua-wellnes-matratze-120x200cm\/\",\"url\":\"https:\/\/www.dogtas.at\/new\/produkt\/algua-wellnes-matratze-120x200cm\/\",\"name\":\"Algua Wellnes Matratze 120x200cm - Dogtas - Qualit\u00e4t f\u00fchlen!\",\"isPartOf\":{\"@id\":\"https:\/\/www.dogtas.at\/new\/#website\"},\"datePublished\":\"2021-01-26T20:51:09+00:00\",\"dateModified\":\"2022-02-04T03:07:10+00:00\",\"breadcrumb\":{\"@id\":\"https:\/\/www.dogtas.at\/new\/produkt\/algua-wellnes-matratze-120x200cm\/#breadcrumb\"},\"inLanguage\":\"de\",\"potentialAction\":[{\"@type\":\"ReadAction\",\"target\":[\"https:\/\/www.dogtas.at\/new\/produkt\/algua-wellnes-matratze-120x200cm\/\"]}]},{\"@type\":\"BreadcrumbList\",\"@id\":\"https:\/\/www.dogtas.at\/new\/produkt\/algua-wellnes-matratze-120x200cm\/#breadcrumb\",\"itemListElement\":[{\"@type\":\"ListItem\",\"position\":1,\"name\":\"Startseite\",\"item\":\"https:\/\/www.dogtas.at\/new\/\"},{\"@type\":\"ListItem\",\"position\":2,\"name\":\"Shop\",\"item\":\"https:\/\/www.dogtas.at\/new\/shop\/\"},{\"@type\":\"ListItem\",\"position\":3,\"name\":\"Algua Wellnes Matratze 120x200cm\"}]},{\"@type\":\"WebSite\",\"@id\":\"https:\/\/www.dogtas.at\/new\/#website\",\"url\":\"https:\/\/www.dogtas.at\/new\/\",\"name\":\"Dogtas - Qualit\u00e4t f\u00fchlen!\",\"description\":\"Qualit\u00e4t f\u00fchlen!\",\"potentialAction\":[{\"@type\":\"SearchAction\",\"target\":{\"@type\":\"EntryPoint\",\"urlTemplate\":\"https:\/\/www.dogtas.at\/new\/?s={search_term_string}\"},\"query-input\":\"required name=search_term_string\"}],\"inLanguage\":\"de\"}]}<\/script>\n<!-- \/ Yoast SEO plugin. -->","yoast_head_json":{"title":"Algua Wellnes Matratze 120x200cm - Dogtas - Qualit\u00e4t f\u00fchlen!","robots":{"index":"index","follow":"follow","max-snippet":"max-snippet:-1","max-image-preview":"max-image-preview:large","max-video-preview":"max-video-preview:-1"},"canonical":"https:\/\/www.dogtas.at\/new\/produkt\/algua-wellnes-matratze-120x200cm\/","og_locale":"de_DE","og_type":"article","og_title":"Algua Wellnes Matratze 120x200cm - Dogtas - Qualit\u00e4t f\u00fchlen!","og_description":"Nutzen Sie die beste Matratzentechnologie f\u00fcr einen ultimativen, erholsamen und erholsamen Schlaf. Qualit\u00e4t im Detail verborgen. Doppelseitige Verwendung HRS Federsystem","og_url":"https:\/\/www.dogtas.at\/new\/produkt\/algua-wellnes-matratze-120x200cm\/","og_site_name":"Dogtas - Qualit\u00e4t f\u00fchlen!","article_publisher":"https:\/\/www.facebook.com\/saloniwien","article_modified_time":"2022-02-04T03:07:10+00:00","og_image":[{"width":1024,"height":1024,"url":"https:\/\/www.dogtas.at\/new\/wp-content\/uploads\/dogtas-site-go\u0308rsel-kalip-1024x1024.png","type":"image\/png"}],"twitter_card":"summary_large_image","schema":{"@context":"https:\/\/schema.org","@graph":[{"@type":"WebPage","@id":"https:\/\/www.dogtas.at\/new\/produkt\/algua-wellnes-matratze-120x200cm\/","url":"https:\/\/www.dogtas.at\/new\/produkt\/algua-wellnes-matratze-120x200cm\/","name":"Algua Wellnes Matratze 120x200cm - Dogtas - Qualit\u00e4t f\u00fchlen!","isPartOf":{"@id":"https:\/\/www.dogtas.at\/new\/#website"},"datePublished":"2021-01-26T20:51:09+00:00","dateModified":"2022-02-04T03:07:10+00:00","breadcrumb":{"@id":"https:\/\/www.dogtas.at\/new\/produkt\/algua-wellnes-matratze-120x200cm\/#breadcrumb"},"inLanguage":"de","potentialAction":[{"@type":"ReadAction","target":["https:\/\/www.dogtas.at\/new\/produkt\/algua-wellnes-matratze-120x200cm\/"]}]},{"@type":"BreadcrumbList","@id":"https:\/\/www.dogtas.at\/new\/produkt\/algua-wellnes-matratze-120x200cm\/#breadcrumb","itemListElement":[{"@type":"ListItem","position":1,"name":"Startseite","item":"https:\/\/www.dogtas.at\/new\/"},{"@type":"ListItem","position":2,"name":"Shop","item":"https:\/\/www.dogtas.at\/new\/shop\/"},{"@type":"ListItem","position":3,"name":"Algua Wellnes Matratze 120x200cm"}]},{"@type":"WebSite","@id":"https:\/\/www.dogtas.at\/new\/#website","url":"https:\/\/www.dogtas.at\/new\/","name":"Dogtas - Qualit\u00e4t f\u00fchlen!","description":"Qualit\u00e4t f\u00fchlen!","potentialAction":[{"@type":"SearchAction","target":{"@type":"EntryPoint","urlTemplate":"https:\/\/www.dogtas.at\/new\/?s={search_term_string}"},"query-input":"required name=search_term_string"}],"inLanguage":"de"}]}},"_links":{"self":[{"href":"https:\/\/www.dogtas.at\/new\/wp-json\/wp\/v2\/product\/185462"}],"collection":[{"href":"https:\/\/www.dogtas.at\/new\/wp-json\/wp\/v2\/product"}],"about":[{"href":"https:\/\/www.dogtas.at\/new\/wp-json\/wp\/v2\/types\/product"}],"replies":[{"embeddable":true,"href":"https:\/\/www.dogtas.at\/new\/wp-json\/wp\/v2\/comments?post=185462"}],"wp:featuredmedia":[{"embeddable":true,"href":"https:\/\/www.dogtas.at\/new\/wp-json\/wp\/v2\/media\/185453"}],"wp:attachment":[{"href":"https:\/\/www.dogtas.at\/new\/wp-json\/wp\/v2\/media?parent=185462"}],"wp:term":[{"taxonomy":"product_cat","embeddable":true,"href":"https:\/\/www.dogtas.at\/new\/wp-json\/wp\/v2\/product_cat?post=185462"},{"taxonomy":"product_tag","embeddable":true,"href":"https:\/\/www.dogtas.at\/new\/wp-json\/wp\/v2\/product_tag?post=185462"}],"curies":[{"name":"wp","href":"https:\/\/api.w.org\/{rel}","templated":true}]}}