{"id":186978,"date":"2021-06-10T11:54:39","date_gmt":"2021-06-10T09:54:39","guid":{"rendered":"https:\/\/www.dogtas.at\/new\/?post_type=product&#038;p=186978"},"modified":"2021-09-07T12:11:11","modified_gmt":"2021-09-07T10:11:11","slug":"likya-321-sitzgruppe-mit-bettfunktion","status":"publish","type":"product","link":"https:\/\/www.dogtas.at\/new\/produkt\/likya-321-sitzgruppe-mit-bettfunktion\/","title":{"rendered":"Likya 3+2+1 Sitzgruppe mit Bettfunktion"},"content":{"rendered":"<p>Die lykische Sofagarnitur kombiniert Leinenstoff, der sportliche Eleganz auf angenehmste Weise widerspiegelt, mit Nubuk, dem Vertreter der Eleganz. Die Sofagarnitur, die mit ihren golddetaillierten Nussbaumbeinen und minimalen Wabenmustern zum Blickfang wird, bringt die aufrichtige und warme Atmosph\u00e4re von Erdt\u00f6nen in die Wohnr\u00e4ume. Die leder\u00e4hnlichen Stoffe an Untergestell- und Armseiten bilden die komplement\u00e4re Linienf\u00fchrung dieses besonderen Designs.<\/p>\n<p>Die Likya-Sofagarnitur mit 3-Sitzer- und 2-Sitzer-Optionen ist mit einem beweglichen R\u00fcckenmechanismus und \u00fcberlegener HYBRID-Technologie ausgestattet. Sie k\u00f6nnen den Stuhl jederzeit als Einzelbett nutzen oder Ihre Sitzecke erweitern.<\/p>\n<p>Mit der Sofagarnitur Likya, die den Sitzkomfort nach oben bringt, k\u00f6nnen Sie Ihren Traumkomfort in Ihren Wohnr\u00e4umen verwirklichen und Ihre Dekoration kr\u00f6nen.<\/p>\n","protected":false},"excerpt":{"rendered":"<p>Die lykische Sofagarnitur kombiniert Leinenstoff, der sportliche Eleganz auf angenehmste Weise widerspiegelt, mit Nubuk, dem Vertreter der Eleganz. Die Sofagarnitur,<\/p>\n","protected":false},"featured_media":186979,"comment_status":"open","ping_status":"closed","template":"","meta":{"_joinchat":[]},"product_cat":[557,6072],"product_tag":[6378],"yoast_head":"<!-- This site is optimized with the Yoast SEO plugin v19.13 - https:\/\/yoast.com\/wordpress\/plugins\/seo\/ -->\n<title>Likya 3+2+1 Sitzgruppe mit Bettfunktion - Dogtas - Qualit\u00e4t f\u00fchlen!<\/title>\n<meta name=\"robots\" content=\"index, follow, max-snippet:-1, max-image-preview:large, max-video-preview:-1\" \/>\n<link rel=\"canonical\" href=\"http:\/\/www.dogtas.at\/new\/produkt\/likya-321-sitzgruppe-mit-bettfunktion\/\" \/>\n<meta property=\"og:locale\" content=\"de_DE\" \/>\n<meta property=\"og:type\" content=\"article\" \/>\n<meta property=\"og:title\" content=\"Likya 3+2+1 Sitzgruppe mit Bettfunktion - Dogtas - Qualit\u00e4t f\u00fchlen!\" \/>\n<meta property=\"og:description\" content=\"Die lykische Sofagarnitur kombiniert Leinenstoff, der sportliche Eleganz auf angenehmste Weise widerspiegelt, mit Nubuk, dem Vertreter der Eleganz. Die Sofagarnitur,\" \/>\n<meta property=\"og:url\" content=\"http:\/\/www.dogtas.at\/new\/produkt\/likya-321-sitzgruppe-mit-bettfunktion\/\" \/>\n<meta property=\"og:site_name\" content=\"Dogtas - Qualit\u00e4t f\u00fchlen!\" \/>\n<meta property=\"article:publisher\" content=\"https:\/\/www.facebook.com\/saloniwien\" \/>\n<meta property=\"article:modified_time\" content=\"2021-09-07T10:11:11+00:00\" \/>\n<meta property=\"og:image\" content=\"http:\/\/www.dogtas.at\/new\/wp-content\/uploads\/Likya-scaled.jpg\" \/>\n\t<meta property=\"og:image:width\" content=\"2560\" \/>\n\t<meta property=\"og:image:height\" content=\"2503\" \/>\n\t<meta property=\"og:image:type\" content=\"image\/jpeg\" \/>\n<meta name=\"twitter:card\" content=\"summary_large_image\" \/>\n<meta name=\"twitter:label1\" content=\"Gesch\u00e4tzte Lesezeit\" \/>\n\t<meta name=\"twitter:data1\" content=\"1\u00a0Minute\" \/>\n<script type=\"application\/ld+json\" class=\"yoast-schema-graph\">{\"@context\":\"https:\/\/schema.org\",\"@graph\":[{\"@type\":\"WebPage\",\"@id\":\"http:\/\/www.dogtas.at\/new\/produkt\/likya-321-sitzgruppe-mit-bettfunktion\/\",\"url\":\"http:\/\/www.dogtas.at\/new\/produkt\/likya-321-sitzgruppe-mit-bettfunktion\/\",\"name\":\"Likya 3+2+1 Sitzgruppe mit Bettfunktion - Dogtas - Qualit\u00e4t f\u00fchlen!\",\"isPartOf\":{\"@id\":\"http:\/\/www.dogtas.at\/new\/#website\"},\"datePublished\":\"2021-06-10T09:54:39+00:00\",\"dateModified\":\"2021-09-07T10:11:11+00:00\",\"breadcrumb\":{\"@id\":\"http:\/\/www.dogtas.at\/new\/produkt\/likya-321-sitzgruppe-mit-bettfunktion\/#breadcrumb\"},\"inLanguage\":\"de\",\"potentialAction\":[{\"@type\":\"ReadAction\",\"target\":[\"http:\/\/www.dogtas.at\/new\/produkt\/likya-321-sitzgruppe-mit-bettfunktion\/\"]}]},{\"@type\":\"BreadcrumbList\",\"@id\":\"http:\/\/www.dogtas.at\/new\/produkt\/likya-321-sitzgruppe-mit-bettfunktion\/#breadcrumb\",\"itemListElement\":[{\"@type\":\"ListItem\",\"position\":1,\"name\":\"Startseite\",\"item\":\"https:\/\/www.dogtas.at\/new\/\"},{\"@type\":\"ListItem\",\"position\":2,\"name\":\"Shop\",\"item\":\"https:\/\/www.dogtas.at\/new\/shop\/\"},{\"@type\":\"ListItem\",\"position\":3,\"name\":\"Likya 3+2+1 Sitzgruppe mit Bettfunktion\"}]},{\"@type\":\"WebSite\",\"@id\":\"http:\/\/www.dogtas.at\/new\/#website\",\"url\":\"http:\/\/www.dogtas.at\/new\/\",\"name\":\"Dogtas - Qualit\u00e4t f\u00fchlen!\",\"description\":\"Qualit\u00e4t f\u00fchlen!\",\"potentialAction\":[{\"@type\":\"SearchAction\",\"target\":{\"@type\":\"EntryPoint\",\"urlTemplate\":\"http:\/\/www.dogtas.at\/new\/?s={search_term_string}\"},\"query-input\":\"required name=search_term_string\"}],\"inLanguage\":\"de\"}]}<\/script>\n<!-- \/ Yoast SEO plugin. -->","yoast_head_json":{"title":"Likya 3+2+1 Sitzgruppe mit Bettfunktion - Dogtas - Qualit\u00e4t f\u00fchlen!","robots":{"index":"index","follow":"follow","max-snippet":"max-snippet:-1","max-image-preview":"max-image-preview:large","max-video-preview":"max-video-preview:-1"},"canonical":"http:\/\/www.dogtas.at\/new\/produkt\/likya-321-sitzgruppe-mit-bettfunktion\/","og_locale":"de_DE","og_type":"article","og_title":"Likya 3+2+1 Sitzgruppe mit Bettfunktion - Dogtas - Qualit\u00e4t f\u00fchlen!","og_description":"Die lykische Sofagarnitur kombiniert Leinenstoff, der sportliche Eleganz auf angenehmste Weise widerspiegelt, mit Nubuk, dem Vertreter der Eleganz. Die Sofagarnitur,","og_url":"http:\/\/www.dogtas.at\/new\/produkt\/likya-321-sitzgruppe-mit-bettfunktion\/","og_site_name":"Dogtas - Qualit\u00e4t f\u00fchlen!","article_publisher":"https:\/\/www.facebook.com\/saloniwien","article_modified_time":"2021-09-07T10:11:11+00:00","og_image":[{"width":2560,"height":2503,"url":"http:\/\/www.dogtas.at\/new\/wp-content\/uploads\/Likya-scaled.jpg","type":"image\/jpeg"}],"twitter_card":"summary_large_image","twitter_misc":{"Gesch\u00e4tzte Lesezeit":"1\u00a0Minute"},"schema":{"@context":"https:\/\/schema.org","@graph":[{"@type":"WebPage","@id":"http:\/\/www.dogtas.at\/new\/produkt\/likya-321-sitzgruppe-mit-bettfunktion\/","url":"http:\/\/www.dogtas.at\/new\/produkt\/likya-321-sitzgruppe-mit-bettfunktion\/","name":"Likya 3+2+1 Sitzgruppe mit Bettfunktion - Dogtas - Qualit\u00e4t f\u00fchlen!","isPartOf":{"@id":"http:\/\/www.dogtas.at\/new\/#website"},"datePublished":"2021-06-10T09:54:39+00:00","dateModified":"2021-09-07T10:11:11+00:00","breadcrumb":{"@id":"http:\/\/www.dogtas.at\/new\/produkt\/likya-321-sitzgruppe-mit-bettfunktion\/#breadcrumb"},"inLanguage":"de","potentialAction":[{"@type":"ReadAction","target":["http:\/\/www.dogtas.at\/new\/produkt\/likya-321-sitzgruppe-mit-bettfunktion\/"]}]},{"@type":"BreadcrumbList","@id":"http:\/\/www.dogtas.at\/new\/produkt\/likya-321-sitzgruppe-mit-bettfunktion\/#breadcrumb","itemListElement":[{"@type":"ListItem","position":1,"name":"Startseite","item":"https:\/\/www.dogtas.at\/new\/"},{"@type":"ListItem","position":2,"name":"Shop","item":"https:\/\/www.dogtas.at\/new\/shop\/"},{"@type":"ListItem","position":3,"name":"Likya 3+2+1 Sitzgruppe mit Bettfunktion"}]},{"@type":"WebSite","@id":"http:\/\/www.dogtas.at\/new\/#website","url":"http:\/\/www.dogtas.at\/new\/","name":"Dogtas - Qualit\u00e4t f\u00fchlen!","description":"Qualit\u00e4t f\u00fchlen!","potentialAction":[{"@type":"SearchAction","target":{"@type":"EntryPoint","urlTemplate":"http:\/\/www.dogtas.at\/new\/?s={search_term_string}"},"query-input":"required name=search_term_string"}],"inLanguage":"de"}]}},"_links":{"self":[{"href":"https:\/\/www.dogtas.at\/new\/wp-json\/wp\/v2\/product\/186978"}],"collection":[{"href":"https:\/\/www.dogtas.at\/new\/wp-json\/wp\/v2\/product"}],"about":[{"href":"https:\/\/www.dogtas.at\/new\/wp-json\/wp\/v2\/types\/product"}],"replies":[{"embeddable":true,"href":"https:\/\/www.dogtas.at\/new\/wp-json\/wp\/v2\/comments?post=186978"}],"wp:featuredmedia":[{"embeddable":true,"href":"https:\/\/www.dogtas.at\/new\/wp-json\/wp\/v2\/media\/186979"}],"wp:attachment":[{"href":"https:\/\/www.dogtas.at\/new\/wp-json\/wp\/v2\/media?parent=186978"}],"wp:term":[{"taxonomy":"product_cat","embeddable":true,"href":"https:\/\/www.dogtas.at\/new\/wp-json\/wp\/v2\/product_cat?post=186978"},{"taxonomy":"product_tag","embeddable":true,"href":"https:\/\/www.dogtas.at\/new\/wp-json\/wp\/v2\/product_tag?post=186978"}],"curies":[{"name":"wp","href":"https:\/\/api.w.org\/{rel}","templated":true}]}}