{"id":186993,"date":"2021-06-10T12:19:21","date_gmt":"2021-06-10T10:19:21","guid":{"rendered":"https:\/\/www.dogtas.at\/new\/?post_type=product&#038;p=186993"},"modified":"2021-09-09T16:46:29","modified_gmt":"2021-09-09T14:46:29","slug":"likya-schlafzimmer-set","status":"publish","type":"product","link":"https:\/\/www.dogtas.at\/new\/produkt\/likya-schlafzimmer-set\/","title":{"rendered":"Likya Schlafzimmer Set"},"content":{"rendered":"<p>Die Kollektion Likya spiegelt unser Verst\u00e4ndnis von Zeit und ihrer nahtlosen Harmonie wider. Wir haben die eleganten Elemente, die wir im historischen Lykien haben, kombiniert und mit dieser Kollektion mit unserem modernen Sinn f\u00fcr Komfort und Luxus in Einklang gebracht.<\/p>\n<p>Die Kollektion umfasst verschiedene Schrankstile, mit denen Sie Ihren Traumschlafzimmer-Look kreieren k\u00f6nnen und gleichzeitig viel Platz f\u00fcr Ihre pers\u00f6nlichen Gegenst\u00e4nde bieten. Alle Scharniere der Kollektion sind mit einer Soft-Closing-Funktion ausgestattet, um Ihre und die Ruhe Ihrer Lieben nicht zu st\u00f6ren. Mit warmen, erdnahen T\u00f6nen gestaltet, hei\u00dft Sie die Likya-Kollektion jedes Mal herzlich willkommen, wenn Sie den Raum betreten.<\/p>\n<p>Mit einem Kopfteil, Kommoden in zwei verschiedenen Gr\u00f6\u00dfen, Kommodenspiegel, Schminkpouf, Schrankoptionen, Beistelltisch und vielen anderen erg\u00e4nzenden Teilen zur Schlafzimmerkollektion hat Likya bereits das N\u00f6tigste zusammengestellt.<\/p>\n","protected":false},"excerpt":{"rendered":"<p>Die Kollektion Likya spiegelt unser Verst\u00e4ndnis von Zeit und ihrer nahtlosen Harmonie wider. Wir haben die eleganten Elemente, die wir<\/p>\n","protected":false},"featured_media":186994,"comment_status":"open","ping_status":"closed","template":"","meta":{"_joinchat":[]},"product_cat":[200,6247],"product_tag":[6378],"yoast_head":"<!-- This site is optimized with the Yoast SEO plugin v19.13 - https:\/\/yoast.com\/wordpress\/plugins\/seo\/ -->\n<title>Likya Schlafzimmer Set - Dogtas - Qualit\u00e4t f\u00fchlen!<\/title>\n<meta name=\"robots\" content=\"index, follow, max-snippet:-1, max-image-preview:large, max-video-preview:-1\" \/>\n<link rel=\"canonical\" href=\"https:\/\/www.dogtas.at\/new\/produkt\/likya-schlafzimmer-set\/\" \/>\n<meta property=\"og:locale\" content=\"de_DE\" \/>\n<meta property=\"og:type\" content=\"article\" \/>\n<meta property=\"og:title\" content=\"Likya Schlafzimmer Set - Dogtas - Qualit\u00e4t f\u00fchlen!\" \/>\n<meta property=\"og:description\" content=\"Die Kollektion Likya spiegelt unser Verst\u00e4ndnis von Zeit und ihrer nahtlosen Harmonie wider. Wir haben die eleganten Elemente, die wir\" \/>\n<meta property=\"og:url\" content=\"https:\/\/www.dogtas.at\/new\/produkt\/likya-schlafzimmer-set\/\" \/>\n<meta property=\"og:site_name\" content=\"Dogtas - Qualit\u00e4t f\u00fchlen!\" \/>\n<meta property=\"article:publisher\" content=\"https:\/\/www.facebook.com\/saloniwien\" \/>\n<meta property=\"article:modified_time\" content=\"2021-09-09T14:46:29+00:00\" \/>\n<meta property=\"og:image\" content=\"https:\/\/www.dogtas.at\/new\/wp-content\/uploads\/Likya-Profil-scaled.jpg\" \/>\n\t<meta property=\"og:image:width\" content=\"2560\" \/>\n\t<meta property=\"og:image:height\" content=\"2507\" \/>\n\t<meta property=\"og:image:type\" content=\"image\/jpeg\" \/>\n<meta name=\"twitter:card\" content=\"summary_large_image\" \/>\n<meta name=\"twitter:label1\" content=\"Gesch\u00e4tzte Lesezeit\" \/>\n\t<meta name=\"twitter:data1\" content=\"1\u00a0Minute\" \/>\n<script type=\"application\/ld+json\" class=\"yoast-schema-graph\">{\"@context\":\"https:\/\/schema.org\",\"@graph\":[{\"@type\":\"WebPage\",\"@id\":\"https:\/\/www.dogtas.at\/new\/produkt\/likya-schlafzimmer-set\/\",\"url\":\"https:\/\/www.dogtas.at\/new\/produkt\/likya-schlafzimmer-set\/\",\"name\":\"Likya Schlafzimmer Set - Dogtas - Qualit\u00e4t f\u00fchlen!\",\"isPartOf\":{\"@id\":\"https:\/\/www.dogtas.at\/new\/#website\"},\"datePublished\":\"2021-06-10T10:19:21+00:00\",\"dateModified\":\"2021-09-09T14:46:29+00:00\",\"breadcrumb\":{\"@id\":\"https:\/\/www.dogtas.at\/new\/produkt\/likya-schlafzimmer-set\/#breadcrumb\"},\"inLanguage\":\"de\",\"potentialAction\":[{\"@type\":\"ReadAction\",\"target\":[\"https:\/\/www.dogtas.at\/new\/produkt\/likya-schlafzimmer-set\/\"]}]},{\"@type\":\"BreadcrumbList\",\"@id\":\"https:\/\/www.dogtas.at\/new\/produkt\/likya-schlafzimmer-set\/#breadcrumb\",\"itemListElement\":[{\"@type\":\"ListItem\",\"position\":1,\"name\":\"Startseite\",\"item\":\"https:\/\/www.dogtas.at\/new\/\"},{\"@type\":\"ListItem\",\"position\":2,\"name\":\"Shop\",\"item\":\"https:\/\/www.dogtas.at\/new\/shop\/\"},{\"@type\":\"ListItem\",\"position\":3,\"name\":\"Likya Schlafzimmer Set\"}]},{\"@type\":\"WebSite\",\"@id\":\"https:\/\/www.dogtas.at\/new\/#website\",\"url\":\"https:\/\/www.dogtas.at\/new\/\",\"name\":\"Dogtas - Qualit\u00e4t f\u00fchlen!\",\"description\":\"Qualit\u00e4t f\u00fchlen!\",\"potentialAction\":[{\"@type\":\"SearchAction\",\"target\":{\"@type\":\"EntryPoint\",\"urlTemplate\":\"https:\/\/www.dogtas.at\/new\/?s={search_term_string}\"},\"query-input\":\"required name=search_term_string\"}],\"inLanguage\":\"de\"}]}<\/script>\n<!-- \/ Yoast SEO plugin. -->","yoast_head_json":{"title":"Likya Schlafzimmer Set - Dogtas - Qualit\u00e4t f\u00fchlen!","robots":{"index":"index","follow":"follow","max-snippet":"max-snippet:-1","max-image-preview":"max-image-preview:large","max-video-preview":"max-video-preview:-1"},"canonical":"https:\/\/www.dogtas.at\/new\/produkt\/likya-schlafzimmer-set\/","og_locale":"de_DE","og_type":"article","og_title":"Likya Schlafzimmer Set - Dogtas - Qualit\u00e4t f\u00fchlen!","og_description":"Die Kollektion Likya spiegelt unser Verst\u00e4ndnis von Zeit und ihrer nahtlosen Harmonie wider. Wir haben die eleganten Elemente, die wir","og_url":"https:\/\/www.dogtas.at\/new\/produkt\/likya-schlafzimmer-set\/","og_site_name":"Dogtas - Qualit\u00e4t f\u00fchlen!","article_publisher":"https:\/\/www.facebook.com\/saloniwien","article_modified_time":"2021-09-09T14:46:29+00:00","og_image":[{"width":2560,"height":2507,"url":"https:\/\/www.dogtas.at\/new\/wp-content\/uploads\/Likya-Profil-scaled.jpg","type":"image\/jpeg"}],"twitter_card":"summary_large_image","twitter_misc":{"Gesch\u00e4tzte Lesezeit":"1\u00a0Minute"},"schema":{"@context":"https:\/\/schema.org","@graph":[{"@type":"WebPage","@id":"https:\/\/www.dogtas.at\/new\/produkt\/likya-schlafzimmer-set\/","url":"https:\/\/www.dogtas.at\/new\/produkt\/likya-schlafzimmer-set\/","name":"Likya Schlafzimmer Set - Dogtas - Qualit\u00e4t f\u00fchlen!","isPartOf":{"@id":"https:\/\/www.dogtas.at\/new\/#website"},"datePublished":"2021-06-10T10:19:21+00:00","dateModified":"2021-09-09T14:46:29+00:00","breadcrumb":{"@id":"https:\/\/www.dogtas.at\/new\/produkt\/likya-schlafzimmer-set\/#breadcrumb"},"inLanguage":"de","potentialAction":[{"@type":"ReadAction","target":["https:\/\/www.dogtas.at\/new\/produkt\/likya-schlafzimmer-set\/"]}]},{"@type":"BreadcrumbList","@id":"https:\/\/www.dogtas.at\/new\/produkt\/likya-schlafzimmer-set\/#breadcrumb","itemListElement":[{"@type":"ListItem","position":1,"name":"Startseite","item":"https:\/\/www.dogtas.at\/new\/"},{"@type":"ListItem","position":2,"name":"Shop","item":"https:\/\/www.dogtas.at\/new\/shop\/"},{"@type":"ListItem","position":3,"name":"Likya Schlafzimmer Set"}]},{"@type":"WebSite","@id":"https:\/\/www.dogtas.at\/new\/#website","url":"https:\/\/www.dogtas.at\/new\/","name":"Dogtas - Qualit\u00e4t f\u00fchlen!","description":"Qualit\u00e4t f\u00fchlen!","potentialAction":[{"@type":"SearchAction","target":{"@type":"EntryPoint","urlTemplate":"https:\/\/www.dogtas.at\/new\/?s={search_term_string}"},"query-input":"required name=search_term_string"}],"inLanguage":"de"}]}},"_links":{"self":[{"href":"https:\/\/www.dogtas.at\/new\/wp-json\/wp\/v2\/product\/186993"}],"collection":[{"href":"https:\/\/www.dogtas.at\/new\/wp-json\/wp\/v2\/product"}],"about":[{"href":"https:\/\/www.dogtas.at\/new\/wp-json\/wp\/v2\/types\/product"}],"replies":[{"embeddable":true,"href":"https:\/\/www.dogtas.at\/new\/wp-json\/wp\/v2\/comments?post=186993"}],"wp:featuredmedia":[{"embeddable":true,"href":"https:\/\/www.dogtas.at\/new\/wp-json\/wp\/v2\/media\/186994"}],"wp:attachment":[{"href":"https:\/\/www.dogtas.at\/new\/wp-json\/wp\/v2\/media?parent=186993"}],"wp:term":[{"taxonomy":"product_cat","embeddable":true,"href":"https:\/\/www.dogtas.at\/new\/wp-json\/wp\/v2\/product_cat?post=186993"},{"taxonomy":"product_tag","embeddable":true,"href":"https:\/\/www.dogtas.at\/new\/wp-json\/wp\/v2\/product_tag?post=186993"}],"curies":[{"name":"wp","href":"https:\/\/api.w.org\/{rel}","templated":true}]}}