{"id":187712,"date":"2021-12-05T21:42:57","date_gmt":"2021-12-05T20:42:57","guid":{"rendered":"https:\/\/www.dogtas.at\/new\/?post_type=product&#038;p=187712"},"modified":"2022-02-04T04:23:04","modified_gmt":"2022-02-04T03:23:04","slug":"rita-321-sitzgruppe","status":"publish","type":"product","link":"https:\/\/www.dogtas.at\/new\/produkt\/rita-321-sitzgruppe\/","title":{"rendered":"Rita 3+2+1 Sitzgruppe"},"content":{"rendered":"","protected":false},"excerpt":{"rendered":"<p>Das Rita Sofa Set bringt dank seines minimalistischen Designs, der Farboptionen, der speziellen Kissen und allem anderen einen einzigartigen Stil in Ihr Wohnzimmer. Das Rita Sofa Set besticht durch seinen Knopf und die flachen Steppn\u00e4hte und bietet eine Kombination aus Moderne und Tradition.<\/p>\n<p>Das Rita Sofa Set erh\u00f6ht Ihren Komfort auch mit seiner bequemen Sitzecke. Gleichzeitig tr\u00e4gt es dazu bei, dass Sie sich bestm\u00f6glich wohl f\u00fchlen, wenn Sie sich auf die R\u00fcckenschw\u00e4mme st\u00fctzen. Es zeichnet sich auch durch seine Funktionalit\u00e4t aus. Die Brustfunktion ist ein idealer Stauraum f\u00fcr selten gebrauchte Gegenst\u00e4nde. Die Zero-Wall-Mechanik hingegen bietet eine Doppelbettfunktion und sorgt daf\u00fcr, dass sich Ihre G\u00e4ste wohlf\u00fchlen. Die hohen Beine des Sets in den Farbvarianten Walnuss und Schwarz erm\u00f6glichen eine leichtere Reinigung der Achselh\u00f6hlen.<\/p>\n<p>Mit seinen stylischen Dekokissen, der komfortablen Schwammstruktur, dem idealen Design und allem anderen bietet das Rita Sofa Set mehr als das, was ein Sessel normalerweise kann.<\/p>\n","protected":false},"featured_media":187713,"comment_status":"open","ping_status":"closed","template":"","meta":{"_joinchat":[]},"product_cat":[557,6072],"product_tag":[],"yoast_head":"<!-- This site is optimized with the Yoast SEO plugin v19.13 - https:\/\/yoast.com\/wordpress\/plugins\/seo\/ -->\n<title>Rita 3+2+1 Sitzgruppe - Dogtas - Qualit\u00e4t f\u00fchlen!<\/title>\n<meta name=\"robots\" content=\"index, follow, max-snippet:-1, max-image-preview:large, max-video-preview:-1\" \/>\n<link rel=\"canonical\" href=\"https:\/\/www.dogtas.at\/new\/produkt\/rita-321-sitzgruppe\/\" \/>\n<meta property=\"og:locale\" content=\"de_DE\" \/>\n<meta property=\"og:type\" content=\"article\" \/>\n<meta property=\"og:title\" content=\"Rita 3+2+1 Sitzgruppe - Dogtas - Qualit\u00e4t f\u00fchlen!\" \/>\n<meta property=\"og:description\" content=\"Das Rita Sofa Set bringt dank seines minimalistischen Designs, der Farboptionen, der speziellen Kissen und allem anderen einen einzigartigen Stil in Ihr Wohnzimmer. Das Rita Sofa Set besticht durch seinen Knopf und die flachen Steppn\u00e4hte und bietet eine Kombination aus Moderne und Tradition.  Das Rita Sofa Set erh\u00f6ht Ihren Komfort auch mit seiner bequemen Sitzecke. Gleichzeitig tr\u00e4gt es dazu bei, dass Sie sich bestm\u00f6glich wohl f\u00fchlen, wenn Sie sich auf die R\u00fcckenschw\u00e4mme st\u00fctzen. Es zeichnet sich auch durch seine Funktionalit\u00e4t aus. Die Brustfunktion ist ein idealer Stauraum f\u00fcr selten gebrauchte Gegenst\u00e4nde. Die Zero-Wall-Mechanik hingegen bietet eine Doppelbettfunktion und sorgt daf\u00fcr, dass sich Ihre G\u00e4ste wohlf\u00fchlen. Die hohen Beine des Sets in den Farbvarianten Walnuss und Schwarz erm\u00f6glichen eine leichtere Reinigung der Achselh\u00f6hlen.  Mit seinen stylischen Dekokissen, der komfortablen Schwammstruktur, dem idealen Design und allem anderen bietet das Rita Sofa Set mehr als das, was ein Sessel normalerweise kann.\" \/>\n<meta property=\"og:url\" content=\"https:\/\/www.dogtas.at\/new\/produkt\/rita-321-sitzgruppe\/\" \/>\n<meta property=\"og:site_name\" content=\"Dogtas - Qualit\u00e4t f\u00fchlen!\" \/>\n<meta property=\"article:publisher\" content=\"https:\/\/www.facebook.com\/saloniwien\" \/>\n<meta property=\"article:modified_time\" content=\"2022-02-04T03:23:04+00:00\" \/>\n<meta property=\"og:image\" content=\"https:\/\/www.dogtas.at\/new\/wp-content\/uploads\/Rita.png\" \/>\n\t<meta property=\"og:image:width\" content=\"1500\" \/>\n\t<meta property=\"og:image:height\" content=\"1500\" \/>\n\t<meta property=\"og:image:type\" content=\"image\/png\" \/>\n<meta name=\"twitter:card\" content=\"summary_large_image\" \/>\n<script type=\"application\/ld+json\" class=\"yoast-schema-graph\">{\"@context\":\"https:\/\/schema.org\",\"@graph\":[{\"@type\":\"WebPage\",\"@id\":\"https:\/\/www.dogtas.at\/new\/produkt\/rita-321-sitzgruppe\/\",\"url\":\"https:\/\/www.dogtas.at\/new\/produkt\/rita-321-sitzgruppe\/\",\"name\":\"Rita 3+2+1 Sitzgruppe - Dogtas - Qualit\u00e4t f\u00fchlen!\",\"isPartOf\":{\"@id\":\"https:\/\/www.dogtas.at\/new\/#website\"},\"datePublished\":\"2021-12-05T20:42:57+00:00\",\"dateModified\":\"2022-02-04T03:23:04+00:00\",\"breadcrumb\":{\"@id\":\"https:\/\/www.dogtas.at\/new\/produkt\/rita-321-sitzgruppe\/#breadcrumb\"},\"inLanguage\":\"de\",\"potentialAction\":[{\"@type\":\"ReadAction\",\"target\":[\"https:\/\/www.dogtas.at\/new\/produkt\/rita-321-sitzgruppe\/\"]}]},{\"@type\":\"BreadcrumbList\",\"@id\":\"https:\/\/www.dogtas.at\/new\/produkt\/rita-321-sitzgruppe\/#breadcrumb\",\"itemListElement\":[{\"@type\":\"ListItem\",\"position\":1,\"name\":\"Startseite\",\"item\":\"https:\/\/www.dogtas.at\/new\/\"},{\"@type\":\"ListItem\",\"position\":2,\"name\":\"Shop\",\"item\":\"https:\/\/www.dogtas.at\/new\/shop\/\"},{\"@type\":\"ListItem\",\"position\":3,\"name\":\"Rita 3+2+1 Sitzgruppe\"}]},{\"@type\":\"WebSite\",\"@id\":\"https:\/\/www.dogtas.at\/new\/#website\",\"url\":\"https:\/\/www.dogtas.at\/new\/\",\"name\":\"Dogtas - Qualit\u00e4t f\u00fchlen!\",\"description\":\"Qualit\u00e4t f\u00fchlen!\",\"potentialAction\":[{\"@type\":\"SearchAction\",\"target\":{\"@type\":\"EntryPoint\",\"urlTemplate\":\"https:\/\/www.dogtas.at\/new\/?s={search_term_string}\"},\"query-input\":\"required name=search_term_string\"}],\"inLanguage\":\"de\"}]}<\/script>\n<!-- \/ Yoast SEO plugin. -->","yoast_head_json":{"title":"Rita 3+2+1 Sitzgruppe - Dogtas - Qualit\u00e4t f\u00fchlen!","robots":{"index":"index","follow":"follow","max-snippet":"max-snippet:-1","max-image-preview":"max-image-preview:large","max-video-preview":"max-video-preview:-1"},"canonical":"https:\/\/www.dogtas.at\/new\/produkt\/rita-321-sitzgruppe\/","og_locale":"de_DE","og_type":"article","og_title":"Rita 3+2+1 Sitzgruppe - Dogtas - Qualit\u00e4t f\u00fchlen!","og_description":"Das Rita Sofa Set bringt dank seines minimalistischen Designs, der Farboptionen, der speziellen Kissen und allem anderen einen einzigartigen Stil in Ihr Wohnzimmer. Das Rita Sofa Set besticht durch seinen Knopf und die flachen Steppn\u00e4hte und bietet eine Kombination aus Moderne und Tradition.  Das Rita Sofa Set erh\u00f6ht Ihren Komfort auch mit seiner bequemen Sitzecke. Gleichzeitig tr\u00e4gt es dazu bei, dass Sie sich bestm\u00f6glich wohl f\u00fchlen, wenn Sie sich auf die R\u00fcckenschw\u00e4mme st\u00fctzen. Es zeichnet sich auch durch seine Funktionalit\u00e4t aus. Die Brustfunktion ist ein idealer Stauraum f\u00fcr selten gebrauchte Gegenst\u00e4nde. Die Zero-Wall-Mechanik hingegen bietet eine Doppelbettfunktion und sorgt daf\u00fcr, dass sich Ihre G\u00e4ste wohlf\u00fchlen. Die hohen Beine des Sets in den Farbvarianten Walnuss und Schwarz erm\u00f6glichen eine leichtere Reinigung der Achselh\u00f6hlen.  Mit seinen stylischen Dekokissen, der komfortablen Schwammstruktur, dem idealen Design und allem anderen bietet das Rita Sofa Set mehr als das, was ein Sessel normalerweise kann.","og_url":"https:\/\/www.dogtas.at\/new\/produkt\/rita-321-sitzgruppe\/","og_site_name":"Dogtas - Qualit\u00e4t f\u00fchlen!","article_publisher":"https:\/\/www.facebook.com\/saloniwien","article_modified_time":"2022-02-04T03:23:04+00:00","og_image":[{"width":1500,"height":1500,"url":"https:\/\/www.dogtas.at\/new\/wp-content\/uploads\/Rita.png","type":"image\/png"}],"twitter_card":"summary_large_image","schema":{"@context":"https:\/\/schema.org","@graph":[{"@type":"WebPage","@id":"https:\/\/www.dogtas.at\/new\/produkt\/rita-321-sitzgruppe\/","url":"https:\/\/www.dogtas.at\/new\/produkt\/rita-321-sitzgruppe\/","name":"Rita 3+2+1 Sitzgruppe - Dogtas - Qualit\u00e4t f\u00fchlen!","isPartOf":{"@id":"https:\/\/www.dogtas.at\/new\/#website"},"datePublished":"2021-12-05T20:42:57+00:00","dateModified":"2022-02-04T03:23:04+00:00","breadcrumb":{"@id":"https:\/\/www.dogtas.at\/new\/produkt\/rita-321-sitzgruppe\/#breadcrumb"},"inLanguage":"de","potentialAction":[{"@type":"ReadAction","target":["https:\/\/www.dogtas.at\/new\/produkt\/rita-321-sitzgruppe\/"]}]},{"@type":"BreadcrumbList","@id":"https:\/\/www.dogtas.at\/new\/produkt\/rita-321-sitzgruppe\/#breadcrumb","itemListElement":[{"@type":"ListItem","position":1,"name":"Startseite","item":"https:\/\/www.dogtas.at\/new\/"},{"@type":"ListItem","position":2,"name":"Shop","item":"https:\/\/www.dogtas.at\/new\/shop\/"},{"@type":"ListItem","position":3,"name":"Rita 3+2+1 Sitzgruppe"}]},{"@type":"WebSite","@id":"https:\/\/www.dogtas.at\/new\/#website","url":"https:\/\/www.dogtas.at\/new\/","name":"Dogtas - Qualit\u00e4t f\u00fchlen!","description":"Qualit\u00e4t f\u00fchlen!","potentialAction":[{"@type":"SearchAction","target":{"@type":"EntryPoint","urlTemplate":"https:\/\/www.dogtas.at\/new\/?s={search_term_string}"},"query-input":"required name=search_term_string"}],"inLanguage":"de"}]}},"_links":{"self":[{"href":"https:\/\/www.dogtas.at\/new\/wp-json\/wp\/v2\/product\/187712"}],"collection":[{"href":"https:\/\/www.dogtas.at\/new\/wp-json\/wp\/v2\/product"}],"about":[{"href":"https:\/\/www.dogtas.at\/new\/wp-json\/wp\/v2\/types\/product"}],"replies":[{"embeddable":true,"href":"https:\/\/www.dogtas.at\/new\/wp-json\/wp\/v2\/comments?post=187712"}],"wp:featuredmedia":[{"embeddable":true,"href":"https:\/\/www.dogtas.at\/new\/wp-json\/wp\/v2\/media\/187713"}],"wp:attachment":[{"href":"https:\/\/www.dogtas.at\/new\/wp-json\/wp\/v2\/media?parent=187712"}],"wp:term":[{"taxonomy":"product_cat","embeddable":true,"href":"https:\/\/www.dogtas.at\/new\/wp-json\/wp\/v2\/product_cat?post=187712"},{"taxonomy":"product_tag","embeddable":true,"href":"https:\/\/www.dogtas.at\/new\/wp-json\/wp\/v2\/product_tag?post=187712"}],"curies":[{"name":"wp","href":"https:\/\/api.w.org\/{rel}","templated":true}]}}