{"id":187868,"date":"2022-02-09T09:06:22","date_gmt":"2022-02-09T08:06:22","guid":{"rendered":"https:\/\/www.dogtas.at\/new\/?post_type=product&#038;p=187868"},"modified":"2022-03-22T15:16:11","modified_gmt":"2022-03-22T14:16:11","slug":"arora-321-sitzgruppe","status":"publish","type":"product","link":"https:\/\/www.dogtas.at\/new\/produkt\/arora-321-sitzgruppe\/","title":{"rendered":"Arora 3+2+1 Sitzgruppe"},"content":{"rendered":"<p>Das Arora Sofa Set hat einen klassischen Look, angereichert mit einem Design der neuen Generation. Die gesteppte Lederoptik an den Armlehnen der Sessel und die Details der Oberarmpolster sorgen f\u00fcr einen modernen Look in Ihrem Wohnraum.<\/p>\n<p>Das Arora Sofa Set wird jeden faszinieren, der Ihr Wohnzimmer betritt, da es auch mit seinen komfortablen Details auff\u00e4llt. Dank Klick-Klack-Mechanismus wird dieses Set zu einer bequemen Schlafgelegenheit f\u00fcr Ihre G\u00e4ste. So gewinnt Ihr Wohnzimmer eine gem\u00fctliche Atmosph\u00e4re, in der Sie sich entspannen und Zeit mit Ihren Lieben verbringen k\u00f6nnen.<\/p>\n<p>Sie k\u00f6nnen verschiedene Modulalternativen des Arora-Sofasets entdecken und die ideale Wahl f\u00fcr Ihr Wohnzimmer treffen, z. B. gepolsterte oder nicht gepolsterte Sofas, bequeme Kissen, Walnuss- und Rauchchrom-Beinoptionen, Farbalternativen f\u00fcr Korpus, Kissen, Sofa Basis und mehr.<\/p>\n","protected":false},"excerpt":{"rendered":"<p>Das Arora Sofa Set hat einen klassischen Look, angereichert mit einem Design der neuen Generation. Die gesteppte Lederoptik an den<\/p>\n","protected":false},"featured_media":187869,"comment_status":"open","ping_status":"closed","template":"","meta":{"_joinchat":[]},"product_cat":[557,6072],"product_tag":[6385],"yoast_head":"<!-- This site is optimized with the Yoast SEO plugin v19.13 - https:\/\/yoast.com\/wordpress\/plugins\/seo\/ -->\n<title>Arora 3+2+1 Sitzgruppe - Dogtas - Qualit\u00e4t f\u00fchlen!<\/title>\n<meta name=\"robots\" content=\"index, follow, max-snippet:-1, max-image-preview:large, max-video-preview:-1\" \/>\n<link rel=\"canonical\" href=\"https:\/\/www.dogtas.at\/new\/produkt\/arora-321-sitzgruppe\/\" \/>\n<meta property=\"og:locale\" content=\"de_DE\" \/>\n<meta property=\"og:type\" content=\"article\" \/>\n<meta property=\"og:title\" content=\"Arora 3+2+1 Sitzgruppe - Dogtas - Qualit\u00e4t f\u00fchlen!\" \/>\n<meta property=\"og:description\" content=\"Das Arora Sofa Set hat einen klassischen Look, angereichert mit einem Design der neuen Generation. Die gesteppte Lederoptik an den\" \/>\n<meta property=\"og:url\" content=\"https:\/\/www.dogtas.at\/new\/produkt\/arora-321-sitzgruppe\/\" \/>\n<meta property=\"og:site_name\" content=\"Dogtas - Qualit\u00e4t f\u00fchlen!\" \/>\n<meta property=\"article:publisher\" content=\"https:\/\/www.facebook.com\/saloniwien\" \/>\n<meta property=\"article:modified_time\" content=\"2022-03-22T14:16:11+00:00\" \/>\n<meta property=\"og:image\" content=\"https:\/\/www.dogtas.at\/new\/wp-content\/uploads\/arora-sitzgruppe.jpg\" \/>\n\t<meta property=\"og:image:width\" content=\"1500\" \/>\n\t<meta property=\"og:image:height\" content=\"1500\" \/>\n\t<meta property=\"og:image:type\" content=\"image\/jpeg\" \/>\n<meta name=\"twitter:card\" content=\"summary_large_image\" \/>\n<meta name=\"twitter:label1\" content=\"Gesch\u00e4tzte Lesezeit\" \/>\n\t<meta name=\"twitter:data1\" content=\"1\u00a0Minute\" \/>\n<script type=\"application\/ld+json\" class=\"yoast-schema-graph\">{\"@context\":\"https:\/\/schema.org\",\"@graph\":[{\"@type\":\"WebPage\",\"@id\":\"https:\/\/www.dogtas.at\/new\/produkt\/arora-321-sitzgruppe\/\",\"url\":\"https:\/\/www.dogtas.at\/new\/produkt\/arora-321-sitzgruppe\/\",\"name\":\"Arora 3+2+1 Sitzgruppe - Dogtas - Qualit\u00e4t f\u00fchlen!\",\"isPartOf\":{\"@id\":\"https:\/\/www.dogtas.at\/new\/#website\"},\"datePublished\":\"2022-02-09T08:06:22+00:00\",\"dateModified\":\"2022-03-22T14:16:11+00:00\",\"breadcrumb\":{\"@id\":\"https:\/\/www.dogtas.at\/new\/produkt\/arora-321-sitzgruppe\/#breadcrumb\"},\"inLanguage\":\"de\",\"potentialAction\":[{\"@type\":\"ReadAction\",\"target\":[\"https:\/\/www.dogtas.at\/new\/produkt\/arora-321-sitzgruppe\/\"]}]},{\"@type\":\"BreadcrumbList\",\"@id\":\"https:\/\/www.dogtas.at\/new\/produkt\/arora-321-sitzgruppe\/#breadcrumb\",\"itemListElement\":[{\"@type\":\"ListItem\",\"position\":1,\"name\":\"Startseite\",\"item\":\"https:\/\/www.dogtas.at\/new\/\"},{\"@type\":\"ListItem\",\"position\":2,\"name\":\"Shop\",\"item\":\"https:\/\/www.dogtas.at\/new\/shop\/\"},{\"@type\":\"ListItem\",\"position\":3,\"name\":\"Arora 3+2+1 Sitzgruppe\"}]},{\"@type\":\"WebSite\",\"@id\":\"https:\/\/www.dogtas.at\/new\/#website\",\"url\":\"https:\/\/www.dogtas.at\/new\/\",\"name\":\"Dogtas - Qualit\u00e4t f\u00fchlen!\",\"description\":\"Qualit\u00e4t f\u00fchlen!\",\"potentialAction\":[{\"@type\":\"SearchAction\",\"target\":{\"@type\":\"EntryPoint\",\"urlTemplate\":\"https:\/\/www.dogtas.at\/new\/?s={search_term_string}\"},\"query-input\":\"required name=search_term_string\"}],\"inLanguage\":\"de\"}]}<\/script>\n<!-- \/ Yoast SEO plugin. -->","yoast_head_json":{"title":"Arora 3+2+1 Sitzgruppe - Dogtas - Qualit\u00e4t f\u00fchlen!","robots":{"index":"index","follow":"follow","max-snippet":"max-snippet:-1","max-image-preview":"max-image-preview:large","max-video-preview":"max-video-preview:-1"},"canonical":"https:\/\/www.dogtas.at\/new\/produkt\/arora-321-sitzgruppe\/","og_locale":"de_DE","og_type":"article","og_title":"Arora 3+2+1 Sitzgruppe - Dogtas - Qualit\u00e4t f\u00fchlen!","og_description":"Das Arora Sofa Set hat einen klassischen Look, angereichert mit einem Design der neuen Generation. Die gesteppte Lederoptik an den","og_url":"https:\/\/www.dogtas.at\/new\/produkt\/arora-321-sitzgruppe\/","og_site_name":"Dogtas - Qualit\u00e4t f\u00fchlen!","article_publisher":"https:\/\/www.facebook.com\/saloniwien","article_modified_time":"2022-03-22T14:16:11+00:00","og_image":[{"width":1500,"height":1500,"url":"https:\/\/www.dogtas.at\/new\/wp-content\/uploads\/arora-sitzgruppe.jpg","type":"image\/jpeg"}],"twitter_card":"summary_large_image","twitter_misc":{"Gesch\u00e4tzte Lesezeit":"1\u00a0Minute"},"schema":{"@context":"https:\/\/schema.org","@graph":[{"@type":"WebPage","@id":"https:\/\/www.dogtas.at\/new\/produkt\/arora-321-sitzgruppe\/","url":"https:\/\/www.dogtas.at\/new\/produkt\/arora-321-sitzgruppe\/","name":"Arora 3+2+1 Sitzgruppe - Dogtas - Qualit\u00e4t f\u00fchlen!","isPartOf":{"@id":"https:\/\/www.dogtas.at\/new\/#website"},"datePublished":"2022-02-09T08:06:22+00:00","dateModified":"2022-03-22T14:16:11+00:00","breadcrumb":{"@id":"https:\/\/www.dogtas.at\/new\/produkt\/arora-321-sitzgruppe\/#breadcrumb"},"inLanguage":"de","potentialAction":[{"@type":"ReadAction","target":["https:\/\/www.dogtas.at\/new\/produkt\/arora-321-sitzgruppe\/"]}]},{"@type":"BreadcrumbList","@id":"https:\/\/www.dogtas.at\/new\/produkt\/arora-321-sitzgruppe\/#breadcrumb","itemListElement":[{"@type":"ListItem","position":1,"name":"Startseite","item":"https:\/\/www.dogtas.at\/new\/"},{"@type":"ListItem","position":2,"name":"Shop","item":"https:\/\/www.dogtas.at\/new\/shop\/"},{"@type":"ListItem","position":3,"name":"Arora 3+2+1 Sitzgruppe"}]},{"@type":"WebSite","@id":"https:\/\/www.dogtas.at\/new\/#website","url":"https:\/\/www.dogtas.at\/new\/","name":"Dogtas - Qualit\u00e4t f\u00fchlen!","description":"Qualit\u00e4t f\u00fchlen!","potentialAction":[{"@type":"SearchAction","target":{"@type":"EntryPoint","urlTemplate":"https:\/\/www.dogtas.at\/new\/?s={search_term_string}"},"query-input":"required name=search_term_string"}],"inLanguage":"de"}]}},"_links":{"self":[{"href":"https:\/\/www.dogtas.at\/new\/wp-json\/wp\/v2\/product\/187868"}],"collection":[{"href":"https:\/\/www.dogtas.at\/new\/wp-json\/wp\/v2\/product"}],"about":[{"href":"https:\/\/www.dogtas.at\/new\/wp-json\/wp\/v2\/types\/product"}],"replies":[{"embeddable":true,"href":"https:\/\/www.dogtas.at\/new\/wp-json\/wp\/v2\/comments?post=187868"}],"wp:featuredmedia":[{"embeddable":true,"href":"https:\/\/www.dogtas.at\/new\/wp-json\/wp\/v2\/media\/187869"}],"wp:attachment":[{"href":"https:\/\/www.dogtas.at\/new\/wp-json\/wp\/v2\/media?parent=187868"}],"wp:term":[{"taxonomy":"product_cat","embeddable":true,"href":"https:\/\/www.dogtas.at\/new\/wp-json\/wp\/v2\/product_cat?post=187868"},{"taxonomy":"product_tag","embeddable":true,"href":"https:\/\/www.dogtas.at\/new\/wp-json\/wp\/v2\/product_tag?post=187868"}],"curies":[{"name":"wp","href":"https:\/\/api.w.org\/{rel}","templated":true}]}}