{"id":187954,"date":"2022-02-10T09:59:36","date_gmt":"2022-02-10T08:59:36","guid":{"rendered":"https:\/\/www.dogtas.at\/new\/?post_type=product&#038;p=187954"},"modified":"2022-03-22T15:35:51","modified_gmt":"2022-03-22T14:35:51","slug":"teos-wohnecke-mit-bettfunktion-und-stauraum","status":"publish","type":"product","link":"https:\/\/www.dogtas.at\/new\/produkt\/teos-wohnecke-mit-bettfunktion-und-stauraum\/","title":{"rendered":"Teos Wohnecke mit Bettfunktion und Stauraum"},"content":{"rendered":"<p>Inspiriert von sportlichem Stil und sanften Farbt\u00f6nen bringt das TEOS Corner Set eine einzigartige Atmosph\u00e4re in Ihr Wohnzimmer. Mit Samt und gemusterten Stoffen mit reichen Farbalternativen bietet das TEOS Ecksofa-Set mit seinen bequemen Sitzgelegenheiten und seinen speziellen Steppn\u00e4hten, die das Design hervorheben, ein privilegiertes Gef\u00fchl von Komfort beim ersten Sitzen und bringt traditionelle und moderne Stile f\u00fcr Sie zusammen.<\/p>\n<p>Die USB-Funktion in den Armteilen der Dual-Arm-Module verleiht Ihrem Wohnraum ein anderes Erlebnis mit ihrer technologischen Funktion, die L\u00f6sungen f\u00fcr die neuen Bed\u00fcrfnisse bietet, die Sie in der Moderne empfinden. Sein minimalistisches Design findet funktionale L\u00f6sungen f\u00fcr enge R\u00e4ume. TEOS Corner Set bietet mehr als ein Eckset f\u00fcr Ihr Zuhause mit der Truhenfunktion, die Stauraum bietet, und seiner Funktion als Bett mit Zero-Wall-Mechanismus.<\/p>\n","protected":false},"excerpt":{"rendered":"<p>Inspiriert von sportlichem Stil und sanften Farbt\u00f6nen bringt das TEOS Corner Set eine einzigartige Atmosph\u00e4re in Ihr Wohnzimmer. Mit Samt<\/p>\n","protected":false},"featured_media":187955,"comment_status":"open","ping_status":"closed","template":"","meta":{"_joinchat":[]},"product_cat":[557,6338,6234,176,6190,6235],"product_tag":[6386],"yoast_head":"<!-- This site is optimized with the Yoast SEO plugin v19.13 - https:\/\/yoast.com\/wordpress\/plugins\/seo\/ -->\n<title>Teos Wohnecke mit Bettfunktion und Stauraum - Dogtas - Qualit\u00e4t f\u00fchlen!<\/title>\n<meta name=\"robots\" content=\"index, follow, max-snippet:-1, max-image-preview:large, max-video-preview:-1\" \/>\n<link rel=\"canonical\" href=\"https:\/\/www.dogtas.at\/new\/produkt\/teos-wohnecke-mit-bettfunktion-und-stauraum\/\" \/>\n<meta property=\"og:locale\" content=\"de_DE\" \/>\n<meta property=\"og:type\" content=\"article\" \/>\n<meta property=\"og:title\" content=\"Teos Wohnecke mit Bettfunktion und Stauraum - Dogtas - Qualit\u00e4t f\u00fchlen!\" \/>\n<meta property=\"og:description\" content=\"Inspiriert von sportlichem Stil und sanften Farbt\u00f6nen bringt das TEOS Corner Set eine einzigartige Atmosph\u00e4re in Ihr Wohnzimmer. Mit Samt\" \/>\n<meta property=\"og:url\" content=\"https:\/\/www.dogtas.at\/new\/produkt\/teos-wohnecke-mit-bettfunktion-und-stauraum\/\" \/>\n<meta property=\"og:site_name\" content=\"Dogtas - Qualit\u00e4t f\u00fchlen!\" \/>\n<meta property=\"article:publisher\" content=\"https:\/\/www.facebook.com\/saloniwien\" \/>\n<meta property=\"article:modified_time\" content=\"2022-03-22T14:35:51+00:00\" \/>\n<meta property=\"og:image\" content=\"https:\/\/www.dogtas.at\/new\/wp-content\/uploads\/teos.jpg\" \/>\n\t<meta property=\"og:image:width\" content=\"1500\" \/>\n\t<meta property=\"og:image:height\" content=\"1500\" \/>\n\t<meta property=\"og:image:type\" content=\"image\/jpeg\" \/>\n<meta name=\"twitter:card\" content=\"summary_large_image\" \/>\n<meta name=\"twitter:label1\" content=\"Gesch\u00e4tzte Lesezeit\" \/>\n\t<meta name=\"twitter:data1\" content=\"1\u00a0Minute\" \/>\n<script type=\"application\/ld+json\" class=\"yoast-schema-graph\">{\"@context\":\"https:\/\/schema.org\",\"@graph\":[{\"@type\":\"WebPage\",\"@id\":\"https:\/\/www.dogtas.at\/new\/produkt\/teos-wohnecke-mit-bettfunktion-und-stauraum\/\",\"url\":\"https:\/\/www.dogtas.at\/new\/produkt\/teos-wohnecke-mit-bettfunktion-und-stauraum\/\",\"name\":\"Teos Wohnecke mit Bettfunktion und Stauraum - Dogtas - Qualit\u00e4t f\u00fchlen!\",\"isPartOf\":{\"@id\":\"https:\/\/www.dogtas.at\/new\/#website\"},\"datePublished\":\"2022-02-10T08:59:36+00:00\",\"dateModified\":\"2022-03-22T14:35:51+00:00\",\"breadcrumb\":{\"@id\":\"https:\/\/www.dogtas.at\/new\/produkt\/teos-wohnecke-mit-bettfunktion-und-stauraum\/#breadcrumb\"},\"inLanguage\":\"de\",\"potentialAction\":[{\"@type\":\"ReadAction\",\"target\":[\"https:\/\/www.dogtas.at\/new\/produkt\/teos-wohnecke-mit-bettfunktion-und-stauraum\/\"]}]},{\"@type\":\"BreadcrumbList\",\"@id\":\"https:\/\/www.dogtas.at\/new\/produkt\/teos-wohnecke-mit-bettfunktion-und-stauraum\/#breadcrumb\",\"itemListElement\":[{\"@type\":\"ListItem\",\"position\":1,\"name\":\"Startseite\",\"item\":\"https:\/\/www.dogtas.at\/new\/\"},{\"@type\":\"ListItem\",\"position\":2,\"name\":\"Shop\",\"item\":\"https:\/\/www.dogtas.at\/new\/shop\/\"},{\"@type\":\"ListItem\",\"position\":3,\"name\":\"Teos Wohnecke mit Bettfunktion und Stauraum\"}]},{\"@type\":\"WebSite\",\"@id\":\"https:\/\/www.dogtas.at\/new\/#website\",\"url\":\"https:\/\/www.dogtas.at\/new\/\",\"name\":\"Dogtas - Qualit\u00e4t f\u00fchlen!\",\"description\":\"Qualit\u00e4t f\u00fchlen!\",\"potentialAction\":[{\"@type\":\"SearchAction\",\"target\":{\"@type\":\"EntryPoint\",\"urlTemplate\":\"https:\/\/www.dogtas.at\/new\/?s={search_term_string}\"},\"query-input\":\"required name=search_term_string\"}],\"inLanguage\":\"de\"}]}<\/script>\n<!-- \/ Yoast SEO plugin. -->","yoast_head_json":{"title":"Teos Wohnecke mit Bettfunktion und Stauraum - Dogtas - Qualit\u00e4t f\u00fchlen!","robots":{"index":"index","follow":"follow","max-snippet":"max-snippet:-1","max-image-preview":"max-image-preview:large","max-video-preview":"max-video-preview:-1"},"canonical":"https:\/\/www.dogtas.at\/new\/produkt\/teos-wohnecke-mit-bettfunktion-und-stauraum\/","og_locale":"de_DE","og_type":"article","og_title":"Teos Wohnecke mit Bettfunktion und Stauraum - Dogtas - Qualit\u00e4t f\u00fchlen!","og_description":"Inspiriert von sportlichem Stil und sanften Farbt\u00f6nen bringt das TEOS Corner Set eine einzigartige Atmosph\u00e4re in Ihr Wohnzimmer. Mit Samt","og_url":"https:\/\/www.dogtas.at\/new\/produkt\/teos-wohnecke-mit-bettfunktion-und-stauraum\/","og_site_name":"Dogtas - Qualit\u00e4t f\u00fchlen!","article_publisher":"https:\/\/www.facebook.com\/saloniwien","article_modified_time":"2022-03-22T14:35:51+00:00","og_image":[{"width":1500,"height":1500,"url":"https:\/\/www.dogtas.at\/new\/wp-content\/uploads\/teos.jpg","type":"image\/jpeg"}],"twitter_card":"summary_large_image","twitter_misc":{"Gesch\u00e4tzte Lesezeit":"1\u00a0Minute"},"schema":{"@context":"https:\/\/schema.org","@graph":[{"@type":"WebPage","@id":"https:\/\/www.dogtas.at\/new\/produkt\/teos-wohnecke-mit-bettfunktion-und-stauraum\/","url":"https:\/\/www.dogtas.at\/new\/produkt\/teos-wohnecke-mit-bettfunktion-und-stauraum\/","name":"Teos Wohnecke mit Bettfunktion und Stauraum - Dogtas - Qualit\u00e4t f\u00fchlen!","isPartOf":{"@id":"https:\/\/www.dogtas.at\/new\/#website"},"datePublished":"2022-02-10T08:59:36+00:00","dateModified":"2022-03-22T14:35:51+00:00","breadcrumb":{"@id":"https:\/\/www.dogtas.at\/new\/produkt\/teos-wohnecke-mit-bettfunktion-und-stauraum\/#breadcrumb"},"inLanguage":"de","potentialAction":[{"@type":"ReadAction","target":["https:\/\/www.dogtas.at\/new\/produkt\/teos-wohnecke-mit-bettfunktion-und-stauraum\/"]}]},{"@type":"BreadcrumbList","@id":"https:\/\/www.dogtas.at\/new\/produkt\/teos-wohnecke-mit-bettfunktion-und-stauraum\/#breadcrumb","itemListElement":[{"@type":"ListItem","position":1,"name":"Startseite","item":"https:\/\/www.dogtas.at\/new\/"},{"@type":"ListItem","position":2,"name":"Shop","item":"https:\/\/www.dogtas.at\/new\/shop\/"},{"@type":"ListItem","position":3,"name":"Teos Wohnecke mit Bettfunktion und Stauraum"}]},{"@type":"WebSite","@id":"https:\/\/www.dogtas.at\/new\/#website","url":"https:\/\/www.dogtas.at\/new\/","name":"Dogtas - Qualit\u00e4t f\u00fchlen!","description":"Qualit\u00e4t f\u00fchlen!","potentialAction":[{"@type":"SearchAction","target":{"@type":"EntryPoint","urlTemplate":"https:\/\/www.dogtas.at\/new\/?s={search_term_string}"},"query-input":"required name=search_term_string"}],"inLanguage":"de"}]}},"_links":{"self":[{"href":"https:\/\/www.dogtas.at\/new\/wp-json\/wp\/v2\/product\/187954"}],"collection":[{"href":"https:\/\/www.dogtas.at\/new\/wp-json\/wp\/v2\/product"}],"about":[{"href":"https:\/\/www.dogtas.at\/new\/wp-json\/wp\/v2\/types\/product"}],"replies":[{"embeddable":true,"href":"https:\/\/www.dogtas.at\/new\/wp-json\/wp\/v2\/comments?post=187954"}],"wp:featuredmedia":[{"embeddable":true,"href":"https:\/\/www.dogtas.at\/new\/wp-json\/wp\/v2\/media\/187955"}],"wp:attachment":[{"href":"https:\/\/www.dogtas.at\/new\/wp-json\/wp\/v2\/media?parent=187954"}],"wp:term":[{"taxonomy":"product_cat","embeddable":true,"href":"https:\/\/www.dogtas.at\/new\/wp-json\/wp\/v2\/product_cat?post=187954"},{"taxonomy":"product_tag","embeddable":true,"href":"https:\/\/www.dogtas.at\/new\/wp-json\/wp\/v2\/product_tag?post=187954"}],"curies":[{"name":"wp","href":"https:\/\/api.w.org\/{rel}","templated":true}]}}