{"id":58538,"date":"2019-10-19T12:27:07","date_gmt":"2019-10-19T10:27:07","guid":{"rendered":"http:\/\/www.dogtas.at\/new\/?post_type=product&#038;p=58538"},"modified":"2022-02-04T04:04:07","modified_gmt":"2022-02-04T03:04:07","slug":"hector-modulare-wohnecke","status":"publish","type":"product","link":"https:\/\/www.dogtas.at\/new\/produkt\/hector-modulare-wohnecke\/","title":{"rendered":"Hector Modulare Wohnecke 287x287cm"},"content":{"rendered":"<p>Die unabh\u00e4ngigen Module des Hector-Eckensets bieten Ihnen unbegrenzte Kombinationsm\u00f6glichkeiten in engen oder weiten R\u00e4umen, die Dekoration Ihrer Tr\u00e4ume wird wahr. Die Kissen an den Armseiten und auf der R\u00fcckseite der Module behalten ihre Eleganz im Detail bei geometrischen N\u00e4hanwendungen. Der Wabenstoff des Eckensets spricht diejenigen an, die moderne und auff\u00e4llige Designs m\u00f6gen. Gemusterte Kissen, die die neuesten Dekorationstrends widerspiegeln, harmonieren perfekt mit anthrazitfarbenen Metallbeinen.<\/p>\n<p>Die Funktionen, die Ihnen das Hector-Eckenset bietet, beschr\u00e4nken sich nicht nur auf ein einzigartiges Design. Der weiche Sitzbereich, der maximalen Komfort bietet, erm\u00f6glicht es Ihnen, den Komfort zu erreichen, von dem Sie in Ihren Wohnr\u00e4umen getr\u00e4umt haben. Wenn Sie sich f\u00fcr ein Hector-Eckenset entscheiden, k\u00f6nnen Sie das funktionale Nutzungserlebnis mit einem auff\u00e4lligen Design kombinieren.<\/p>\n","protected":false},"excerpt":{"rendered":"<p>Die unabh\u00e4ngigen Module des Hector-Eckensets bieten Ihnen unbegrenzte Kombinationsm\u00f6glichkeiten in engen oder weiten R\u00e4umen, die Dekoration Ihrer Tr\u00e4ume wird wahr.<\/p>\n","protected":false},"featured_media":181618,"comment_status":"open","ping_status":"closed","template":"","meta":{"_joinchat":[]},"product_cat":[557,176,6190],"product_tag":[],"yoast_head":"<!-- This site is optimized with the Yoast SEO plugin v19.13 - https:\/\/yoast.com\/wordpress\/plugins\/seo\/ -->\n<title>Hector Modulare Wohnecke 287x287cm - Dogtas - Qualit\u00e4t f\u00fchlen!<\/title>\n<meta name=\"robots\" content=\"index, follow, max-snippet:-1, max-image-preview:large, max-video-preview:-1\" \/>\n<link rel=\"canonical\" href=\"https:\/\/www.dogtas.at\/new\/produkt\/hector-modulare-wohnecke\/\" \/>\n<meta property=\"og:locale\" content=\"de_DE\" \/>\n<meta property=\"og:type\" content=\"article\" \/>\n<meta property=\"og:title\" content=\"Hector Modulare Wohnecke 287x287cm - Dogtas - Qualit\u00e4t f\u00fchlen!\" \/>\n<meta property=\"og:description\" content=\"Die unabh\u00e4ngigen Module des Hector-Eckensets bieten Ihnen unbegrenzte Kombinationsm\u00f6glichkeiten in engen oder weiten R\u00e4umen, die Dekoration Ihrer Tr\u00e4ume wird wahr.\" \/>\n<meta property=\"og:url\" content=\"https:\/\/www.dogtas.at\/new\/produkt\/hector-modulare-wohnecke\/\" \/>\n<meta property=\"og:site_name\" content=\"Dogtas - Qualit\u00e4t f\u00fchlen!\" \/>\n<meta property=\"article:publisher\" content=\"https:\/\/www.facebook.com\/saloniwien\" \/>\n<meta property=\"article:modified_time\" content=\"2022-02-04T03:04:07+00:00\" \/>\n<meta property=\"og:image\" content=\"https:\/\/www.dogtas.at\/new\/wp-content\/uploads\/hector-wohnecke-1.png\" \/>\n\t<meta property=\"og:image:width\" content=\"1500\" \/>\n\t<meta property=\"og:image:height\" content=\"1500\" \/>\n\t<meta property=\"og:image:type\" content=\"image\/png\" \/>\n<meta name=\"twitter:card\" content=\"summary_large_image\" \/>\n<meta name=\"twitter:label1\" content=\"Gesch\u00e4tzte Lesezeit\" \/>\n\t<meta name=\"twitter:data1\" content=\"1\u00a0Minute\" \/>\n<script type=\"application\/ld+json\" class=\"yoast-schema-graph\">{\"@context\":\"https:\/\/schema.org\",\"@graph\":[{\"@type\":\"WebPage\",\"@id\":\"https:\/\/www.dogtas.at\/new\/produkt\/hector-modulare-wohnecke\/\",\"url\":\"https:\/\/www.dogtas.at\/new\/produkt\/hector-modulare-wohnecke\/\",\"name\":\"Hector Modulare Wohnecke 287x287cm - Dogtas - Qualit\u00e4t f\u00fchlen!\",\"isPartOf\":{\"@id\":\"https:\/\/www.dogtas.at\/new\/#website\"},\"datePublished\":\"2019-10-19T10:27:07+00:00\",\"dateModified\":\"2022-02-04T03:04:07+00:00\",\"breadcrumb\":{\"@id\":\"https:\/\/www.dogtas.at\/new\/produkt\/hector-modulare-wohnecke\/#breadcrumb\"},\"inLanguage\":\"de\",\"potentialAction\":[{\"@type\":\"ReadAction\",\"target\":[\"https:\/\/www.dogtas.at\/new\/produkt\/hector-modulare-wohnecke\/\"]}]},{\"@type\":\"BreadcrumbList\",\"@id\":\"https:\/\/www.dogtas.at\/new\/produkt\/hector-modulare-wohnecke\/#breadcrumb\",\"itemListElement\":[{\"@type\":\"ListItem\",\"position\":1,\"name\":\"Startseite\",\"item\":\"https:\/\/www.dogtas.at\/new\/\"},{\"@type\":\"ListItem\",\"position\":2,\"name\":\"Shop\",\"item\":\"https:\/\/www.dogtas.at\/new\/shop\/\"},{\"@type\":\"ListItem\",\"position\":3,\"name\":\"Hector Modulare Wohnecke 287x287cm\"}]},{\"@type\":\"WebSite\",\"@id\":\"https:\/\/www.dogtas.at\/new\/#website\",\"url\":\"https:\/\/www.dogtas.at\/new\/\",\"name\":\"Dogtas - Qualit\u00e4t f\u00fchlen!\",\"description\":\"Qualit\u00e4t f\u00fchlen!\",\"potentialAction\":[{\"@type\":\"SearchAction\",\"target\":{\"@type\":\"EntryPoint\",\"urlTemplate\":\"https:\/\/www.dogtas.at\/new\/?s={search_term_string}\"},\"query-input\":\"required name=search_term_string\"}],\"inLanguage\":\"de\"}]}<\/script>\n<!-- \/ Yoast SEO plugin. -->","yoast_head_json":{"title":"Hector Modulare Wohnecke 287x287cm - Dogtas - Qualit\u00e4t f\u00fchlen!","robots":{"index":"index","follow":"follow","max-snippet":"max-snippet:-1","max-image-preview":"max-image-preview:large","max-video-preview":"max-video-preview:-1"},"canonical":"https:\/\/www.dogtas.at\/new\/produkt\/hector-modulare-wohnecke\/","og_locale":"de_DE","og_type":"article","og_title":"Hector Modulare Wohnecke 287x287cm - Dogtas - Qualit\u00e4t f\u00fchlen!","og_description":"Die unabh\u00e4ngigen Module des Hector-Eckensets bieten Ihnen unbegrenzte Kombinationsm\u00f6glichkeiten in engen oder weiten R\u00e4umen, die Dekoration Ihrer Tr\u00e4ume wird wahr.","og_url":"https:\/\/www.dogtas.at\/new\/produkt\/hector-modulare-wohnecke\/","og_site_name":"Dogtas - Qualit\u00e4t f\u00fchlen!","article_publisher":"https:\/\/www.facebook.com\/saloniwien","article_modified_time":"2022-02-04T03:04:07+00:00","og_image":[{"width":1500,"height":1500,"url":"https:\/\/www.dogtas.at\/new\/wp-content\/uploads\/hector-wohnecke-1.png","type":"image\/png"}],"twitter_card":"summary_large_image","twitter_misc":{"Gesch\u00e4tzte Lesezeit":"1\u00a0Minute"},"schema":{"@context":"https:\/\/schema.org","@graph":[{"@type":"WebPage","@id":"https:\/\/www.dogtas.at\/new\/produkt\/hector-modulare-wohnecke\/","url":"https:\/\/www.dogtas.at\/new\/produkt\/hector-modulare-wohnecke\/","name":"Hector Modulare Wohnecke 287x287cm - Dogtas - Qualit\u00e4t f\u00fchlen!","isPartOf":{"@id":"https:\/\/www.dogtas.at\/new\/#website"},"datePublished":"2019-10-19T10:27:07+00:00","dateModified":"2022-02-04T03:04:07+00:00","breadcrumb":{"@id":"https:\/\/www.dogtas.at\/new\/produkt\/hector-modulare-wohnecke\/#breadcrumb"},"inLanguage":"de","potentialAction":[{"@type":"ReadAction","target":["https:\/\/www.dogtas.at\/new\/produkt\/hector-modulare-wohnecke\/"]}]},{"@type":"BreadcrumbList","@id":"https:\/\/www.dogtas.at\/new\/produkt\/hector-modulare-wohnecke\/#breadcrumb","itemListElement":[{"@type":"ListItem","position":1,"name":"Startseite","item":"https:\/\/www.dogtas.at\/new\/"},{"@type":"ListItem","position":2,"name":"Shop","item":"https:\/\/www.dogtas.at\/new\/shop\/"},{"@type":"ListItem","position":3,"name":"Hector Modulare Wohnecke 287x287cm"}]},{"@type":"WebSite","@id":"https:\/\/www.dogtas.at\/new\/#website","url":"https:\/\/www.dogtas.at\/new\/","name":"Dogtas - Qualit\u00e4t f\u00fchlen!","description":"Qualit\u00e4t f\u00fchlen!","potentialAction":[{"@type":"SearchAction","target":{"@type":"EntryPoint","urlTemplate":"https:\/\/www.dogtas.at\/new\/?s={search_term_string}"},"query-input":"required name=search_term_string"}],"inLanguage":"de"}]}},"_links":{"self":[{"href":"https:\/\/www.dogtas.at\/new\/wp-json\/wp\/v2\/product\/58538"}],"collection":[{"href":"https:\/\/www.dogtas.at\/new\/wp-json\/wp\/v2\/product"}],"about":[{"href":"https:\/\/www.dogtas.at\/new\/wp-json\/wp\/v2\/types\/product"}],"replies":[{"embeddable":true,"href":"https:\/\/www.dogtas.at\/new\/wp-json\/wp\/v2\/comments?post=58538"}],"wp:featuredmedia":[{"embeddable":true,"href":"https:\/\/www.dogtas.at\/new\/wp-json\/wp\/v2\/media\/181618"}],"wp:attachment":[{"href":"https:\/\/www.dogtas.at\/new\/wp-json\/wp\/v2\/media?parent=58538"}],"wp:term":[{"taxonomy":"product_cat","embeddable":true,"href":"https:\/\/www.dogtas.at\/new\/wp-json\/wp\/v2\/product_cat?post=58538"},{"taxonomy":"product_tag","embeddable":true,"href":"https:\/\/www.dogtas.at\/new\/wp-json\/wp\/v2\/product_tag?post=58538"}],"curies":[{"name":"wp","href":"https:\/\/api.w.org\/{rel}","templated":true}]}}